{"id":1460,"date":"2009-09-13T13:11:23","date_gmt":"2009-09-13T11:11:23","guid":{"rendered":"http:\/\/jean.crespel.me\/?page_id=1460"},"modified":"2009-11-06T14:23:59","modified_gmt":"2009-11-06T12:23:59","slug":"visitor-center-mesa-verde","status":"publish","type":"page","link":"https:\/\/blogs.crespel.me\/usa2009\/annexes\/visitor-center\/visitor-center-mesa-verde\/","title":{"rendered":"Visitor Center &#8211; Mesa Verde"},"content":{"rendered":"<h3>Description<\/h3>\n<ul>\n<li>Le Visitor Center est ouvert de 8h00 \u00e0 17h00.<\/li>\n<li>Il est situ\u00e9 \u00e0 Far View, 24km apr\u00e8s l&#8217;embranchement de la 160 (Cortez\/Mancos).<\/li>\n<li>Une Scenic Drive part vers l&rsquo;Ouest puis le Sud (Wetherill Mesa \u00e0 13km), et une autre plus fr\u00e9quent\u00e9e, vers le Sud (Chapin Mesa \u00e0 8km).<\/li>\n<li>Depuis Chapin Mesa (o\u00f9 se situe le Museum et Spruce Tree House), partent 2 boucles de 10km chacune : Mesa Top Loop et Cliff Palace Loop.<\/li>\n<li>Mesa Verde est le 1er parc naturel class\u00e9 au patrimoine de l&rsquo;Unesco en 1978 (sur les 12 class\u00e9s).<\/li>\n<li>Comme pour le Canyon de Chelly, Mesa Verde est un passage oblig\u00e9 pour qui veut connaitre la culture indienne en g\u00e9n\u00e9ral, et des Anasazi en particulier.<\/li>\n<\/ul>\n<h3>Photos<\/h3>\n<p style=\"text-align: center;\"><a href=\"\/usa2009\/files\/2009\/09\/DSCF8209.JPG\"><img loading=\"lazy\" decoding=\"async\" class=\"alignnone size-thumbnail wp-image-1463\" title=\"VC de Far View \u00e0 Mesa Verde\" src=\"\/usa2009\/files\/2009\/09\/DSCF8209-150x150.jpg\" alt=\"VC de Far View \u00e0 Mesa Verde\" width=\"150\" height=\"150\" \/><\/a> <a href=\"\/usa2009\/files\/2009\/09\/DSCF8211.JPG\"><img loading=\"lazy\" decoding=\"async\" class=\"alignnone size-thumbnail wp-image-1464\" title=\"Int\u00e9rieur VC de Far View\" src=\"\/usa2009\/files\/2009\/09\/DSCF8211-150x150.jpg\" alt=\"Int\u00e9rieur VC de Far View\" width=\"150\" height=\"150\" \/><\/a> <a href=\"\/usa2009\/files\/2009\/09\/IMG_8979.JPG\"><img loading=\"lazy\" decoding=\"async\" class=\"alignnone size-thumbnail wp-image-1465\" title=\"Spruce Tree House\" src=\"\/usa2009\/files\/2009\/09\/IMG_8979-150x150.jpg\" alt=\"Spruce Tree House\" width=\"150\" height=\"150\" \/><\/a><\/p>\n","protected":false},"excerpt":{"rendered":"<p>Description Le Visitor Center est ouvert de 8h00 \u00e0 17h00. Il est situ\u00e9 \u00e0 Far View, 24km apr\u00e8s l&#8217;embranchement de la 160 (Cortez\/Mancos). Une Scenic Drive part vers l&rsquo;Ouest puis le Sud (Wetherill Mesa \u00e0 13km), et une autre plus fr\u00e9quent\u00e9e, vers le Sud (Chapin Mesa \u00e0 8km). Depuis Chapin Mesa (o\u00f9 se situe le [&hellip;]<\/p>\n","protected":false},"author":2,"featured_media":0,"parent":572,"menu_order":0,"comment_status":"open","ping_status":"open","template":"","meta":{"footnotes":""},"class_list":["post-1460","page","type-page","status-publish","hentry"],"_links":{"self":[{"href":"https:\/\/blogs.crespel.me\/usa2009\/wp-json\/wp\/v2\/pages\/1460","targetHints":{"allow":["GET"]}}],"collection":[{"href":"https:\/\/blogs.crespel.me\/usa2009\/wp-json\/wp\/v2\/pages"}],"about":[{"href":"https:\/\/blogs.crespel.me\/usa2009\/wp-json\/wp\/v2\/types\/page"}],"author":[{"embeddable":true,"href":"https:\/\/blogs.crespel.me\/usa2009\/wp-json\/wp\/v2\/users\/2"}],"replies":[{"embeddable":true,"href":"https:\/\/blogs.crespel.me\/usa2009\/wp-json\/wp\/v2\/comments?post=1460"}],"version-history":[{"count":7,"href":"https:\/\/blogs.crespel.me\/usa2009\/wp-json\/wp\/v2\/pages\/1460\/revisions"}],"predecessor-version":[{"id":1912,"href":"https:\/\/blogs.crespel.me\/usa2009\/wp-json\/wp\/v2\/pages\/1460\/revisions\/1912"}],"up":[{"embeddable":true,"href":"https:\/\/blogs.crespel.me\/usa2009\/wp-json\/wp\/v2\/pages\/572"}],"wp:attachment":[{"href":"https:\/\/blogs.crespel.me\/usa2009\/wp-json\/wp\/v2\/media?parent=1460"}],"curies":[{"name":"wp","href":"https:\/\/api.w.org\/{rel}","templated":true}]}}