{"id":1430,"date":"2009-09-12T19:35:06","date_gmt":"2009-09-12T17:35:06","guid":{"rendered":"http:\/\/jean.crespel.me\/?page_id=1430"},"modified":"2009-09-12T19:35:06","modified_gmt":"2009-09-12T17:35:06","slug":"visitor-center-arches","status":"publish","type":"page","link":"https:\/\/blogs.crespel.me\/usa2009\/annexes\/visitor-center\/visitor-center-arches\/","title":{"rendered":"Visitor Center &#8211; Arches"},"content":{"rendered":"<h3>Description<\/h3>\n<ul>\n<li>Le Visitor Center est ouvert de 7h30 \u00e0 18h30.<\/li>\n<li>Il est situ\u00e9 sur la 191 \u00e0 5 miles au Nord de Moab.<\/li>\n<li>La Scenic Drive monte vers le Nord jusque Devils Garden \u00e0 26km.<\/li>\n<li>Le parc compte plus de 2000 arches r\u00e9pertori\u00e9es, dont la plus c\u00e9l\u00e8bre (Delicate Arch) est le symbole de l&rsquo;Utah.<\/li>\n<li>Arches NP est un passage oblig\u00e9 pour ses points de vues et ses balades.<\/li>\n<\/ul>\n<h3>Photos<\/h3>\n<p style=\"text-align: center;\"><a href=\"\/usa2009\/files\/2009\/09\/DSCF8119.JPG\"><img loading=\"lazy\" decoding=\"async\" class=\"alignnone size-thumbnail wp-image-1433\" title=\"Arches NP\" src=\"\/usa2009\/files\/2009\/09\/DSCF8119-150x150.jpg\" alt=\"Arches NP\" width=\"150\" height=\"150\" \/><\/a> <a href=\"\/usa2009\/files\/2009\/09\/DSCF8121.JPG\"><img loading=\"lazy\" decoding=\"async\" class=\"alignnone size-thumbnail wp-image-1434\" title=\"Int\u00e9rieur VC de Arches\" src=\"\/usa2009\/files\/2009\/09\/DSCF8121-150x150.jpg\" alt=\"Int\u00e9rieur VC de Arches\" width=\"150\" height=\"150\" \/><\/a> <a href=\"\/usa2009\/files\/2009\/09\/DSCF8123.JPG\"><img loading=\"lazy\" decoding=\"async\" class=\"alignnone size-thumbnail wp-image-1435\" title=\"Int\u00e9rieur du VC de Arches\" src=\"\/usa2009\/files\/2009\/09\/DSCF8123-150x150.jpg\" alt=\"Int\u00e9rieur du VC de Arches\" width=\"150\" height=\"150\" \/><\/a><\/p>\n","protected":false},"excerpt":{"rendered":"<p>Description Le Visitor Center est ouvert de 7h30 \u00e0 18h30. Il est situ\u00e9 sur la 191 \u00e0 5 miles au Nord de Moab. La Scenic Drive monte vers le Nord jusque Devils Garden \u00e0 26km. Le parc compte plus de 2000 arches r\u00e9pertori\u00e9es, dont la plus c\u00e9l\u00e8bre (Delicate Arch) est le symbole de l&rsquo;Utah. Arches [&hellip;]<\/p>\n","protected":false},"author":2,"featured_media":0,"parent":572,"menu_order":0,"comment_status":"open","ping_status":"open","template":"","meta":{"footnotes":""},"class_list":["post-1430","page","type-page","status-publish","hentry"],"_links":{"self":[{"href":"https:\/\/blogs.crespel.me\/usa2009\/wp-json\/wp\/v2\/pages\/1430","targetHints":{"allow":["GET"]}}],"collection":[{"href":"https:\/\/blogs.crespel.me\/usa2009\/wp-json\/wp\/v2\/pages"}],"about":[{"href":"https:\/\/blogs.crespel.me\/usa2009\/wp-json\/wp\/v2\/types\/page"}],"author":[{"embeddable":true,"href":"https:\/\/blogs.crespel.me\/usa2009\/wp-json\/wp\/v2\/users\/2"}],"replies":[{"embeddable":true,"href":"https:\/\/blogs.crespel.me\/usa2009\/wp-json\/wp\/v2\/comments?post=1430"}],"version-history":[{"count":3,"href":"https:\/\/blogs.crespel.me\/usa2009\/wp-json\/wp\/v2\/pages\/1430\/revisions"}],"predecessor-version":[{"id":1438,"href":"https:\/\/blogs.crespel.me\/usa2009\/wp-json\/wp\/v2\/pages\/1430\/revisions\/1438"}],"up":[{"embeddable":true,"href":"https:\/\/blogs.crespel.me\/usa2009\/wp-json\/wp\/v2\/pages\/572"}],"wp:attachment":[{"href":"https:\/\/blogs.crespel.me\/usa2009\/wp-json\/wp\/v2\/media?parent=1430"}],"curies":[{"name":"wp","href":"https:\/\/api.w.org\/{rel}","templated":true}]}}