{"id":1414,"date":"2009-09-12T19:39:48","date_gmt":"2009-09-12T17:39:48","guid":{"rendered":"http:\/\/jean.crespel.me\/?page_id=1414"},"modified":"2009-09-12T19:39:48","modified_gmt":"2009-09-12T17:39:48","slug":"visitor-center-dead-horse-point","status":"publish","type":"page","link":"https:\/\/blogs.crespel.me\/usa2009\/annexes\/visitor-center\/visitor-center-dead-horse-point\/","title":{"rendered":"Visitor Center &#8211; Dead Horse Point"},"content":{"rendered":"<h3>Description<\/h3>\n<ul>\n<li>Le Visitor Center est ouvert de 8h00 \u00e0 18h00.<\/li>\n<li>Il est situ\u00e9 22 miles apr\u00e8s l&#8217;embranchement sur la 313 (qui m\u00e8ne \u00e0 Canyonlands Island in the Sky).<\/li>\n<li>L&rsquo;entr\u00e9e du parc est payante : 10$.<\/li>\n<li>Les m\u00e9andres du Colorado, \u00e0 Dead Horse Point, sont des points de vues impressionnants.<\/li>\n<\/ul>\n<h3>Photos<\/h3>\n<p style=\"text-align: center;\"><a href=\"\/usa2009\/files\/2009\/09\/DSCF8051.JPG\"><img loading=\"lazy\" decoding=\"async\" class=\"alignnone size-thumbnail wp-image-1417\" title=\"Le VC de Dead Horse Point\" src=\"\/usa2009\/files\/2009\/09\/DSCF8051-150x150.jpg\" alt=\"Le VC de Dead Horse Point\" width=\"150\" height=\"150\" \/><\/a> <a href=\"\/usa2009\/files\/2009\/09\/DSCF8054.JPG\"><img loading=\"lazy\" decoding=\"async\" class=\"alignnone size-thumbnail wp-image-1418\" title=\"Int\u00e9rieur VC de Dead Horse Point\" src=\"\/usa2009\/files\/2009\/09\/DSCF8054-150x150.jpg\" alt=\"Int\u00e9rieur VC de Dead Horse Point\" width=\"150\" height=\"150\" \/><\/a> <a href=\"\/usa2009\/files\/2009\/09\/IMG_8803.JPG\"><img loading=\"lazy\" decoding=\"async\" class=\"alignnone size-thumbnail wp-image-1419\" title=\"Faune au VC de Dead Horse Point\" src=\"\/usa2009\/files\/2009\/09\/IMG_8803-150x150.jpg\" alt=\"Faune au VC de Dead Horse Point\" width=\"150\" height=\"150\" \/><\/a><\/p>\n","protected":false},"excerpt":{"rendered":"<p>Description Le Visitor Center est ouvert de 8h00 \u00e0 18h00. Il est situ\u00e9 22 miles apr\u00e8s l&#8217;embranchement sur la 313 (qui m\u00e8ne \u00e0 Canyonlands Island in the Sky). L&rsquo;entr\u00e9e du parc est payante : 10$. Les m\u00e9andres du Colorado, \u00e0 Dead Horse Point, sont des points de vues impressionnants. Photos<\/p>\n","protected":false},"author":2,"featured_media":0,"parent":572,"menu_order":0,"comment_status":"open","ping_status":"open","template":"","meta":{"footnotes":""},"class_list":["post-1414","page","type-page","status-publish","hentry"],"_links":{"self":[{"href":"https:\/\/blogs.crespel.me\/usa2009\/wp-json\/wp\/v2\/pages\/1414","targetHints":{"allow":["GET"]}}],"collection":[{"href":"https:\/\/blogs.crespel.me\/usa2009\/wp-json\/wp\/v2\/pages"}],"about":[{"href":"https:\/\/blogs.crespel.me\/usa2009\/wp-json\/wp\/v2\/types\/page"}],"author":[{"embeddable":true,"href":"https:\/\/blogs.crespel.me\/usa2009\/wp-json\/wp\/v2\/users\/2"}],"replies":[{"embeddable":true,"href":"https:\/\/blogs.crespel.me\/usa2009\/wp-json\/wp\/v2\/comments?post=1414"}],"version-history":[{"count":3,"href":"https:\/\/blogs.crespel.me\/usa2009\/wp-json\/wp\/v2\/pages\/1414\/revisions"}],"predecessor-version":[{"id":1443,"href":"https:\/\/blogs.crespel.me\/usa2009\/wp-json\/wp\/v2\/pages\/1414\/revisions\/1443"}],"up":[{"embeddable":true,"href":"https:\/\/blogs.crespel.me\/usa2009\/wp-json\/wp\/v2\/pages\/572"}],"wp:attachment":[{"href":"https:\/\/blogs.crespel.me\/usa2009\/wp-json\/wp\/v2\/media?parent=1414"}],"curies":[{"name":"wp","href":"https:\/\/api.w.org\/{rel}","templated":true}]}}