{"id":1406,"date":"2009-09-12T19:38:37","date_gmt":"2009-09-12T17:38:37","guid":{"rendered":"http:\/\/jean.crespel.me\/?page_id=1406"},"modified":"2009-09-12T19:38:37","modified_gmt":"2009-09-12T17:38:37","slug":"visitor-center-capitol-reef","status":"publish","type":"page","link":"https:\/\/blogs.crespel.me\/usa2009\/annexes\/visitor-center\/visitor-center-capitol-reef\/","title":{"rendered":"Visitor Center &#8211; Capitol Reef"},"content":{"rendered":"<h3>Description<\/h3>\n<ul>\n<li>Le Visitor Center est ouvert de 8h00 \u00e0 18h00.<\/li>\n<li>Il est situ\u00e9 au croisement de l&rsquo;UT24 et la Scenic Road qui descend jusque Capitol Gorge.<\/li>\n<li>L&rsquo;oasis de Fruita est \u00e0 1 mile vers le sud (campground et Gifford Farm House).<\/li>\n<li>La petite \u00e9cole et les p\u00e9troglyphes sont sur l&rsquo;UT24 vers l&rsquo;Est \u00e0 1 mile.<\/li>\n<li>Capitol Reef est un parc peu connu, et moins fr\u00e9quent\u00e9 que ses voisins, mais il m\u00e9rite d&rsquo;y consacrer une journ\u00e9e pour ses balades et visites.<\/li>\n<\/ul>\n<h3>Photos<\/h3>\n<p style=\"text-align: center;\"><a href=\"\/usa2009\/files\/2009\/09\/DSCF7974.JPG\"><img loading=\"lazy\" decoding=\"async\" class=\"alignnone size-thumbnail wp-image-1409\" title=\"Le Visitor Center\" src=\"\/usa2009\/files\/2009\/09\/DSCF7974-150x150.jpg\" alt=\"Le Visitor Center\" width=\"150\" height=\"150\" \/><\/a> <a href=\"\/usa2009\/files\/2009\/09\/DSCF7977.JPG\"><img loading=\"lazy\" decoding=\"async\" class=\"alignnone size-thumbnail wp-image-1410\" title=\"Int\u00e9rieur du VC\" src=\"\/usa2009\/files\/2009\/09\/DSCF7977-150x150.jpg\" alt=\"Int\u00e9rieur du VC\" width=\"150\" height=\"150\" \/><\/a> <a href=\"\/usa2009\/files\/2009\/09\/IMG_8631.JPG\"><img loading=\"lazy\" decoding=\"async\" class=\"alignnone size-thumbnail wp-image-1411\" title=\"Gravure au VC\" src=\"\/usa2009\/files\/2009\/09\/IMG_8631-150x150.jpg\" alt=\"Gravure au VC\" width=\"150\" height=\"150\" \/><\/a><\/p>\n","protected":false},"excerpt":{"rendered":"<p>Description Le Visitor Center est ouvert de 8h00 \u00e0 18h00. Il est situ\u00e9 au croisement de l&rsquo;UT24 et la Scenic Road qui descend jusque Capitol Gorge. L&rsquo;oasis de Fruita est \u00e0 1 mile vers le sud (campground et Gifford Farm House). La petite \u00e9cole et les p\u00e9troglyphes sont sur l&rsquo;UT24 vers l&rsquo;Est \u00e0 1 mile. [&hellip;]<\/p>\n","protected":false},"author":2,"featured_media":0,"parent":572,"menu_order":0,"comment_status":"open","ping_status":"open","template":"","meta":{"footnotes":""},"class_list":["post-1406","page","type-page","status-publish","hentry"],"_links":{"self":[{"href":"https:\/\/blogs.crespel.me\/usa2009\/wp-json\/wp\/v2\/pages\/1406","targetHints":{"allow":["GET"]}}],"collection":[{"href":"https:\/\/blogs.crespel.me\/usa2009\/wp-json\/wp\/v2\/pages"}],"about":[{"href":"https:\/\/blogs.crespel.me\/usa2009\/wp-json\/wp\/v2\/types\/page"}],"author":[{"embeddable":true,"href":"https:\/\/blogs.crespel.me\/usa2009\/wp-json\/wp\/v2\/users\/2"}],"replies":[{"embeddable":true,"href":"https:\/\/blogs.crespel.me\/usa2009\/wp-json\/wp\/v2\/comments?post=1406"}],"version-history":[{"count":5,"href":"https:\/\/blogs.crespel.me\/usa2009\/wp-json\/wp\/v2\/pages\/1406\/revisions"}],"predecessor-version":[{"id":1441,"href":"https:\/\/blogs.crespel.me\/usa2009\/wp-json\/wp\/v2\/pages\/1406\/revisions\/1441"}],"up":[{"embeddable":true,"href":"https:\/\/blogs.crespel.me\/usa2009\/wp-json\/wp\/v2\/pages\/572"}],"wp:attachment":[{"href":"https:\/\/blogs.crespel.me\/usa2009\/wp-json\/wp\/v2\/media?parent=1406"}],"curies":[{"name":"wp","href":"https:\/\/api.w.org\/{rel}","templated":true}]}}