{"id":1387,"date":"2009-09-11T14:07:06","date_gmt":"2009-09-11T12:07:06","guid":{"rendered":"http:\/\/jean.crespel.me\/?page_id=1387"},"modified":"2009-09-11T16:09:55","modified_gmt":"2009-09-11T14:09:55","slug":"visitor-center-kodachrome-basin","status":"publish","type":"page","link":"https:\/\/blogs.crespel.me\/usa2009\/annexes\/visitor-center\/visitor-center-kodachrome-basin\/","title":{"rendered":"Visitor Center &#8211; Kodachrome Basin"},"content":{"rendered":"<h3>Description<\/h3>\n<ul>\n<li>Le Visitor Center est ouvert de 8h00 \u00e0 16h30.<\/li>\n<li>Il est situ\u00e9 10 miles apr\u00e8s Cannonville (routes 63 et 308), peu apr\u00e8s l&rsquo;entr\u00e9e du parc.<\/li>\n<li>La Scenic Drive est courte (2km), et s&rsquo;arr\u00eate apr\u00e8s le campground.<\/li>\n<li>2 d\u00e9parts de balade se font face : Nature trail (0,5 mile &#8211; prendre le guide explicatif) et Angels Palace Trail (1,5 miles).<\/li>\n<li>Ce petit parc m\u00e9rite le d\u00e9tour, plut\u00f4t le matin pour b\u00e9n\u00e9ficier de temp\u00e9ratures plus cl\u00e9mentes.<\/li>\n<\/ul>\n<h3>Photos<\/h3>\n<p style=\"text-align: center;\"><a href=\"\/usa2009\/files\/2009\/09\/DSCF7903.JPG\"><img loading=\"lazy\" decoding=\"async\" class=\"alignnone size-thumbnail wp-image-1391\" title=\"VC de Kodachrome Basin\" src=\"\/usa2009\/files\/2009\/09\/DSCF7903-150x150.jpg\" alt=\"VC de Kodachrome Basin\" width=\"150\" height=\"150\" \/><\/a> <a href=\"\/usa2009\/files\/2009\/09\/DSCF7905.JPG\"><img loading=\"lazy\" decoding=\"async\" class=\"alignnone size-thumbnail wp-image-1392\" title=\"Vue de Kodachrome Basin\" src=\"\/usa2009\/files\/2009\/09\/DSCF7905-150x150.jpg\" alt=\"Vue de Kodachrome Basin\" width=\"150\" height=\"150\" \/><\/a> <a href=\"\/usa2009\/files\/2009\/09\/IMG_8475.JPG\"><img loading=\"lazy\" decoding=\"async\" class=\"alignnone size-thumbnail wp-image-1393\" title=\"Kodachrome Basin\" src=\"\/usa2009\/files\/2009\/09\/IMG_8475-150x150.jpg\" alt=\"Kodachrome Basin\" width=\"150\" height=\"150\" \/><\/a><\/p>\n","protected":false},"excerpt":{"rendered":"<p>Description Le Visitor Center est ouvert de 8h00 \u00e0 16h30. Il est situ\u00e9 10 miles apr\u00e8s Cannonville (routes 63 et 308), peu apr\u00e8s l&rsquo;entr\u00e9e du parc. La Scenic Drive est courte (2km), et s&rsquo;arr\u00eate apr\u00e8s le campground. 2 d\u00e9parts de balade se font face : Nature trail (0,5 mile &#8211; prendre le guide explicatif) et [&hellip;]<\/p>\n","protected":false},"author":2,"featured_media":0,"parent":572,"menu_order":0,"comment_status":"open","ping_status":"open","template":"","meta":{"footnotes":""},"class_list":["post-1387","page","type-page","status-publish","hentry"],"_links":{"self":[{"href":"https:\/\/blogs.crespel.me\/usa2009\/wp-json\/wp\/v2\/pages\/1387","targetHints":{"allow":["GET"]}}],"collection":[{"href":"https:\/\/blogs.crespel.me\/usa2009\/wp-json\/wp\/v2\/pages"}],"about":[{"href":"https:\/\/blogs.crespel.me\/usa2009\/wp-json\/wp\/v2\/types\/page"}],"author":[{"embeddable":true,"href":"https:\/\/blogs.crespel.me\/usa2009\/wp-json\/wp\/v2\/users\/2"}],"replies":[{"embeddable":true,"href":"https:\/\/blogs.crespel.me\/usa2009\/wp-json\/wp\/v2\/comments?post=1387"}],"version-history":[{"count":8,"href":"https:\/\/blogs.crespel.me\/usa2009\/wp-json\/wp\/v2\/pages\/1387\/revisions"}],"predecessor-version":[{"id":1400,"href":"https:\/\/blogs.crespel.me\/usa2009\/wp-json\/wp\/v2\/pages\/1387\/revisions\/1400"}],"up":[{"embeddable":true,"href":"https:\/\/blogs.crespel.me\/usa2009\/wp-json\/wp\/v2\/pages\/572"}],"wp:attachment":[{"href":"https:\/\/blogs.crespel.me\/usa2009\/wp-json\/wp\/v2\/media?parent=1387"}],"curies":[{"name":"wp","href":"https:\/\/api.w.org\/{rel}","templated":true}]}}