{"id":1377,"date":"2009-09-11T12:32:53","date_gmt":"2009-09-11T10:32:53","guid":{"rendered":"http:\/\/jean.crespel.me\/?page_id=1377"},"modified":"2009-09-11T16:12:49","modified_gmt":"2009-09-11T14:12:49","slug":"visitor-center-bryce-canyon","status":"publish","type":"page","link":"https:\/\/blogs.crespel.me\/usa2009\/annexes\/visitor-center\/visitor-center-bryce-canyon\/","title":{"rendered":"Visitor Center &#8211; Bryce Canyon"},"content":{"rendered":"<h3>Description<\/h3>\n<ul>\n<li>Le Visitor Center est ouvert de 8h00 \u00e0 18h00.<\/li>\n<li>Il est situ\u00e9 \u00e0 droite, juste apr\u00e8s le \u00ab\u00a0p\u00e9age\u00a0\u00bb.<\/li>\n<li>Bryce Canyon est imp\u00e9rativement le parc \u00e0 voir de l&rsquo;Ouest Am\u00e9ricain ; l&rsquo;amphith\u00e9\u00e2tre \u00e9tant la zone \u00e0 privil\u00e9gier.<\/li>\n<li>La navette \u00ab\u00a0rouge\u00a0\u00bb (desservant General Store &#8211; Lodge &#8211; Sunrise &#8211; Sunset &#8211; Inspiration &#8211; Bryce Point), y passe juste derri\u00e8re.<\/li>\n<li>La Scenic Drive m\u00e8ne \u00e0 l&rsquo;extr\u00e9mit\u00e9 du site : Rainbow Point \u00e0 26 km.<\/li>\n<li>Pour appr\u00e9cier Bryce Canyon, il faut y \u00ab\u00a0descendre\u00a0\u00bb (marches Queen&rsquo;s Garden et Navajo Loop au minimum).<\/li>\n<\/ul>\n<h3>Photos<\/h3>\n<p style=\"text-align: center;\"><a href=\"\/usa2009\/files\/2009\/09\/DSCF7820.JPG\"><img loading=\"lazy\" decoding=\"async\" class=\"alignnone size-thumbnail wp-image-1380\" title=\"Le VC de Bryce Canyon\" src=\"\/usa2009\/files\/2009\/09\/DSCF7820-150x150.jpg\" alt=\"Le VC de Bryce Canyon\" width=\"150\" height=\"150\" \/><\/a> <a href=\"\/usa2009\/files\/2009\/09\/DSCF7823.JPG\"><img loading=\"lazy\" decoding=\"async\" class=\"alignnone size-thumbnail wp-image-1381\" title=\"Explications \u00e0 Bryce Canyon\" src=\"\/usa2009\/files\/2009\/09\/DSCF7823-150x150.jpg\" alt=\"Explications \u00e0 Bryce Canyon\" width=\"150\" height=\"150\" \/><\/a> <a href=\"\/usa2009\/files\/2009\/09\/DSCF7824.JPG\"><img loading=\"lazy\" decoding=\"async\" class=\"alignnone size-thumbnail wp-image-1382\" title=\"L\u2019int\u00e9rieur du VC de Bryce\" src=\"\/usa2009\/files\/2009\/09\/DSCF7824-150x150.jpg\" alt=\"L\u2019int\u00e9rieur du VC de Bryce\" width=\"150\" height=\"150\" \/><\/a><\/p>\n","protected":false},"excerpt":{"rendered":"<p>Description Le Visitor Center est ouvert de 8h00 \u00e0 18h00. Il est situ\u00e9 \u00e0 droite, juste apr\u00e8s le \u00ab\u00a0p\u00e9age\u00a0\u00bb. Bryce Canyon est imp\u00e9rativement le parc \u00e0 voir de l&rsquo;Ouest Am\u00e9ricain ; l&rsquo;amphith\u00e9\u00e2tre \u00e9tant la zone \u00e0 privil\u00e9gier. La navette \u00ab\u00a0rouge\u00a0\u00bb (desservant General Store &#8211; Lodge &#8211; Sunrise &#8211; Sunset &#8211; Inspiration &#8211; Bryce Point), y [&hellip;]<\/p>\n","protected":false},"author":2,"featured_media":0,"parent":572,"menu_order":0,"comment_status":"open","ping_status":"open","template":"","meta":{"footnotes":""},"class_list":["post-1377","page","type-page","status-publish","hentry"],"_links":{"self":[{"href":"https:\/\/blogs.crespel.me\/usa2009\/wp-json\/wp\/v2\/pages\/1377","targetHints":{"allow":["GET"]}}],"collection":[{"href":"https:\/\/blogs.crespel.me\/usa2009\/wp-json\/wp\/v2\/pages"}],"about":[{"href":"https:\/\/blogs.crespel.me\/usa2009\/wp-json\/wp\/v2\/types\/page"}],"author":[{"embeddable":true,"href":"https:\/\/blogs.crespel.me\/usa2009\/wp-json\/wp\/v2\/users\/2"}],"replies":[{"embeddable":true,"href":"https:\/\/blogs.crespel.me\/usa2009\/wp-json\/wp\/v2\/comments?post=1377"}],"version-history":[{"count":6,"href":"https:\/\/blogs.crespel.me\/usa2009\/wp-json\/wp\/v2\/pages\/1377\/revisions"}],"predecessor-version":[{"id":1385,"href":"https:\/\/blogs.crespel.me\/usa2009\/wp-json\/wp\/v2\/pages\/1377\/revisions\/1385"}],"up":[{"embeddable":true,"href":"https:\/\/blogs.crespel.me\/usa2009\/wp-json\/wp\/v2\/pages\/572"}],"wp:attachment":[{"href":"https:\/\/blogs.crespel.me\/usa2009\/wp-json\/wp\/v2\/media?parent=1377"}],"curies":[{"name":"wp","href":"https:\/\/api.w.org\/{rel}","templated":true}]}}