{"id":1356,"date":"2009-09-08T11:09:07","date_gmt":"2009-09-08T09:09:07","guid":{"rendered":"http:\/\/jean.crespel.me\/?page_id=1356"},"modified":"2013-06-12T11:58:14","modified_gmt":"2013-06-12T09:58:14","slug":"koa-circus-circus","status":"publish","type":"page","link":"https:\/\/blogs.crespel.me\/usa2009\/annexes\/campgrounds\/koa-circus-circus\/","title":{"rendered":"KOA Circus Circus"},"content":{"rendered":"<h3>Description<\/h3>\n<ul>\n<li>Situ\u00e9 derri\u00e8re le Circus Circus sur Industrial Road, prendre sortie Sahara sur I.15.<\/li>\n<li>R\u00e9servable sur le site KOA.<\/li>\n<li>Prix 56,40$ pour un RV25 et 3 personnes.<\/li>\n<li>Full hookups.<\/li>\n<li><strong>Ao\u00fbt 2009: note 5\/10<\/strong>. Emplacement 204 Deluxe, pas d&rsquo;ombre (style parking&#8230;).<\/li>\n<li>Pratique pour le retour chez Cruise America \u00e0 LV.<\/li>\n<\/ul>\n<h3>Photos<\/h3>\n<p style=\"text-align: center\"><a href=\"\/usa2009\/files\/2009\/09\/DSCF8861.JPG\"><img loading=\"lazy\" decoding=\"async\" class=\"alignnone size-thumbnail wp-image-1359\" title=\"KOA Las Vegas\" alt=\"KOA Las Vegas\" src=\"\/usa2009\/files\/2009\/09\/DSCF8861-150x150.jpg\" width=\"150\" height=\"150\" \/><\/a> <a href=\"\/usa2009\/files\/2009\/09\/DSCF8862.JPG\"><img loading=\"lazy\" decoding=\"async\" class=\"alignnone size-thumbnail wp-image-1360\" title=\"KOA Las Vegas\" alt=\"KOA Las Vegas\" src=\"\/usa2009\/files\/2009\/09\/DSCF8862-150x150.jpg\" width=\"150\" height=\"150\" \/><\/a> <a href=\"\/usa2009\/files\/2009\/09\/DSCF8866.JPG\"><img loading=\"lazy\" decoding=\"async\" class=\"alignnone size-thumbnail wp-image-1361\" title=\"Vue depuis le KOA LV\" alt=\"Vue depuis le KOA LV\" src=\"\/usa2009\/files\/2009\/09\/DSCF8866-150x150.jpg\" width=\"150\" height=\"150\" \/><\/a><\/p>\n","protected":false},"excerpt":{"rendered":"<p>Description Situ\u00e9 derri\u00e8re le Circus Circus sur Industrial Road, prendre sortie Sahara sur I.15. R\u00e9servable sur le site KOA. Prix 56,40$ pour un RV25 et 3 personnes. Full hookups. Ao\u00fbt 2009: note 5\/10. Emplacement 204 Deluxe, pas d&rsquo;ombre (style parking&#8230;). Pratique pour le retour chez Cruise America \u00e0 LV. Photos<\/p>\n","protected":false},"author":2,"featured_media":0,"parent":561,"menu_order":0,"comment_status":"open","ping_status":"open","template":"","meta":{"footnotes":""},"class_list":["post-1356","page","type-page","status-publish","hentry"],"_links":{"self":[{"href":"https:\/\/blogs.crespel.me\/usa2009\/wp-json\/wp\/v2\/pages\/1356","targetHints":{"allow":["GET"]}}],"collection":[{"href":"https:\/\/blogs.crespel.me\/usa2009\/wp-json\/wp\/v2\/pages"}],"about":[{"href":"https:\/\/blogs.crespel.me\/usa2009\/wp-json\/wp\/v2\/types\/page"}],"author":[{"embeddable":true,"href":"https:\/\/blogs.crespel.me\/usa2009\/wp-json\/wp\/v2\/users\/2"}],"replies":[{"embeddable":true,"href":"https:\/\/blogs.crespel.me\/usa2009\/wp-json\/wp\/v2\/comments?post=1356"}],"version-history":[{"count":6,"href":"https:\/\/blogs.crespel.me\/usa2009\/wp-json\/wp\/v2\/pages\/1356\/revisions"}],"predecessor-version":[{"id":2251,"href":"https:\/\/blogs.crespel.me\/usa2009\/wp-json\/wp\/v2\/pages\/1356\/revisions\/2251"}],"up":[{"embeddable":true,"href":"https:\/\/blogs.crespel.me\/usa2009\/wp-json\/wp\/v2\/pages\/561"}],"wp:attachment":[{"href":"https:\/\/blogs.crespel.me\/usa2009\/wp-json\/wp\/v2\/media?parent=1356"}],"curies":[{"name":"wp","href":"https:\/\/api.w.org\/{rel}","templated":true}]}}