{"id":1344,"date":"2009-09-08T10:32:27","date_gmt":"2009-09-08T08:32:27","guid":{"rendered":"http:\/\/jean.crespel.me\/?page_id=1344"},"modified":"2021-05-10T09:29:51","modified_gmt":"2021-05-10T07:29:51","slug":"koa-a-kingman","status":"publish","type":"page","link":"https:\/\/blogs.crespel.me\/usa2009\/annexes\/campgrounds\/koa-a-kingman\/","title":{"rendered":"KOA \u00e0 Kingman"},"content":{"rendered":"<h3>Description<\/h3>\n<ul>\n<li>Situ\u00e9 pr\u00e8s de quartiers r\u00e9sidentiels sur Roosevelt St. au Nord de Kingman; sortie 53 sur I.40.<\/li>\n<li>R\u00e9servable sur le site KOA.<\/li>\n<li>Prix 42,50$ pour un RV25 et 3 personnes.<\/li>\n<li>Full hookups.<\/li>\n<li><strong>Ao\u00fbt 2009: note 7\/10.<\/strong> Emplacement 74 pr\u00e8s de l&rsquo;entr\u00e9e.<\/li>\n<li>Ombrag\u00e9 avec haies de s\u00e9paration.<\/li>\n<li>Comporte une piscine ext\u00e9rieure.<\/li>\n<\/ul>\n<h3>Photos<\/h3>\n<p style=\"text-align: center\"><a href=\"\/usa2009\/files\/2009\/09\/DSCF88181.JPG\"><img loading=\"lazy\" decoding=\"async\" class=\"alignnone size-thumbnail wp-image-1347\" title=\"KOA \u00e0 Kingman\" src=\"\/usa2009\/files\/2009\/09\/DSCF88181-150x150.jpg\" alt=\"KOA \u00e0 Kingman\" width=\"150\" height=\"150\" \/><\/a> <a href=\"\/usa2009\/files\/2009\/09\/DSCF88191.JPG\"><img loading=\"lazy\" decoding=\"async\" class=\"alignnone size-thumbnail wp-image-1348\" title=\"KOA \u00e0 Kingman\" src=\"\/usa2009\/files\/2009\/09\/DSCF88191-150x150.jpg\" alt=\"KOA \u00e0 Kingman\" width=\"150\" height=\"150\" \/><\/a> <a href=\"\/usa2009\/files\/2009\/09\/IMG_0063.JPG\"><img loading=\"lazy\" decoding=\"async\" class=\"alignnone size-thumbnail wp-image-1697\" title=\"Ville typique am\u00e9ricaine\" src=\"\/usa2009\/files\/2009\/09\/IMG_0063-150x150.jpg\" alt=\"Ville typique am\u00e9ricaine\" width=\"150\" height=\"150\" \/><\/a><\/p>\n","protected":false},"excerpt":{"rendered":"<p>Description Situ\u00e9 pr\u00e8s de quartiers r\u00e9sidentiels sur Roosevelt St. au Nord de Kingman; sortie 53 sur I.40. R\u00e9servable sur le site KOA. Prix 42,50$ pour un RV25 et 3 personnes. Full hookups. Ao\u00fbt 2009: note 7\/10. Emplacement 74 pr\u00e8s de l&rsquo;entr\u00e9e. Ombrag\u00e9 avec haies de s\u00e9paration. Comporte une piscine ext\u00e9rieure. Photos<\/p>\n","protected":false},"author":2,"featured_media":0,"parent":561,"menu_order":0,"comment_status":"open","ping_status":"open","template":"","meta":{"footnotes":""},"class_list":["post-1344","page","type-page","status-publish","hentry"],"_links":{"self":[{"href":"https:\/\/blogs.crespel.me\/usa2009\/wp-json\/wp\/v2\/pages\/1344","targetHints":{"allow":["GET"]}}],"collection":[{"href":"https:\/\/blogs.crespel.me\/usa2009\/wp-json\/wp\/v2\/pages"}],"about":[{"href":"https:\/\/blogs.crespel.me\/usa2009\/wp-json\/wp\/v2\/types\/page"}],"author":[{"embeddable":true,"href":"https:\/\/blogs.crespel.me\/usa2009\/wp-json\/wp\/v2\/users\/2"}],"replies":[{"embeddable":true,"href":"https:\/\/blogs.crespel.me\/usa2009\/wp-json\/wp\/v2\/comments?post=1344"}],"version-history":[{"count":10,"href":"https:\/\/blogs.crespel.me\/usa2009\/wp-json\/wp\/v2\/pages\/1344\/revisions"}],"predecessor-version":[{"id":2329,"href":"https:\/\/blogs.crespel.me\/usa2009\/wp-json\/wp\/v2\/pages\/1344\/revisions\/2329"}],"up":[{"embeddable":true,"href":"https:\/\/blogs.crespel.me\/usa2009\/wp-json\/wp\/v2\/pages\/561"}],"wp:attachment":[{"href":"https:\/\/blogs.crespel.me\/usa2009\/wp-json\/wp\/v2\/media?parent=1344"}],"curies":[{"name":"wp","href":"https:\/\/api.w.org\/{rel}","templated":true}]}}