{"id":1335,"date":"2009-09-08T10:13:29","date_gmt":"2009-09-08T08:13:29","guid":{"rendered":"http:\/\/jean.crespel.me\/?page_id=1335"},"modified":"2013-06-12T11:56:03","modified_gmt":"2013-06-12T09:56:03","slug":"koa-a-holbrook","status":"publish","type":"page","link":"https:\/\/blogs.crespel.me\/usa2009\/annexes\/campgrounds\/koa-a-holbrook\/","title":{"rendered":"KOA \u00e0 Holbrook"},"content":{"rendered":"<h3>Description<\/h3>\n<ul>\n<li>Situ\u00e9 sur Navajo Blvd, au Nord-Est, peu apr\u00e8s la sortie 289 de la I.40.<\/li>\n<li>R\u00e9servable sur le site KOA.<\/li>\n<li>Prix 33,50$ pour un RV25 et 3 personnes.<\/li>\n<li>Full Hookups<\/li>\n<li><strong>Ao\u00fbt 2009: note 6\/10<\/strong>. Emplacement 32, un peu \u00e0 l&rsquo;ombre de jeunes arbres.<\/li>\n<\/ul>\n<h3>Photos<\/h3>\n<p style=\"text-align: center\"><a href=\"\/usa2009\/files\/2009\/09\/DSCF8673.JPG\"><img loading=\"lazy\" decoding=\"async\" class=\"alignnone size-thumbnail wp-image-1351\" title=\"KOA \u00e0 Holbrook\" alt=\"KOA \u00e0 Holbrook\" src=\"\/usa2009\/files\/2009\/09\/DSCF8673-150x150.jpg\" width=\"150\" height=\"150\" \/><\/a> <a href=\"\/usa2009\/files\/2009\/09\/DSCF8674.JPG\"><img loading=\"lazy\" decoding=\"async\" class=\"alignnone size-thumbnail wp-image-1352\" title=\"KOA \u00e0 Holbrook\" alt=\"KOA \u00e0 Holbrook\" src=\"\/usa2009\/files\/2009\/09\/DSCF8674-150x150.jpg\" width=\"150\" height=\"150\" \/><\/a> <a href=\"\/usa2009\/files\/2009\/09\/IMG_00051.JPG\"><img loading=\"lazy\" decoding=\"async\" class=\"alignnone size-thumbnail wp-image-1353\" title=\"Hopi Dr face \u00e0 Safeway\" alt=\"Hopi Dr face \u00e0 Safeway\" src=\"\/usa2009\/files\/2009\/09\/IMG_00051-150x150.jpg\" width=\"150\" height=\"150\" \/><\/a><\/p>\n","protected":false},"excerpt":{"rendered":"<p>Description Situ\u00e9 sur Navajo Blvd, au Nord-Est, peu apr\u00e8s la sortie 289 de la I.40. R\u00e9servable sur le site KOA. Prix 33,50$ pour un RV25 et 3 personnes. Full Hookups Ao\u00fbt 2009: note 6\/10. Emplacement 32, un peu \u00e0 l&rsquo;ombre de jeunes arbres. Photos<\/p>\n","protected":false},"author":2,"featured_media":0,"parent":561,"menu_order":0,"comment_status":"open","ping_status":"open","template":"","meta":{"footnotes":""},"class_list":["post-1335","page","type-page","status-publish","hentry"],"_links":{"self":[{"href":"https:\/\/blogs.crespel.me\/usa2009\/wp-json\/wp\/v2\/pages\/1335","targetHints":{"allow":["GET"]}}],"collection":[{"href":"https:\/\/blogs.crespel.me\/usa2009\/wp-json\/wp\/v2\/pages"}],"about":[{"href":"https:\/\/blogs.crespel.me\/usa2009\/wp-json\/wp\/v2\/types\/page"}],"author":[{"embeddable":true,"href":"https:\/\/blogs.crespel.me\/usa2009\/wp-json\/wp\/v2\/users\/2"}],"replies":[{"embeddable":true,"href":"https:\/\/blogs.crespel.me\/usa2009\/wp-json\/wp\/v2\/comments?post=1335"}],"version-history":[{"count":8,"href":"https:\/\/blogs.crespel.me\/usa2009\/wp-json\/wp\/v2\/pages\/1335\/revisions"}],"predecessor-version":[{"id":1343,"href":"https:\/\/blogs.crespel.me\/usa2009\/wp-json\/wp\/v2\/pages\/1335\/revisions\/1343"}],"up":[{"embeddable":true,"href":"https:\/\/blogs.crespel.me\/usa2009\/wp-json\/wp\/v2\/pages\/561"}],"wp:attachment":[{"href":"https:\/\/blogs.crespel.me\/usa2009\/wp-json\/wp\/v2\/media?parent=1335"}],"curies":[{"name":"wp","href":"https:\/\/api.w.org\/{rel}","templated":true}]}}