{"id":1326,"date":"2009-09-08T09:57:42","date_gmt":"2009-09-08T07:57:42","guid":{"rendered":"http:\/\/jean.crespel.me\/?page_id=1326"},"modified":"2013-06-12T12:07:01","modified_gmt":"2013-06-12T10:07:01","slug":"woody-mountain","status":"publish","type":"page","link":"https:\/\/blogs.crespel.me\/usa2009\/annexes\/campgrounds\/woody-mountain\/","title":{"rendered":"Woody Mountain"},"content":{"rendered":"<h3>Description<\/h3>\n<ul>\n<li>Situ\u00e9 \u00e0 l&rsquo;Ouest de Flagstaff ; sur I.40 prendre la sortie 191.<\/li>\n<li>R\u00e9servable sur leur site.<\/li>\n<li>Prix 35$ pour un RV25 et 3 personnes.<\/li>\n<li>Full Hookups<\/li>\n<li><strong>Ao\u00fbt 2009: note 7\/10<\/strong>. Emplacement 30 dans la pin\u00e8de, ombrag\u00e9, assez \u00e9troit mais calme.<\/li>\n<li>Marjorie et Larry sont accueillants.<\/li>\n<li>Rencontres sympas : les qu\u00e9becois fans de v\u00e9lo et de fran\u00e7ais&#8230; et Erine de VF que nous devions voir \u00e0 Monument Valley et qui arrive fortuitement en fin d&rsquo;apr\u00e8s midi &#8211; nous la retrouverons ensuite \u00e0 Las Vegas.<\/li>\n<\/ul>\n<h3>Photos<\/h3>\n<p style=\"text-align: center\"><a href=\"\/usa2009\/files\/2009\/09\/DSCF8740.JPG\"><img loading=\"lazy\" decoding=\"async\" class=\"alignnone size-thumbnail wp-image-1329\" title=\"Woody Mountain\" alt=\"Woody Mountain\" src=\"\/usa2009\/files\/2009\/09\/DSCF8740-150x150.jpg\" width=\"150\" height=\"150\" \/><\/a> <a href=\"\/usa2009\/files\/2009\/09\/DSCF8741.JPG\"><img loading=\"lazy\" decoding=\"async\" class=\"alignnone size-thumbnail wp-image-1330\" title=\"Woody Mountain\" alt=\"Woody Mountain\" src=\"\/usa2009\/files\/2009\/09\/DSCF8741-150x150.jpg\" width=\"150\" height=\"150\" \/><\/a> <a href=\"\/usa2009\/files\/2009\/09\/DSCF8742.JPG\"><img loading=\"lazy\" decoding=\"async\" class=\"alignnone size-thumbnail wp-image-1331\" title=\"Accueil Woody Mountain\" alt=\"Accueil Woody Mountain\" src=\"\/usa2009\/files\/2009\/09\/DSCF8742-150x150.jpg\" width=\"150\" height=\"150\" \/><\/a><\/p>\n","protected":false},"excerpt":{"rendered":"<p>Description Situ\u00e9 \u00e0 l&rsquo;Ouest de Flagstaff ; sur I.40 prendre la sortie 191. R\u00e9servable sur leur site. Prix 35$ pour un RV25 et 3 personnes. Full Hookups Ao\u00fbt 2009: note 7\/10. Emplacement 30 dans la pin\u00e8de, ombrag\u00e9, assez \u00e9troit mais calme. Marjorie et Larry sont accueillants. Rencontres sympas : les qu\u00e9becois fans de v\u00e9lo et [&hellip;]<\/p>\n","protected":false},"author":2,"featured_media":0,"parent":561,"menu_order":0,"comment_status":"open","ping_status":"open","template":"","meta":{"footnotes":""},"class_list":["post-1326","page","type-page","status-publish","hentry"],"_links":{"self":[{"href":"https:\/\/blogs.crespel.me\/usa2009\/wp-json\/wp\/v2\/pages\/1326","targetHints":{"allow":["GET"]}}],"collection":[{"href":"https:\/\/blogs.crespel.me\/usa2009\/wp-json\/wp\/v2\/pages"}],"about":[{"href":"https:\/\/blogs.crespel.me\/usa2009\/wp-json\/wp\/v2\/types\/page"}],"author":[{"embeddable":true,"href":"https:\/\/blogs.crespel.me\/usa2009\/wp-json\/wp\/v2\/users\/2"}],"replies":[{"embeddable":true,"href":"https:\/\/blogs.crespel.me\/usa2009\/wp-json\/wp\/v2\/comments?post=1326"}],"version-history":[{"count":7,"href":"https:\/\/blogs.crespel.me\/usa2009\/wp-json\/wp\/v2\/pages\/1326\/revisions"}],"predecessor-version":[{"id":1334,"href":"https:\/\/blogs.crespel.me\/usa2009\/wp-json\/wp\/v2\/pages\/1326\/revisions\/1334"}],"up":[{"embeddable":true,"href":"https:\/\/blogs.crespel.me\/usa2009\/wp-json\/wp\/v2\/pages\/561"}],"wp:attachment":[{"href":"https:\/\/blogs.crespel.me\/usa2009\/wp-json\/wp\/v2\/media?parent=1326"}],"curies":[{"name":"wp","href":"https:\/\/api.w.org\/{rel}","templated":true}]}}