{"id":1282,"date":"2009-09-07T14:44:24","date_gmt":"2009-09-07T12:44:24","guid":{"rendered":"http:\/\/jean.crespel.me\/?page_id=1282"},"modified":"2009-09-12T19:40:52","modified_gmt":"2009-09-12T17:40:52","slug":"visitor-center-cedar-breaks","status":"publish","type":"page","link":"https:\/\/blogs.crespel.me\/usa2009\/annexes\/visitor-center\/visitor-center-cedar-breaks\/","title":{"rendered":"Visitor Center &#8211; Cedar Breaks"},"content":{"rendered":"<h3>Description<\/h3>\n<ul>\n<li>Le Visitor Center de Cedar Breaks est ouvert de 7h00 \u00e0 18h00.<\/li>\n<li>Il est situ\u00e9 sur la route 148North (4km apr\u00e8s l&#8217;embranchement sur la 14).<\/li>\n<li>L&rsquo;amphith\u00e9atre et le VC sont \u00e0 plus de 3000m et le vent est souvent pr\u00e9sent.<\/li>\n<li>Cedar Breaks est un parc ressemblant \u00e0 Bryce Canyon en plus concentr\u00e9.<\/li>\n<li>La Scenic Drive menant \u00e0 Panguitch est \u00e0 parcourir. On peut y faire des rencontres (ci-dessous).<\/li>\n<\/ul>\n<h3>Photos<\/h3>\n<p style=\"text-align: center;\"><a href=\"\/usa2009\/files\/2009\/09\/DSCF7776.JPG\"><img loading=\"lazy\" decoding=\"async\" class=\"alignnone size-thumbnail wp-image-1285\" title=\"VC de Cedar Breaks\" src=\"\/usa2009\/files\/2009\/09\/DSCF7776-150x150.jpg\" alt=\"VC de Cedar Breaks\" width=\"150\" height=\"150\" \/><\/a> <a href=\"\/usa2009\/files\/2009\/09\/DSCF7777.JPG\"><img loading=\"lazy\" decoding=\"async\" class=\"alignnone size-thumbnail wp-image-1286\" title=\"Int\u00e9rieur du VC\" src=\"\/usa2009\/files\/2009\/09\/DSCF7777-150x150.jpg\" alt=\"Int\u00e9rieur du VC\" width=\"150\" height=\"150\" \/><\/a> <a href=\"\/usa2009\/files\/2009\/09\/DSCF7807.JPG\"><img loading=\"lazy\" decoding=\"async\" class=\"alignnone size-thumbnail wp-image-1375\" title=\"Apr\u00e8s Cedar Breaks\" src=\"\/usa2009\/files\/2009\/09\/DSCF7807-150x150.jpg\" alt=\"Apr\u00e8s Cedar Breaks\" width=\"150\" height=\"150\" \/><\/a><\/p>\n","protected":false},"excerpt":{"rendered":"<p>Description Le Visitor Center de Cedar Breaks est ouvert de 7h00 \u00e0 18h00. Il est situ\u00e9 sur la route 148North (4km apr\u00e8s l&#8217;embranchement sur la 14). L&rsquo;amphith\u00e9atre et le VC sont \u00e0 plus de 3000m et le vent est souvent pr\u00e9sent. Cedar Breaks est un parc ressemblant \u00e0 Bryce Canyon en plus concentr\u00e9. La Scenic [&hellip;]<\/p>\n","protected":false},"author":2,"featured_media":0,"parent":572,"menu_order":0,"comment_status":"open","ping_status":"open","template":"","meta":{"footnotes":""},"class_list":["post-1282","page","type-page","status-publish","hentry"],"_links":{"self":[{"href":"https:\/\/blogs.crespel.me\/usa2009\/wp-json\/wp\/v2\/pages\/1282","targetHints":{"allow":["GET"]}}],"collection":[{"href":"https:\/\/blogs.crespel.me\/usa2009\/wp-json\/wp\/v2\/pages"}],"about":[{"href":"https:\/\/blogs.crespel.me\/usa2009\/wp-json\/wp\/v2\/types\/page"}],"author":[{"embeddable":true,"href":"https:\/\/blogs.crespel.me\/usa2009\/wp-json\/wp\/v2\/users\/2"}],"replies":[{"embeddable":true,"href":"https:\/\/blogs.crespel.me\/usa2009\/wp-json\/wp\/v2\/comments?post=1282"}],"version-history":[{"count":10,"href":"https:\/\/blogs.crespel.me\/usa2009\/wp-json\/wp\/v2\/pages\/1282\/revisions"}],"predecessor-version":[{"id":1444,"href":"https:\/\/blogs.crespel.me\/usa2009\/wp-json\/wp\/v2\/pages\/1282\/revisions\/1444"}],"up":[{"embeddable":true,"href":"https:\/\/blogs.crespel.me\/usa2009\/wp-json\/wp\/v2\/pages\/572"}],"wp:attachment":[{"href":"https:\/\/blogs.crespel.me\/usa2009\/wp-json\/wp\/v2\/media?parent=1282"}],"curies":[{"name":"wp","href":"https:\/\/api.w.org\/{rel}","templated":true}]}}