{"id":1272,"date":"2009-09-07T14:25:16","date_gmt":"2009-09-07T12:25:16","guid":{"rendered":"http:\/\/jean.crespel.me\/?page_id=1272"},"modified":"2009-09-07T18:06:55","modified_gmt":"2009-09-07T16:06:55","slug":"parus-trail","status":"publish","type":"page","link":"https:\/\/blogs.crespel.me\/usa2009\/annexes\/randonnees-et-visites\/parus-trail\/","title":{"rendered":"Pa&rsquo;rus trail"},"content":{"rendered":"<h3>Description<\/h3>\n<ul>\n<li>Acc\u00e8s par la navette du Scenic Drive, arr\u00eat Canyon Junction, direction Sud.<\/li>\n<li>2,5km jusqu&rsquo;au Zion Human History Museum. Terrain plat, chemin b\u00e9tonn\u00e9.<\/li>\n<li>Trac\u00e9 parall\u00e8le \u00e0 la Virgin River mais en plein soleil, aucun agr\u00e9ment.<\/li>\n<li>Effectu\u00e9 en plein apr\u00e8s-midi par 40\u00b0C, absolument \u00e0 d\u00e9conseiller ; possibilit\u00e9 de couper vers le Museum, bien avant le Visitor Center.<\/li>\n<\/ul>\n<h3>Photos<\/h3>\n<p style=\"text-align: center;\"><a href=\"\/usa2009\/files\/2009\/09\/DSCF77471.JPG\"><img loading=\"lazy\" decoding=\"async\" class=\"alignnone size-thumbnail wp-image-1277\" title=\"Sur Pa\u2019rus Trail\" src=\"\/usa2009\/files\/2009\/09\/DSCF77471-150x150.jpg\" alt=\"Sur Pa\u2019rus Trail\" width=\"150\" height=\"150\" \/><\/a><\/p>\n","protected":false},"excerpt":{"rendered":"<p>Description Acc\u00e8s par la navette du Scenic Drive, arr\u00eat Canyon Junction, direction Sud. 2,5km jusqu&rsquo;au Zion Human History Museum. Terrain plat, chemin b\u00e9tonn\u00e9. Trac\u00e9 parall\u00e8le \u00e0 la Virgin River mais en plein soleil, aucun agr\u00e9ment. Effectu\u00e9 en plein apr\u00e8s-midi par 40\u00b0C, absolument \u00e0 d\u00e9conseiller ; possibilit\u00e9 de couper vers le Museum, bien avant le Visitor [&hellip;]<\/p>\n","protected":false},"author":2,"featured_media":0,"parent":569,"menu_order":0,"comment_status":"open","ping_status":"open","template":"","meta":{"footnotes":""},"class_list":["post-1272","page","type-page","status-publish","hentry"],"_links":{"self":[{"href":"https:\/\/blogs.crespel.me\/usa2009\/wp-json\/wp\/v2\/pages\/1272","targetHints":{"allow":["GET"]}}],"collection":[{"href":"https:\/\/blogs.crespel.me\/usa2009\/wp-json\/wp\/v2\/pages"}],"about":[{"href":"https:\/\/blogs.crespel.me\/usa2009\/wp-json\/wp\/v2\/types\/page"}],"author":[{"embeddable":true,"href":"https:\/\/blogs.crespel.me\/usa2009\/wp-json\/wp\/v2\/users\/2"}],"replies":[{"embeddable":true,"href":"https:\/\/blogs.crespel.me\/usa2009\/wp-json\/wp\/v2\/comments?post=1272"}],"version-history":[{"count":5,"href":"https:\/\/blogs.crespel.me\/usa2009\/wp-json\/wp\/v2\/pages\/1272\/revisions"}],"predecessor-version":[{"id":1310,"href":"https:\/\/blogs.crespel.me\/usa2009\/wp-json\/wp\/v2\/pages\/1272\/revisions\/1310"}],"up":[{"embeddable":true,"href":"https:\/\/blogs.crespel.me\/usa2009\/wp-json\/wp\/v2\/pages\/569"}],"wp:attachment":[{"href":"https:\/\/blogs.crespel.me\/usa2009\/wp-json\/wp\/v2\/media?parent=1272"}],"curies":[{"name":"wp","href":"https:\/\/api.w.org\/{rel}","templated":true}]}}