{"id":1267,"date":"2009-09-07T14:25:53","date_gmt":"2009-09-07T12:25:53","guid":{"rendered":"http:\/\/jean.crespel.me\/?page_id=1267"},"modified":"2009-09-24T14:15:43","modified_gmt":"2009-09-24T12:15:43","slug":"weeping-rock","status":"publish","type":"page","link":"https:\/\/blogs.crespel.me\/usa2009\/annexes\/randonnees-et-visites\/weeping-rock\/","title":{"rendered":"Weeping Rock"},"content":{"rendered":"<h3>Description<\/h3>\n<ul>\n<li>Acc\u00e8s par la navette du Scenic Drive, 6\u00e8me arr\u00eat (Weeping Rock).<\/li>\n<li>0,8km AR, un peu pentu mais court.<\/li>\n<li>Arriv\u00e9e sous une alc\u00f4ve o\u00f9 les sources coulent des hauteurs.<\/li>\n<\/ul>\n<h3>Photos<\/h3>\n<p style=\"text-align: center;\"><a href=\"\/usa2009\/files\/2009\/09\/DSCF7724.JPG\"><img loading=\"lazy\" decoding=\"async\" class=\"alignnone size-thumbnail wp-image-1270\" title=\"D\u00e9but de Weeping Rock\" src=\"\/usa2009\/files\/2009\/09\/DSCF7724-150x150.jpg\" alt=\"D\u00e9but de Weeping Rock\" width=\"150\" height=\"150\" \/><\/a> <a href=\"\/usa2009\/files\/2009\/09\/DSCF7727.JPG\"><img loading=\"lazy\" decoding=\"async\" class=\"alignnone size-thumbnail wp-image-1603\" title=\"Weeping Rock\" src=\"\/usa2009\/files\/2009\/09\/DSCF7727-150x150.jpg\" alt=\"Weeping Rock\" width=\"150\" height=\"150\" \/><\/a> <a href=\"\/usa2009\/files\/2009\/09\/DSCF7730.JPG\"><img loading=\"lazy\" decoding=\"async\" class=\"alignnone size-thumbnail wp-image-1604\" title=\"Angels Landing depuis Weeping R\" src=\"\/usa2009\/files\/2009\/09\/DSCF7730-150x150.jpg\" alt=\"Angels Landing depuis Weeping R\" width=\"150\" height=\"150\" \/><\/a><\/p>\n","protected":false},"excerpt":{"rendered":"<p>Description Acc\u00e8s par la navette du Scenic Drive, 6\u00e8me arr\u00eat (Weeping Rock). 0,8km AR, un peu pentu mais court. Arriv\u00e9e sous une alc\u00f4ve o\u00f9 les sources coulent des hauteurs. Photos<\/p>\n","protected":false},"author":2,"featured_media":0,"parent":569,"menu_order":0,"comment_status":"open","ping_status":"open","template":"","meta":{"footnotes":""},"class_list":["post-1267","page","type-page","status-publish","hentry"],"_links":{"self":[{"href":"https:\/\/blogs.crespel.me\/usa2009\/wp-json\/wp\/v2\/pages\/1267","targetHints":{"allow":["GET"]}}],"collection":[{"href":"https:\/\/blogs.crespel.me\/usa2009\/wp-json\/wp\/v2\/pages"}],"about":[{"href":"https:\/\/blogs.crespel.me\/usa2009\/wp-json\/wp\/v2\/types\/page"}],"author":[{"embeddable":true,"href":"https:\/\/blogs.crespel.me\/usa2009\/wp-json\/wp\/v2\/users\/2"}],"replies":[{"embeddable":true,"href":"https:\/\/blogs.crespel.me\/usa2009\/wp-json\/wp\/v2\/comments?post=1267"}],"version-history":[{"count":8,"href":"https:\/\/blogs.crespel.me\/usa2009\/wp-json\/wp\/v2\/pages\/1267\/revisions"}],"predecessor-version":[{"id":1308,"href":"https:\/\/blogs.crespel.me\/usa2009\/wp-json\/wp\/v2\/pages\/1267\/revisions\/1308"}],"up":[{"embeddable":true,"href":"https:\/\/blogs.crespel.me\/usa2009\/wp-json\/wp\/v2\/pages\/569"}],"wp:attachment":[{"href":"https:\/\/blogs.crespel.me\/usa2009\/wp-json\/wp\/v2\/media?parent=1267"}],"curies":[{"name":"wp","href":"https:\/\/api.w.org\/{rel}","templated":true}]}}