{"id":1249,"date":"2009-09-06T16:04:56","date_gmt":"2009-09-06T14:04:56","guid":{"rendered":"http:\/\/jean.crespel.me\/?page_id=1249"},"modified":"2013-06-12T12:04:19","modified_gmt":"2013-06-12T10:04:19","slug":"trailer-village","status":"publish","type":"page","link":"https:\/\/blogs.crespel.me\/usa2009\/annexes\/campgrounds\/trailer-village\/","title":{"rendered":"Trailer village"},"content":{"rendered":"<h3>Description<\/h3>\n<ul>\n<li>Situ\u00e9 apr\u00e8s le Market Plaza.<\/li>\n<li>R\u00e9servable sur le site Xanterra.<\/li>\n<li>Prix 68$ pour 2 nuits et un RV25 avec 3 personnes.<\/li>\n<li>Full Hookups.<\/li>\n<li><strong>Ao\u00fbt 2009: note 6\/10.<\/strong> Emplacement sur Loop B.<\/li>\n<li>Ombrag\u00e9, assez d&rsquo;espace.<\/li>\n<li>Pas de commodit\u00e9s \u00e0 proximit\u00e9 : laverie au Mather campground \u00e0 500m (et o\u00f9 les CC ne peuvent se garer), et commerces au Market Plaza \u00e0 500m (o\u00f9 le parking n&rsquo;est pas pr\u00e9vu pour les CC)&#8230;<\/li>\n<\/ul>\n<h3>Photos<\/h3>\n<p style=\"text-align: center\"><a href=\"\/usa2009\/files\/2009\/09\/DSCF8562.JPG\"><img loading=\"lazy\" decoding=\"async\" class=\"alignnone size-thumbnail wp-image-1253\" title=\"Trailer village \u00e0 GC\" alt=\"Trailer village \u00e0 GC\" src=\"\/usa2009\/files\/2009\/09\/DSCF8562-150x150.jpg\" width=\"150\" height=\"150\" \/><\/a> <a href=\"\/usa2009\/files\/2009\/09\/DSCF8563.JPG\"><img loading=\"lazy\" decoding=\"async\" class=\"alignnone size-thumbnail wp-image-1254\" title=\"Trailer village \u00e0 GC\" alt=\"Trailer village \u00e0 GC\" src=\"\/usa2009\/files\/2009\/09\/DSCF8563-150x150.jpg\" width=\"150\" height=\"150\" \/><\/a> <a href=\"\/usa2009\/files\/2009\/08\/IMG_9651.JPG\"><img loading=\"lazy\" decoding=\"async\" class=\"alignnone size-thumbnail wp-image-924\" title=\"Coucher de soleil au Trailer village\" alt=\"Coucher de soleil au Trailer village\" src=\"\/usa2009\/files\/2009\/08\/IMG_9651-150x150.jpg\" width=\"150\" height=\"150\" \/><\/a><\/p>\n","protected":false},"excerpt":{"rendered":"<p>Description Situ\u00e9 apr\u00e8s le Market Plaza. R\u00e9servable sur le site Xanterra. Prix 68$ pour 2 nuits et un RV25 avec 3 personnes. Full Hookups. Ao\u00fbt 2009: note 6\/10. Emplacement sur Loop B. Ombrag\u00e9, assez d&rsquo;espace. Pas de commodit\u00e9s \u00e0 proximit\u00e9 : laverie au Mather campground \u00e0 500m (et o\u00f9 les CC ne peuvent se garer), [&hellip;]<\/p>\n","protected":false},"author":2,"featured_media":0,"parent":561,"menu_order":0,"comment_status":"open","ping_status":"open","template":"","meta":{"footnotes":""},"class_list":["post-1249","page","type-page","status-publish","hentry"],"_links":{"self":[{"href":"https:\/\/blogs.crespel.me\/usa2009\/wp-json\/wp\/v2\/pages\/1249","targetHints":{"allow":["GET"]}}],"collection":[{"href":"https:\/\/blogs.crespel.me\/usa2009\/wp-json\/wp\/v2\/pages"}],"about":[{"href":"https:\/\/blogs.crespel.me\/usa2009\/wp-json\/wp\/v2\/types\/page"}],"author":[{"embeddable":true,"href":"https:\/\/blogs.crespel.me\/usa2009\/wp-json\/wp\/v2\/users\/2"}],"replies":[{"embeddable":true,"href":"https:\/\/blogs.crespel.me\/usa2009\/wp-json\/wp\/v2\/comments?post=1249"}],"version-history":[{"count":8,"href":"https:\/\/blogs.crespel.me\/usa2009\/wp-json\/wp\/v2\/pages\/1249\/revisions"}],"predecessor-version":[{"id":2256,"href":"https:\/\/blogs.crespel.me\/usa2009\/wp-json\/wp\/v2\/pages\/1249\/revisions\/2256"}],"up":[{"embeddable":true,"href":"https:\/\/blogs.crespel.me\/usa2009\/wp-json\/wp\/v2\/pages\/561"}],"wp:attachment":[{"href":"https:\/\/blogs.crespel.me\/usa2009\/wp-json\/wp\/v2\/media?parent=1249"}],"curies":[{"name":"wp","href":"https:\/\/api.w.org\/{rel}","templated":true}]}}