{"id":1226,"date":"2009-09-06T15:24:33","date_gmt":"2009-09-06T13:24:33","guid":{"rendered":"http:\/\/jean.crespel.me\/?page_id=1226"},"modified":"2013-07-04T09:51:15","modified_gmt":"2013-07-04T07:51:15","slug":"gouldings-campground","status":"publish","type":"page","link":"https:\/\/blogs.crespel.me\/usa2009\/annexes\/campgrounds\/gouldings-campground\/","title":{"rendered":"Goulding&rsquo;s campground"},"content":{"rendered":"<h3>Description<\/h3>\n<ul>\n<li>Situ\u00e9 500m apr\u00e8s le Goulding&rsquo;s Lodge.<\/li>\n<li>R\u00e9servable sur leur site.<\/li>\n<li>Prix 106$ pour 2 nuits et pour un RV25 et 3 personnes.<\/li>\n<li>Full Hookups.<\/li>\n<li><strong>Ao\u00fbt 2009: note 8\/10.<\/strong> Emplacement 59 sur le haut. Services \u00e0 l&rsquo;entr\u00e9e.<\/li>\n<li>Super bien plac\u00e9. Peu ombrag\u00e9, emplacements contigus mais pas trop passant. Chiens errants&#8230;<\/li>\n<li>Possibilit\u00e9 de r\u00e9server sur place, les chouettes Tours en 4&#215;4, celui \u00e0 50$\/pers. dure 3h30, et le Mystery Tour de 5h30 avec BBQ (70$\/pers.), RV \u00e0 8h45, d\u00e9part \u00e0 9h00 pour chacun. Attention: garder le ticket pour pouvoir revenir sur le site le m\u00eame jour (gratuitement&#8230;).<\/li>\n<\/ul>\n<h3>Photos<\/h3>\n<p style=\"text-align: center\"><a href=\"\/usa2009\/files\/2009\/09\/DSCF8256.JPG\"><img loading=\"lazy\" decoding=\"async\" class=\"alignnone size-thumbnail wp-image-1230\" title=\"Goulding\u2019s campground\" alt=\"Goulding\u2019s campground\" src=\"\/usa2009\/files\/2009\/09\/DSCF8256-150x150.jpg\" width=\"150\" height=\"150\" \/><\/a> <a href=\"\/usa2009\/files\/2009\/09\/DSCF8257.JPG\"><img loading=\"lazy\" decoding=\"async\" class=\"alignnone size-thumbnail wp-image-1231\" title=\"Goulding\u2019s campground\" alt=\"Goulding\u2019s campground\" src=\"\/usa2009\/files\/2009\/09\/DSCF8257-150x150.jpg\" width=\"150\" height=\"150\" \/><\/a> <a href=\"\/usa2009\/files\/2009\/09\/DSCF8259.JPG\"><img loading=\"lazy\" decoding=\"async\" class=\"alignnone size-thumbnail wp-image-1232\" title=\"Depuis le Goulding\u2019s campground\" alt=\"Depuis le Goulding\u2019s campground\" src=\"\/usa2009\/files\/2009\/09\/DSCF8259-150x150.jpg\" width=\"150\" height=\"150\" \/><\/a><\/p>\n","protected":false},"excerpt":{"rendered":"<p>Description Situ\u00e9 500m apr\u00e8s le Goulding&rsquo;s Lodge. R\u00e9servable sur leur site. Prix 106$ pour 2 nuits et pour un RV25 et 3 personnes. Full Hookups. Ao\u00fbt 2009: note 8\/10. Emplacement 59 sur le haut. Services \u00e0 l&rsquo;entr\u00e9e. Super bien plac\u00e9. Peu ombrag\u00e9, emplacements contigus mais pas trop passant. Chiens errants&#8230; Possibilit\u00e9 de r\u00e9server sur place, [&hellip;]<\/p>\n","protected":false},"author":2,"featured_media":0,"parent":561,"menu_order":0,"comment_status":"open","ping_status":"open","template":"","meta":{"footnotes":""},"class_list":["post-1226","page","type-page","status-publish","hentry"],"_links":{"self":[{"href":"https:\/\/blogs.crespel.me\/usa2009\/wp-json\/wp\/v2\/pages\/1226","targetHints":{"allow":["GET"]}}],"collection":[{"href":"https:\/\/blogs.crespel.me\/usa2009\/wp-json\/wp\/v2\/pages"}],"about":[{"href":"https:\/\/blogs.crespel.me\/usa2009\/wp-json\/wp\/v2\/types\/page"}],"author":[{"embeddable":true,"href":"https:\/\/blogs.crespel.me\/usa2009\/wp-json\/wp\/v2\/users\/2"}],"replies":[{"embeddable":true,"href":"https:\/\/blogs.crespel.me\/usa2009\/wp-json\/wp\/v2\/comments?post=1226"}],"version-history":[{"count":11,"href":"https:\/\/blogs.crespel.me\/usa2009\/wp-json\/wp\/v2\/pages\/1226\/revisions"}],"predecessor-version":[{"id":2327,"href":"https:\/\/blogs.crespel.me\/usa2009\/wp-json\/wp\/v2\/pages\/1226\/revisions\/2327"}],"up":[{"embeddable":true,"href":"https:\/\/blogs.crespel.me\/usa2009\/wp-json\/wp\/v2\/pages\/561"}],"wp:attachment":[{"href":"https:\/\/blogs.crespel.me\/usa2009\/wp-json\/wp\/v2\/media?parent=1226"}],"curies":[{"name":"wp","href":"https:\/\/api.w.org\/{rel}","templated":true}]}}