{"id":1214,"date":"2009-09-06T13:56:54","date_gmt":"2009-09-06T11:56:54","guid":{"rendered":"http:\/\/jean.crespel.me\/?page_id=1214"},"modified":"2013-06-12T12:01:26","modified_gmt":"2013-06-12T10:01:26","slug":"spider-rock-campground","status":"publish","type":"page","link":"https:\/\/blogs.crespel.me\/usa2009\/annexes\/campgrounds\/spider-rock-campground\/","title":{"rendered":"Spider Rock campground"},"content":{"rendered":"<h3>Description<\/h3>\n<ul>\n<li>Situ\u00e9 sur la South Rim 7, \u00e0 20km du Visitor Center.<\/li>\n<li>R\u00e9servable par mail sur leur site.<\/li>\n<li>Prix 15$ pour un RV25 et 3 personnes.<\/li>\n<li><strong>Ao\u00fbt 2009: note 9\/10 pour l&rsquo;ambiance et 4\/10 pour les commodit\u00e9s<\/strong>. Pas d&rsquo;eau, ni courant sur l&#8217;emplacement (A11), plut\u00f4t \u00ab\u00a0rustique\u00a0\u00bb.<\/li>\n<li>Dump Station \u00e0 l&rsquo;entr\u00e9e.<\/li>\n<li>Ombrag\u00e9 et tr\u00e8s calme.<\/li>\n<li>Une certaine s\u00e9r\u00e9nit\u00e9 accentu\u00e9e par la musique (flute indienne) au petit matin.<\/li>\n<li>Howard (indien Navajo) et son chien Boy, sont chaleureux&#8230; un tr\u00e8s bon souvenir !<\/li>\n<\/ul>\n<h3>Photos<\/h3>\n<p style=\"text-align: center\"><a href=\"\/usa2009\/files\/2009\/09\/DSCF8222.JPG\"><img loading=\"lazy\" decoding=\"async\" class=\"alignnone size-thumbnail wp-image-1219\" title=\"Spider Rock campground\" alt=\"Spider Rock campground\" src=\"\/usa2009\/files\/2009\/09\/DSCF8222-150x150.jpg\" width=\"150\" height=\"150\" \/><\/a> <a href=\"\/usa2009\/files\/2009\/09\/DSCF8223.JPG\"><img loading=\"lazy\" decoding=\"async\" class=\"alignnone size-thumbnail wp-image-1220\" title=\"Spider Rock campground\" alt=\"Spider Rock campground\" src=\"\/usa2009\/files\/2009\/09\/DSCF8223-150x150.jpg\" width=\"150\" height=\"150\" \/><\/a> <a href=\"\/usa2009\/files\/2009\/09\/DSCF8230.JPG\"><img loading=\"lazy\" decoding=\"async\" class=\"alignnone size-thumbnail wp-image-1221\" title=\"Boy est le chien d\u2019Howard\" alt=\"Boy est le chien d\u2019Howard\" src=\"\/usa2009\/files\/2009\/09\/DSCF8230-150x150.jpg\" width=\"150\" height=\"150\" \/><\/a><\/p>\n","protected":false},"excerpt":{"rendered":"<p>Description Situ\u00e9 sur la South Rim 7, \u00e0 20km du Visitor Center. R\u00e9servable par mail sur leur site. Prix 15$ pour un RV25 et 3 personnes. Ao\u00fbt 2009: note 9\/10 pour l&rsquo;ambiance et 4\/10 pour les commodit\u00e9s. Pas d&rsquo;eau, ni courant sur l&#8217;emplacement (A11), plut\u00f4t \u00ab\u00a0rustique\u00a0\u00bb. Dump Station \u00e0 l&rsquo;entr\u00e9e. Ombrag\u00e9 et tr\u00e8s calme. Une [&hellip;]<\/p>\n","protected":false},"author":2,"featured_media":0,"parent":561,"menu_order":0,"comment_status":"open","ping_status":"open","template":"","meta":{"footnotes":""},"class_list":["post-1214","page","type-page","status-publish","hentry"],"_links":{"self":[{"href":"https:\/\/blogs.crespel.me\/usa2009\/wp-json\/wp\/v2\/pages\/1214","targetHints":{"allow":["GET"]}}],"collection":[{"href":"https:\/\/blogs.crespel.me\/usa2009\/wp-json\/wp\/v2\/pages"}],"about":[{"href":"https:\/\/blogs.crespel.me\/usa2009\/wp-json\/wp\/v2\/types\/page"}],"author":[{"embeddable":true,"href":"https:\/\/blogs.crespel.me\/usa2009\/wp-json\/wp\/v2\/users\/2"}],"replies":[{"embeddable":true,"href":"https:\/\/blogs.crespel.me\/usa2009\/wp-json\/wp\/v2\/comments?post=1214"}],"version-history":[{"count":10,"href":"https:\/\/blogs.crespel.me\/usa2009\/wp-json\/wp\/v2\/pages\/1214\/revisions"}],"predecessor-version":[{"id":1224,"href":"https:\/\/blogs.crespel.me\/usa2009\/wp-json\/wp\/v2\/pages\/1214\/revisions\/1224"}],"up":[{"embeddable":true,"href":"https:\/\/blogs.crespel.me\/usa2009\/wp-json\/wp\/v2\/pages\/561"}],"wp:attachment":[{"href":"https:\/\/blogs.crespel.me\/usa2009\/wp-json\/wp\/v2\/media?parent=1214"}],"curies":[{"name":"wp","href":"https:\/\/api.w.org\/{rel}","templated":true}]}}