{"id":1204,"date":"2009-09-06T12:50:37","date_gmt":"2009-09-06T10:50:37","guid":{"rendered":"http:\/\/jean.crespel.me\/?page_id=1204"},"modified":"2013-06-12T11:59:02","modified_gmt":"2013-06-12T09:59:02","slug":"morefield-campground","status":"publish","type":"page","link":"https:\/\/blogs.crespel.me\/usa2009\/annexes\/campgrounds\/morefield-campground\/","title":{"rendered":"Morefield campground"},"content":{"rendered":"<h3>Description<\/h3>\n<ul>\n<li>Situ\u00e9 sur la route du parc, 6 km avant le Visitor Center.<\/li>\n<li>R\u00e9servable sur leur site.<\/li>\n<li>Prix 33$ pour un RV25 et 3 personnes.<\/li>\n<li>Full Hookups.<\/li>\n<li><strong>Ao\u00fbt 2009: note 7\/10.<\/strong> Emplacement 101, vaste.<\/li>\n<li>Ombrag\u00e9, calme, et des visiteurs int\u00e9ress\u00e9s aux aurores.<\/li>\n<li>Attention, il peut faire \u00ab\u00a0tr\u00e8s frais\u00a0\u00bb le matin, m\u00eame au mois d&rsquo;ao\u00fbt (l&rsquo;altitude).<\/li>\n<\/ul>\n<h3>Photos<\/h3>\n<p style=\"text-align: center\"><a href=\"\/usa2009\/files\/2009\/09\/DSCF8162.JPG\"><img loading=\"lazy\" decoding=\"async\" class=\"alignnone size-thumbnail wp-image-1207\" title=\"Morefield campground\" alt=\"Morefield campground\" src=\"\/usa2009\/files\/2009\/09\/DSCF8162-150x150.jpg\" width=\"150\" height=\"150\" \/><\/a> <a href=\"\/usa2009\/files\/2009\/09\/DSCF8163.JPG\"><img loading=\"lazy\" decoding=\"async\" class=\"alignnone size-thumbnail wp-image-1208\" title=\"Morefield campground\" alt=\"Morefield campground\" src=\"\/usa2009\/files\/2009\/09\/DSCF8163-150x150.jpg\" width=\"150\" height=\"150\" \/><\/a> <a href=\"\/usa2009\/files\/2009\/09\/DSCF8169.JPG\"><img loading=\"lazy\" decoding=\"async\" class=\"alignnone size-thumbnail wp-image-1209\" title=\"Visiteurs matinaux\" alt=\"Visiteurs matinaux\" src=\"\/usa2009\/files\/2009\/09\/DSCF8169-150x150.jpg\" width=\"150\" height=\"150\" \/><\/a><\/p>\n","protected":false},"excerpt":{"rendered":"<p>Description Situ\u00e9 sur la route du parc, 6 km avant le Visitor Center. R\u00e9servable sur leur site. Prix 33$ pour un RV25 et 3 personnes. Full Hookups. Ao\u00fbt 2009: note 7\/10. Emplacement 101, vaste. Ombrag\u00e9, calme, et des visiteurs int\u00e9ress\u00e9s aux aurores. Attention, il peut faire \u00ab\u00a0tr\u00e8s frais\u00a0\u00bb le matin, m\u00eame au mois d&rsquo;ao\u00fbt (l&rsquo;altitude). [&hellip;]<\/p>\n","protected":false},"author":2,"featured_media":0,"parent":561,"menu_order":0,"comment_status":"open","ping_status":"open","template":"","meta":{"footnotes":""},"class_list":["post-1204","page","type-page","status-publish","hentry"],"_links":{"self":[{"href":"https:\/\/blogs.crespel.me\/usa2009\/wp-json\/wp\/v2\/pages\/1204","targetHints":{"allow":["GET"]}}],"collection":[{"href":"https:\/\/blogs.crespel.me\/usa2009\/wp-json\/wp\/v2\/pages"}],"about":[{"href":"https:\/\/blogs.crespel.me\/usa2009\/wp-json\/wp\/v2\/types\/page"}],"author":[{"embeddable":true,"href":"https:\/\/blogs.crespel.me\/usa2009\/wp-json\/wp\/v2\/users\/2"}],"replies":[{"embeddable":true,"href":"https:\/\/blogs.crespel.me\/usa2009\/wp-json\/wp\/v2\/comments?post=1204"}],"version-history":[{"count":9,"href":"https:\/\/blogs.crespel.me\/usa2009\/wp-json\/wp\/v2\/pages\/1204\/revisions"}],"predecessor-version":[{"id":2252,"href":"https:\/\/blogs.crespel.me\/usa2009\/wp-json\/wp\/v2\/pages\/1204\/revisions\/2252"}],"up":[{"embeddable":true,"href":"https:\/\/blogs.crespel.me\/usa2009\/wp-json\/wp\/v2\/pages\/561"}],"wp:attachment":[{"href":"https:\/\/blogs.crespel.me\/usa2009\/wp-json\/wp\/v2\/media?parent=1204"}],"curies":[{"name":"wp","href":"https:\/\/api.w.org\/{rel}","templated":true}]}}