{"id":1195,"date":"2009-09-06T12:36:28","date_gmt":"2009-09-06T10:36:28","guid":{"rendered":"http:\/\/jean.crespel.me\/?page_id=1195"},"modified":"2021-05-10T09:30:38","modified_gmt":"2021-05-10T07:30:38","slug":"koa-a-moab","status":"publish","type":"page","link":"https:\/\/blogs.crespel.me\/usa2009\/annexes\/campgrounds\/koa-a-moab\/","title":{"rendered":"KOA \u00e0 Moab"},"content":{"rendered":"<h3>Description<\/h3>\n<ul>\n<li>Situ\u00e9 sur la 191 \u00e0 5 km au Sud de Moab. Un peu \u00e9loign\u00e9 de Arches&#8230; mais sans moustiques !<\/li>\n<li>R\u00e9servable sur le site KOA.<\/li>\n<li>Prix 40$ pour un RV25 et 3 personnes.<\/li>\n<li>Full Hookups.<\/li>\n<li><strong>Ao\u00fbt 2009: note 8\/10.<\/strong> Emplacement A04 pr\u00e8s des douches.<\/li>\n<li>Ombrag\u00e9, pas tr\u00e8s vaste mais RV park sympa.<\/li>\n<li>Comporte une piscine ext\u00e9rieure.<\/li>\n<li>Pr\u00e9vu 2 nuits, mais ajout\u00e9 1 nuit (au lieu Devils Garden de Arches &#8211; trop chaud).<\/li>\n<\/ul>\n<h3>Photos<\/h3>\n<p style=\"text-align: center\"><a href=\"\/usa2009\/files\/2009\/09\/DSCF8015.JPG\"><img loading=\"lazy\" decoding=\"async\" class=\"alignnone size-thumbnail wp-image-1198\" title=\"KOA \u00e0 Moab\" src=\"\/usa2009\/files\/2009\/09\/DSCF8015-150x150.jpg\" alt=\"KOA \u00e0 Moab\" width=\"150\" height=\"150\" \/><\/a> <a href=\"\/usa2009\/files\/2009\/09\/DSCF8016.JPG\"><img loading=\"lazy\" decoding=\"async\" class=\"alignnone size-thumbnail wp-image-1199\" title=\"KOA \u00e0 Moab\" src=\"\/usa2009\/files\/2009\/09\/DSCF8016-150x150.jpg\" alt=\"KOA \u00e0 Moab\" width=\"150\" height=\"150\" \/><\/a> <a href=\"\/usa2009\/files\/2009\/09\/DSCF8017.JPG\"><img loading=\"lazy\" decoding=\"async\" class=\"alignnone size-thumbnail wp-image-1200\" title=\"Vue sur le KOA de Moab\" src=\"\/usa2009\/files\/2009\/09\/DSCF8017-150x150.jpg\" alt=\"Vue sur le KOA de Moab\" width=\"150\" height=\"150\" \/><\/a><\/p>\n","protected":false},"excerpt":{"rendered":"<p>Description Situ\u00e9 sur la 191 \u00e0 5 km au Sud de Moab. Un peu \u00e9loign\u00e9 de Arches&#8230; mais sans moustiques ! R\u00e9servable sur le site KOA. Prix 40$ pour un RV25 et 3 personnes. Full Hookups. Ao\u00fbt 2009: note 8\/10. Emplacement A04 pr\u00e8s des douches. Ombrag\u00e9, pas tr\u00e8s vaste mais RV park sympa. Comporte une [&hellip;]<\/p>\n","protected":false},"author":2,"featured_media":0,"parent":561,"menu_order":0,"comment_status":"open","ping_status":"open","template":"","meta":{"footnotes":""},"class_list":["post-1195","page","type-page","status-publish","hentry"],"_links":{"self":[{"href":"https:\/\/blogs.crespel.me\/usa2009\/wp-json\/wp\/v2\/pages\/1195","targetHints":{"allow":["GET"]}}],"collection":[{"href":"https:\/\/blogs.crespel.me\/usa2009\/wp-json\/wp\/v2\/pages"}],"about":[{"href":"https:\/\/blogs.crespel.me\/usa2009\/wp-json\/wp\/v2\/types\/page"}],"author":[{"embeddable":true,"href":"https:\/\/blogs.crespel.me\/usa2009\/wp-json\/wp\/v2\/users\/2"}],"replies":[{"embeddable":true,"href":"https:\/\/blogs.crespel.me\/usa2009\/wp-json\/wp\/v2\/comments?post=1195"}],"version-history":[{"count":10,"href":"https:\/\/blogs.crespel.me\/usa2009\/wp-json\/wp\/v2\/pages\/1195\/revisions"}],"predecessor-version":[{"id":2331,"href":"https:\/\/blogs.crespel.me\/usa2009\/wp-json\/wp\/v2\/pages\/1195\/revisions\/2331"}],"up":[{"embeddable":true,"href":"https:\/\/blogs.crespel.me\/usa2009\/wp-json\/wp\/v2\/pages\/561"}],"wp:attachment":[{"href":"https:\/\/blogs.crespel.me\/usa2009\/wp-json\/wp\/v2\/media?parent=1195"}],"curies":[{"name":"wp","href":"https:\/\/api.w.org\/{rel}","templated":true}]}}