{"id":104,"date":"2009-06-22T19:44:58","date_gmt":"2009-06-22T17:44:58","guid":{"rendered":"http:\/\/jean.crespel.homedns.org\/?page_id=104"},"modified":"2024-05-24T09:39:14","modified_gmt":"2024-05-24T07:39:14","slug":"presentation","status":"publish","type":"page","link":"https:\/\/blogs.crespel.me\/usa2009\/","title":{"rendered":"Pr\u00e9sentation"},"content":{"rendered":"<p><strong>Pr\u00e9sentation de notre circuit \u00ab\u00a0Ouest Am\u00e9ricain\u00a0\u00bb du 03 au 26 ao\u00fbt 2009, le \u00ab\u00a0Grand Circle\u00a0\u00bb au d\u00e9part et retour de Las Vegas (Nevada). Pour 20 jours en camping car + 2 jours en voiture et 5400km environ, Jean et Annie (61\/57ans) et notre fils Fabien, concepteur et co-r\u00e9alisateur du blog (22ans).<\/strong><\/p>\n<p><span style=\"color: #ffcc00\"><em>Soit principalement les parcs et sites suivants: Zion, Bryce, Capitol Reef, Canyonland, Arches, Mesa Verde, Canyon de Chelly, Monument Valley, Lake Powell, Grand Canyon, Petrified Forest, Route 66, Death Valley, avec de nombreux autres parcs et curiosit\u00e9s intercal\u00e9s.<\/em><\/span><\/p>\n<p>Remerciements particuliers \u00e0 Philippe et Thierry (ouestusa.fr), Dominique, Sunsetbld (top site\/blog), Emmanuel (parcs.net), Christian F.(site perso), et tous mes correspondants de VoyageForum (et ils sont nombreux, serviables et sympas), qui m&rsquo;ont permis de mener \u00e0 bien ce projet. Sans oublier les proches qui sont all\u00e9s dans ces contr\u00e9es en ao\u00fbt 2004 (mon coll\u00e8gue Alain-c&rsquo;est SA photo qui est en bandeau du blog) et septembre 2007 (ma fille Delphine).<\/p>\n<p><span style=\"color: #ffcc00\"><em>Sign\u00e9 PapJ59.<\/em><\/span><\/p>\n<h2>Le Blog, mode d&#8217;emploi<\/h2>\n<p>Le blog comporte 3 onglets (dont celui-ci \u00ab\u00a0pr\u00e9sentation\u00a0\u00bb).<\/p>\n<ul>\n<li>Sur \u00ab\u00a0le blog\u00a0\u00bb, vous trouverez le compte-rendu, au jour le jour, avec les liens utiles dans le texte, les impressions sur ce qui vient d&rsquo;\u00eatre vu, et les <strong>254 photos<\/strong> les plus repr\u00e9sentatives. Comme tout blog on commence par la fin, donc n&rsquo;h\u00e9sitez pas \u00e0 remonter dans le temps&#8230; pour d\u00e9couvrir&#8230; comme nous ! ou, pour aller plus vite, cliquer sur le calendrier (\u00e0 droite) et commencer par le 3 ao\u00fbt, etc&#8230;<\/li>\n<li>Sur \u00ab\u00a0annexes\u00a0\u00bb, les 14 campgrounds et les 22 Visitor Center (sur 29 pr\u00e9vus) sont d\u00e9crits et imag\u00e9s (<strong>108 photos<\/strong>), et maintenant \u00e0 jour, une description des 90 balades et visites programm\u00e9es (&#8230;), avec les liens vers les photos et remarques (<strong>165 photos<\/strong>). <span style=\"color: #ffcc00\">Un \u00ab\u00a0Bonus\u00a0\u00bb surprise&#8230; <\/span>, le bilan en chiffres, les commerces d&rsquo;alimentation, et voyager en camping-car (<strong>12<\/strong> <strong>photos<\/strong>) compl\u00e8tent les annexes.<\/li>\n<\/ul>\n<h2>Pr\u00e9paration<\/h2>\n<p><span style=\"color: #ffcc00\"><em>C&rsquo;est LA destination o\u00f9 il est possible de TOUT organiser soi m\u00eame (avec un peu d&rsquo;acharnement sur le clavier, car le web permet de voir, trouver et r\u00e9server&#8230;.).<\/em><\/span><\/p>\n<ul>\n<li>En premier: acheter le Guide du Routard (Parcs Nationaux de l&rsquo;Ouest Am\u00e9ricain \u00e0 14,90\u20ac), Voyager pratique Michelin (Sud-Ouest Am\u00e9ricain \u00e0 19,90\u20ac), IGN carte touristique (Etats-Unis Ouest \u00e0 8,40\u20ac) \u00e0 agrandir en photocopies A3 pour obtenir 1cm=10km.<\/li>\n<li>Ensuite, parcourir les sites cit\u00e9s ci-dessus (liens ci-contre), et se constituer des fichiers en copiant\/collant les infos utiles pour VOTRE circuit.<\/li>\n<li>Etre vigilant sur les distances (1mile=1,6km) et les temps de route, car le pays n&rsquo;est pas \u00e0 la m\u00eame \u00e9chelle que la France&#8230; (superficie x17 et population x5), et il ne faut pas trop vouloir en faire. Apprendre \u00e0 utiliser Google&#8230;\/maps\/itin\u00e9raire (super outil pour calculer et visualiser).<\/li>\n<li>Essayer de maitriser Word, Excel, PdfCreator pour les enregistrements et impressions, et &#8230;.Outlook (tr\u00e8s pratique pour le timing journalier).<\/li>\n<li>Acheter un petit dictionnaire Anglais\/Francais et s&rsquo;y remettre 10\/20 ou 40 ans apr\u00e8s les cours du &#8230;coll\u00e8ge ! pour comprendre les nombreuses infos du site des parcs (nps.gov).<\/li>\n<li>Enfin, pr\u00e9parer c&rsquo;est d\u00e9j\u00e0 voyager, et \u00e7a peut prendre 1 mois, 3 mois, plus d&rsquo;un an (pour moi&#8230;).<\/li>\n<li>Ne \u00ab\u00a0RIEN\u00a0\u00bb acheter avant d&rsquo;avoir: des passeports actuels et valides, et l&rsquo;ESTA accept\u00e9 (le \u00ab\u00a0vrai\u00a0\u00bb sur le site officiel \u00e0 14$), celui- ci, et choisir la langue en Fran\u00e7ais\u00a0 <em><strong>https:\/\/esta.cbp.dhs.gov\/esta\/<\/strong><\/em><\/li>\n<li><\/li>\n<\/ul>\n<p><span style=\"color: #ffcc00\"><em>Voir ci-dessous quelques-uns des fichiers ayant servi \u00e0 la pr\u00e9paration de ce trip :<\/em><\/span><\/p>\n<ul>\n<li><strong><a href=\"\/usa2009\/files\/2009\/06\/Planning-timing-082009.pdf\">Planning timing Aout 2009<\/a><\/strong><\/li>\n<li><strong><a href=\"\/usa2009\/files\/2009\/06\/Le-Grand-Circle-carte.pdf\">Le Grand Circle carte<\/a><\/strong><\/li>\n<li><strong><a href=\"\/usa2009\/files\/2009\/06\/Planning-km-jour.pdf\">Planning km jour<\/a><\/strong><\/li>\n<li><strong><a href=\"\/usa2009\/files\/2009\/06\/PARCS-et-SITES.pdf\">PARCS et SITES<\/a><\/strong><\/li>\n<li><strong><a href=\"\/usa2009\/files\/2009\/06\/Microsoft-Outlook-J9-mercredi-12.pdf\">Microsoft Outlook &#8211; J9 mercredi 12<\/a><\/strong><\/li>\n<li><strong><a href=\"\/usa2009\/files\/2009\/06\/Microsoft-Outlook-J10-jeudi-13.pdf\">Microsoft Outlook &#8211; J10 jeudi 13<\/a><br \/>\n<\/strong><\/li>\n<\/ul>\n","protected":false},"excerpt":{"rendered":"<p>Pr\u00e9sentation de notre circuit \u00ab\u00a0Ouest Am\u00e9ricain\u00a0\u00bb du 03 au 26 ao\u00fbt 2009, le \u00ab\u00a0Grand Circle\u00a0\u00bb au d\u00e9part et retour de Las Vegas (Nevada). Pour 20 jours en camping car + 2 jours en voiture et 5400km environ, Jean et Annie (61\/57ans) et notre fils Fabien, concepteur et co-r\u00e9alisateur du blog (22ans). Soit principalement les parcs [&hellip;]<\/p>\n","protected":false},"author":2,"featured_media":0,"parent":0,"menu_order":1,"comment_status":"open","ping_status":"open","template":"","meta":{"footnotes":""},"class_list":["post-104","page","type-page","status-publish","hentry"],"_links":{"self":[{"href":"https:\/\/blogs.crespel.me\/usa2009\/wp-json\/wp\/v2\/pages\/104","targetHints":{"allow":["GET"]}}],"collection":[{"href":"https:\/\/blogs.crespel.me\/usa2009\/wp-json\/wp\/v2\/pages"}],"about":[{"href":"https:\/\/blogs.crespel.me\/usa2009\/wp-json\/wp\/v2\/types\/page"}],"author":[{"embeddable":true,"href":"https:\/\/blogs.crespel.me\/usa2009\/wp-json\/wp\/v2\/users\/2"}],"replies":[{"embeddable":true,"href":"https:\/\/blogs.crespel.me\/usa2009\/wp-json\/wp\/v2\/comments?post=104"}],"version-history":[{"count":83,"href":"https:\/\/blogs.crespel.me\/usa2009\/wp-json\/wp\/v2\/pages\/104\/revisions"}],"predecessor-version":[{"id":2340,"href":"https:\/\/blogs.crespel.me\/usa2009\/wp-json\/wp\/v2\/pages\/104\/revisions\/2340"}],"wp:attachment":[{"href":"https:\/\/blogs.crespel.me\/usa2009\/wp-json\/wp\/v2\/media?parent=104"}],"curies":[{"name":"wp","href":"https:\/\/api.w.org\/{rel}","templated":true}]}}