{"id":1016,"date":"2009-09-01T15:42:56","date_gmt":"2009-09-01T13:42:56","guid":{"rendered":"http:\/\/jean.crespel.me\/?page_id=1016"},"modified":"2017-01-22T17:34:47","modified_gmt":"2017-01-22T16:34:47","slug":"le-bilan","status":"publish","type":"page","link":"https:\/\/blogs.crespel.me\/usa2009\/annexes\/le-bilan\/","title":{"rendered":"Le Bilan"},"content":{"rendered":"<p><strong>Le Bilan en quelques chiffres :<\/strong><\/p>\n<ul>\n<li>Nous avons mis les pieds dans <strong>6 Etats<\/strong>, dont principalement : l&rsquo;UTAH (partie Sud) et l&rsquo;ARIZONA (partie Nord), puis un peu du NEVADA (Las Vegas), de la CALIFORNIE (Vall\u00e9e de la Mort), du COLORADO (Mesa Verde), et un coin du NOUVEAU MEXIQUE (Shiprock).<\/li>\n<li>2900 miles \/ 4670 km parcourus en camping car 25 pieds (7,60m et plus de 4,5 tonnes) de Cruise America, et 455 miles \/ 730km en Ford Escape (un SUV 4WD), <strong>soit 5400 km au total.<\/strong><\/li>\n<li>Vol aller : US Airways de Bruxelles \u00e0 Philadelphie (6033 km &#8211; 8h40) puis de Philadelphie \u00e0 LasVegas (3492 km &#8211; 5h27), et 4h36 \/ 6h45 au retour par le m\u00eame chemin.<\/li>\n<li>Ont \u00e9t\u00e9 visit\u00e9s : 9 National Parks, 10 State Parks, 6 National Monuments, 14 villes, 12 mus\u00e9es et Old Towns, 30 sites ou routes remarquables.<\/li>\n<li>Nous avons \u00ab\u00a0randonn\u00e9\u00a0\u00bb environ 60 km, soit 30 balades de 1 \u00e0 6 km dans 15 parcs.<\/li>\n<li>3560 photos et vid\u00e9os (soit 2805 photos, \u00e0 part \u00e9gale Jean et Fabien, et 755 vid\u00e9os (5 heures) r\u00e9alis\u00e9es par Fabien).<\/li>\n<\/ul>\n<p><strong><span style=\"color: #ffff00\"><em>Le Budget est conditionn\u00e9 essentiellement par la p\u00e9riode choisie (ao\u00fbt est plus cher), la dur\u00e9e (22 jours sur place, soit 24,5 jours partis), la formule (camping car, et non h\u00f4tel + voiture), le nombre de personnes (3 adultes), le taux de change \u20ac\/$ (1,28 \u00e0 1,40) :<\/em><\/span><\/strong><\/p>\n<ul>\n<li><strong>Budget de base :<\/strong>\n<ul>\n<li>Avion Bruxelles\/LV par US Airways (internet par e-bookers) = 946\u20ac\/pers. = 2838\u20ac pour 3 adultes.<\/li>\n<li>Location voiture, SUV avec GPS Ford Escape, 2 jours \u00e0 LV par Hertz (internet par e-bookers) = 168\u20ac.<\/li>\n<li>Location camping car Cruise America France (25 pieds &#8211; 3 pers., kits, km illimit\u00e9) = <span style=\"color: #ffcc00\">3000$<\/span> \u00e0 1,40 = 2100\u20ac.<\/li>\n<li>Passeports \u00e9lectroniques\/photos pour 3 personnes = 201\u20ac.<\/li>\n<li>Les 3 h\u00f4tels (direct sur leur site internet), Bill&rsquo;s Gamblin et Golden Nuggets (\u00e0 LV premi\u00e8re et derni\u00e8re nuit), Furnace Creek Ranch \u00e0 Death Valley = <span style=\"color: #ffcc00\">327$<\/span> = 243\u20ac.<\/li>\n<li>4 nuits camping dans les parcs Nationaux = <span style=\"color: #ffcc00\">76$<\/span> = 53\u20ac (soit 13,25\u20ac\/nuit).<\/li>\n<li>15 nuits campings priv\u00e9s (KOA, Goulding&rsquo;s, etc&#8230;) = <span style=\"color: #ffcc00\">600$<\/span> = 420\u20ac (soit 28\u20ac\/nuit).<\/li>\n<li>Essence camping car (2,77$ le gallon de 3,8L) soit 4670km \u00e0 23,1L\/100= 1080L =<span style=\"color: #ffcc00\"> 783$<\/span> = 550\u20ac.<\/li>\n<li>Essence voiture soit 730km \u00e0 9,6L\/100 = 70L = <span style=\"color: #ffcc00\">54$ <\/span>= 35\u20ac.<\/li>\n<li>Nourriture h\u00f4tel\/restaurants\/magasins d&rsquo;alimentation= <span style=\"color: #ffcc00\">895$<\/span> = 625\u20ac (soit 9\u20ac\/jour\/pers.).<\/li>\n<li>Taxi \u00e0 Las Vegas = <span style=\"color: #ffcc00\">75$<\/span> = 52\u20ac.<\/li>\n<li>Entr\u00e9es des parcs et mus\u00e9es, visites (dont pass Nationaux \u00e0 80$) =<span style=\"color: #ffcc00\"> 155$<\/span> = 108\u20ac.<\/li>\n<li><strong>TOTAL base = <\/strong><strong>7394\u20ac.<\/strong><\/li>\n<\/ul>\n<\/li>\n<li><strong>Les extras : <\/strong>\n<ul>\n<li>Remariage Las Vegas \/ Elvis (Graceland Wedding Chapel) = <span style=\"color: #ffcc00\">330$<\/span> = 239\u20ac.<\/li>\n<li>Vol h\u00e9lico au Grand Canyon (Papillon) + photo souvenir= <span style=\"color: #ffcc00\">410$<\/span>= 285\u20ac.<\/li>\n<li>Tour 4&#215;4 \u00e0 Monument Valley (3h30 Goulding&rsquo;s) = <span style=\"color: #ffcc00\">150$<\/span> = 105\u20ac.<\/li>\n<li>Tour en bateau au Lac Powell (1h30 Wahweap) = <span style=\"color: #ffcc00\">85$<\/span> = 60\u20ac.<\/li>\n<li>Visite des 2 Antelope Canyon (r\u00e9serve Navajo) = <span style=\"color: #ffcc00\">153$<\/span> = 107\u20ac.<\/li>\n<li>Cadeaux divers =<span style=\"color: #ffcc00\"> 186$<\/span> =130\u20ac.<\/li>\n<li><strong>TOTAL extras = <\/strong><strong>926\u20ac.<\/strong><\/li>\n<\/ul>\n<\/li>\n<li><span style=\"color: #ffcc00\"><em><strong>Le Total = 8320\u20ac r\u00e9partis comme suit :<\/strong><\/em><\/span>\n<ul>\n<li><span style=\"color: #ffcc00\"><em>avion = 34,1%<\/em><\/span><\/li>\n<li><span style=\"color: #ffcc00\"><em>location CC\/voiture = 27,2%<\/em><\/span><\/li>\n<li><span style=\"color: #ffcc00\"><em>extras = 11,1%<\/em><\/span><\/li>\n<li><span style=\"color: #ffcc00\"><em>essence = 7%<\/em><\/span><\/li>\n<li><span style=\"color: #ffcc00\"><em>campings = 5,7%<\/em><\/span><\/li>\n<li><span style=\"color: #ffcc00\"><em>nourriture = 7,5%<\/em><\/span><\/li>\n<li><span style=\"color: #ffcc00\"><em>autres = 7,4%<\/em><\/span><\/li>\n<li><em><span style=\"color: #0000ff\"><span style=\"color: #ffcc00\">pay\u00e9 en Euro = 3115\u20ac et pay\u00e9 en Dollar = 7130$ = 5205\u20ac <\/span><\/span><\/em><em><span style=\"color: #0000ff\"><span style=\"color: #ffcc00\">(taux de 1,37\/0,73).<\/span><\/span><\/em><\/li>\n<\/ul>\n<\/li>\n<li><strong><em><span style=\"color: #0000ff\"><span style=\"color: #ffff00\">Le co\u00fbt suppl\u00e9mentaire de la formule camping-car (au lieu de h\u00f4tel\/voiture) peut \u00eatre estim\u00e9 \u00e0 1000$ (soit 700\u20ac). Soit pour notre cas 9% de la d\u00e9pense globale.<\/span> <\/span><\/em><\/strong><\/li>\n<\/ul>\n","protected":false},"excerpt":{"rendered":"<p>Le Bilan en quelques chiffres : Nous avons mis les pieds dans 6 Etats, dont principalement : l&rsquo;UTAH (partie Sud) et l&rsquo;ARIZONA (partie Nord), puis un peu du NEVADA (Las Vegas), de la CALIFORNIE (Vall\u00e9e de la Mort), du COLORADO (Mesa Verde), et un coin du NOUVEAU MEXIQUE (Shiprock). 2900 miles \/ 4670 km parcourus [&hellip;]<\/p>\n","protected":false},"author":2,"featured_media":0,"parent":369,"menu_order":0,"comment_status":"open","ping_status":"open","template":"","meta":{"footnotes":""},"class_list":["post-1016","page","type-page","status-publish","hentry"],"_links":{"self":[{"href":"https:\/\/blogs.crespel.me\/usa2009\/wp-json\/wp\/v2\/pages\/1016","targetHints":{"allow":["GET"]}}],"collection":[{"href":"https:\/\/blogs.crespel.me\/usa2009\/wp-json\/wp\/v2\/pages"}],"about":[{"href":"https:\/\/blogs.crespel.me\/usa2009\/wp-json\/wp\/v2\/types\/page"}],"author":[{"embeddable":true,"href":"https:\/\/blogs.crespel.me\/usa2009\/wp-json\/wp\/v2\/users\/2"}],"replies":[{"embeddable":true,"href":"https:\/\/blogs.crespel.me\/usa2009\/wp-json\/wp\/v2\/comments?post=1016"}],"version-history":[{"count":10,"href":"https:\/\/blogs.crespel.me\/usa2009\/wp-json\/wp\/v2\/pages\/1016\/revisions"}],"predecessor-version":[{"id":2301,"href":"https:\/\/blogs.crespel.me\/usa2009\/wp-json\/wp\/v2\/pages\/1016\/revisions\/2301"}],"up":[{"embeddable":true,"href":"https:\/\/blogs.crespel.me\/usa2009\/wp-json\/wp\/v2\/pages\/369"}],"wp:attachment":[{"href":"https:\/\/blogs.crespel.me\/usa2009\/wp-json\/wp\/v2\/media?parent=1016"}],"curies":[{"name":"wp","href":"https:\/\/api.w.org\/{rel}","templated":true}]}}