{"id":49,"date":"2010-08-11T17:22:30","date_gmt":"2010-08-11T15:22:30","guid":{"rendered":"http:\/\/texasbar.crespel.me\/"},"modified":"2011-08-21T20:05:47","modified_gmt":"2011-08-21T18:05:47","slug":"faune-et-flore","status":"publish","type":"page","link":"https:\/\/blogs.crespel.me\/texasbar\/faune-et-flore\/","title":{"rendered":"Faune et flore"},"content":{"rendered":"<p>Notre voyage nous a permis d&rsquo;observer de nombreuses esp\u00e8ces typiques des milieux arctiques, en voici un petit aper\u00e7u.<\/p>\n<p>Les principaux oiseaux observ\u00e9s ont \u00e9t\u00e9 : le Guillemot \u00e0 miroir, le Guillemot de Br\u00fcnnich, l&rsquo;Eider \u00e0 duvet, l&rsquo;Eider \u00e0 t\u00eate grise, le Grand Labbe, le Labbe parasite, la Sterne arctique, la Mouette tridactyle, le Go\u00e9land bourgmestre, le Macareux moine, le Fulmar bor\u00e9al, le Bruant des neiges, le B\u00e9casseau violet, le Tournepierre \u00e0 collier&#8230;<\/p>\n<div id='gallery-1' class='gallery galleryid-49 gallery-columns-3 gallery-size-thumbnail'><dl class='gallery-item'>\n\t\t\t<dt class='gallery-icon landscape'>\n\t\t\t\t<a href='https:\/\/blogs.crespel.me\/texasbar\/faune-et-flore\/sony-dsc-97\/'><img loading=\"lazy\" decoding=\"async\" width=\"150\" height=\"150\" src=\"https:\/\/blogs.crespel.me\/texasbar\/wp-content\/uploads\/sites\/3\/2010\/08\/20100804-DSC02768-150x150.jpg\" class=\"attachment-thumbnail size-thumbnail\" alt=\"\" \/><\/a>\n\t\t\t<\/dt><\/dl><dl class='gallery-item'>\n\t\t\t<dt class='gallery-icon landscape'>\n\t\t\t\t<a href='https:\/\/blogs.crespel.me\/texasbar\/faune-et-flore\/img_1332\/'><img loading=\"lazy\" decoding=\"async\" width=\"150\" height=\"150\" src=\"https:\/\/blogs.crespel.me\/texasbar\/wp-content\/uploads\/sites\/3\/2010\/08\/IMG_1332-150x150.jpg\" class=\"attachment-thumbnail size-thumbnail\" alt=\"\" \/><\/a>\n\t\t\t<\/dt><\/dl><dl class='gallery-item'>\n\t\t\t<dt class='gallery-icon landscape'>\n\t\t\t\t<a href='https:\/\/blogs.crespel.me\/texasbar\/faune-et-flore\/sony-dsc-99\/'><img loading=\"lazy\" decoding=\"async\" width=\"150\" height=\"150\" src=\"https:\/\/blogs.crespel.me\/texasbar\/wp-content\/uploads\/sites\/3\/2010\/08\/20100725-DSC02088-150x150.jpg\" class=\"attachment-thumbnail size-thumbnail\" alt=\"\" \/><\/a>\n\t\t\t<\/dt><\/dl><br style=\"clear: both\" \/><dl class='gallery-item'>\n\t\t\t<dt class='gallery-icon landscape'>\n\t\t\t\t<a href='https:\/\/blogs.crespel.me\/texasbar\/faune-et-flore\/sony-dsc-100\/'><img loading=\"lazy\" decoding=\"async\" width=\"150\" height=\"150\" src=\"https:\/\/blogs.crespel.me\/texasbar\/wp-content\/uploads\/sites\/3\/2010\/08\/20100807-DSC03009-150x150.jpg\" class=\"attachment-thumbnail size-thumbnail\" alt=\"\" \/><\/a>\n\t\t\t<\/dt><\/dl><dl class='gallery-item'>\n\t\t\t<dt class='gallery-icon landscape'>\n\t\t\t\t<a href='https:\/\/blogs.crespel.me\/texasbar\/faune-et-flore\/sony-dsc-101\/'><img loading=\"lazy\" decoding=\"async\" width=\"150\" height=\"150\" src=\"https:\/\/blogs.crespel.me\/texasbar\/wp-content\/uploads\/sites\/3\/2010\/08\/20100807-DSC03051-150x150.jpg\" class=\"attachment-thumbnail size-thumbnail\" alt=\"\" \/><\/a>\n\t\t\t<\/dt><\/dl><dl class='gallery-item'>\n\t\t\t<dt class='gallery-icon landscape'>\n\t\t\t\t<a href='https:\/\/blogs.crespel.me\/texasbar\/faune-et-flore\/sony-dsc-102\/'><img loading=\"lazy\" decoding=\"async\" width=\"150\" height=\"150\" src=\"https:\/\/blogs.crespel.me\/texasbar\/wp-content\/uploads\/sites\/3\/2010\/08\/20100807-DSC03040-150x150.jpg\" class=\"attachment-thumbnail size-thumbnail\" alt=\"\" \/><\/a>\n\t\t\t<\/dt><\/dl><br style=\"clear: both\" \/>\n\t\t<\/div>\n\n<p>Parmi les mammif\u00e8res, le plus attendu \u00e9tait bien \u00e9videmment l&rsquo;Ours polaire&#8230; que nous n&rsquo;avons pas vu (exception faite d&rsquo;une \u00ab\u00a0t\u00e2che blanche\u00a0\u00bb non identifi\u00e9e au loin&#8230; on ne saura jamais si c&rsquo;en \u00e9tait un). Nous avons cependant crois\u00e9 de nombreux rennes et quelques renards polaires.<\/p>\n","protected":false},"excerpt":{"rendered":"<p>Notre voyage nous a permis d&rsquo;observer de nombreuses esp\u00e8ces typiques des milieux arctiques, en voici un petit aper\u00e7u. Les principaux oiseaux observ\u00e9s ont \u00e9t\u00e9 : le Guillemot \u00e0 miroir, le Guillemot de Br\u00fcnnich, l&rsquo;Eider \u00e0 duvet, l&rsquo;Eider \u00e0 t\u00eate grise, &hellip; <a href=\"https:\/\/blogs.crespel.me\/texasbar\/faune-et-flore\/\">Continuer la lecture <span class=\"meta-nav\">&rarr;<\/span><\/a><\/p>\n","protected":false},"author":3,"featured_media":0,"parent":0,"menu_order":1,"comment_status":"open","ping_status":"closed","template":"","meta":{"footnotes":""},"class_list":["post-49","page","type-page","status-publish","hentry"],"_links":{"self":[{"href":"https:\/\/blogs.crespel.me\/texasbar\/wp-json\/wp\/v2\/pages\/49","targetHints":{"allow":["GET"]}}],"collection":[{"href":"https:\/\/blogs.crespel.me\/texasbar\/wp-json\/wp\/v2\/pages"}],"about":[{"href":"https:\/\/blogs.crespel.me\/texasbar\/wp-json\/wp\/v2\/types\/page"}],"author":[{"embeddable":true,"href":"https:\/\/blogs.crespel.me\/texasbar\/wp-json\/wp\/v2\/users\/3"}],"replies":[{"embeddable":true,"href":"https:\/\/blogs.crespel.me\/texasbar\/wp-json\/wp\/v2\/comments?post=49"}],"version-history":[{"count":11,"href":"https:\/\/blogs.crespel.me\/texasbar\/wp-json\/wp\/v2\/pages\/49\/revisions"}],"predecessor-version":[{"id":544,"href":"https:\/\/blogs.crespel.me\/texasbar\/wp-json\/wp\/v2\/pages\/49\/revisions\/544"}],"wp:attachment":[{"href":"https:\/\/blogs.crespel.me\/texasbar\/wp-json\/wp\/v2\/media?parent=49"}],"curies":[{"name":"wp","href":"https:\/\/api.w.org\/{rel}","templated":true}]}}