{"id":456,"date":"2010-12-04T13:50:12","date_gmt":"2010-12-04T12:50:12","guid":{"rendered":"http:\/\/texasbar.crespel.me\/"},"modified":"2024-02-11T22:44:05","modified_gmt":"2024-02-11T21:44:05","slug":"videos","status":"publish","type":"page","link":"https:\/\/blogs.crespel.me\/texasbar\/videos\/","title":{"rendered":"Vid\u00e9os"},"content":{"rendered":"<p>Premier contact avec les gla\u00e7ons&#8230;<br \/>\n<video controls preload=\"none\" width=\"600\" poster=\"\/texasbar\/files\/2010\/12\/MVI_0759.jpg\"><source src=\"\/texasbar\/files\/2011\/01\/MVI_0759.mp4\" type=\"video\/mp4\" \/><a href=\"\/texasbar\/files\/2011\/01\/MVI_0759.mp4\">T\u00e9l\u00e9charger la vid\u00e9o<\/a><\/video><\/p>\n<p>Au pied du Lillieh\u00f6\u00f6kbreen&#8230;<br \/>\n<video controls preload=\"none\" width=\"600\" poster=\"\/texasbar\/files\/2010\/12\/MVI_0778.jpg\"><source src=\"\/texasbar\/files\/2011\/01\/MVI_0778.mp4\" type=\"video\/mp4\" \/><a href=\"\/texasbar\/files\/2011\/01\/MVI_0778.mp4\">T\u00e9l\u00e9charger la vid\u00e9o<\/a><\/video><\/p>\n<p>Balade dans la baie du Roi<br \/>\n<video controls preload=\"none\" width=\"600\" poster=\"\/texasbar\/files\/2010\/12\/MVI_0886.jpg\"><source src=\"\/texasbar\/files\/2011\/01\/MVI_0886.mp4\" type=\"video\/mp4\" \/><a href=\"\/texasbar\/files\/2011\/01\/MVI_0886.mp4\">T\u00e9l\u00e9charger la vid\u00e9o<\/a><\/video><\/p>\n<p>Balade dans la baie du Roi (suite)<br \/>\n<video controls preload=\"none\" width=\"600\" poster=\"\/texasbar\/files\/2010\/12\/MVI_0894.jpg\"><source src=\"\/texasbar\/files\/2011\/01\/MVI_0894.mp4\" type=\"video\/mp4\" \/><a href=\"\/texasbar\/files\/2011\/01\/MVI_0894.mp4\">T\u00e9l\u00e9charger la vid\u00e9o<\/a><\/video><\/p>\n<p>Comment amadouer un renne au Spitzberg&#8230;<br \/>\n<video controls preload=\"none\" width=\"600\" poster=\"\/texasbar\/files\/2010\/12\/MVI_1256.jpg\"><source src=\"\/texasbar\/files\/2011\/01\/MVI_1256.mp4\" type=\"video\/mp4\" \/><a href=\"\/texasbar\/files\/2011\/01\/MVI_1256.mp4\">T\u00e9l\u00e9charger la vid\u00e9o<\/a><\/video><\/p>\n<p>La falaise aux oiseaux<br \/>\n<video controls preload=\"none\" width=\"600\" poster=\"\/texasbar\/files\/2010\/12\/MVI_1293.jpg\"><source src=\"\/texasbar\/files\/2011\/01\/MVI_1293.mp4\" type=\"video\/mp4\" \/><a href=\"\/texasbar\/files\/2011\/01\/MVI_1293.mp4\">T\u00e9l\u00e9charger la vid\u00e9o<\/a><\/video><\/p>\n","protected":false},"excerpt":{"rendered":"<p>Premier contact avec les gla\u00e7ons&#8230; T\u00e9l\u00e9charger la vid\u00e9o Au pied du Lillieh\u00f6\u00f6kbreen&#8230; T\u00e9l\u00e9charger la vid\u00e9o Balade dans la baie du Roi T\u00e9l\u00e9charger la vid\u00e9o Balade dans la baie du Roi (suite) T\u00e9l\u00e9charger la vid\u00e9o Comment amadouer un renne au Spitzberg&#8230; &hellip; <a href=\"https:\/\/blogs.crespel.me\/texasbar\/videos\/\">Continuer la lecture <span class=\"meta-nav\">&rarr;<\/span><\/a><\/p>\n","protected":false},"author":3,"featured_media":0,"parent":0,"menu_order":0,"comment_status":"open","ping_status":"open","template":"","meta":{"footnotes":""},"class_list":["post-456","page","type-page","status-publish","hentry"],"_links":{"self":[{"href":"https:\/\/blogs.crespel.me\/texasbar\/wp-json\/wp\/v2\/pages\/456","targetHints":{"allow":["GET"]}}],"collection":[{"href":"https:\/\/blogs.crespel.me\/texasbar\/wp-json\/wp\/v2\/pages"}],"about":[{"href":"https:\/\/blogs.crespel.me\/texasbar\/wp-json\/wp\/v2\/types\/page"}],"author":[{"embeddable":true,"href":"https:\/\/blogs.crespel.me\/texasbar\/wp-json\/wp\/v2\/users\/3"}],"replies":[{"embeddable":true,"href":"https:\/\/blogs.crespel.me\/texasbar\/wp-json\/wp\/v2\/comments?post=456"}],"version-history":[{"count":26,"href":"https:\/\/blogs.crespel.me\/texasbar\/wp-json\/wp\/v2\/pages\/456\/revisions"}],"predecessor-version":[{"id":552,"href":"https:\/\/blogs.crespel.me\/texasbar\/wp-json\/wp\/v2\/pages\/456\/revisions\/552"}],"wp:attachment":[{"href":"https:\/\/blogs.crespel.me\/texasbar\/wp-json\/wp\/v2\/media?parent=456"}],"curies":[{"name":"wp","href":"https:\/\/api.w.org\/{rel}","templated":true}]}}