{"id":120,"date":"2010-08-12T22:35:08","date_gmt":"2010-08-12T20:35:08","guid":{"rendered":"http:\/\/texasbar.crespel.me\/"},"modified":"2010-12-04T16:06:20","modified_gmt":"2010-12-04T15:06:20","slug":"le-spitzberg-et-larchipel-du-svalbard-2","status":"publish","type":"page","link":"https:\/\/blogs.crespel.me\/texasbar\/le-spitzberg-et-larchipel-du-svalbard-2\/","title":{"rendered":"Le Spitzberg et l&rsquo;archipel du Svalbard"},"content":{"rendered":"<p>Situ\u00e9 entre 74\u00b0 et 81\u00b0 de latitude nord, l&rsquo;archipel du Svalbard est \u00e0 peu pr\u00e8s \u00e0 mi-chemin entre le Cap Nord (extr\u00eame nord de la Norv\u00e8ge) et le p\u00f4le Nord. Il est compos\u00e9 de 3 \u00eeles principales, dont la plus grande est le Spitzberg. Cette terre\u00a0<strong>arctique<\/strong> est recouverte de glace \u00e0 60%, le plus long front glaciaire atteignant 200km.<\/p>\n<table border=\"0\" cellspacing=\"7\">\n<tbody>\n<tr>\n<td colspan=\"2\" align=\"center\"><strong>Spitzberg<\/strong><br \/>\n<em>Spitsbergen<\/em> (<abbr title=\"Langue\u00a0: norv\u00e9gien\">no<\/abbr>)<\/td>\n<\/tr>\n<tr>\n<td colspan=\"2\"><img loading=\"lazy\" decoding=\"async\" class=\"aligncenter\" src=\"http:\/\/upload.wikimedia.org\/wikipedia\/commons\/thumb\/b\/b3\/Spitsbergen.png\/280px-Spitsbergen.png\" alt=\"Localisation de Spitzberg (en rouge) dans le Svalbard.\" width=\"280\" height=\"302\" \/><br \/>\n<small>Localisation de Spitzberg (en rouge) dans le\u00a0<a title=\"Svalbard\" href=\"http:\/\/fr.wikipedia.org\/wiki\/Svalbard\">Svalbard<\/a>.<\/small><\/td>\n<\/tr>\n<tr>\n<th colspan=\"2\">G\u00e9ographie<\/th>\n<\/tr>\n<tr>\n<td valign=\"top\"><strong>Pays<\/strong><\/td>\n<td><a href=\"http:\/\/fr.wikipedia.org\/wiki\/Fichier:Flag_of_Norway.svg\"><img loading=\"lazy\" decoding=\"async\" src=\"http:\/\/upload.wikimedia.org\/wikipedia\/commons\/thumb\/d\/d9\/Flag_of_Norway.svg\/20px-Flag_of_Norway.svg.png\" alt=\"Drapeau\u00a0: Norv\u00e8ge\" width=\"20\" height=\"15\" \/><\/a> <a title=\"Norv\u00e8ge\" href=\"http:\/\/fr.wikipedia.org\/wiki\/Norv%C3%A8ge\">Norv\u00e8ge<\/a><\/td>\n<\/tr>\n<tr>\n<td valign=\"top\"><strong>Archipel<\/strong><\/td>\n<td><a title=\"Svalbard\" href=\"http:\/\/fr.wikipedia.org\/wiki\/Svalbard\">Svalbard<\/a><\/td>\n<\/tr>\n<tr>\n<td valign=\"top\"><strong>Localisation<\/strong><\/td>\n<td><a title=\"Mer du Groenland\" href=\"http:\/\/fr.wikipedia.org\/wiki\/Mer_du_Groenland\">Mer du Groenland<\/a> et\u00a0<a title=\"Mer de Barents\" href=\"http:\/\/fr.wikipedia.org\/wiki\/Mer_de_Barents\">mer de Barents<\/a> (<a title=\"Oc\u00e9an Arctique\" href=\"http:\/\/fr.wikipedia.org\/wiki\/Oc%C3%A9an_Arctique\">oc\u00e9an Arctique<\/a>)<\/td>\n<\/tr>\n<tr>\n<td valign=\"top\"><strong>Coordonn\u00e9es<\/strong><\/td>\n<td><small><img decoding=\"async\" title=\"Montrer la localisation sur une carte interactive\" src=\"http:\/\/upload.wikimedia.org\/wikipedia\/commons\/thumb\/e\/e9\/Geographylogo.svg\/18px-Geographylogo.svg.png\" alt=\"\" \/><a rel=\"nofollow\" href=\"http:\/\/toolserver.org\/~geohack\/geohack.php?pagename=Spitzberg&amp;language=fr&amp;params=78.9_N_18.016667_E_type:isle_scale:300000\">78\u00b0\u00a054\u2032\u00a000\u2033\u00a0N\u00a018\u00b0\u00a001\u2032\u00a000\u2033\u00a0E<\/a><\/small><\/td>\n<\/tr>\n<tr>\n<td valign=\"top\"><strong>Superficie<\/strong><\/td>\n<td>39\u00a0044\u00a0km<sup>2<\/sup><\/td>\n<\/tr>\n<tr>\n<td valign=\"top\"><strong>Point culminant<\/strong><\/td>\n<td><a title=\"Newtontoppen\" href=\"http:\/\/fr.wikipedia.org\/wiki\/Newtontoppen\">Newtontoppen<\/a> (1\u00a0717\u00a0m)<\/td>\n<\/tr>\n<tr>\n<td valign=\"top\"><strong>G\u00e9ologie<\/strong><\/td>\n<td><a title=\"\u00cele continentale\" href=\"http:\/\/fr.wikipedia.org\/wiki\/%C3%8Ele_continentale\">\u00cele continentale<\/a><\/td>\n<\/tr>\n<tr>\n<th colspan=\"2\">Administration<\/th>\n<\/tr>\n<tr>\n<td colspan=\"2\" align=\"center\"><a href=\"http:\/\/fr.wikipedia.org\/wiki\/Fichier:Flag_of_Norway.svg\"><img loading=\"lazy\" decoding=\"async\" src=\"http:\/\/upload.wikimedia.org\/wikipedia\/commons\/thumb\/d\/d9\/Flag_of_Norway.svg\/20px-Flag_of_Norway.svg.png\" alt=\"Drapeau\u00a0: Norv\u00e8ge\" width=\"20\" height=\"15\" \/><\/a> <a title=\"Norv\u00e8ge\" href=\"http:\/\/fr.wikipedia.org\/wiki\/Norv%C3%A8ge\">Norv\u00e8ge<\/a><\/td>\n<\/tr>\n<tr>\n<td valign=\"top\"><strong><a title=\"Subdivisions de la Norv\u00e8ge\" href=\"http:\/\/fr.wikipedia.org\/wiki\/Subdivisions_de_la_Norv%C3%A8ge\">Territoire<\/a><\/strong><\/td>\n<td><a title=\"Svalbard\" href=\"http:\/\/fr.wikipedia.org\/wiki\/Svalbard\">Svalbard<\/a><\/td>\n<\/tr>\n<tr>\n<th colspan=\"2\">D\u00e9mographie<\/th>\n<\/tr>\n<tr>\n<td valign=\"top\"><strong>Population<\/strong><\/td>\n<td>2\u00a0921\u00a0hab.\u00a0(2007)<\/td>\n<\/tr>\n<tr>\n<td valign=\"top\"><strong>Densit\u00e9<\/strong><\/td>\n<td>0,07\u00a0hab.\/km<sup>2<\/sup><\/td>\n<\/tr>\n<tr>\n<td valign=\"top\"><strong>Plus grande ville<\/strong><\/td>\n<td><a title=\"Longyearbyen\" href=\"http:\/\/fr.wikipedia.org\/wiki\/Longyearbyen\">Longyearbyen<\/a><\/td>\n<\/tr>\n<\/tbody>\n<\/table>\n","protected":false},"excerpt":{"rendered":"<p>Situ\u00e9 entre 74\u00b0 et 81\u00b0 de latitude nord, l&rsquo;archipel du Svalbard est \u00e0 peu pr\u00e8s \u00e0 mi-chemin entre le Cap Nord (extr\u00eame nord de la Norv\u00e8ge) et le p\u00f4le Nord. Il est compos\u00e9 de 3 \u00eeles principales, dont la plus &hellip; <a href=\"https:\/\/blogs.crespel.me\/texasbar\/le-spitzberg-et-larchipel-du-svalbard-2\/\">Continuer la lecture <span class=\"meta-nav\">&rarr;<\/span><\/a><\/p>\n","protected":false},"author":3,"featured_media":0,"parent":0,"menu_order":0,"comment_status":"open","ping_status":"open","template":"","meta":{"footnotes":""},"class_list":["post-120","page","type-page","status-publish","hentry"],"_links":{"self":[{"href":"https:\/\/blogs.crespel.me\/texasbar\/wp-json\/wp\/v2\/pages\/120","targetHints":{"allow":["GET"]}}],"collection":[{"href":"https:\/\/blogs.crespel.me\/texasbar\/wp-json\/wp\/v2\/pages"}],"about":[{"href":"https:\/\/blogs.crespel.me\/texasbar\/wp-json\/wp\/v2\/types\/page"}],"author":[{"embeddable":true,"href":"https:\/\/blogs.crespel.me\/texasbar\/wp-json\/wp\/v2\/users\/3"}],"replies":[{"embeddable":true,"href":"https:\/\/blogs.crespel.me\/texasbar\/wp-json\/wp\/v2\/comments?post=120"}],"version-history":[{"count":5,"href":"https:\/\/blogs.crespel.me\/texasbar\/wp-json\/wp\/v2\/pages\/120\/revisions"}],"predecessor-version":[{"id":396,"href":"https:\/\/blogs.crespel.me\/texasbar\/wp-json\/wp\/v2\/pages\/120\/revisions\/396"}],"wp:attachment":[{"href":"https:\/\/blogs.crespel.me\/texasbar\/wp-json\/wp\/v2\/media?parent=120"}],"curies":[{"name":"wp","href":"https:\/\/api.w.org\/{rel}","templated":true}]}}