{"id":9,"date":"2017-02-18T13:59:46","date_gmt":"2017-02-18T12:59:46","guid":{"rendered":"http:\/\/blogs.crespel.me\/sicile\/?page_id=9"},"modified":"2017-06-28T10:11:16","modified_gmt":"2017-06-28T08:11:16","slug":"annexes","status":"publish","type":"page","link":"https:\/\/blogs.crespel.me\/sicile\/annexes\/","title":{"rendered":"Annexes"},"content":{"rendered":"<h2><strong>PARTIE 3\u00a0: Annexes (h\u00f4tels, repas, visites).<br \/>\n<\/strong><\/h2>\n<ul>\n<li><span style=\"color: #ff0000\"><strong>Les 7 h\u00f4tels\/B and B\/Appartement<\/strong>:<\/span> r\u00e9serv\u00e9s 7 mois \u00e0 l\u2019avance (vers fin Septembre pour Mai suivant), non pay\u00e9s et annulables sans frais.\u00a0 1) Localis\u00e9s dans l\u2019hyper-centre des villes , ZTL ou non&#8230; donc au plus pr\u00e8s des sites \u00e0 visiter \u00e0 pieds (via google\u2026maps).<\/li>\n<\/ul>\n<p>2) S\u00e9lectionn\u00e9s suite aux avis de tripadvisor.<\/p>\n<p>3) R\u00e9serv\u00e9s sur booking.com (sauf 1 en direct n\u2019\u00e9tant pas dispo chez booking).<\/p>\n<p>4) contrainte de chambre triple pour 3 adultes.<\/p>\n<p>5) avec les 3 petits d\u00e9jeuners.<\/p>\n<p>6) parking assez proche (\u00e0 pieds avec valises).<\/p>\n<p>Aucune d\u00e9ception malgr\u00e9 les disparit\u00e9s de style et de prix (moyenne 124\u20ac\/nuit dans les conditions ci-dessus), <span style=\"color: #0000ff\"><em>et mon avis (avec photos) consultable sur tripadvisor pour ceux-ci; cliquer sur les liens<\/em><em> ci-dessous:<\/em><\/span><\/p>\n<ul>\n<li><a href=\"https:\/\/www.tripadvisor.fr\/ShowUserReviews-g187890-d2082858-r489332180-B_B_Sant_Agostino-Palermo_Province_of_Palermo_Sicily.html\">Sant&rsquo;Agostino Appartement<\/a> \u00e0 Palerme (5 nuits). <span style=\"color: #ff0000\"><strong>Ci-dessus fa\u00e7ade et rue.<\/strong><\/span><\/li>\n<li><a href=\"https:\/\/www.tripadvisor.fr\/ShowUserReviews-g194726-d7066877-r489336688-Agrodolce_B_B-Cefalu_Province_of_Palermo_Sicily.html\">B and B Agrodolce <\/a>\u00e0 Cefalu (1 nuit).<\/li>\n<li><a href=\"https:\/\/www.tripadvisor.fr\/ShowUserReviews-g187888-d7938013-r489342617-Etna_Suite_Rooms-Catania_Province_of_Catania_Sicily.html\">H\u00f4tel Etna suites\/rooms<\/a> \u00e0 Catane (1 nuit).<\/li>\n<li><a href=\"https:\/\/www.tripadvisor.fr\/ShowUserReviews-g187891-d8427008-r489345778-Soffio_Del_Libeccio_B_B-Syracuse_Province_of_Syracuse_Sicily.html\">B and B Soffio del Libeccio<\/a> \u00e0 Syracuse (2 nuits).<\/li>\n<li><a href=\"https:\/\/www.tripadvisor.fr\/ShowUserReviews-g580232-d3248325-r489351390-Kimera-Piazza_Armerina_Province_of_Enna_Sicily.html\">B and B Kimera<\/a> \u00e0 Piazza Armerina (1 nuit).<\/li>\n<li><a href=\"https:\/\/www.tripadvisor.fr\/ShowUserReviews-g194662-d1881257-r489355262-Arco_Ubriaco-Agrigento_Province_of_Agrigento_Sicily.html\">B and B Arco Ubriaco<\/a> \u00e0 Agrigente (2 nuits).<\/li>\n<li><a href=\"https:\/\/www.tripadvisor.fr\/ShowUserReviews-g494955-d671031-r489358791-Hotel_Vittoria-Trapani_Province_of_Trapani_Sicily.html\">H\u00f4tel Vittoria <\/a>\u00e0 Trapani (5 nuits).<\/li>\n<\/ul>\n<p>&nbsp;<\/p>\n<ul>\n<li><span style=\"color: #ff0000\"><strong>Les repas<\/strong><\/span>: copieux petits d\u00e9jeuners \u00e0 l\u2019h\u00f4tel, pique-nique le midi (ap\u00e9ro avec antipasti si possible, et pause en route\u00a0: chips, tomates, fruits, resto \u00e0 l\u2019occasion), mais restaurant le soir (au feeling + tripadvisor) avec contrainte de 2 v\u00e9g\u00e9tariens\u00a0! aucune d\u00e9ception et c\u2019est globalement \u00e0 prix \u00ab\u00a0raisonnable\u00a0\u00bb (20 restos \u00e0 56\u20ac de moyenne pour 3 personnes, avec desserts et boissons, soit 19\u20ac par t\u00eate).<\/li>\n<\/ul>\n<p>Les noms figurent sur le compte rendu de chaque jour<em><span style=\"color: #0000ff\"> et mon avis d\u00e9taill\u00e9 est consultable sur tripadvisor.<\/span> <\/em><\/p>\n<p>Par exemple, <strong>notre \u00ab\u00a0Top 6\u00a0\u00bb<\/strong>:<\/p>\n<ul>\n<li>celui o\u00f9 nous sommes all\u00e9s 2 fois: \u00a0\u00bb <a href=\"https:\/\/www.tripadvisor.fr\/ShowUserReviews-g187890-d2707051-r489580816-Ristorante_Pizzeria_Italia-Palermo_Province_of_Palermo_Sicily.html\">La pizzeria Italia<\/a> \u00a0\u00bb \u00e0 Palerme. Le \u00ab\u00a0top\u00a0\u00bb qualit\u00e9\/prix\/accueil\/d\u00e9cor du \u00ab\u00a0<a href=\"https:\/\/www.tripadvisor.fr\/ShowUserReviews-g187891-d6878897-r489613938-Moon_Move_Ortigia_Out_of_Normality-Syracuse_Province_of_Syracuse_Sicily.html\">Moon<\/a>\u00a0\u00bb \u00e0 Syracuse, les p\u00e2tes du \u00ab\u00a0<a href=\"https:\/\/www.tripadvisor.fr\/ShowUserReviews-g194726-d1493728-r489585777-Ristorante_Le_Chat_Noir-Cefalu_Province_of_Palermo_Sicily.html\">Chat Noir<\/a>\u00a0\u00bb \u00e0 Cefal\u00f9, la vue du \u00ab\u00a0<a href=\"https:\/\/www.tripadvisor.fr\/ShowUserReviews-g194726-d1576200-r489606339-Kentia-Cefalu_Province_of_Palermo_Sicily.html\">Kentia<\/a>\u00a0\u00bb \u00e0 Cefal\u00f9, la qualit\u00e9 gustative du \u00ab\u00a0<a href=\"https:\/\/www.tripadvisor.fr\/ShowUserReviews-g494955-d1371288-r489623029-TENTAZIONI_DI_GUSTO-Trapani_Province_of_Trapani_Sicily.html\">Tentazioni di Gusto<\/a>\u00a0\u00bb \u00e0 Trapani, le couscous du \u00ab\u00a0<a href=\"https:\/\/www.tripadvisor.fr\/ShowUserReviews-g194662-d10897805-r489618226-Ginger_people_food-Agrigento_Province_of_Agrigento_Sicily.html\">Ginger<\/a>\u00a0\u00bb \u00e0 Agrigente. Sont tr\u00e8s proches de ce podium, 2\/3 autres \u00e0 d\u00e9couvrir sur mon profil TA&#8230;<\/li>\n<li>Un seul endroit n\u2019est pas r\u00e9pertori\u00e9 sur TA, c\u2019est la restauration rapide au milieu de la Vall\u00e9e des Temples d&rsquo;Agrigente, accueil sympa pour une petite pause \u00e0 l&rsquo;ombre.<\/li>\n<\/ul>\n<p>&nbsp;<\/p>\n<ul>\n<li><span style=\"color: #ff0000\"><strong>Les visites<\/strong><\/span>: pas de r\u00e9servation n\u00e9cessaire (en Mai&#8230;). Pr\u00e9voir des chaussures adapt\u00e9es pour les sites en ext\u00e9rieur. Une application sur smartphone a quantifi\u00e9 nos exploits p\u00e9destres: 200.000 pas et 130km sur 16 jours (de 8000\/5km \u00e0 20400\/13km par jour) !<\/li>\n<li><\/li>\n<li>environ <strong>75 avis<\/strong> \u00ab\u00a0sont\u00a0\u00bb <span style=\"color: #0000ff\">d\u00e9pos\u00e9s sur tripadvisor,<\/span> cliquer sur les liens pour d\u00e9tails et photos des visites r\u00e9ellement effectu\u00e9es (76 au 27\/06&#8230;).<\/li>\n<\/ul>\n<ul>\n<li>\u00e0 <strong>Palerme<\/strong> Nord ; le <a href=\"https:\/\/www.tripadvisor.fr\/ShowUserReviews-g187890-d243468-r495112336-Museo_archeologico_regionale_Antonino_Salinas_Polo_regionale_di_Palermo_per_i_Par.html\">mus\u00e9e arch\u00e9ologique<\/a> Salinas, le <a href=\"https:\/\/www.tripadvisor.fr\/ShowUserReviews-g187890-d542369-r495102932-Teatro_Massimo-Palermo_Province_of_Palermo_Sicily.html\">th\u00e9\u00e2tre Massimo<\/a>, la Chiesa San Ignazio, l&rsquo;oratorio <a href=\"https:\/\/www.tripadvisor.fr\/ShowUserReviews-g187890-d10038241-r496089662-Oratorio_di_Santa_Caterina_d_Alessandria-Palermo_Province_of_Palermo_Sicily.html\">San Caterina d&rsquo;Alessandria<\/a>, le <a href=\"https:\/\/www.tripadvisor.fr\/ShowUserReviews-g187890-d1419018-r495135846-Mercato_del_Capo-Palermo_Province_of_Palermo_Sicily.html\">march\u00e9 du Capo<\/a>, <a href=\"https:\/\/www.tripadvisor.fr\/ShowUserReviews-g187890-d246490-r495117341-Church_of_Saint_Augustine_Chiesa_di_Sant_Agostino-Palermo_Province_of_Palermo_Sic.html\">Chiesa Sant&rsquo;Agostino<\/a> (+ clo\u00eetre), les <a href=\"https:\/\/www.tripadvisor.fr\/ShowUserReviews-g187890-d195292-r495106665-Catacombs_of_the_Capuchins_Catacombe_dei_Cappuccini-Palermo_Province_of_Palermo_S.html\">Catacombes <\/a>des Capucins, le <a href=\"https:\/\/www.tripadvisor.fr\/ShowUserReviews-g187890-d318605-r495124858-Il_Castello_della_Zisa-Palermo_Province_of_Palermo_Sicily.html\">Castello della Zisa<\/a>.<\/li>\n<li>\u00e0<strong> Palerme<\/strong> Est: les <a href=\"https:\/\/www.tripadvisor.fr\/ShowUserReviews-g187890-d195057-r495795254-Quattro_Canti-Palermo_Province_of_Palermo_Sicily.html\">Quattro Canti<\/a>, la <a href=\"https:\/\/www.tripadvisor.fr\/ShowUserReviews-g187890-d195288-r496069685-Piazza_Pretoria-Palermo_Province_of_Palermo_Sicily.html\">Piazza Pretoria<\/a> (+<a href=\"https:\/\/www.tripadvisor.fr\/ShowUserReviews-g187890-d195508-r496077230-Fontana_della_Vergogna_Fontana_Pretoria-Palermo_Province_of_Palermo_Sicily.html\"> fontaine<\/a>), la Chiesa <a href=\"https:\/\/www.tripadvisor.fr\/ShowUserReviews-g187890-d195289-r495787940-Church_of_San_Cataldo-Palermo_Province_of_Palermo_Sicily.html\">San Cataldo<\/a>, la <a href=\"https:\/\/www.tripadvisor.fr\/ShowUserReviews-g187890-d243469-r495785731-Santa_Maria_dell_Ammiraglio_La_Martorana-Palermo_Province_of_Palermo_Sicily.html\">Martorana<\/a>, Chiesa <a href=\"https:\/\/www.tripadvisor.fr\/ShowUserReviews-g187890-d2578765-r495790918-Chiesa_di_Santa_Caterina_d_Alessandria-Palermo_Province_of_Palermo_Sicily.html\">Santa Caterina d&rsquo;Alessandria<\/a>, le march\u00e9 du Ballaro, le Palazzo <a href=\"https:\/\/www.tripadvisor.fr\/ShowUserReviews-g187890-d1434860-r496082764-Palazzo_Comitini-Palermo_Province_of_Palermo_Sicily.html\">Comitini<\/a>, la piazza Marina (+ le <a href=\"https:\/\/www.tripadvisor.fr\/ShowUserReviews-g187890-d7694380-r495360641-Giardino_Garibaldi-Palermo_Province_of_Palermo_Sicily.html\">jardin Garibaldi<\/a>), l&rsquo;<a href=\"https:\/\/www.tripadvisor.fr\/ShowUserReviews-g187890-d243465-r495357991-Oratory_of_the_Rosary_of_St_Dominic_Oratorio_del_Rosario_di_San_Domenico-Palermo_.html\">Oratorio del Rosario<\/a> di San Domenico, la <a href=\"https:\/\/www.tripadvisor.fr\/ShowUserReviews-g187890-d534353-r495380350-Chiesa_del_Gesu-Palermo_Province_of_Palermo_Sicily.html\">Chiesa del Gesu<\/a>.<\/li>\n<li>\u00e0 <strong>Palerme<\/strong> Ouest: <a href=\"https:\/\/www.tripadvisor.fr\/ShowUserReviews-g187890-d534356-r490065973-La_Cuba-Palermo_Province_of_Palermo_Sicily.html\">La Cuba<\/a>, le <a href=\"https:\/\/www.tripadvisor.fr\/ShowUserReviews-g187890-d195308-r495346771-Palazzo_dei_Normanni_e_Cappella_Palatina-Palermo_Province_of_Palermo_Sicily.html\">Palazzo dei Normani <\/a>(chapelle Palatine, appartements Royaux), le complexe<a href=\"https:\/\/www.tripadvisor.fr\/ShowUserReviews-g187890-d195511-r495350815-Chiesa_di_San_Giovanni_degli_Eremiti-Palermo_Province_of_Palermo_Sicily.html\"> San Giovani degli Eremiti<\/a>, la <a href=\"https:\/\/www.tripadvisor.fr\/ShowUserReviews-g187890-d246489-r495354816-Cattedrale_di_Palermo-Palermo_Province_of_Palermo_Sicily.html\">Cath\u00e9drale <\/a>(tombes Royales\/tr\u00e9sor, crypte), la piazza Bologni.<\/li>\n<\/ul>\n<ul>\n<li>\u00e0 <strong>Monreale<\/strong> : le centre historique (<a href=\"https:\/\/www.tripadvisor.fr\/ShowUserReviews-g666663-d8660781-r490055147-Piazza_Vittorio_Emanuele-Monreale_Province_of_Palermo_Sicily.html\">piazza Vittorio Emanuele<\/a>), <a href=\"https:\/\/www.tripadvisor.fr\/ShowUserReviews-g666663-d4470498-r490063421-Duomo_di_Monreale-Monreale_Province_of_Palermo_Sicily.html\">le Duomo<\/a> (+ clo\u00eetre, terrasses et tr\u00e9sor de la chapelle).<a href=\"https:\/\/www.tripadvisor.fr\/ShowUserReviews-g666663-d10212443-r490058350-Museo_Diocesano_di_Monreale-Monreale_Province_of_Palermo_Sicily.html\"> Le mus\u00e9e Dioc\u00e9sain<\/a>.<\/li>\n<\/ul>\n<ul>\n<li>\u00e0 <strong>Cefalu<\/strong> : la <a href=\"https:\/\/www.tripadvisor.fr\/ShowUserReviews-g194726-d11947704-r491696412-Piazza_del_Duomo-Cefalu_Province_of_Palermo_Sicily.html\">piazza di Duomo<\/a>, la <a href=\"https:\/\/www.tripadvisor.fr\/ShowUserReviews-g194726-d312052-r491700116-Duomo_di_Cefalu-Cefalu_Province_of_Palermo_Sicily.html\">cath\u00e9drale <\/a>(+ clo\u00eetre), la <a href=\"https:\/\/www.tripadvisor.fr\/ShowUserReviews-g194726-d319107-r491704845-La_Rocca-Cefalu_Province_of_Palermo_Sicily.html\">Rocca<\/a> (+<a href=\"https:\/\/www.tripadvisor.fr\/ShowUserReviews-g194726-d11947719-r491707668-Tempio_di_Diana-Cefalu_Province_of_Palermo_Sicily.html\"> tempio di Diana<\/a>), le <a href=\"https:\/\/www.tripadvisor.fr\/ShowUserReviews-g194726-d6957345-r491698041-Lavatoio_Medievale-Cefalu_Province_of_Palermo_Sicily.html\">Lavatoio Medievale<\/a>, la <a href=\"https:\/\/www.tripadvisor.fr\/ShowUserReviews-g194726-d11947709-r492402076-Porta_Pescara-Cefalu_Province_of_Palermo_Sicily.html\">Porta Pescara <\/a>et sa plage.<\/li>\n<\/ul>\n<ul>\n<li>\u00e0 <strong>Enna<\/strong> : le <a href=\"https:\/\/www.tripadvisor.fr\/ShowUserReviews-g315896-d247489-r491885932-Castello_di_Lombardia_Enna-Enna_Province_of_Enna_Sicily.html\">Castello di Lombardia<\/a>, le <a href=\"https:\/\/www.tripadvisor.fr\/ShowUserReviews-g315896-d6631072-r491889028-Duomo_di_Enna-Enna_Province_of_Enna_Sicily.html\">Duomo<\/a>.<\/li>\n<\/ul>\n<ul>\n<li>\u00e0 <strong>Catane<\/strong> et alentours; le centre historique (+ la fontaine de l&rsquo;\u00e9l\u00e9phant), le <a href=\"https:\/\/www.tripadvisor.fr\/ShowUserReviews-g187888-d312051-r494548126-Duomo_di_Catania-Catania_Province_of_Catania_Sicily.html\">Duomo<\/a> (+ <a href=\"https:\/\/www.tripadvisor.fr\/ShowUserReviews-g187888-d532798-r494542326-Piazza_Duomo-Catania_Province_of_Catania_Sicily.html\">sa place<\/a>), la <a href=\"https:\/\/www.tripadvisor.fr\/ShowUserReviews-g187888-d8723816-r496519498-Via_Etnea-Catania_Province_of_Catania_Sicily.html\">Via Etnea<\/a>, la fontaine <a href=\"https:\/\/www.tripadvisor.fr\/ShowUserReviews-g187888-d4355089-r494557005-Fontana_dell_Amenano-Catania_Province_of_Catania_Sicily.html\">Dell&rsquo;Amenano<\/a>. Le <a href=\"https:\/\/www.tripadvisor.fr\/ShowUserReviews-g187888-d2074267-r494553370-Parco_Archeologico_Greco_Romano_di_Catania-Catania_Province_of_Catania_Sicily.html\">th\u00e9\u00e2tre Romain<\/a> (+ amphith\u00e9\u00e2tre). <a href=\"https:\/\/www.tripadvisor.fr\/ShowUserReviews-g187888-d195063-r494536850-Monte_Etna-Catania_Province_of_Catania_Sicily.html\"><strong>L&rsquo;Etna*<\/strong><\/a> (+ les crat\u00e8res Silvestri).<\/li>\n<\/ul>\n<ul>\n<li>\u00e0 <strong>Syracuse <a href=\"https:\/\/www.tripadvisor.fr\/ShowUserReviews-g187891-d195178-r494746710-Parco_Archeologico_della_Neapolis-Syracuse_Province_of_Syracuse_Sicily.html\">N\u00e9apolis<\/a><\/strong>: le th\u00e9\u00e2tre Grec, l&rsquo;amphith\u00e9\u00e2tre, l&rsquo;oreille de Dyonisos. Le <a href=\"https:\/\/www.tripadvisor.fr\/ShowUserReviews-g187891-d196772-r494750128-Museo_Archeologico_Regionale_P_Orsi-Syracuse_Province_of_Syracuse_Sicily.html\">mus\u00e9e arch\u00e9ologique<\/a>,<\/li>\n<\/ul>\n<ul>\n<li>\u00e0 <strong>Syracuse <a href=\"https:\/\/www.tripadvisor.fr\/ShowUserReviews-g187891-d196767-r494783573-Ortigia-Syracuse_Province_of_Syracuse_Sicily.html\">Ortygie<\/a><\/strong>: le<a href=\"https:\/\/www.tripadvisor.fr\/ShowUserReviews-g187891-d196771-r494778376-Temple_of_Apollo_Tempio_di_Apollo-Syracuse_Province_of_Syracuse_Sicily.html\"> temple <\/a>d&rsquo;Apollon, la place et son <a href=\"https:\/\/www.tripadvisor.fr\/ShowUserReviews-g187891-d10597103-r494792103-La_Piazza_Duomo-Syracuse_Province_of_Syracuse_Sicily.html\">Duomo<\/a>, le <a href=\"https:\/\/www.tripadvisor.fr\/ShowUserReviews-g187891-d2354494-r494754036-Castello_Maniace-Syracuse_Province_of_Syracuse_Sicily.html\">ch\u00e2teau<\/a> Maniace, le <a href=\"https:\/\/www.tripadvisor.fr\/ShowUserReviews-g187891-d4096669-r494772052-Museo_Aretuseo_dei_Pupi-Syracuse_Province_of_Syracuse_Sicily.html\">mus\u00e9e\/th\u00e9\u00e2tre<\/a> des Pupi, le <a href=\"https:\/\/www.tripadvisor.fr\/ShowUserReviews-g187891-d4607060-r494792371-Casa_Bianca_Mikvah-Syracuse_Province_of_Syracuse_Sicily.html\">Miqw\u00e9<\/a>.<\/li>\n<\/ul>\n<ul>\n<li>\u00e0 <strong>Noto<\/strong>: le centre historique, la cath\u00e9drale.<\/li>\n<\/ul>\n<ul>\n<li>les <strong>Monts Iblei<\/strong>: Pallazolo Acreide (<a href=\"https:\/\/www.tripadvisor.fr\/ShowUserReviews-g1204633-d6599253-r493756461-Basilica_di_San_Sebastiano-Palazzolo_Acreide_Province_of_Syracuse_Sicily.html\">Duomo<\/a>).<\/li>\n<\/ul>\n<ul>\n<li>\u00e0 <strong>Caltagirone<\/strong>: <a href=\"https:\/\/www.tripadvisor.fr\/ShowUserReviews-g777678-d2141298-r493751737-Staircase_of_Santa_Maria_del_Monte-Caltagirone_Province_of_Catania_Sicily.html\">escalier <\/a>de Santa Maria del Monte.<\/li>\n<\/ul>\n<ul>\n<li>\u00e0 <strong>Piazza Armerina<\/strong> et alentours: le centre historique, le <a href=\"https:\/\/www.tripadvisor.fr\/ShowUserReviews-g580232-d8534101-r493911547-Cattedrale_di_Maria_Santissima_Delle_Vittorie-Piazza_Armerina_Province_of_Enna_S.html\">Duomo<\/a>, le <a href=\"https:\/\/www.tripadvisor.fr\/ShowUserReviews-g580232-d4760947-r493449653-Museo_Della_Civilta_Mineraria-Piazza_Armerina_Province_of_Enna_Sicily.html\">mus\u00e9e de min\u00e9raux<\/a>, la <a href=\"https:\/\/www.tripadvisor.fr\/ShowUserReviews-g580232-d793511-r493914378-Villa_Romana_del_Casale-Piazza_Armerina_Province_of_Enna_Sicily.html\"><strong>villa Romaine du Casale<\/strong><\/a>*.<\/li>\n<\/ul>\n<ul>\n<li>\u00e0<strong> Barrafranca<\/strong> et <strong>Caltanissetta<\/strong>: les centres historiques. La <a href=\"https:\/\/www.tripadvisor.fr\/ShowUserReviews-g194706-d6033965-r493976863-Piazza_Garibaldi-Caltanissetta_Province_of_Caltanissetta_Sicily.html\">piazza Garibaldi<\/a>.<\/li>\n<\/ul>\n<ul>\n<li>\u00e0 <strong>Agrigente<\/strong> et alentours: le centre historique, le <a href=\"https:\/\/www.tripadvisor.fr\/ShowUserReviews-g194662-d318799-r494237197-Duomo_Agrigento-Agrigento_Province_of_Agrigento_Sicily.html\">Duomo<\/a>. La <a href=\"https:\/\/www.tripadvisor.fr\/ShowUserReviews-g652025-d1515266-r493948218-Scala_dei_Turchi-Realmonte_Province_of_Agrigento_Sicily.html\"><strong>Scala dei Turchi<\/strong><\/a>.<\/li>\n<\/ul>\n<ul>\n<li>\u00e0 <strong>Agrigente <a href=\"https:\/\/www.tripadvisor.fr\/ShowUserReviews-g194662-d195054-r494216944-Valley_of_the_Temples_Valle_dei_Templi-Agrigento_Province_of_Agrigento_Sicily.html\">vall\u00e9e des Temples<\/a><\/strong>: le <a href=\"https:\/\/www.tripadvisor.fr\/ShowUserReviews-g194662-d195177-r494209343-Museo_Archeologico_Regionale_di_Agrigento-Agrigento_Province_of_Agrigento_Sicily.html\">mus\u00e9e arch\u00e9ologique<\/a>, les temples Concordia, Hera, &#8230; le jardin de Kolymbetra.<\/li>\n<\/ul>\n<ul>\n<li>\u00e0<strong> Sciacca <\/strong>et alentours: la <a href=\"https:\/\/www.tripadvisor.fr\/ShowUserReviews-g580230-d5977812-r493981677-Piazza_Angelo_Scandaliato-Sciacca_Province_of_Agrigento_Sicily.html\">piazza Scandaliato<\/a>. Le site d&rsquo;<a href=\"https:\/\/www.tripadvisor.fr\/ShowUserReviews-g194662-d247490-r494225973-Eraclea_Minoa-Agrigento_Province_of_Agrigento_Sicily.html\"><strong>Eraclia Minoa<\/strong><\/a>,<\/li>\n<\/ul>\n<ul>\n<li>\u00e0 <strong>Salemi <\/strong>et alentours:<a href=\"https:\/\/www.tripadvisor.fr\/ShowUserReviews-g1065830-d6973823-r493705598-Ruderi_Dell_antico_Duomo_Di_Salemi-Salemi_Province_of_Trapani_Sicily.html\"> le ch\u00e2teau.<\/a> Le site de <strong>Segeste*<\/strong>(+<a href=\"https:\/\/www.tripadvisor.fr\/ShowUserReviews-g1081442-d10689194-r493709125-Area_Archeologica_di_Segesta-Calatafimi_Segesta_Province_of_Trapani_Sicily.html\"> Temple et Th\u00e9\u00e2tre<\/a>).<\/li>\n<\/ul>\n<ul>\n<li>\u00e0 <strong>Trapani<\/strong>: la <a href=\"https:\/\/www.tripadvisor.fr\/ShowUserReviews-g494955-d8069938-r493693115-Cattedrale_di_San_Lorenzo-Trapani_Province_of_Trapani_Sicily.html\">Cath\u00e9drale<\/a>, le centre historique, la <a href=\"https:\/\/www.tripadvisor.fr\/ShowUserReviews-g494955-d10713328-r493701683-Porta_Oscura_e_Torre_Dell_orologio-Trapani_Province_of_Trapani_Sicily.html\">Tour de l&rsquo;horloge<\/a>.<\/li>\n<\/ul>\n<ul>\n<li>pr\u00e8s de <strong>Trapani<\/strong>: le <a href=\"https:\/\/www.tripadvisor.fr\/ShowUserReviews-g194757-d2294078-r494523217-Cable_Car_Erice-Erice_Province_of_Trapani_Sicily.html\">funiculaire<\/a>, le <a href=\"https:\/\/www.tripadvisor.fr\/ShowUserReviews-g494955-d4563033-r493699999-Trapani_Erice-Trapani_Province_of_Trapani_Sicily.html\">site de <strong>Erice*<\/strong> <\/a>(Duomo San Pietro, ch\u00e2teau de Venus, jardin del Balio). R\u00e9serve et <a href=\"https:\/\/www.tripadvisor.fr\/ShowUserReviews-g494955-d649294-r491945000-Museo_delle_Saline-Trapani_Province_of_Trapani_Sicily.html\">museo des <strong>Salines<\/strong><\/a>.<\/li>\n<\/ul>\n<ul>\n<li>pr\u00e8s de <strong>Castellamare del Golfo<\/strong>: Tonnarra et Baglio de<a href=\"https:\/\/www.tripadvisor.fr\/ShowUserReviews-g1199297-d5493684-r493683278-Baglio_Di_Scopello-Scopello_Castellammare_del_Golfo_Province_of_Trapani_Sicily.html\"> <strong>Scopello<\/strong><\/a>, <a href=\"https:\/\/www.tripadvisor.fr\/ShowUserReviews-g608929-d1182416-r493685836-Riserva_Naturale_Orientata_dello_Zingaro-Castellammare_del_Golfo_Province_of_Tra.html\">r\u00e9serve de <strong>Zingaro*<\/strong><\/a>.<\/li>\n<\/ul>\n<ul>\n<li>\u00e0 <a href=\"https:\/\/www.tripadvisor.fr\/ShowUserReviews-g656840-d2324737-r493668605-Spiaggia_di_San_Vito_lo_Capo-San_Vito_lo_Capo_Province_of_Trapani_Sicily.html\"><strong>San Vito lo Capo<\/strong><\/a> et alentours: R\u00e9serve de <strong>Monte Cofano<\/strong>. <a href=\"https:\/\/www.tripadvisor.fr\/ShowUserReviews-g658732-d3202794-r493670335-Grotta_Mangiapane-Custonaci_Province_of_Trapani_Sicily.html\">Grotte Mangiapane<\/a>.<\/li>\n<\/ul>\n<ul>\n<li>\u00e0 <strong>Marsala<\/strong> et alentours: la <a href=\"https:\/\/www.tripadvisor.fr\/ShowUserReviews-g194817-d4744147-r491905281-Chiesa_Madre_di_Marsala-Marsala_Province_of_Trapani_Sicily.html\">Chiesa Madre<\/a>, la <a href=\"https:\/\/www.tripadvisor.fr\/ShowUserReviews-g194817-d4752625-r491934406-Porta_Garibaldi-Marsala_Province_of_Trapani_Sicily.html\">porta Garibaldi<\/a>. L&rsquo;\u00eele de <a href=\"https:\/\/www.tripadvisor.fr\/ShowUserReviews-g194817-d1051633-r491895918-Isola_di_Mozia_Mothia_San_Pantaleo-Marsala_Province_of_Trapani_Sicily.html\"><strong>Pantalero\/Mozia<\/strong><\/a> (+ <a href=\"https:\/\/www.tripadvisor.fr\/ShowUserReviews-g194817-d12280481-r491900054-Museo_Whitaker-Marsala_Province_of_Trapani_Sicily.html\">mus\u00e9e<\/a>). Les salines <a href=\"https:\/\/www.tripadvisor.fr\/ShowUserReviews-g194817-d2325363-r491901848-Saline_Della_Laguna-Marsala_Province_of_Trapani_Sicily.html\">Ettore\/Infersa<\/a>.<\/li>\n<\/ul>\n<ul>\n<li>\u00e0 <strong>Mazara del Vallo<\/strong>: le centre historique, le <a href=\"https:\/\/www.tripadvisor.fr\/ShowUserReviews-g667193-d11785194-r492164573-Collegio_dei_Gesuiti-Mazara_del_Vallo_Province_of_Trapani_Sicily.html\">coll\u00e8ge des J\u00e9suites<\/a>.<\/li>\n<\/ul>\n<ul>\n<li>Le site de <a href=\"https:\/\/www.tripadvisor.fr\/ShowUserReviews-g665937-d2294402-r493666443-Area_archeologica_di_Selinunte-Castelvetrano_Province_of_Trapani_Sicily.html\"><strong>Selinunte<\/strong><\/a>: Temples Orientaux, Acropole, cit\u00e9 de Malophoros.<\/li>\n<\/ul>\n","protected":false},"excerpt":{"rendered":"<p>PARTIE 3\u00a0: Annexes (h\u00f4tels, repas, visites). Les 7 h\u00f4tels\/B and B\/Appartement: r\u00e9serv\u00e9s 7 mois \u00e0 l\u2019avance (vers fin Septembre pour Mai suivant), non pay\u00e9s et annulables sans frais.\u00a0 1) Localis\u00e9s dans l\u2019hyper-centre des villes , ZTL ou non&#8230; donc au plus pr\u00e8s des sites \u00e0 visiter \u00e0 pieds (via google\u2026maps). 2) S\u00e9lectionn\u00e9s suite aux avis [&hellip;]<\/p>\n","protected":false},"author":2,"featured_media":96,"parent":0,"menu_order":0,"comment_status":"closed","ping_status":"closed","template":"","meta":{"footnotes":""},"class_list":["post-9","page","type-page","status-publish","has-post-thumbnail","hentry"],"_links":{"self":[{"href":"https:\/\/blogs.crespel.me\/sicile\/wp-json\/wp\/v2\/pages\/9","targetHints":{"allow":["GET"]}}],"collection":[{"href":"https:\/\/blogs.crespel.me\/sicile\/wp-json\/wp\/v2\/pages"}],"about":[{"href":"https:\/\/blogs.crespel.me\/sicile\/wp-json\/wp\/v2\/types\/page"}],"author":[{"embeddable":true,"href":"https:\/\/blogs.crespel.me\/sicile\/wp-json\/wp\/v2\/users\/2"}],"replies":[{"embeddable":true,"href":"https:\/\/blogs.crespel.me\/sicile\/wp-json\/wp\/v2\/comments?post=9"}],"version-history":[{"count":83,"href":"https:\/\/blogs.crespel.me\/sicile\/wp-json\/wp\/v2\/pages\/9\/revisions"}],"predecessor-version":[{"id":789,"href":"https:\/\/blogs.crespel.me\/sicile\/wp-json\/wp\/v2\/pages\/9\/revisions\/789"}],"wp:featuredmedia":[{"embeddable":true,"href":"https:\/\/blogs.crespel.me\/sicile\/wp-json\/wp\/v2\/media\/96"}],"wp:attachment":[{"href":"https:\/\/blogs.crespel.me\/sicile\/wp-json\/wp\/v2\/media?parent=9"}],"curies":[{"name":"wp","href":"https:\/\/api.w.org\/{rel}","templated":true}]}}