{"id":5,"date":"2017-02-18T13:59:21","date_gmt":"2017-02-18T12:59:21","guid":{"rendered":"http:\/\/blogs.crespel.me\/sicile\/?page_id=5"},"modified":"2017-06-16T13:45:28","modified_gmt":"2017-06-16T11:45:28","slug":"presentation","status":"publish","type":"page","link":"https:\/\/blogs.crespel.me\/sicile\/","title":{"rendered":"Pr\u00e9sentation"},"content":{"rendered":"<p><strong>Ce blog est le compte rendu d\u2019un voyage de 18 jours en Sicile \u00e0 compter du Jeudi 11\u2026 Mai 2017 : en 7 villes \u00e9tapes d\u00e9taill\u00e9es en partie blog.2 (une boucle presque compl\u00e8te dans le sens horaire\u00a0: Palerme &#8211; Cefalu &#8211; Catane &#8211; Syracuse &#8211; Piazza Armerina &#8211; Agrigente &#8211; Trapani).<\/strong><\/p>\n<p>La photo ci-dessus, piqu\u00e9e sur le net, est repr\u00e9sentative de la Sicile avec l&rsquo;Etna (3330m, le plus haut volcan actif d&rsquo;Europe&#8230;visible de presque partout, pas tous les jours&#8230;), les sites historiques (ici le th\u00e9\u00e2tre de Taormina), la mer !<\/p>\n<p><em>Carte 1 de Palerme \u00e0 Trapani J06 \u00e0 J13: PdF non d\u00e9taill\u00e9e<br \/>\n<\/em><\/p>\n<p><em>Carte 2 autour de Trapani J14 \u00e0 J17: PdF non d\u00e9taill\u00e9e<br \/>\n<\/em><\/p>\n<p>&nbsp;<\/p>\n<ul>\n<li><strong>Qui<\/strong>\u00a0: 3 adultes (parents 69\/65 ans et fils 29 ans).<\/li>\n<\/ul>\n<ul>\n<li><strong>Y aller<\/strong>\u00a0: vols Ryanair, Aller Beauvais\/Palerme en 2h30 (66\u20ac), retour Trapani\/Charleroi en 2h35 (89\u20ac) sur Boeing 737-800 (soit <strong>155\u20ac<\/strong>\/pers. achet\u00e9s en mi-septembre 2016- Gamme Leisure Plus: bagages soute 20kg inclus, choix de place, etc\u2026 *pour info <strong>280\u20ac<\/strong> en mi-f\u00e9vrier et <strong>408\u20ac<\/strong> \u00e0 8 jours du d\u00e9part).<\/li>\n<\/ul>\n<ul>\n<li><strong>Se d\u00e9placer<\/strong>\u00a0: location voiture sur Internet\/Carigami (ex locationdevoiture.fr ) d\u00e9part Palerme a\u00e9roport\/retour Trapani a\u00e9roport \u00e0 <strong>366\u20ac<\/strong>\/12 jours- One Way \u00e0 79\u20ac en sus (achet\u00e9s mi-septembre 2016- loueur Hertz\/Car del Mar *pour info <strong>470\u20ac<\/strong> en mi-f\u00e9vrier). Mod\u00e8le Captur DCI.90 de Renault (presque neuf- 4000km- suspension un peu s\u00e8che \u00e0 l&rsquo;arri\u00e8re). Consommation 5,4.L\/100km, soit 74.L\/106\u20ac de gasoil pour 1360km.<\/li>\n<\/ul>\n<ul>\n<li><strong>La route<\/strong>\u00a0: bon r\u00e9seau d\u2019autoroutes et voies rapides (limit\u00e9es \u00e0 130\/110km\/h voire moins et ponctu\u00e9 de nombreuses zones de travaux et d&rsquo;abominables raccords sur les viaducs), plus in\u00e9gal pour les autres routes, et avec une signalisation hasardeuse ! par contre, certains centre-ville sont inabordables (interdits aux non-r\u00e9sidents ZTL\/car pas de place ou pas de parkings, et compliqu\u00e9s). Rues \u00e9troites et \u00e0 90\u00b0 r\u00e9serv\u00e9es aux conducteurs aguerris et aux petites voitures). Les parkings priv\u00e9s\/publics gard\u00e9s ne sont pas \u00e9vidents \u00e0 trouver, quand ils existent.<\/li>\n<li><strong>Les conducteurs Siciliens<\/strong>: bonne surprise, bien plus tol\u00e9rants et bien moins agressifs qu&rsquo;on pourrait le penser&#8230;une anarchie assez cool dans la fa\u00e7on de se garer et de conduire. Les stops et priorit\u00e9s sont th\u00e9oriques&#8230; mais \u00e7a se passe bien.<\/li>\n<\/ul>\n<ul>\n<li><strong>Les 17 nuits d\u2019h\u00f4tels\/appartement\/B and B<\/strong>, consult\u00e9es sur tripadvisor.com, et r\u00e9serv\u00e9es vers fin septembre 2016 sur Booking.com (annulables sans frais) sauf 1 en direct. Chambre triple, petits d\u00e9jeuners inclus pour 3= 124\u20ac par nuit en moyenne, mais tous situ\u00e9s dans l\u2019hyper centre des villes pr\u00e8s des sites \u00e0 visiter.<\/li>\n<\/ul>\n<ul>\n<li><strong>La nourriture<\/strong>\u00a0: copieux petits d\u00e9jeuners \u00e0 l\u2019h\u00f4tel, en-cas le midi (chips\/tomates\/fruits- ou ros\u00e9\/antipasti \u00e0 10\u20ac\/3 pers.), restos le soir (56\u20ac\/3 pers. en moyenne avec boissons), assez bonne surprise surtout avec 2 v\u00e9g\u00e9tariens\u00a0!<\/li>\n<li><strong>Les visites<\/strong>: voir le d\u00e9tail au jour le jour, et en partie 3. Budget proche de 150\u20ac\/pers.<\/li>\n<\/ul>\n<ul>\n<li><strong>Le budget global<\/strong> de 5010.\u20ac dans NOS conditions choisies et assum\u00e9es, soit 1670.\u20ac\/adulte.<\/li>\n<\/ul>\n<ul>\n<li><strong>La pr\u00e9paration<\/strong>\u00a0: projet \u00e9bauch\u00e9 en 2013 mais finalis\u00e9 en\u00a0 07\/2016 avec cartes routi\u00e8res, guides \u00ab\u00a0Voir\u00a0\u00bb et \u00ab\u00a0Vert\u00a0\u00bb, internet et \u00ab\u00a0voyage forum.com\u00a0\u00bb, avis publics ou priv\u00e9s.<\/li>\n<\/ul>\n<ul>\n<li><strong>La Non pr\u00e9paration<\/strong>\u00a0: Mai est aussi un mois de f\u00eates en Sicile , dont la f\u00eate de la culture \u00e0 Palerme du 12 au 25 et la f\u00eate des fleurs \u00e0 Noto le 20.<\/li>\n<\/ul>\n<ul>\n<li><strong>Les \u00ab\u00a0bons points\u00a0\u00bb<\/strong> : Soleil et ciel bleu tous les jours avec 24\u00b0C \u00e0 27\u00b0C et un petit vent agr\u00e9able. Les Siciliens, avec un peu de retenue, sont plut\u00f4t de bonne humeur et disponibles, d\u00e9bit de paroles pas toujours capt\u00e9es\u00a0! La nature et les fleurs \u00e0 cette saison. L\u2019histoire, l\u2019architecture, les monuments majeurs sont int\u00e9ressants.<em><br \/>\n<\/em><\/li>\n<li><strong>Les \u00ab\u00a0b\u00e9mols\u00a0\u00bb<\/strong>: d&rsquo;abord, bien se rendre compte que le PIB est de 36K\u20ac\/habitant pour la France, proche de 30K\u20ac pour l&rsquo;Italie, et proche de 21K\u20ac pour la Sicile&#8230; o\u00f9 l&rsquo;industrie est faible, l&rsquo;agriculture et le tourisme saisonni\u00e8res. Donc difficile pour les structures et l&rsquo;entretien d&rsquo;\u00eatre au top, et pour les habitants de rouler sur l&rsquo;or. Alors Oui, il y a des endroits sales, des ordures d\u00e9pos\u00e9es n&rsquo;importe o\u00f9, des chats errants, des b\u00e2timents d\u00e9cr\u00e9pis, des chantiers inachev\u00e9s, des sites historiques n\u00e9glig\u00e9s mais aucune agressivit\u00e9 ou ins\u00e9curit\u00e9 de la population vis \u00e0 vis des touristes.<\/li>\n<li><strong>Les \u00ab\u00a0rat\u00e9s\u00a0\u00bb<\/strong>: l&rsquo;Etna enneig\u00e9 car le sommet \u00e9tait dans les nuages lors de notre \u00ab\u00a0ascension\u00a0\u00bb. La f\u00eate des fleurs de Noto (d\u00e8s le samedi vers 10h30) inaccessible \u00e0 cause du monde, des voitures, des parkings satur\u00e9s, des interdictions, donc nous avons zapp\u00e9 ! quelques villes compl\u00e8tement mortes entre 13h30 et 15h30, avec des touristes \u00e9gar\u00e9s, aucun habitant dehors et les commerces ferm\u00e9s: Barrafranca, Caltanisseta, Mazara del vallo, dommage !<\/li>\n<\/ul>\n<ul>\n<li>Pr\u00e8s de 2880 photos avec un reflex Konica Minolta Dynax 5D (pour Fabien) et quelques autres prises par moi avec un compact Canon SX220HS \u2013 zoom de x14). Aucune retouche effectu\u00e9e sur les photos du blog et du CR. Pr\u00e8s de 450 sont maintenant en ligne au final,<\/li>\n<\/ul>\n<p>Bonne lecture. <em>Fabien et Jean.<\/em><\/p>\n","protected":false},"excerpt":{"rendered":"<p>Ce blog est le compte rendu d\u2019un voyage de 18 jours en Sicile \u00e0 compter du Jeudi 11\u2026 Mai 2017 : en 7 villes \u00e9tapes d\u00e9taill\u00e9es en partie blog.2 (une boucle presque compl\u00e8te dans le sens horaire\u00a0: Palerme &#8211; Cefalu &#8211; Catane &#8211; Syracuse &#8211; Piazza Armerina &#8211; Agrigente &#8211; Trapani). La photo ci-dessus, piqu\u00e9e [&hellip;]<\/p>\n","protected":false},"author":2,"featured_media":18,"parent":0,"menu_order":0,"comment_status":"closed","ping_status":"closed","template":"","meta":{"footnotes":""},"class_list":["post-5","page","type-page","status-publish","has-post-thumbnail","hentry"],"_links":{"self":[{"href":"https:\/\/blogs.crespel.me\/sicile\/wp-json\/wp\/v2\/pages\/5","targetHints":{"allow":["GET"]}}],"collection":[{"href":"https:\/\/blogs.crespel.me\/sicile\/wp-json\/wp\/v2\/pages"}],"about":[{"href":"https:\/\/blogs.crespel.me\/sicile\/wp-json\/wp\/v2\/types\/page"}],"author":[{"embeddable":true,"href":"https:\/\/blogs.crespel.me\/sicile\/wp-json\/wp\/v2\/users\/2"}],"replies":[{"embeddable":true,"href":"https:\/\/blogs.crespel.me\/sicile\/wp-json\/wp\/v2\/comments?post=5"}],"version-history":[{"count":35,"href":"https:\/\/blogs.crespel.me\/sicile\/wp-json\/wp\/v2\/pages\/5\/revisions"}],"predecessor-version":[{"id":19,"href":"https:\/\/blogs.crespel.me\/sicile\/wp-json\/wp\/v2\/pages\/5\/revisions\/19"}],"wp:featuredmedia":[{"embeddable":true,"href":"https:\/\/blogs.crespel.me\/sicile\/wp-json\/wp\/v2\/media\/18"}],"wp:attachment":[{"href":"https:\/\/blogs.crespel.me\/sicile\/wp-json\/wp\/v2\/media?parent=5"}],"curies":[{"name":"wp","href":"https:\/\/api.w.org\/{rel}","templated":true}]}}