{"id":5,"date":"2022-06-11T18:35:11","date_gmt":"2022-06-11T16:35:11","guid":{"rendered":"https:\/\/blogs.crespel.me\/pyrenees\/?page_id=5"},"modified":"2022-07-09T09:56:21","modified_gmt":"2022-07-09T07:56:21","slug":"presentation","status":"publish","type":"page","link":"https:\/\/blogs.crespel.me\/pyrenees\/","title":{"rendered":"Pr\u00e9sentation"},"content":{"rendered":"<div class=\"entry-content\">\n<p><strong>Ce blog est le compte rendu d\u2019un voyage de 14 jours tout au Sud de la France \u00e0 compter du Vendredi 03\u2026 Juin 2022 : en 6 villes \u00e9tapes d\u00e9taill\u00e9es en partie Blog (dans le sens Est\/Ouest\/Est) \u00e0 travers les d\u00e9partements de l&rsquo;Aude et des Pyr\u00e9n\u00e9es orientales (dans un rectangle de 90km x 75km) : Perpignan (1 nuit h\u00f4tel de cha\u00eene) &#8211; Soulatg\u00e9 (1 nuit chambre d&rsquo;h\u00f4te de village) &#8211; Carcassonne (3 nuits appart au pied des remparts) &#8211; Campagne sur Aude (2 nuits g\u00eete pieds dans l&rsquo;Aude) &#8211; Villefranche de Conflent (3 nuits g\u00eete \u00e0 800m des remparts) &#8211; Canet en Roussillon (4 nuits appart face \u00e0 la mer).<br \/>\n<\/strong><\/p>\n<p>La <span style=\"color: #ff0000\"><strong>photo ci-dessus<\/strong><\/span> est bien s\u00fbr \u00ab\u00a0le ch\u00e2teau de Carcassonne\u00a0\u00bb, lieu et site incontournable.<\/p>\n<p><strong>Ici, mon <span style=\"color: #0000ff\"><a style=\"color: #0000ff\" href=\"http:\/\/blogs.crespel.me\/pyrenees\/files\/2022\/06\/V3-description-photos-06-2022.pdf\">fichier de pr\u00e9sentation<\/a><\/span><\/strong> (planning\/timing par exc\u00e8s, avec photos) origine Word\/version PDF de d\u00e9but Mai 2022 <strong>avant<\/strong> les modif d&rsquo;horaires des vols. Et le <span style=\"color: #0000ff\"><a style=\"color: #0000ff\" href=\"http:\/\/blogs.crespel.me\/pyrenees\/files\/2022\/06\/Programme-Aude-Catalogne-2sem-Juin-2022.pdf\">fichier planning de travail d\u00e9taill\u00e9<\/a><\/span>, origine Excel\/version PDF du 30 Mai 2022.<\/p>\n<ul>\n<li><strong>Qui<\/strong> : 3 adultes (parents 74\/70 ans et fils 34 ans).<\/li>\n<\/ul>\n<ul>\n<li><strong>Y aller<\/strong> : vols <strong>Volotea<\/strong>, Aller Lille\/Perpignan en 1h50, retour Perpignan\/Lille en 1h45 sur Airbus A319 (<em><strong>r\u00e9gl\u00e9 179\u20ac<\/strong> pour nous 3, sachant que nous avons b\u00e9n\u00e9fici\u00e9 d&rsquo;un avoir ant\u00e9rieur datant de 2019&#8230; de 337\u20ac, + une r\u00e9duction de 50\u20ac soit r\u00e9el qui aurait d\u00fb \u00eatre de <strong>190\u20ac\/pers<\/strong>.).<\/em> Achet\u00e9s en novembre 2021 &#8211; avec 1 unique bagage soute 20kg inclus, 2 bagages cabines Std\/pers, priorit\u00e9 et choix de place*. Ponctuels et confirm\u00e9s cette fois ci ! enfin, bien que avanc\u00e9s de 9h00 \u00e0 3 mois du d\u00e9part&#8230; un roman !<\/li>\n<\/ul>\n<ul>\n<li><strong>Se d\u00e9placer<\/strong> : location voiture sur Internet\/Carigami (ex locationdevoiture.fr) d\u00e9part Perpignan a\u00e9roport \u00e0 <strong>703\u20ac*<\/strong>\/14 jours (achet\u00e9 le 22\/02\/2022), loueur SunnyCars\/Hertz. Mod\u00e8le Citro\u00ebn C3 Shine 110ch (bon \u00e9tat 20.000km). Consommation 6,7.L\/100km, soit 66.L\/132\u20ac de super95 pour 980km. <strong>Nota*<\/strong> avant Covid le prix Std \u00e9tait de 350\u20ac maxi, et une simulation du 02\/04\/2022 indiquait 983\u20ac ! et \u00e0 2sem du d\u00e9part pas de v\u00e9hicule dispo&#8230;<\/li>\n<li><strong>La route<\/strong> : bon r\u00e9seau de route secondaires, souvent tr\u00e8s tortueuses et \u00e9troites dans l&rsquo;int\u00e9rieur (en particulier la magnifique D118 entre Axat et Montlouis : 56km\/1h15 au bas mot, 150 virages sans compter les courbes&#8230; \u00e0 ne pas parcourir d&rsquo;une seule traite pour un conducteur timor\u00e9 !). Une densit\u00e9 assez p\u00e9nible de voies rapides de contournement pr\u00e8s de Perpignan, agr\u00e9ment\u00e9es de multiples ronds-points.<\/li>\n<li><strong>Les conducteurs du 11 et du 66 <\/strong>: bon, ce n&rsquo;est pas le 13&#8230; quelques \u00ab\u00a0k\u00e9k\u00e9\u00a0\u00bb qui se la jouent, mais \u00e7a va.<\/li>\n<\/ul>\n<ul>\n<li><strong>Les 14 nuits d\u2019h\u00f4tels\/appartement\/B and B<\/strong>, consult\u00e9es sur Tripadvisor et Booking, et r\u00e9serv\u00e9es \u00e0 partir de mi-octobre 2021, en direct (annulables sans frais). Chambre <strong>triple<\/strong>, ou g\u00eete\/appart avec 2 chambres si possible. Dans tous les cas des h\u00e9bergements de qualit\u00e9, des propri\u00e9taires sympas et une situation au mieux des visites pr\u00e9vues. Budget global <strong>1370\u20ac. <\/strong><em><span style=\"color: #0000ff\">Plus de d\u00e9tails sur la page J14 du blog<\/span>.<\/em><strong><br \/>\n<\/strong><\/li>\n<\/ul>\n<ul>\n<li><strong>La nourriture<\/strong> : petits d\u00e9jeuners \u00e0 l\u2019h\u00f4tel et BandB, ou \u00ab\u00a0chez nous\u00a0\u00bb. En-cas le midi (chips\/tomates\/fruits, ou confection taboul\u00e9\/salade de riz&#8230;). Restos ponctuels midi ou soir. <em><span style=\"color: #0000ff\">Plus de d\u00e9tails sur la page J14 du blog.<\/span><\/em><\/li>\n<\/ul>\n<ul>\n<li><strong>Les visites <\/strong>: voir le d\u00e9tail au jour le jour (et lien \u00e0 suivre vers mon avis sur Tripadvisor). Ch\u00e2teaux Cathares ou non, forteresses, abbayes, monast\u00e8res, villages perch\u00e9s, sites naturels, etc. pour un total d&rsquo;explorations (\u00e0 pied) de 90km et 140.000 pas et l&rsquo;\u00e9quivalent de 300 \u00e9tages mont\u00e9s. Le tout pour un budget proche de <strong>170\u20ac\/pers. <\/strong>Il est \u00e0 noter que la plupart des sites font l&rsquo;objet d&rsquo;une notice tr\u00e8s d\u00e9taill\u00e9e*, remise \u00e0 l&rsquo;accueil, avec photos, plan, explications, ce qui facilite la visite individuelle.<strong><br \/>\n<\/strong><\/li>\n<\/ul>\n<ul>\n<li><strong>Le budget global<\/strong> de 3750\u20ac dans NOS conditions choisies et assum\u00e9es, soit 1250\u20ac\/adulte. Bien s\u00fbr il est possible de r\u00e9duire ce budget pour l\u2019adapter \u00e0 d\u2019autres choix.<\/li>\n<\/ul>\n<ul>\n<li><strong>La pr\u00e9paration<\/strong> : premier projet Catalogne Fran\u00e7aise \u00e9bauch\u00e9 en Juin 2021 pour 1sem en Septembre 2021 : Annul\u00e9 par Volotea (encore&#8230;). Devient nouvelle version en Octobre 2021 mais pour 2sem d\u00e9but Juin 2022&#8230; men\u00e9e \u00e0 bien !<\/li>\n<\/ul>\n<ul>\n<li><strong>Les \u00ab\u00a0bons points\u00a0\u00bb<\/strong> : la m\u00e9t\u00e9o tr\u00e8s favorable partout, chaude les derniers jours mais supportable, et sans le vent qui rend fou (comme ils disent&#8230;), et malgr\u00e9 une matin\u00e9e m\u00e9morable au ch\u00e2teau de Puivert o\u00f9 le Kway \u00e0 \u00e9t\u00e9 sorti.\u00a0 La nature et les fleurs magnifiques en cette saison. L\u2019histoire, l\u2019architecture, les monuments majeurs sont int\u00e9ressants. Une belle d\u00e9couverte de ces 2 d\u00e9partements.<\/li>\n<\/ul>\n<ul>\n<li><strong>Les \u00ab rat\u00e9s \u00bb<\/strong> : il \u00e9tait pr\u00e9vu la visite \u00ab\u00a0fa\u00e7on sp\u00e9l\u00e9o\u00a0\u00bb de la grotte de l&rsquo;Aguzou, mais laisser maman poireauter 3h le long de la D118, n&rsquo;aurait pas \u00e9t\u00e9 sympa, ajout\u00e9 \u00e0 mes capacit\u00e9s physiques pas au top, ont n\u00e9cessit\u00e9 d&rsquo;annuler cette visite tr\u00e8s sp\u00e9ciale que je vous recommande.<\/li>\n<\/ul>\n<ul>\n<li>Pr\u00e8s de <strong>2170 photos<\/strong> avec un reflex Sony Alpha 68 (pour Fabien) dont quelques unes prises par moi avec un compact Canon SX620HS \u2013 zoom de x25). Aucune retouche effectu\u00e9e sur les photos du blog et du CR. Pr\u00e8s de 515 sont d\u00e9j\u00e0 en ligne, cliquez dessus pour les voir compl\u00e8tement.<\/li>\n<\/ul>\n<p>Bonne lecture. <em>Jean et Fabien.<\/em><\/p>\n<p>&#8211; <strong>ci-dessous,<\/strong> les cartes du circuit de 980km r\u00e9alis\u00e9 en 2sem :<\/p>\n<p><a href=\"http:\/\/blogs.crespel.me\/pyrenees\/files\/2022\/07\/IMG_1804-4-le-11-scaled.jpg\"><img loading=\"lazy\" decoding=\"async\" class=\"alignnone size-large wp-image-375\" src=\"http:\/\/blogs.crespel.me\/pyrenees\/files\/2022\/07\/IMG_1804-4-le-11-1024x725.jpg\" alt=\"\" width=\"625\" height=\"443\" srcset=\"https:\/\/blogs.crespel.me\/pyrenees\/wp-content\/uploads\/sites\/17\/2022\/07\/IMG_1804-4-le-11-1024x725.jpg 1024w, https:\/\/blogs.crespel.me\/pyrenees\/wp-content\/uploads\/sites\/17\/2022\/07\/IMG_1804-4-le-11-300x213.jpg 300w, https:\/\/blogs.crespel.me\/pyrenees\/wp-content\/uploads\/sites\/17\/2022\/07\/IMG_1804-4-le-11-768x544.jpg 768w, https:\/\/blogs.crespel.me\/pyrenees\/wp-content\/uploads\/sites\/17\/2022\/07\/IMG_1804-4-le-11-1536x1088.jpg 1536w, https:\/\/blogs.crespel.me\/pyrenees\/wp-content\/uploads\/sites\/17\/2022\/07\/IMG_1804-4-le-11-2048x1451.jpg 2048w, https:\/\/blogs.crespel.me\/pyrenees\/wp-content\/uploads\/sites\/17\/2022\/07\/IMG_1804-4-le-11-624x442.jpg 624w\" sizes=\"auto, (max-width: 625px) 100vw, 625px\" \/><\/a> <a href=\"http:\/\/blogs.crespel.me\/pyrenees\/files\/2022\/07\/IMG_1804-3-le-66-scaled.jpg\"><img loading=\"lazy\" decoding=\"async\" class=\"alignnone size-large wp-image-374\" src=\"http:\/\/blogs.crespel.me\/pyrenees\/files\/2022\/07\/IMG_1804-3-le-66-1024x563.jpg\" alt=\"\" width=\"625\" height=\"344\" srcset=\"https:\/\/blogs.crespel.me\/pyrenees\/wp-content\/uploads\/sites\/17\/2022\/07\/IMG_1804-3-le-66-1024x563.jpg 1024w, https:\/\/blogs.crespel.me\/pyrenees\/wp-content\/uploads\/sites\/17\/2022\/07\/IMG_1804-3-le-66-300x165.jpg 300w, https:\/\/blogs.crespel.me\/pyrenees\/wp-content\/uploads\/sites\/17\/2022\/07\/IMG_1804-3-le-66-768x423.jpg 768w, https:\/\/blogs.crespel.me\/pyrenees\/wp-content\/uploads\/sites\/17\/2022\/07\/IMG_1804-3-le-66-1536x845.jpg 1536w, https:\/\/blogs.crespel.me\/pyrenees\/wp-content\/uploads\/sites\/17\/2022\/07\/IMG_1804-3-le-66-2048x1127.jpg 2048w, https:\/\/blogs.crespel.me\/pyrenees\/wp-content\/uploads\/sites\/17\/2022\/07\/IMG_1804-3-le-66-624x343.jpg 624w\" sizes=\"auto, (max-width: 625px) 100vw, 625px\" \/><\/a><\/p>\n<p>&nbsp;<\/p>\n<\/div>\n","protected":false},"excerpt":{"rendered":"<p>Ce blog est le compte rendu d\u2019un voyage de 14 jours tout au Sud de la France \u00e0 compter du Vendredi 03\u2026 Juin 2022 : en 6 villes \u00e9tapes d\u00e9taill\u00e9es en partie Blog (dans le sens Est\/Ouest\/Est) \u00e0 travers les d\u00e9partements de l&rsquo;Aude et des Pyr\u00e9n\u00e9es orientales (dans un rectangle de 90km x 75km) : [&hellip;]<\/p>\n","protected":false},"author":2,"featured_media":15,"parent":0,"menu_order":0,"comment_status":"closed","ping_status":"closed","template":"","meta":{"footnotes":""},"class_list":["post-5","page","type-page","status-publish","has-post-thumbnail","hentry"],"_links":{"self":[{"href":"https:\/\/blogs.crespel.me\/pyrenees\/wp-json\/wp\/v2\/pages\/5","targetHints":{"allow":["GET"]}}],"collection":[{"href":"https:\/\/blogs.crespel.me\/pyrenees\/wp-json\/wp\/v2\/pages"}],"about":[{"href":"https:\/\/blogs.crespel.me\/pyrenees\/wp-json\/wp\/v2\/types\/page"}],"author":[{"embeddable":true,"href":"https:\/\/blogs.crespel.me\/pyrenees\/wp-json\/wp\/v2\/users\/2"}],"replies":[{"embeddable":true,"href":"https:\/\/blogs.crespel.me\/pyrenees\/wp-json\/wp\/v2\/comments?post=5"}],"version-history":[{"count":34,"href":"https:\/\/blogs.crespel.me\/pyrenees\/wp-json\/wp\/v2\/pages\/5\/revisions"}],"predecessor-version":[{"id":747,"href":"https:\/\/blogs.crespel.me\/pyrenees\/wp-json\/wp\/v2\/pages\/5\/revisions\/747"}],"wp:featuredmedia":[{"embeddable":true,"href":"https:\/\/blogs.crespel.me\/pyrenees\/wp-json\/wp\/v2\/media\/15"}],"wp:attachment":[{"href":"https:\/\/blogs.crespel.me\/pyrenees\/wp-json\/wp\/v2\/media?parent=5"}],"curies":[{"name":"wp","href":"https:\/\/api.w.org\/{rel}","templated":true}]}}