{"id":7,"date":"2018-02-10T13:42:35","date_gmt":"2018-02-10T12:42:35","guid":{"rendered":"http:\/\/blogs.crespel.me\/provence\/?page_id=7"},"modified":"2021-07-11T09:33:02","modified_gmt":"2021-07-11T07:33:02","slug":"presentation","status":"publish","type":"page","link":"https:\/\/blogs.crespel.me\/provence\/","title":{"rendered":"Pr\u00e9sentation"},"content":{"rendered":"<h2>Pr\u00e9sentation de nos 4 s\u00e9jours en Provence:<\/h2>\n<div class=\"entry-content\">\n<p><strong>Le blog 2014 est centr\u00e9 sur Cassis (7 nuits en g\u00eete), puis St Maximin Ste Baume (4 nuits en g\u00eete). Et s&rsquo;\u00e9tale du 09 septembre au 20 septembre.<br \/>\n<\/strong><\/p>\n<\/div>\n<p><strong>Le blog <span style=\"color: #ff0000\">2018<\/span> est centr\u00e9 sur Cassis (4 nuits en appartement), puis Roussillon (4 nuits en BandB), puis Maussane les Alpilles (4 nuits en BandB), et 2 nuits interm\u00e9diaires en h\u00f4tel \u00e0 Aix en Provence. Et s&rsquo;\u00e9tale du 28 mai au 11 juin.<\/strong><\/p>\n<p><strong>Le blog 2019 est un long week-end de 3 nuits pr\u00e8s de Maussane + 2 nuits \u00e0 St Remy de Provence, et en h\u00f4tels, du 03 octobre au 08 octobre.<\/strong><\/p>\n<p><strong>Le blog 2021 est centr\u00e9 sur Revest du Bion, proche de Sault et du Ventoux (7 nuits en g\u00eete), et 2 nuits en d\u00e9but\/fin en h\u00f4tels \u00e0 Aix en Provence et Marseille a\u00e9roport. Et s&rsquo;\u00e9tale du 04 juin au 13 juin.<\/strong><\/p>\n<div class=\"entry-content\">\n<p>La photo ci-dessus, piqu\u00e9e sur le net, \u00ab\u00a0image d&rsquo;Epinal\u00a0\u00bb de la Provence, est intitul\u00e9e <span style=\"color: #ff0000\"><em>lavande sur la commune de Banon.<\/em><\/span><\/p>\n<p>Un peu plus de 800 photos illustrent les pages de ces blogs (cliquer dessus pour les agrandir). Seules 3 ou 4 proviennent de banques d&rsquo;images. Les n\u00f4tres sont originales et non retouch\u00e9es.<\/p>\n<p>&nbsp;<\/p>\n<ul>\n<li><strong>Qui<\/strong> : 3 adultes (en <span style=\"color: #ff0000\">2018<\/span>: parents 70\/65 ans et fils 30 ans).<\/li>\n<\/ul>\n<ul>\n<li><strong>Y aller<\/strong> : de pr\u00e9f\u00e9rence vols directs Ryanair, aller\/retour Lille\/Marseille en 1h40, sur Boeing 737-800.<\/li>\n<\/ul>\n<ul>\n<li><strong>Se d\u00e9placer<\/strong> : location voiture sur Internet\/Carigami (ex locationdevoiture.fr ) au d\u00e9part de Marseille a\u00e9roport\/retour idem. Hertz, Europcar ou Avis, mod\u00e8le compact.<\/li>\n<\/ul>\n<ul>\n<li><strong>La route<\/strong>\u00a0: autoroutes autour de Marseille assez charg\u00e9es. R\u00e9seau secondaire en bon \u00e9tat.<\/li>\n<\/ul>\n<ul>\n<li><strong>Les conducteurs : <\/strong> dans le Vaucluse (84) et alentours, plut\u00f4t calmes et courtois; dans le 13&#8230; c&rsquo;est le 13 et \u00e7a se voit rapidement !<\/li>\n<\/ul>\n<ul>\n<li><strong>Les h\u00e9bergements<\/strong> en g\u00eete, chambres d&rsquo;h\u00f4tes ou h\u00f4tels, choisis pour 3 adultes, typiques et surtout \u00ab\u00a0au plus pr\u00e8s\u00a0\u00bb des bons\/beaux endroits.<\/li>\n<\/ul>\n<ul>\n<li><strong>La nourriture<\/strong> : copieux petits d\u00e9jeuners, puis en-cas\/pique-nique le midi (tomates\/fruits\/fougasse\/ros\u00e9&#8230; glaces) ou fast food local; restos suivant envie ou opportunit\u00e9. Crit\u00e8re suppl\u00e9mentaire: avec 2 v\u00e9g\u00e9tariens !<\/li>\n<\/ul>\n<ul>\n<li><strong>Les visites<\/strong>: nombreux villages du Luberon et des Alpilles, quelques villes bien connues (Cassis, Marseille, Aix, Arles, Avignon, Vaison), plus une multitude de sites (naturels ou non ch\u00e2teaux, mus\u00e9es&#8230;): en voir le d\u00e9tail en partie Blog au jour le jour et sur les avis\/photos de tripadvisor. Nous avons march\u00e9\/randonn\u00e9\/pi\u00e9tin\u00e9 pr\u00e8s de 100km globalement soit 160.000 pas, en 2018 pendant ces 2 semaines, et la moiti\u00e9 en 2021 sur 1 semaine. Budget visites \u00e0 ne pas sous-estimer: dont les Calanques \u00e0 Cassis et les Carri\u00e8res de Lumi\u00e8res (3 fois) aux Baux de Provence, etc&#8230;<\/li>\n<\/ul>\n<ul>\n<li><strong>Le budget global<\/strong> de 700\/750 \u20ac par personne et par semaine&#8230;dans NOS conditions choisies et assum\u00e9es.<\/li>\n<\/ul>\n<ul>\n<li><strong>La pr\u00e9paration<\/strong> : projets \u00e9bauch\u00e9s 6 mois \u00e0 1 an \u00e0 l&rsquo;avance avec cartes routi\u00e8res, guides \u00ab Voir \u00bb et \u00ab Vert \u00bb, tripadvisor, internet.<\/li>\n<\/ul>\n<ul>\n<li><strong>Les \u00ab\u00a0bons points\u00a0\u00bb<\/strong> : malgr\u00e9 certaines menaces ponctuelles d&rsquo;orages, soleil et ciel bleu pratiquement tous les jours avec 18\/24\u00b0C. Un accueil remarquable chez tous nos h\u00e9bergeurs. La nature et les fleurs au printemps, les champs de coquelicots. L\u2019histoire, les villages perch\u00e9s. En r\u00e9sum\u00e9 \u00e0 chaque fois des vacances r\u00e9ussies !!!<em><br \/>\n<\/em><\/li>\n<\/ul>\n<ul>\n<li><strong>Les \u00ab\u00a0b\u00e9mols\u00a0\u00bb<\/strong>: un seul, la circulation sur Marseille, les travaux, les bouchons sur les voies dites rapides.<\/li>\n<\/ul>\n<ul>\n<li><strong>Les \u00ab\u00a0rat\u00e9s\u00a0\u00bb, <\/strong>\u00e0 peine&#8230; quelques visites zapp\u00e9es car le planning pr\u00e9vu \u00e9tait trop optimiste, mais elles figurent sur le CR pour info.<\/li>\n<\/ul>\n<p>Bonne lecture. <em>Fabien et Jean le 10\/07\/2021.<\/em><\/p>\n<\/div>\n","protected":false},"excerpt":{"rendered":"<p>Pr\u00e9sentation de nos 4 s\u00e9jours en Provence: Le blog 2014 est centr\u00e9 sur Cassis (7 nuits en g\u00eete), puis St Maximin Ste Baume (4 nuits en g\u00eete). Et s&rsquo;\u00e9tale du 09 septembre au 20 septembre. Le blog 2018 est centr\u00e9 sur Cassis (4 nuits en appartement), puis Roussillon (4 nuits en BandB), puis Maussane les [&hellip;]<\/p>\n","protected":false},"author":2,"featured_media":189,"parent":0,"menu_order":0,"comment_status":"closed","ping_status":"closed","template":"","meta":{"footnotes":""},"class_list":["post-7","page","type-page","status-publish","has-post-thumbnail","hentry"],"_links":{"self":[{"href":"https:\/\/blogs.crespel.me\/provence\/wp-json\/wp\/v2\/pages\/7","targetHints":{"allow":["GET"]}}],"collection":[{"href":"https:\/\/blogs.crespel.me\/provence\/wp-json\/wp\/v2\/pages"}],"about":[{"href":"https:\/\/blogs.crespel.me\/provence\/wp-json\/wp\/v2\/types\/page"}],"author":[{"embeddable":true,"href":"https:\/\/blogs.crespel.me\/provence\/wp-json\/wp\/v2\/users\/2"}],"replies":[{"embeddable":true,"href":"https:\/\/blogs.crespel.me\/provence\/wp-json\/wp\/v2\/comments?post=7"}],"version-history":[{"count":28,"href":"https:\/\/blogs.crespel.me\/provence\/wp-json\/wp\/v2\/pages\/7\/revisions"}],"predecessor-version":[{"id":1205,"href":"https:\/\/blogs.crespel.me\/provence\/wp-json\/wp\/v2\/pages\/7\/revisions\/1205"}],"wp:featuredmedia":[{"embeddable":true,"href":"https:\/\/blogs.crespel.me\/provence\/wp-json\/wp\/v2\/media\/189"}],"wp:attachment":[{"href":"https:\/\/blogs.crespel.me\/provence\/wp-json\/wp\/v2\/media?parent=7"}],"curies":[{"name":"wp","href":"https:\/\/api.w.org\/{rel}","templated":true}]}}