{"id":9,"date":"2025-09-15T22:41:29","date_gmt":"2025-09-15T20:41:29","guid":{"rendered":"https:\/\/blogs.crespel.me\/loire2025\/?page_id=9"},"modified":"2025-10-02T16:04:51","modified_gmt":"2025-10-02T14:04:51","slug":"presentation","status":"publish","type":"page","link":"https:\/\/blogs.crespel.me\/loire2025\/","title":{"rendered":"Pr\u00e9sentation"},"content":{"rendered":"<p><strong>Ce blog est le compte rendu d\u2019un court voyage d\u2019une semaine, soit 6 jours sur place (depuis le \u00ab 59 \u00bb), en voiture, vers Amboise et quelques \u00ab\u00a0ch\u00e2teaux de la Loire\u00a0\u00bb.<\/strong><\/p>\n<p>La photo <span style=\"color: #ff0000\">ci-dessus<\/span> est l&#8217;embl\u00e9matique ch\u00e2teau de <strong>Chambord<\/strong> (dans le Loir-et-Cher, 41250).<\/p>\n<ul>\n<li><strong>Qui<\/strong> : 1 couple d&rsquo;\u00e2ge mur mais alerte (parents 77\/73 ans).<\/li>\n<\/ul>\n<ul>\n<li><strong>Y aller<\/strong> : en voiture depuis Valenciennes, le chemin est \u00ab court \u00bb (445 km environ) et rapide par les autoroutes A2-A1-contournement de Paris par l&rsquo;Est toujours p\u00e9nible-A10. il nous a suffit de 5h de roulage (hors arr\u00eats techniques) les samedi 06\/09 et 13\/09. Au total 1345 km avec les balades sur place.<\/li>\n<\/ul>\n<ul>\n<li><strong>La route<\/strong> : trafic fluide avec de nombreux B, NL, D, GB allant chercher le soleil, routes secondaires sur place jolies et en bon \u00e9tat. Possibilit\u00e9 de se garer au plus pr\u00e8s des sites.<\/li>\n<\/ul>\n<ul>\n<li><strong>La conduite <\/strong>: plut\u00f4t cool sauf pr\u00e8s du p\u00e9riph o\u00f9 les \u00ab\u00a0parisiens\u00a0\u00bb ne se montrent pas \u00e0 leur avantage !<strong><br \/>\n<\/strong><\/li>\n<\/ul>\n<ul>\n<li><strong>Le logement <\/strong>: 7 nuits chez Kenza et Matthieu \u00e0 150m des rues pi\u00e9tonnes du quartier historique de <strong>Amboise<\/strong>, au 2\u00e8me \u00e9tage, d\u2019un tr\u00e8s bel<span style=\"color: #0000ff\"> <a style=\"color: #0000ff\" href=\"https:\/\/www.booking.com\/hotel\/fr\/t2-centre-ville-avec-vue-sur-le-chateau-et-place-de-parking.fr.html?aid=304142&amp;label=review_am&amp;activeTab=htReviews&amp;appvl_email=1&amp;rurl=5d86916446c94e98&amp;type=total#tab-main\">appartement<\/a> <\/span>de 35m\u00b2 avec 1 grande chambre. Tr\u00e8s bien \u00e9quip\u00e9 et meubl\u00e9 avec go\u00fbt, le TOP ! sympa et attentionn\u00e9\u2026<strong><br \/>\n<\/strong><\/li>\n<\/ul>\n<ul>\n<li><strong>La nourriture<\/strong> : copieux petits d\u00e9jeuners, en-cas le midi (chips\/tomates\/fruits, ou pr\u00e9paration froide maison), 2 restos tr\u00e8s moyens, 2 d\u00e9jeuners chez des amis\/famille et cuisine simple le soir.<\/li>\n<\/ul>\n<ul>\n<li><strong>Les visites <\/strong>: voir le d\u00e9tail au jour le jour dans \u00ab le blog \u00bb, et carte ci-dessous. Le but principal \u00e9tant de voir\/visiter les <strong>8<\/strong> ch\u00e2teaux choisis sur une liste raccourcie de <strong>13<\/strong>, et jamais vus entre <strong>Chinon<\/strong> \u00e0 l&rsquo;Ouest (en Indre-et-Loire) et <strong>Chambord<\/strong> \u00e0 l&rsquo;Est (80 km \u00e0 vol d&rsquo;oiseau, 185 km en voiture&#8230;). <em>Noter nos 38,5 km \u00e0 pied et 64800 pas sur 6 jours 1\/2 !<\/em><\/li>\n<\/ul>\n<ul>\n<li><strong>Quelques avis, <\/strong>5\u2026 sont d\u00e9pos\u00e9s sur <span style=\"color: #0000ff\"><em>Tripadvisor<\/em><\/span>, vous les retrouverez dans les textes du blog \u00ab en soulign\u00e9 \u00bb.<\/li>\n<\/ul>\n<ul>\n<li><strong>Le budget global<\/strong> de 1180\u20ac dans NOS conditions choisies et assum\u00e9es, soit 590\u20ac\/adulte. Bien s\u00fbr il est possible de r\u00e9duire ce budget pour l\u2019adapter \u00e0 d\u2019autres choix. En d\u00e9tail <strong>pour 2 adultes<\/strong> : h\u00e9bergement 541\u20ac, alimentation\/restos 194\u20ac, visites 285\u20ac, parkings\/p\u00e9ages 101\u20ac, essence 58\u20ac (4 L\/100 km Yaris Hybride 4).<\/li>\n<\/ul>\n<ul>\n<li><strong>La pr\u00e9paration<\/strong> : sujet cogit\u00e9 ant\u00e9rieurement puis confirm\u00e9 vers mi-avril 2025 par la r\u00e9servation du logement, consultations internet et Google Maps, et un programme de 6 journ\u00e9es interchangeables depuis <strong>Amboise<\/strong>\u00a0est mis sur pied.<\/li>\n<\/ul>\n<ul>\n<li><strong>Les \u00ab\u00a0bons points\u00a0\u00bb<\/strong> : tout ! une m\u00e9t\u00e9o changeante mais agr\u00e9able en visant bien, et ce centre historique anim\u00e9 \u00e0 2 pas. De superbes parcs et ch\u00e2teaux o\u00f9 sans \u00ab\u00a0chercher la petite b\u00eate\u00a0\u00bb et lire toutes les infos de A \u00e0 Z (au risque d&rsquo;\u00eatre vite satur\u00e9s&#8230;), nous nous sommes tranquillement balad\u00e9s (1h35 \u00e0 3h20 de grille d&rsquo;entr\u00e9e \u00e0 grille de sortie).<\/li>\n<\/ul>\n<ul>\n<li>Pr\u00e8s de 480 photos avec un compact Canon SX620HS (zoom de x25). Aucune retouche effectu\u00e9e sur les photos du blog et du CR. Environ 160 sont en ligne sur ces pages.<\/li>\n<\/ul>\n<p>Bonne lecture. <em>\u00a0Jean (et Fabien pour la partie technique).<\/em><\/p>\n<p><strong>Quelques photos<\/strong> : l\u2019appartement et la vue vers le ch\u00e2teau + la carte de r\u00e9gion (cliquer pour agrandir).<\/p>\n\n\t\t<style type=\"text\/css\">\n\t\t\t#gallery-1 {\n\t\t\t\tmargin: auto;\n\t\t\t}\n\t\t\t#gallery-1 .gallery-item {\n\t\t\t\tfloat: left;\n\t\t\t\tmargin-top: 10px;\n\t\t\t\ttext-align: center;\n\t\t\t\twidth: 33%;\n\t\t\t}\n\t\t\t#gallery-1 img {\n\t\t\t\tborder: 2px solid #cfcfcf;\n\t\t\t}\n\t\t\t#gallery-1 .gallery-caption {\n\t\t\t\tmargin-left: 0;\n\t\t\t}\n\t\t\t\/* see gallery_shortcode() in wp-includes\/media.php *\/\n\t\t<\/style>\n\t\t<div id='gallery-1' class='gallery galleryid-9 gallery-columns-3 gallery-size-thumbnail'><dl class='gallery-item'>\n\t\t\t<dt class='gallery-icon landscape'>\n\t\t\t\t<a href='https:\/\/blogs.crespel.me\/loire2025\/wp-content\/uploads\/sites\/25\/2025\/09\/IMG_7977-piece-a-vivre-scaled.jpg'><img loading=\"lazy\" decoding=\"async\" width=\"150\" height=\"150\" src=\"https:\/\/blogs.crespel.me\/loire2025\/wp-content\/uploads\/sites\/25\/2025\/09\/IMG_7977-piece-a-vivre-150x150.jpg\" class=\"attachment-thumbnail size-thumbnail\" alt=\"\" aria-describedby=\"gallery-1-32\" \/><\/a>\n\t\t\t<\/dt>\n\t\t\t\t<dd class='wp-caption-text gallery-caption' id='gallery-1-32'>\n\t\t\t\tPi\u00e8ce de vie\n\t\t\t\t<\/dd><\/dl><dl class='gallery-item'>\n\t\t\t<dt class='gallery-icon landscape'>\n\t\t\t\t<a href='https:\/\/blogs.crespel.me\/loire2025\/wp-content\/uploads\/sites\/25\/2025\/09\/IMG_7976-chambre-scaled.jpg'><img loading=\"lazy\" decoding=\"async\" width=\"150\" height=\"150\" src=\"https:\/\/blogs.crespel.me\/loire2025\/wp-content\/uploads\/sites\/25\/2025\/09\/IMG_7976-chambre-150x150.jpg\" class=\"attachment-thumbnail size-thumbnail\" alt=\"\" aria-describedby=\"gallery-1-31\" \/><\/a>\n\t\t\t<\/dt>\n\t\t\t\t<dd class='wp-caption-text gallery-caption' id='gallery-1-31'>\n\t\t\t\tChambre\n\t\t\t\t<\/dd><\/dl><dl class='gallery-item'>\n\t\t\t<dt class='gallery-icon portrait'>\n\t\t\t\t<a href='https:\/\/blogs.crespel.me\/loire2025\/wp-content\/uploads\/sites\/25\/2025\/09\/IMG_7978-salle-de-bains-scaled.jpg'><img loading=\"lazy\" decoding=\"async\" width=\"150\" height=\"150\" src=\"https:\/\/blogs.crespel.me\/loire2025\/wp-content\/uploads\/sites\/25\/2025\/09\/IMG_7978-salle-de-bains-150x150.jpg\" class=\"attachment-thumbnail size-thumbnail\" alt=\"\" aria-describedby=\"gallery-1-33\" \/><\/a>\n\t\t\t<\/dt>\n\t\t\t\t<dd class='wp-caption-text gallery-caption' id='gallery-1-33'>\n\t\t\t\tSalle de bains\n\t\t\t\t<\/dd><\/dl><br style=\"clear: both\" \/><dl class='gallery-item'>\n\t\t\t<dt class='gallery-icon landscape'>\n\t\t\t\t<a href='https:\/\/blogs.crespel.me\/loire2025\/wp-content\/uploads\/sites\/25\/2025\/09\/IMG_7979-vue-vers-chateau-scaled.jpg'><img loading=\"lazy\" decoding=\"async\" width=\"150\" height=\"150\" src=\"https:\/\/blogs.crespel.me\/loire2025\/wp-content\/uploads\/sites\/25\/2025\/09\/IMG_7979-vue-vers-chateau-150x150.jpg\" class=\"attachment-thumbnail size-thumbnail\" alt=\"\" aria-describedby=\"gallery-1-34\" \/><\/a>\n\t\t\t<\/dt>\n\t\t\t\t<dd class='wp-caption-text gallery-caption' id='gallery-1-34'>\n\t\t\t\tVue vers le ch\u00e2teau\n\t\t\t\t<\/dd><\/dl><dl class='gallery-item'>\n\t\t\t<dt class='gallery-icon landscape'>\n\t\t\t\t<a href='https:\/\/blogs.crespel.me\/loire2025\/wp-content\/uploads\/sites\/25\/2025\/09\/carte-des-13-chateaux-scaled.jpg'><img loading=\"lazy\" decoding=\"async\" width=\"150\" height=\"150\" src=\"https:\/\/blogs.crespel.me\/loire2025\/wp-content\/uploads\/sites\/25\/2025\/09\/carte-des-13-chateaux-150x150.jpg\" class=\"attachment-thumbnail size-thumbnail\" alt=\"\" aria-describedby=\"gallery-1-30\" \/><\/a>\n\t\t\t<\/dt>\n\t\t\t\t<dd class='wp-caption-text gallery-caption' id='gallery-1-30'>\n\t\t\t\tCarte de situation\n\t\t\t\t<\/dd><\/dl>\n\t\t\t<br style='clear: both' \/>\n\t\t<\/div>\n\n","protected":false},"excerpt":{"rendered":"<p>Ce blog est le compte rendu d\u2019un court voyage d\u2019une semaine, soit 6 jours sur place (depuis le \u00ab 59 \u00bb), en voiture, vers Amboise et quelques \u00ab\u00a0ch\u00e2teaux de la Loire\u00a0\u00bb. La photo ci-dessus est l&#8217;embl\u00e9matique ch\u00e2teau de Chambord (dans le Loir-et-Cher, 41250). Qui : 1 couple d&rsquo;\u00e2ge mur mais alerte (parents 77\/73 ans). Y [&hellip;]<\/p>\n","protected":false},"author":1,"featured_media":26,"parent":0,"menu_order":0,"comment_status":"closed","ping_status":"closed","template":"","meta":{"footnotes":""},"class_list":["post-9","page","type-page","status-publish","has-post-thumbnail","hentry"],"_links":{"self":[{"href":"https:\/\/blogs.crespel.me\/loire2025\/wp-json\/wp\/v2\/pages\/9","targetHints":{"allow":["GET"]}}],"collection":[{"href":"https:\/\/blogs.crespel.me\/loire2025\/wp-json\/wp\/v2\/pages"}],"about":[{"href":"https:\/\/blogs.crespel.me\/loire2025\/wp-json\/wp\/v2\/types\/page"}],"author":[{"embeddable":true,"href":"https:\/\/blogs.crespel.me\/loire2025\/wp-json\/wp\/v2\/users\/1"}],"replies":[{"embeddable":true,"href":"https:\/\/blogs.crespel.me\/loire2025\/wp-json\/wp\/v2\/comments?post=9"}],"version-history":[{"count":21,"href":"https:\/\/blogs.crespel.me\/loire2025\/wp-json\/wp\/v2\/pages\/9\/revisions"}],"predecessor-version":[{"id":328,"href":"https:\/\/blogs.crespel.me\/loire2025\/wp-json\/wp\/v2\/pages\/9\/revisions\/328"}],"wp:featuredmedia":[{"embeddable":true,"href":"https:\/\/blogs.crespel.me\/loire2025\/wp-json\/wp\/v2\/media\/26"}],"wp:attachment":[{"href":"https:\/\/blogs.crespel.me\/loire2025\/wp-json\/wp\/v2\/media?parent=9"}],"curies":[{"name":"wp","href":"https:\/\/api.w.org\/{rel}","templated":true}]}}