{"id":5,"date":"2023-04-22T14:38:04","date_gmt":"2023-04-22T12:38:04","guid":{"rendered":"https:\/\/blogs.crespel.me\/italie2023\/?page_id=5"},"modified":"2026-03-30T14:43:18","modified_gmt":"2026-03-30T12:43:18","slug":"presentation","status":"publish","type":"page","link":"https:\/\/blogs.crespel.me\/italie2023\/","title":{"rendered":"Pr\u00e9sentation"},"content":{"rendered":"<p><strong>Ce blog est le compte-rendu d\u2019un voyage de 15 jours tout au bout de l&rsquo;Italie c\u00f4t\u00e9 Adriatique (<span style=\"color: #ff0000\">les Pouilles<\/span>) \u00e0 compter du Samedi 27\u2026 Mai 2023 : en 5 villes \u00e9tapes d\u00e9taill\u00e9es en partie Blog (en boucle dans le sens horaire) \u00e0 travers la r\u00e9gion de Bari Est, la terre des Trulli, le Salento, Matera (en Basilicate frontali\u00e8re) et retour par la r\u00e9gion de Bari Ouest, soit un rectangle de 250km x 150km. Le promontoire du Gargano (plus \u00e0 l&rsquo;Ouest) n&rsquo;\u00e9tant pas visit\u00e9 cette fois-ci <\/strong><span style=\"color: #ff0000\"><em>(voir cartes en bas de page) <\/em><\/span><strong>: <\/strong><\/p>\n<p><strong>&#8211; Bari (4 nuits appartement centre-ville) \u2013 Cisternino (3 nuits en trulli\/maison pr\u00e8s du village) \u2013 Lecce (4 nuits appartement centre-ville) \u2013 Matera (3 nuits appartement centre-ville) \u2013 Trani (1 nuit BandB en centre-ville).<br \/>\n<\/strong><\/p>\n<p>La<span style=\"color: #ff0000\"> <strong>photo ci-dessus<\/strong> <\/span>est bien s\u00fbr \u00ab\u00a0l&#8217;embl\u00e8me touristique\u00a0\u00bb des Pouilles : les Trulli de Alberobello, lieu et site incontournable, mais il n&rsquo;y a pas que \u00e7a !<\/p>\n<p><strong>Ici, mon <a href=\"\/italie2023\/files\/2023\/06\/Pouilles-version-Finale-2023-2-sans-Gargano-avec-Matera.pdf\"><span style=\"color: #0000ff\">fichier de pr\u00e9sentation<\/span><\/a><\/strong> (planning\/timing par exc\u00e8s, \u00e7a c&rsquo;est la th\u00e9orie&#8230;) origine Excel\/version PDF de d\u00e9but Mars 2023<strong>.<\/strong><\/p>\n<ul>\n<li><strong>Qui<\/strong> : 3 adultes (parents 75\/70 ans et fils 35 ans).<\/li>\n<\/ul>\n<ul>\n<li><strong>Y aller<\/strong> : vols <strong>Ryanair<\/strong>, Aller Charleroi.B\/Bari en 2h15, retour idem sur Boeing 737-800 <strong>(<\/strong><em><strong>r\u00e9gl\u00e9 215\u20ac\/pers.) <\/strong><\/em>Achet\u00e9s en d\u00e9cembre 2022 \u2013 avec 1 unique bagage soute 20kg inclus, 2 bagages cabines Std\/pers, priorit\u00e9 et choix de place*. Ponctuels et confirm\u00e9s cette fois-ci !<\/li>\n<li>Nota: <span style=\"color: #0000ff\"><em>fonctionnement d\u00e9plorable de la navette payante (mod\u00e8le inadapt\u00e9, cadence, circuit, signal\u00e9tique) \u00e0 l&rsquo;a\u00e9roport de Charleroi\/Belgique, vers le parking P3 (\u00e0 l&rsquo;aller ET au retour).<\/em><\/span><\/li>\n<\/ul>\n<ul>\n<li><strong>Se d\u00e9placer<\/strong> : location voiture sur Internet\/Carigami.fr d\u00e9part Bari a\u00e9roport \u00e0 <strong>667\u20ac*<\/strong>\/14 jours (achet\u00e9 le 11\/12\/2022), loueur BSP-Auto\/Drivalia-Leasys. Mod\u00e8le genre Fiat 500L, <em>en r\u00e9alit\u00e9 (sans suppl\u00e9ment&#8230;.) on nous \u00ab\u00a0offre\u00a0\u00bb un encombrant 3008 hybride rechargeable 180ch, superbe !<\/em> Consommation 6,9.L\/100km, soit 82.L\/153\u20ac de E10-95 pour 1200km. Sauf que le pr\u00e9pos\u00e9 press\u00e9 a coch\u00e9 la case r\u00e9servoir plein 8\/8 au d\u00e9part, alors qu&rsquo;il ne restait que 1\/4 de r\u00e9servoir&#8230;<\/li>\n<\/ul>\n<ul>\n<li><strong>La route<\/strong> : pas d&rsquo;autoroutes dignes de ce nom utilis\u00e9es, mais des 2&#215;2 voies limit\u00e9es \u00e0 110\/90 voire 50 (!) et r\u00e9seau de route secondaires, souvent tr\u00e8s tortueuses et \u00e9troites dans l\u2019int\u00e9rieur, et PARTOUT aucune ligne blanche identifiable, des trous et bosses innombrables, des engins improbables (mini-tracteurs, triporteur Vespa des ann\u00e9es 60)&#8230; accrochez vous et ouvrez l\u2019\u0153il.<\/li>\n<li><strong>Et un rappel,<\/strong> <span style=\"color: #ff0000\">(*) Pour info de stationnements : marquage Blanc (= gratuit), Bleu (= payant horodateur), Jaune (= r\u00e9serv\u00e9 aux r\u00e9sidents). Ne pas oublier que tous les centres-villes sont en ZTL (donc interdits aux non r\u00e9sidents).<\/span><\/li>\n<\/ul>\n<ul>\n<li><strong>Les conducteurs \u00ab\u00a0Italiens du Sud\u00a0\u00bb <\/strong>: d\u00e9j\u00e0 test\u00e9s en Sicile (ceux du Nord aussi&#8230;), mais ICI, ils n&rsquo;ont pas appris le Code de la Route : feux, priorit\u00e9s, stationnement en double file, en sens inverse, en travers sont d&rsquo;usage courant mais sans stress (sauf pour vous). Soyez cool mais vigilants.<\/li>\n<\/ul>\n<ul>\n<li><strong>Les 15 nuits\/5 logements, en appartement\/BandB<\/strong>, consult\u00e9es sur Tripadvisor\/Booking et Google, et r\u00e9serv\u00e9es d\u00e8s d\u00e9but 12\/2022, par Booking (annulables sans frais). Chambre <strong>triple <\/strong>en BandB ou appart de 75\/80m2 avec 2 chambres si possible. Bien v\u00e9rifier les avis r\u00e9cents sur Booking ou autre car m\u00eame si les photos sont r\u00e9alistes, certains \u00e9quipements peuvent \u00eatre d\u00e9grad\u00e9s ou d\u00e9faillants. Dans tous les cas les accueillants sont plut\u00f4t sympas et la situation au mieux des visites pr\u00e9vues. Budget global <strong>1760\u20ac = <\/strong>117\u20ac la nuit en base 3 pers.<strong><br \/>\n<\/strong><\/li>\n<\/ul>\n<ul>\n<li><strong>La nourriture<\/strong> : petits d\u00e9jeuners inclus \u00e0 Matera et au BandB, ou confectionn\u00e9s \u00ab\u00a0chez nous\u00a0\u00bb. En-cas le midi (chips\/tomates\/fruits, ou confection taboul\u00e9\/salade de riz\u2026). 9 restos ponctuellement midi ou soir suivant envies (voir avis sur TA). Cuisines dans les appartements, bien utiles pour les pr\u00e9parations de nos 2 v\u00e9g\u00e9tariens&#8230;<\/li>\n<\/ul>\n<ul>\n<li><strong>Les visites <\/strong>: voir le d\u00e9tail au jour le jour (et lien \u00e0 suivre vers mon avis sur Tripadvisor). L&rsquo;accent \u00e0 \u00e9t\u00e9 mis sur le \u00ab\u00a0visuel\u00a0\u00bb avec des balades dans pr\u00e8s de 27 \u00ab\u00a0centres historiques\u00a0\u00bb de villes ou villages +\/- importants, qui ont \u00e9t\u00e9 explor\u00e9s avec leur ch\u00e2teau, forteresse, abbaye, monast\u00e8re, \u00e9glises, mus\u00e9e, etc&#8230; pour un total (\u00e0 pied) de 116km et 190.000 pas. Le tout pour un budget proche de <strong>110\u20ac\/pers. <\/strong><strong><br \/>\n<\/strong><\/li>\n<\/ul>\n<ul>\n<li><strong>Le budget global<\/strong> de 4800\u20ac dans NOS conditions choisies et assum\u00e9es, soit 1600\u20ac\/adulte. Bien s\u00fbr il est possible de r\u00e9duire ce budget pour l\u2019adapter \u00e0 d\u2019autres choix.<\/li>\n<\/ul>\n<ul>\n<li><strong>La pr\u00e9paration<\/strong> : premier projet \u00e9bauch\u00e9 fin 2019 pour printemps 2021&#8230; puis d\u00e9cal\u00e9 cause Covid.<\/li>\n<\/ul>\n<ul>\n<li><strong>Les \u00ab\u00a0bons points\u00a0\u00bb<\/strong> : la m\u00e9t\u00e9o tr\u00e8s favorable partout, chaude les derniers jours mais supportable.\u00a0 La nature et les fleurs en cette saison sauf que visuellement ce n&rsquo;est pas la Toscane ! et que le Salento a perdu\u00a0 (depuis 2013) la plupart de ses oliviers atteints de maladie (donc leur richesse $$ et beaut\u00e9 du paysage). L\u2019histoire, l\u2019architecture, les monuments majeurs sont int\u00e9ressants et les gens sont tr\u00e8s sympas et serviables. Une belle d\u00e9couverte de cette r\u00e9gion.<\/li>\n<\/ul>\n<ul>\n<li><strong>Les \u00ab rat\u00e9s \u00bb<\/strong> : un seul, en route de Lecce vers Matera avec pluie\/orage et certains sites ferm\u00e9s ou villes peu attractives (le J11 mercredi 07\/06 : Manduria, San Cosimo, Massafra, Laterza).<\/li>\n<li>Et 1\/2 journ\u00e9e all\u00e9g\u00e9e (le J05 jeudi 01\/06 visite de Tarente zapp\u00e9e pour all\u00e9ger le timing).<\/li>\n<li>Et 1\/2 journ\u00e9e all\u00e9g\u00e9e (le J14 samedi 10\/06, idem orage en +), de Matera \u00e0 Castel del Monte (Altamura et Gravina ont \u00e9t\u00e9 zapp\u00e9s).<\/li>\n<\/ul>\n<ul>\n<li>Pr\u00e8s de <strong>2000 photos<\/strong> avec un reflex Sony Alpha 68 (pour Fabien) dont quelques unes prises par moi avec un compact (Canon SX620HS \u2013 zoom de x25). Aucune retouche effectu\u00e9e sur les photos du blog et du CR. <span style=\"color: #0000ff\">Environ 490 sont en ligne<\/span> au final), cliquez dessus pour les voir compl\u00e8tement.<\/li>\n<\/ul>\n<p>Bonne lecture. <em>Jean et Fabien.<\/em><\/p>\n<p>Cartes ci-dessous (cliquer pour agrandir) :<\/p>\n\n\t\t<style type=\"text\/css\">\n\t\t\t#gallery-1 {\n\t\t\t\tmargin: auto;\n\t\t\t}\n\t\t\t#gallery-1 .gallery-item {\n\t\t\t\tfloat: left;\n\t\t\t\tmargin-top: 10px;\n\t\t\t\ttext-align: center;\n\t\t\t\twidth: 33%;\n\t\t\t}\n\t\t\t#gallery-1 img {\n\t\t\t\tborder: 2px solid #cfcfcf;\n\t\t\t}\n\t\t\t#gallery-1 .gallery-caption {\n\t\t\t\tmargin-left: 0;\n\t\t\t}\n\t\t\t\/* see gallery_shortcode() in wp-includes\/media.php *\/\n\t\t<\/style>\n\t\t<div id='gallery-1' class='gallery galleryid-5 gallery-columns-3 gallery-size-thumbnail'><dl class='gallery-item'>\n\t\t\t<dt class='gallery-icon landscape'>\n\t\t\t\t<a href='https:\/\/blogs.crespel.me\/italie2023\/carte-personnalisee-2\/'><img loading=\"lazy\" decoding=\"async\" width=\"150\" height=\"150\" src=\"https:\/\/blogs.crespel.me\/italie2023\/wp-content\/uploads\/sites\/19\/2023\/04\/carte-personnalisee-2-150x150.jpg\" class=\"attachment-thumbnail size-thumbnail\" alt=\"\" \/><\/a>\n\t\t\t<\/dt><\/dl><dl class='gallery-item'>\n\t\t\t<dt class='gallery-icon landscape'>\n\t\t\t\t<a href='https:\/\/blogs.crespel.me\/italie2023\/carte-generale-2\/'><img loading=\"lazy\" decoding=\"async\" width=\"150\" height=\"150\" src=\"https:\/\/blogs.crespel.me\/italie2023\/wp-content\/uploads\/sites\/19\/2023\/04\/carte-generale-2-150x150.jpg\" class=\"attachment-thumbnail size-thumbnail\" alt=\"\" \/><\/a>\n\t\t\t<\/dt><\/dl>\n\t\t\t<br style='clear: both' \/>\n\t\t<\/div>\n\n","protected":false},"excerpt":{"rendered":"<p>Ce blog est le compte-rendu d\u2019un voyage de 15 jours tout au bout de l&rsquo;Italie c\u00f4t\u00e9 Adriatique (les Pouilles) \u00e0 compter du Samedi 27\u2026 Mai 2023 : en 5 villes \u00e9tapes d\u00e9taill\u00e9es en partie Blog (en boucle dans le sens horaire) \u00e0 travers la r\u00e9gion de Bari Est, la terre des Trulli, le Salento, Matera [&hellip;]<\/p>\n","protected":false},"author":1,"featured_media":153,"parent":0,"menu_order":0,"comment_status":"closed","ping_status":"closed","template":"","meta":{"footnotes":""},"class_list":["post-5","page","type-page","status-publish","has-post-thumbnail","hentry"],"_links":{"self":[{"href":"https:\/\/blogs.crespel.me\/italie2023\/wp-json\/wp\/v2\/pages\/5","targetHints":{"allow":["GET"]}}],"collection":[{"href":"https:\/\/blogs.crespel.me\/italie2023\/wp-json\/wp\/v2\/pages"}],"about":[{"href":"https:\/\/blogs.crespel.me\/italie2023\/wp-json\/wp\/v2\/types\/page"}],"author":[{"embeddable":true,"href":"https:\/\/blogs.crespel.me\/italie2023\/wp-json\/wp\/v2\/users\/1"}],"replies":[{"embeddable":true,"href":"https:\/\/blogs.crespel.me\/italie2023\/wp-json\/wp\/v2\/comments?post=5"}],"version-history":[{"count":37,"href":"https:\/\/blogs.crespel.me\/italie2023\/wp-json\/wp\/v2\/pages\/5\/revisions"}],"predecessor-version":[{"id":771,"href":"https:\/\/blogs.crespel.me\/italie2023\/wp-json\/wp\/v2\/pages\/5\/revisions\/771"}],"wp:featuredmedia":[{"embeddable":true,"href":"https:\/\/blogs.crespel.me\/italie2023\/wp-json\/wp\/v2\/media\/153"}],"wp:attachment":[{"href":"https:\/\/blogs.crespel.me\/italie2023\/wp-json\/wp\/v2\/media?parent=5"}],"curies":[{"name":"wp","href":"https:\/\/api.w.org\/{rel}","templated":true}]}}