{"id":6,"date":"2019-04-27T22:30:52","date_gmt":"2019-04-27T20:30:52","guid":{"rendered":"https:\/\/blogs.crespel.me\/italie2019\/?page_id=6"},"modified":"2026-03-30T14:46:21","modified_gmt":"2026-03-30T12:46:21","slug":"presentation","status":"publish","type":"page","link":"https:\/\/blogs.crespel.me\/italie2019\/","title":{"rendered":"Pr\u00e9sentation"},"content":{"rendered":"<p><strong>Ce blog est le compte rendu d\u2019un voyage de 16 jours en Italie du Nord \u00e0 compter du Vendredi 10\u2026 Mai 2019 : en 10 villes \u00e9tapes d\u00e9taill\u00e9es en partie Blog (dans le sens Ouest\/Est en Toscane, Emilie-Romagne et V\u00e9n\u00e9tie: Lucques &#8211; Volterra &#8211; San Gimignano- Sienne &#8211; Pienza &#8211; Arezzo &#8211; Ravenne &#8211; Bologne &#8211; Ferrare &#8211; Venise).<\/strong><\/p>\n<p>La photo ci-dessus prise sur les \u00ab\u00a0Crete Senesi\u00a0\u00bb entre Sienne et Pienza, est repr\u00e9sentative des paysages de Toscane au Sud de Florence.<\/p>\n<p><em><strong>Carte 1<\/strong> de Florence \u00e0 Arezzo J01 \u00e0 J09: non d\u00e9taill\u00e9e, cliquer dessus pour agrandir.<br \/>\n<\/em><\/p>\n<p><em><strong>Carte 2<\/strong> de Ravenne \u00e0 Venise J10 \u00e0 J14: non d\u00e9taill\u00e9e, cliquer dessus pour agrandir.<\/em><\/p>\n\n\t\t<style type=\"text\/css\">\n\t\t\t#gallery-1 {\n\t\t\t\tmargin: auto;\n\t\t\t}\n\t\t\t#gallery-1 .gallery-item {\n\t\t\t\tfloat: left;\n\t\t\t\tmargin-top: 10px;\n\t\t\t\ttext-align: center;\n\t\t\t\twidth: 50%;\n\t\t\t}\n\t\t\t#gallery-1 img {\n\t\t\t\tborder: 2px solid #cfcfcf;\n\t\t\t}\n\t\t\t#gallery-1 .gallery-caption {\n\t\t\t\tmargin-left: 0;\n\t\t\t}\n\t\t\t\/* see gallery_shortcode() in wp-includes\/media.php *\/\n\t\t<\/style>\n\t\t<div id='gallery-1' class='gallery galleryid-6 gallery-columns-2 gallery-size-thumbnail'><dl class='gallery-item'>\n\t\t\t<dt class='gallery-icon landscape'>\n\t\t\t\t<a href='https:\/\/blogs.crespel.me\/italie2019\/wp-content\/uploads\/sites\/14\/2019\/05\/Photo-Toscane-Plan1.jpg'><img loading=\"lazy\" decoding=\"async\" width=\"150\" height=\"150\" src=\"https:\/\/blogs.crespel.me\/italie2019\/wp-content\/uploads\/sites\/14\/2019\/05\/Photo-Toscane-Plan1-150x150.jpg\" class=\"attachment-thumbnail size-thumbnail\" alt=\"\" \/><\/a>\n\t\t\t<\/dt><\/dl><dl class='gallery-item'>\n\t\t\t<dt class='gallery-icon landscape'>\n\t\t\t\t<a href='https:\/\/blogs.crespel.me\/italie2019\/wp-content\/uploads\/sites\/14\/2019\/05\/Photo-Toscane-Plan2.jpg'><img loading=\"lazy\" decoding=\"async\" width=\"150\" height=\"150\" src=\"https:\/\/blogs.crespel.me\/italie2019\/wp-content\/uploads\/sites\/14\/2019\/05\/Photo-Toscane-Plan2-150x150.jpg\" class=\"attachment-thumbnail size-thumbnail\" alt=\"\" \/><\/a>\n\t\t\t<\/dt><\/dl><br style=\"clear: both\" \/>\n\t\t<\/div>\n\n<p><strong>Mon fichier<\/strong> de travail (planning\/timing) origine Excel, version Pdf:<\/p>\n<p><a href=\"https:\/\/blogs.crespel.me\/italie2019\/files\/2019\/05\/Toscane-Mai-2019-de-Florence-\u00e0-Venise-17j.pdf\"><span style=\"color: #ff0000\">Toscane Mai 2019 de Florence \u00e0 Venise 17j<\/span><\/a><\/p>\n<ul>\n<li><strong>Qui<\/strong> : 3 adultes (parents 71\/67 ans et fils 31 ans).<\/li>\n<\/ul>\n<ul>\n<li><strong>Y aller<\/strong> : vols Brussels Airlines, Aller Bruxelles\/Florence en 1h45, retour Venise\/Bruxelles en 1h45 sur Airbus A319 (soit <strong>213\u20ac<\/strong>\/pers. achet\u00e9s en fin-septembre 2018- avec 1 unique bagage soute 23kg inclus, bagages cabines Std, choix de place* pour info <strong>295\u20ac<\/strong> en fin-d\u00e9cembre et <strong>377\u20ac<\/strong> \u00e0 10 jours du d\u00e9part).<\/li>\n<\/ul>\n<ul>\n<li><strong>Se d\u00e9placer<\/strong> : location voiture sur Internet\/Carigami (ex locationdevoiture.fr ) d\u00e9part Florence a\u00e9roport\/retour Venise a\u00e9roport \u00e0 <strong>221\u20ac<\/strong>\/14 jours + One Way \u00e0 85\u20ac en sus (achet\u00e9 fin-septembre 2018 \u00e0 <strong>400\u20ac<\/strong> et ren\u00e9goci\u00e9\/modifi\u00e9 10j avant le d\u00e9part, promo*)- loueur Enterprise\/Locauto via AutoEurope. Mod\u00e8le Polo 70ch de VW (presque neuf- 3300km). Consommation 5,6.L\/100km, soit 61.L\/98\u20ac de super pour 1085km.<\/li>\n<\/ul>\n<ul>\n<li><strong>La route<\/strong> : bon r\u00e9seau d\u2019autoroutes et voies rapides (souvent limit\u00e9es \u00e0 110km\/h voire moins et ponctu\u00e9 de radars et de nombreuses zones de travaux et d&rsquo;abominables raccords sur les viaducs), plus in\u00e9gal pour les autres routes, par contre, certains centre-ville sont inabordables (<span style=\"color: #ff0000\">ZTL interdite aux non-r\u00e9sidents<\/span>\/car pas de place ou pas de parkings, et compliqu\u00e9s). Rues \u00e9troites et \u00e0 90\u00b0 r\u00e9serv\u00e9es aux conducteurs aguerris et aux petites voitures). Les parkings priv\u00e9s\/publics gard\u00e9s ne sont pas \u00e9vidents \u00e0 trouver, quand ils existent. Un bon rep\u00e9rage en amont facilite la t\u00e2che.<\/li>\n<\/ul>\n<ul>\n<li><strong>Les conducteurs Italiens du Nord<\/strong>: bonne surprise, bien plus tol\u00e9rants et bien moins agressifs qu&rsquo;on pourrait le penser&#8230;une anarchie assez cool dans la fa\u00e7on de se garer et de conduire. Les lignes continues, stops et priorit\u00e9s sont th\u00e9oriques&#8230; mais \u00e7a se passe bien.<\/li>\n<\/ul>\n<ul>\n<li><strong>Les 17 nuits d\u2019h\u00f4tels\/appartement\/B and B<\/strong>, consult\u00e9es sur tripadvisor.com, et r\u00e9serv\u00e9es vers fin septembre 2018 sur Booking.com ou en direct (annulables sans frais). Chambre <strong>triple<\/strong>, petits d\u00e9jeuners inclus pour 3= 132\u20ac par nuit en moyenne, mais tous situ\u00e9s dans, ou proches de l\u2019hyper centre des villes pr\u00e8s des sites \u00e0 visiter. Attention, nous avons souvent h\u00e9rit\u00e9 de chambres au 2\u00e8me \u00e9tage sans ascenseur ! \u00e0 tenir compte pour les moins sportifs*.<\/li>\n<\/ul>\n<ul>\n<li><strong>La nourriture<\/strong> : copieux petits d\u00e9jeuners \u00e0 l\u2019h\u00f4tel, en-cas le midi (chips\/tomates\/fruits voire soupe ! ), restos le soir (56\u20ac\/3 pers. en moyenne avec boissons), assez bonne surprise surtout avec 2 v\u00e9g\u00e9tarien\/Vegan !<\/li>\n<\/ul>\n<ul>\n<li><strong>Les visites<\/strong>: voir le d\u00e9tail au jour le jour, et en partie 3. Budget on\u00e9reux proche de 176\u20ac\/pers.<\/li>\n<\/ul>\n<ul>\n<li><strong>Le budget global<\/strong> de 5575.\u20ac dans NOS conditions choisies et assum\u00e9es, soit 1860.\u20ac\/adulte. Bien s\u00fbr il est possible de r\u00e9duire ce budget pour l&rsquo;adapter \u00e0 d&rsquo;autres choix.<\/li>\n<\/ul>\n<ul>\n<li><strong>La pr\u00e9paration<\/strong> : projet \u00e9bauch\u00e9 d\u00e9but 2017 mais finalis\u00e9 en\u00a0 08\/2018 avec cartes routi\u00e8res, guides \u00ab Voir \u00bb et \u00ab\u00a0Vert\u00a0\u00bb, internet et \u00ab voyage forum.com \u00bb, avis publics ou priv\u00e9s (l&rsquo;Ami Vazyvite, Mathilde, et autres).<\/li>\n<\/ul>\n<ul>\n<li><strong>La Non pr\u00e9paration<\/strong> : Mai est aussi un mois de f\u00eates et manifestations , dont un rallye de Vespa \u00e0 Lucques, les 1000 Miglia vers Pienza, le Giro pr\u00e8s de Bologne (merci Mathilde pour tes alertes&#8230;), une manif \u00e0 Bologne, tout \u00e7a n&rsquo;a pas contrari\u00e9 notre progression !<\/li>\n<\/ul>\n<ul>\n<li><strong>Les \u00ab\u00a0bons points\u00a0\u00bb<\/strong> : M\u00eame si la m\u00e9t\u00e9o de Mai fut assez contrast\u00e9e (mais grand soleil \u00e0 Venise) avec des temp\u00e9ratures assez fra\u00eeches et du vent sur Volterra et San Gimignano, de la pluie vers et \u00e0 Arezzo, la plupart du temps nous sommes pass\u00e9s entre les gouttes. La nature et les fleurs magnifiques en Toscane \u00e0 cette saison. L\u2019histoire, l\u2019architecture, les monuments majeurs sont int\u00e9ressants.<\/li>\n<\/ul>\n<ul>\n<li><strong>Les \u00ab\u00a0rat\u00e9s\u00a0\u00bb<\/strong>: Lucignano et Monte San Savino (entre Pienza et Arezzo) ont \u00e9t\u00e9 zapp\u00e9s \u00e0 cause de la pluie. La visite de la collection Panini\/Maserati (pr\u00e8s de Mod\u00e8ne) cause timing trop charg\u00e9.<\/li>\n<\/ul>\n<ul>\n<li>Pr\u00e8s de 3150 photos avec un reflex Konica Minolta Dynax 5D (pour Fabien) dont quelques unes prises par moi avec un compact Canon SX620HS \u2013 zoom de x25). Aucune retouche effectu\u00e9e sur les photos du blog et du CR. Pr\u00e8s de 560 sont en ligne.<\/li>\n<\/ul>\n<p>Bonne lecture. <em>Fabien et Jean.<\/em><\/p>\n","protected":false},"excerpt":{"rendered":"<p>Ce blog est le compte rendu d\u2019un voyage de 16 jours en Italie du Nord \u00e0 compter du Vendredi 10\u2026 Mai 2019 : en 10 villes \u00e9tapes d\u00e9taill\u00e9es en partie Blog (dans le sens Ouest\/Est en Toscane, Emilie-Romagne et V\u00e9n\u00e9tie: Lucques &#8211; Volterra &#8211; San Gimignano- Sienne &#8211; Pienza &#8211; Arezzo &#8211; Ravenne &#8211; Bologne [&hellip;]<\/p>\n","protected":false},"author":2,"featured_media":54,"parent":0,"menu_order":0,"comment_status":"closed","ping_status":"closed","template":"","meta":{"footnotes":""},"class_list":["post-6","page","type-page","status-publish","has-post-thumbnail","hentry"],"_links":{"self":[{"href":"https:\/\/blogs.crespel.me\/italie2019\/wp-json\/wp\/v2\/pages\/6","targetHints":{"allow":["GET"]}}],"collection":[{"href":"https:\/\/blogs.crespel.me\/italie2019\/wp-json\/wp\/v2\/pages"}],"about":[{"href":"https:\/\/blogs.crespel.me\/italie2019\/wp-json\/wp\/v2\/types\/page"}],"author":[{"embeddable":true,"href":"https:\/\/blogs.crespel.me\/italie2019\/wp-json\/wp\/v2\/users\/2"}],"replies":[{"embeddable":true,"href":"https:\/\/blogs.crespel.me\/italie2019\/wp-json\/wp\/v2\/comments?post=6"}],"version-history":[{"count":19,"href":"https:\/\/blogs.crespel.me\/italie2019\/wp-json\/wp\/v2\/pages\/6\/revisions"}],"predecessor-version":[{"id":940,"href":"https:\/\/blogs.crespel.me\/italie2019\/wp-json\/wp\/v2\/pages\/6\/revisions\/940"}],"wp:featuredmedia":[{"embeddable":true,"href":"https:\/\/blogs.crespel.me\/italie2019\/wp-json\/wp\/v2\/media\/54"}],"wp:attachment":[{"href":"https:\/\/blogs.crespel.me\/italie2019\/wp-json\/wp\/v2\/media?parent=6"}],"curies":[{"name":"wp","href":"https:\/\/api.w.org\/{rel}","templated":true}]}}