{"id":15,"date":"2019-04-27T22:38:08","date_gmt":"2019-04-27T20:38:08","guid":{"rendered":"https:\/\/blogs.crespel.me\/italie2019\/?page_id=15"},"modified":"2019-07-04T14:44:20","modified_gmt":"2019-07-04T12:44:20","slug":"annexes","status":"publish","type":"page","link":"https:\/\/blogs.crespel.me\/italie2019\/annexes\/","title":{"rendered":"Annexes"},"content":{"rendered":"<div class=\"entry-content\">\n<h2><strong>PARTIE 3\u00a0: Annexes (h\u00f4tels, repas, visites).<\/strong><\/h2>\n<p><span style=\"color: #ff0000\"><strong>Les 10\/11 h\u00f4tels\/B and B\/Appartement<\/strong><\/span>: r\u00e9serv\u00e9s 7 mois \u00e0 l\u2019avance (vers fin Septembre pour Mai suivant), non pay\u00e9s et annulables sans frais pour la plupart.<\/p>\n<ol>\n<li>Localis\u00e9s dans ou pr\u00e8s de l\u2019hyper-centre des villes , ZTL ou non\u2026 donc au plus pr\u00e8s des sites \u00e0 visiter \u00e0 pieds (via google\u2026maps).<\/li>\n<li>S\u00e9lectionn\u00e9s suite aux avis de tripadvisor.<\/li>\n<li>R\u00e9serv\u00e9s en direct (de pr\u00e9f\u00e9rence) ou sur booking.com.<\/li>\n<li>contrainte de chambre triple pour 3 adultes.<\/li>\n<li>avec les 3 petits d\u00e9jeuners.<\/li>\n<li>parking\/garage sur place ou assez proche (\u00e0 pieds avec valises).<\/li>\n<\/ol>\n<p>Aucune d\u00e9ception malgr\u00e9 les disparit\u00e9s de style et de prix (85 \u00e0 161\u20ac, moyenne 132\u20ac\/nuit dans les conditions ci-dessus), <span style=\"color: #0000ff\"><em>et mon avis (avec photos) consultable sur tripadvisor pour ceux-ci; cliquer sur les liens<\/em><em> ci-dessous:<\/em><\/span><\/p>\n<ul>\n<li><a href=\"https:\/\/www.tripadvisor.fr\/ShowUserReviews-g227587-d300338-r677610868-Ibis_Budget_Brussels_Airport-Diegem_Flemish_Brabant_Province.html\">H\u00f4tel Ibis budget airport<\/a> Zaventem (nuit avant l&rsquo;envol) \u00e0 Bruxelles.<\/li>\n<li><a href=\"https:\/\/www.tripadvisor.fr\/ShowUserReviews-g187898-d672544-r677616531-Hotel_Stipino-Lucca_Province_of_Lucca_Tuscany.html\">H\u00f4tel Stipino<\/a> (2 nuits) \u00e0 Lucques, juste \u00e0 l&rsquo;ext\u00e9rieur des remparts, parking priv\u00e9.<\/li>\n<li><a href=\"https:\/\/www.tripadvisor.fr\/ShowUserReviews-g194951-d253789-r677622937-Hotel_Etruria-Volterra_Province_of_Pisa_Tuscany.html\">H\u00f4tel Albergo Etruria<\/a> (1 nuit) \u00e0 Volterra centre, parking \u00e0 250m. Via Booking.<\/li>\n<li><a href=\"https:\/\/www.tripadvisor.fr\/ShowUserReviews-g187901-d1443331-r677631082-Residenza_d_Epoca_Palazzo_Buonaccorsi-San_Gimignano_Tuscany.html\">BandB r\u00e9sidence d&rsquo;Epoca<\/a> (1 nuit) \u00e0 San Gimignano centre, parking \u00e0 300m. Via Booking.<\/li>\n<li><a href=\"https:\/\/www.tripadvisor.fr\/ShowUserReviews-g187902-d233500-r677758958-Hotel_Minerva-Siena_Tuscany.html\">H\u00f4tel Le Minerva<\/a> (2 nuits) \u00e0 Sienne, juste en bordure de ZTL, garage.<\/li>\n<li><a href=\"https:\/\/www.tripadvisor.fr\/ShowUserReviews-g644280-d1026972-r677775488-Camere_il_Giglio-Pienza_Tuscany.html\">BandB Il Giglio<\/a> (2 nuits) \u00e0 Pienza centre, appartement 2ch, parking \u00e0 270m. Via Booking.<\/li>\n<li><a href=\"https:\/\/www.tripadvisor.fr\/ShowUserReviews-g194673-d2104023-r677790816-Palazzo_dei_Bostoli-Arezzo_Province_of_Arezzo_Tuscany.html\">BandB Palazzo dei Bostoli<\/a> (1 nuit) \u00e0 Arezzo centre, parking \u00e0 400m.<\/li>\n<li><a href=\"https:\/\/www.tripadvisor.fr\/ShowUserReviews-g187806-d3380808-r677796393-Ai_Giardini_di_San_Vitale-Ravenna_Province_of_Ravenna_Emilia_Romagna.html\">BandB Giardini di San Vitale<\/a> (1 nuit) \u00e0 Ravenne centre, parking priv\u00e9.<\/li>\n<li><a href=\"https:\/\/www.tripadvisor.fr\/ShowUserReviews-g187801-d236518-r677825818-Hotel_Palace-Bologna_Province_of_Bologna_Emilia_Romagna.html\">H\u00f4tel Palace<\/a> (2 nuits) \u00e0 Bologne centre, garage.<\/li>\n<li><a href=\"https:\/\/www.tripadvisor.fr\/ShowUserReviews-g194760-d612613-r677833237-Dolcemela-Ferrara_Province_of_Ferrara_Emilia_Romagna.html\">BandB Dolcemela<\/a> (1 nuit) \u00e0 Ferrare centre, garage.<\/li>\n<li>LocAppart <a href=\"http:\/\/www.locappart.com\/location-appartement\/italie\/venise\/sant-agostino?category=appartement-2-personnes\">Sant&rsquo;Agostino<\/a> (3 nuits) \u00e0 Venise San Polo, appartement 1ch. D\u00e9j\u00e0 occup\u00e9 en 2008.<\/li>\n<\/ul>\n<p>&nbsp;<\/p>\n<p><span style=\"color: #ff0000\"><strong>Les repas<\/strong><\/span>: copieux petits d\u00e9jeuners \u00e0 l\u2019h\u00f4tel, pique-nique le midi (chips, tomates, fruits, soupe, resto \u00e0 l\u2019occasion), mais restaurant le soir (au feeling + tripadvisor) avec contrainte de 2 v\u00e9g\u00e9\/vegan ! aucune d\u00e9ception (ou presque&#8230;) et c\u2019est globalement \u00e0 prix \u00ab raisonnable \u00bb (22 restos \u00e0 56\u20ac de moyenne pour 3 personnes, avec desserts et boissons, soit 19\u20ac par t\u00eate).<\/p>\n<ul>\n<li><strong>Noter<\/strong> que TOUS proposent un ou plusieurs plats V\u00e9g\u00e9tarien\/V\u00e9g\u00e9talien voire Vegan*.<\/li>\n<\/ul>\n<p>Les noms figurent sur le compte rendu de chaque jour<em><span style=\"color: #0000ff\"> et mon avis d\u00e9taill\u00e9 est consultable sur tripadvisor par le lien attach\u00e9.<\/span> <\/em><\/p>\n<p>Par exemple, <strong>notre \u00ab Top 5 \u00bb<\/strong>:<\/p>\n<ul>\n<li>Le meilleur, le dernier soir&#8230; \u00e0 Venise&#8230; et il n&rsquo;est pas Italien : <a href=\"https:\/\/www.tripadvisor.fr\/ShowUserReviews-g187870-d1573934-r678516332-Frary_s-Venice_Veneto.html\">Frary&rsquo;s Cucina Mediterranea,<\/a> quartier San Polo (sp\u00e9cialit\u00e9s arabes, Maroc\/Liban, et Grecques), accueil, service, et plats go\u00fbteux.<em><br \/>\n<\/em><\/li>\n<li>L&rsquo;insolite, l&rsquo;<a href=\"https:\/\/www.tripadvisor.fr\/ShowUserReviews-g187806-d6018416-r678291942-Passatelli-Ravenna_Province_of_Ravenna_Emilia_Romagna.html\">Osteria Pissatelli<\/a> \u00e0 Ravenne, dans un ancien cin\u00e9ma reconverti, superbe d\u00e9co et repas tr\u00e8s correct.<\/li>\n<li>Le <a href=\"https:\/\/www.tripadvisor.fr\/ShowUserReviews-g187902-d7856626-r678242806-Salefino_Vino_e_Cucina-Siena_Tuscany.html\">Salefino<\/a> \u00e0 Sienne pour l&rsquo;accueil et la poire rouge en dessert. Style et ambiance sympa.<\/li>\n<li>Le <a href=\"https:\/\/www.tripadvisor.fr\/ShowUserReviews-g187901-d1479189-r678239062-Ristorante_Peruca-San_Gimignano_Tuscany.html\">Peruc\u00e0<\/a> \u00e0 San Gimignano, salle vout\u00e9e, connu des habitu\u00e9s et des touristes bien inform\u00e9s.<\/li>\n<li>La <a href=\"https:\/\/www.tripadvisor.fr\/ShowUserReviews-g187898-d1459493-r677992658-Gigi_Trattoria-Lucca_Province_of_Lucca_Tuscany.html\">Trattoria Da Gigi<\/a> \u00e0 Lucques \u00e0 l&rsquo;\u00e9cart sur la piazza del Carmine. Excellente cuisine avec plats v\u00e9g\u00e9 de qualit\u00e9.<\/li>\n<\/ul>\n<p>&nbsp;<\/p>\n<p><span style=\"color: #ff0000\"><strong>Les visites<\/strong>:<\/span> quelques r\u00e9servation n\u00e9cessaire (m\u00eame en Mai\u2026): les souterrains \u00e0 Pistoia, les fresques de San Francesco \u00e0 Arezzo, la biblioth\u00e8que Antica \u00e0 Bologne\/universit\u00e9, l&rsquo;Acetaia San Donnino pr\u00e8s de Mod\u00e8ne, <span style=\"color: #ff0000\"><strong>le th\u00e9\u00e2tre anatomique<\/strong> (photo internet ci-dessus) <span style=\"color: #000000\">du palazzo Bo<\/span><\/span> et la chapelle des Scrovegni \u00e0 Padoue, le palais\/mus\u00e9e Ca&rsquo;Rezzonico \u00e0 Venise .<\/p>\n<ul>\n<li>Pr\u00e9voir des chaussures adapt\u00e9es pour les sites en ext\u00e9rieur ou les rues pentues et pav\u00e9es des villes et villages de la Toscane. Une application sur smartphone a quantifi\u00e9 nos exploits p\u00e9destres: <strong>166km<\/strong>\/275.000 de nos pas, et l&rsquo;\u00e9quivalent de <strong>325<\/strong> \u00e9tages mont\u00e9s, sur 16 jours (record de distance \u00e0 Lucques= 14,8km, et d&rsquo;\u00e9tages \u00e0 Sienne + autour de Pienza= 39\/38\/38).<\/li>\n<li>Environ <strong>75 avis<\/strong> \u00ab <em><span style=\"color: #ff0000\">sont maintenant<\/span><\/em> \u00bb d\u00e9pos\u00e9s sur <em><span style=\"color: #0000ff\">tripadvisor,<\/span><\/em> <span style=\"color: #0000ff\"><span style=\"color: #000000\">d&rsquo;autres viendront peut-\u00eatre en compl\u00e9ment<\/span><\/span><span style=\"color: #000000\">:<\/span> cliquer sur les liens pour d\u00e9tails et photos des visites r\u00e9ellement effectu\u00e9es. <em><span style=\"color: #ff0000\">La partie ci-dessous est termin\u00e9e, disponible \u00e0 cette date: 04\/07\/2019.<br \/>\n<\/span><\/em><\/li>\n<\/ul>\n<p><span style=\"color: #ff0000\"><strong>Mes 36 avis sur les visites en Toscane:<\/strong><\/span><\/p>\n<ul>\n<li>\u00e0 <strong>Pistoia <\/strong>: la <a href=\"https:\/\/www.tripadvisor.fr\/ShowUserReviews-g194851-d5011312-r681945537-Piazza_del_Duomo-Pistoia_Province_of_Pistoia_Tuscany.html\">piazza del duomo,<\/a>\u00a0 et la piazza della sala, L&rsquo; <a href=\"https:\/\/www.tripadvisor.fr\/ShowUserReviews-g194851-d318850-r681952923-Ospedale_del_Ceppo-Pistoia_Province_of_Pistoia_Tuscany.html\">Ospedale del Ceppo<\/a>, la Cathedral San Zeno, les <a href=\"https:\/\/www.tripadvisor.fr\/ShowUserReviews-g194851-d6788319-r681939448-Pistoia_Sotterranea-Pistoia_Province_of_Pistoia_Tuscany.html\">Souterrains.<\/a><\/li>\n<li>\u00e0<strong> Lucques <\/strong>: le <a href=\"https:\/\/www.tripadvisor.fr\/ShowUserReviews-g187898-d533619-r682156658-Lucca_s_Duomo_Cattedrale_di_San_Martino-Lucca_Province_of_Lucca_Tuscany.html\">Duomo San Martino<\/a>, la <a href=\"https:\/\/www.tripadvisor.fr\/ShowUserReviews-g187898-d195553-r682097822-Torre_Guinigi-Lucca_Province_of_Lucca_Tuscany.html\">Torre Guinigi<\/a>, la <a href=\"https:\/\/www.tripadvisor.fr\/ShowUserReviews-g187898-d195712-r682160224-Piazza_Anfiteatro-Lucca_Province_of_Lucca_Tuscany.html\">piazza Amphitheatro<\/a>, la <a href=\"https:\/\/www.tripadvisor.fr\/ShowUserReviews-g187898-d312133-r682162942-San_Michele_in_Foro-Lucca_Province_of_Lucca_Tuscany.html\">Chiesa San Michele<\/a> in Foro, les remparts.<\/li>\n<li>\u00e0 <strong>Pise <\/strong>: la <a href=\"https:\/\/www.tripadvisor.fr\/ShowUserReviews-g187899-d2210804-r682385910-Piazza_dei_Miracoli-Pisa_Province_of_Pisa_Tuscany.html\">Piazza dei Miracoli<\/a> (o\u00f9 tout est \u00e0 voir en d\u00e9tail !), la <a href=\"https:\/\/www.tripadvisor.fr\/ShowUserReviews-g187899-d195717-r682437627-Knights_Square-Pisa_Province_of_Pisa_Tuscany.html\">piazza dei Cavalieri,<\/a> le <a href=\"https:\/\/www.tripadvisor.fr\/ShowUserReviews-g187899-d8768904-r682380107-Ponte_di_Mezzo-Pisa_Province_of_Pisa_Tuscany.html\">ponte di Mezzo<\/a>.<\/li>\n<li>\u00e0 <strong>Volterra<\/strong> : la <a href=\"https:\/\/www.tripadvisor.fr\/ShowUserReviews-g194951-d10343477-r682590405-Piazza_dei_Priori-Volterra_Province_of_Pisa_Tuscany.html\">Piazza dei Priori<\/a>, le <a href=\"https:\/\/www.tripadvisor.fr\/ShowUserReviews-g194951-d3317569-r682613373-Museo_Etrusco_Guarnacci-Volterra_Province_of_Pisa_Tuscany.html\">mus\u00e9e Etrusque<\/a>.<\/li>\n<li>\u00e0 <strong>San Gimignano<\/strong> : <a href=\"https:\/\/www.tripadvisor.fr\/ShowUserReviews-g187901-d7359401-r682844934-Historic_Centre_of_San_Gimignano-San_Gimignano_Tuscany.html\">centre historique<\/a>, <a href=\"https:\/\/www.tripadvisor.fr\/ShowUserReviews-g187901-d1598820-r682862388-San_Gimignano_1300-San_Gimignano_Tuscany.html\">miniatures 1300<\/a>, les <a href=\"https:\/\/www.tripadvisor.fr\/ShowUserReviews-g187901-d3407354-r682849250-Torre_e_Casa_Campatelli-San_Gimignano_Tuscany.html\">Torre\/Casa Campatelli<\/a>, et <a href=\"https:\/\/www.tripadvisor.fr\/ShowUserReviews-g187901-d6868703-r682858049-Torre_Salvucci_Maggiore-San_Gimignano_Tuscany.html\">Torre Salvucci<\/a>, La <a href=\"https:\/\/www.tripadvisor.fr\/ShowUserReviews-g187901-d12473960-r682865525-Piazza_Sant_Agostino-San_Gimignano_Tuscany.html\">piazza Sant&rsquo;Agostino<\/a>.<\/li>\n<li>\u00e0 <strong>Monteriggioni : <\/strong>le <a href=\"https:\/\/www.tripadvisor.fr\/ShowUserReviews-g227886-d9811032-r682874707-Centro_storico_di_Monteriggioni-Monteriggioni_Tuscany.html\">centre historique<\/a><strong><br \/>\n<\/strong><\/li>\n<li>\u00e0 <strong>Sienne <\/strong>: le <a href=\"https:\/\/www.tripadvisor.fr\/ShowUserReviews-g187902-d207831-r683422099-Duomo_di_Siena-Siena_Tuscany.html\">complexe du Duomo<\/a>, la <a href=\"https:\/\/www.tripadvisor.fr\/ShowUserReviews-g187902-d195555-r683388952-Piazza_del_Campo-Siena_Tuscany.html\">piazza del campo<\/a>, le <a href=\"https:\/\/www.tripadvisor.fr\/ShowUserReviews-g187902-d4378693-r683649006-Centro_Storico_di_Siena-Siena_Tuscany.html\">centre historique<\/a>, le <a href=\"https:\/\/www.tripadvisor.fr\/ShowUserReviews-g187902-d305836-r683633082-Palazzo_Pubblico_and_Museo_Civico-Siena_Tuscany.html\">palazzo Publico<\/a> et son mus\u00e9e.<\/li>\n<li>aux <strong>Crete Senesi<\/strong> : <a href=\"https:\/\/www.tripadvisor.fr\/ShowUserReviews-g644269-d3450926-r682894948-Crete_Senesi-Asciano_Tuscany.html\">route panoramique<\/a>. L&rsquo;abbaye de <a href=\"https:\/\/www.tripadvisor.fr\/ShowUserReviews-g644269-d246535-r683230119-Abbazia_di_Monte_Oliveto_Maggiore-Asciano_Tuscany.html\">Monte Olivetto<\/a>, \u00e0 Trequanda: <a href=\"https:\/\/www.tripadvisor.fr\/ShowUserReviews-g644285-d6754815-r683196830-Chiesa_dei_santi_Pietro_e_Andrea-Trequanda_Tuscany.html\">l&rsquo;\u00e9glise<\/a>.<em><br \/>\n<\/em><\/li>\n<li>\u00e0 <strong>Pienza<\/strong>: le palazzo <a href=\"https:\/\/www.tripadvisor.fr\/ShowUserReviews-g644280-d3806116-r683095178-Palazzo_Piccolomini-Pienza_Tuscany.html\">Piccolomini<\/a>, la place et le <a href=\"https:\/\/www.tripadvisor.fr\/ShowUserReviews-g644280-d1594060-r683088547-Piazza_Pio_II-Pienza_Tuscany.html\">centre historique<\/a>.<em><br \/>\n<\/em><\/li>\n<li>en boucle autour de <strong>Pienza<\/strong>: le village de <a href=\"https:\/\/www.tripadvisor.fr\/ShowUserReviews-g644280-d10755091-r683101540-Monticchiello-Pienza_Tuscany.html\">Montichiello<\/a>, \u00e0 Montepulciano: la piazza Grande<a href=\"https:\/\/www.tripadvisor.fr\/ShowUserReviews-g194833-d15123389-r683114164-Centro_storico-Montepulciano_Tuscany.html\">\/centre historique<\/a> et la <a href=\"https:\/\/www.tripadvisor.fr\/ShowUserReviews-g194833-d312131-r683106667-Tempio_di_San_Biagio-Montepulciano_Tuscany.html\">Chiesa San Bagio<\/a>, Montalcino, l&rsquo;abbaye de <a href=\"https:\/\/www.tripadvisor.fr\/ShowUserReviews-g4359515-d242262-r683211270-Abbazia_di_Sant_Antimo-Castelnuovo_dell_Abate_Montalcino_Tuscany.html\">Sant&rsquo;Antimo<\/a>. San Quirico d&rsquo;Orcia, le <a href=\"https:\/\/www.tripadvisor.fr\/ShowUserReviews-g187893-d501842-r682899012-Val_d_Orcia-Tuscany.html\">Val D&rsquo;Orcia<\/a> , <a href=\"https:\/\/www.tripadvisor.fr\/ShowUserReviews-g668220-d8633819-r683185415-Parco_dei_Mulini-Bagno_Vignoni_Tuscany.html\">Bagno Vignoni<\/a>, <a href=\"https:\/\/www.tripadvisor.fr\/ShowUserReviews-g668228-d3809087-r683191745-Fosso_Bianco_Bagni_San_Filippo-Bagni_di_San_Filippo_Tuscany.html\">Bagni San Filipo<\/a>.<em><br \/>\n<\/em><\/li>\n<li>\u00e0 <strong>Arezzo<\/strong>: la <a href=\"https:\/\/www.tripadvisor.fr\/ShowUserReviews-g194673-d2348082-r683347746-Piazza_Grande-Arezzo_Province_of_Arezzo_Tuscany.html\">piazza Grande<\/a>, la chiesa <a href=\"https:\/\/www.tripadvisor.fr\/ShowUserReviews-g194673-d195348-r683355437-Church_of_San_Francesco_Arezzo-Arezzo_Province_of_Arezzo_Tuscany.html\">San Francesco<\/a>.<em><br \/>\n<\/em><\/li>\n<\/ul>\n<p><span style=\"color: #ff0000\"><strong>Mes 27 avis sur les visites en Emilie-Romagne:<\/strong><\/span><\/p>\n<ul>\n<li>\u00e0 <strong>Ravenne: <\/strong>la Basilique <a href=\"https:\/\/www.tripadvisor.fr\/ShowUserReviews-g187806-d246314-r683875760-Basilica_San_Vitale-Ravenna_Province_of_Ravenna_Emilia_Romagna.html\">San Vitale<\/a>, le mausol\u00e9e de <a href=\"https:\/\/www.tripadvisor.fr\/ShowUserReviews-g187806-d246315-r684142704-Mausoleo_di_Galla_Placidia-Ravenna_Province_of_Ravenna_Emilia_Romagna.html\">Galla Placidia<\/a>, le <a href=\"https:\/\/www.tripadvisor.fr\/ShowUserReviews-g187806-d2081588-r684144823-Battistero_degli_Ariani-Ravenna_Province_of_Ravenna_Emilia_Romagna.html\">Baptist\u00e8re des Ariens<\/a>, <a href=\"https:\/\/www.tripadvisor.fr\/ShowUserReviews-g187806-d4289751-r684147280-Basilica_di_San_Francesco_Ravenna-Ravenna_Province_of_Ravenna_Emilia_Romagna.html\">San Francesco<\/a>, la tombe<a href=\"https:\/\/www.tripadvisor.fr\/ShowUserReviews-g187806-d243337-r684149209-Dante_s_tomb_and_Quadrarco_of_Braccioforte-Ravenna_Province_of_Ravenna_Emilia_Rom.html\"> de Dante<\/a>, la Basilique <a href=\"https:\/\/www.tripadvisor.fr\/ShowUserReviews-g187806-d736219-r684160557-Basilica_di_Sant_Apollinare_Nuovo-Ravenna_Province_of_Ravenna_Emilia_Romagna.html\">Sant&rsquo;Appolinare Nuovo<\/a>, le Baptist\u00e8re <a href=\"https:\/\/www.tripadvisor.fr\/ShowUserReviews-g187806-d243359-r684156590-Battistero_Neoniano_Battistero_degli_Ortodossi-Ravenna_Province_of_Ravenna_Emilia.html\">N\u00e9onien<\/a>, le <a href=\"https:\/\/www.tripadvisor.fr\/ShowUserReviews-g187806-d4281561-r684166498-Duomo_di_Ravenna-Ravenna_Province_of_Ravenna_Emilia_Romagna.html\">Duomo<\/a>, la biblioth\u00e8que <a href=\"https:\/\/www.tripadvisor.fr\/ShowUserReviews-g187806-d9796532-r684162250-Istituzione_Biblioteca_Classense-Ravenna_Province_of_Ravenna_Emilia_Romagna.html\">Antica Libreria<\/a>.<em><br \/>\n<\/em><\/li>\n<li>entre <strong>Ravenne et Bologne<\/strong>: la Basilique <a href=\"https:\/\/www.tripadvisor.fr\/ShowUserReviews-g1602466-d243357-r684487070-Basilica_di_Sant_Apollinare_in_Classe-Classe_Province_of_Ravenna_Emilia_Romagna.html\">Sant&rsquo;Appolinare in Classe<\/a>, le <a href=\"https:\/\/www.tripadvisor.fr\/ShowUserReviews-g194780-d3253241-r684491622-Autodromo_Internazionale_Enzo_e_Dino_Ferrari-Imola_Province_of_Bologna_Emilia_Ro.html\">circuit d&rsquo;Imola<\/a>, le village de <a href=\"https:\/\/www.tripadvisor.fr\/ShowUserReviews-g1081288-d7104573-r684497466-Murales_di_Dozza-Dozza_Province_of_Bologna_Emilia_Romagna.html\">Dozza<\/a>.<em><br \/>\n<\/em><\/li>\n<li>\u00e0 <strong>Bologne<\/strong> : la <a href=\"https:\/\/www.tripadvisor.fr\/ShowUserReviews-g187801-d246302-r684674299-Piazza_Maggiore-Bologna_Province_of_Bologna_Emilia_Romagna.html\">piazza Maggiore<\/a>, la <a href=\"https:\/\/www.tripadvisor.fr\/ShowUserReviews-g187801-d1906729-r684752690-Fontana_del_Nettuno-Bologna_Province_of_Bologna_Emilia_Romagna.html\">fontaine de Neptune<\/a>, le complexe <a href=\"https:\/\/www.tripadvisor.fr\/ShowUserReviews-g187801-d246304-r684688878-Basilica_Santuario_di_Santo_Stefano-Bologna_Province_of_Bologna_Emilia_Romagna.html\">Santo Stefano<\/a>, le <a href=\"https:\/\/www.tripadvisor.fr\/ShowUserReviews-g187801-d243369-r684670994-Torri_degli_Asinelli_e_Garisenda-Bologna_Province_of_Bologna_Emilia_Romagna.html\">Due Torri.<\/a> Les Basiliques <a href=\"https:\/\/www.tripadvisor.fr\/ShowUserReviews-g187801-d243355-r684694468-Basilica_di_San_Petronio-Bologna_Province_of_Bologna_Emilia_Romagna.html\">San Petronio<\/a> et <a href=\"https:\/\/www.tripadvisor.fr\/ShowUserReviews-g187801-d243352-r684702678-Basilica_di_San_Domenico-Bologna_Province_of_Bologna_Emilia_Romagna.html\">San Domenico<\/a>, la <a href=\"https:\/\/www.tripadvisor.fr\/ShowUserReviews-g187801-d2085958-r684708886-Biblioteca_Universitaria_di_Bologna-Bologna_Province_of_Bologna_Emilia_Romagna.html\">biblioth\u00e8que Antica<\/a> de l&rsquo;Universit\u00e9. L&rsquo;oratorio di <a href=\"https:\/\/www.tripadvisor.fr\/ShowUserReviews-g187801-d6550602-r684717173-Oratorio_Di_Santa_Cecilia-Bologna_Province_of_Bologna_Emilia_Romagna.html\">Santa Cecilia<\/a>.<em><br \/>\n<\/em><\/li>\n<li>\u00e0, et pr\u00e8s de <strong>Mod\u00e8ne :<\/strong> L&rsquo; <a href=\"https:\/\/www.tripadvisor.fr\/ShowUserReviews-g187803-d1937925-r684893537-Acetaia_Villa_San_Donnino-Modena_Province_of_Modena_Emilia_Romagna.html\">Acetaia San Donnino<\/a>, le Museo <a href=\"https:\/\/www.tripadvisor.fr\/ShowUserReviews-g187803-d2693933-r684897240-Museo_Casa_Enzo_Ferrari-Modena_Province_of_Modena_Emilia_Romagna.html\">Enzo et Dino Ferrari<\/a>, le Museo Panini\/Maserati, le <a href=\"https:\/\/www.tripadvisor.fr\/ShowUserReviews-g187803-d14072805-r684936080-Centro_Storico-Modena_Province_of_Modena_Emilia_Romagna.html\">Centro Storico<\/a> et le <a href=\"https:\/\/www.tripadvisor.fr\/ShowUserReviews-g187803-d1899796-r684927673-Duomo_di_Modena-Modena_Province_of_Modena_Emilia_Romagna.html\">Duomo<\/a> di Modena. Le Museo<a href=\"https:\/\/www.tripadvisor.fr\/ShowUserReviews-g2034170-d2032454-r684948857-Lamborghini_Museum-Sant_Agata_Bolognese_Province_of_Bologna_Emilia_Romagna.html\"> Lamborghini.<\/a><em><strong><br \/>\n<\/strong><\/em><\/li>\n<li>\u00e0<strong> Ferrare : <\/strong>le <a href=\"https:\/\/www.tripadvisor.fr\/ShowUserReviews-g194760-d7181291-r684960135-Centro_Storico_Ferrara-Ferrara_Province_of_Ferrara_Emilia_Romagna.html\">Centro Storico<\/a>, la via <a href=\"https:\/\/www.tripadvisor.fr\/ShowUserReviews-g194760-d2394421-r684953712-Via_delle_Volte-Ferrara_Province_of_Ferrara_Emilia_Romagna.html\">delle Volte<\/a>. Le Castello Estense, le Palazzo dei Diamanti.<em><strong><br \/>\n<\/strong><\/em><\/li>\n<\/ul>\n<p><strong><span style=\"color: #ff0000\">Mes 12 avis sur les visites en V\u00e9n\u00e9tie:<\/span><\/strong><\/p>\n<ul>\n<li>\u00e0 <strong>Padoue<\/strong> : la Chapelle <a href=\"https:\/\/www.tripadvisor.fr\/ShowUserReviews-g187867-d269082-r685354295-Scrovegni_Chapel-Padua_Province_of_Padua_Veneto.html\">des Scrovegni<\/a>, le <a href=\"https:\/\/www.tripadvisor.fr\/ShowUserReviews-g187867-d13118058-r685378292-Palazzo_Bo-Padua_Province_of_Padua_Veneto.html\">Palazzo Bo<\/a>, le Palazzo <a href=\"https:\/\/www.tripadvisor.fr\/ShowUserReviews-g187867-d246557-r685365778-Palazzo_della_Ragione-Padua_Province_of_Padua_Veneto.html\">della Ragione<\/a>, le <a href=\"https:\/\/www.tripadvisor.fr\/ShowUserReviews-g187867-d4972233-r685358349-Centro_Storico-Padua_Province_of_Padua_Veneto.html\">Centro Storico<\/a>. La Basilique St Antoine.<em><br \/>\n<\/em><\/li>\n<li>\u00e0 <strong>Venise : <\/strong>le <a href=\"https:\/\/www.tripadvisor.fr\/ShowUserReviews-g187870-d191172-r685412536-Canal_Grande-Venice_Veneto.html\">Grand Canal<\/a>, le <a href=\"https:\/\/www.tripadvisor.fr\/ShowUserReviews-g187870-d266903-r685437451-Cannaregio-Venice_Veneto.html\">Cannaregio<\/a>, le <a href=\"https:\/\/www.tripadvisor.fr\/ShowUserReviews-g187870-d545828-r685449131-Dorsoduro-Venice_Veneto.html\">Dorsoduro<\/a>, le palais <a href=\"https:\/\/www.tripadvisor.fr\/ShowUserReviews-g187870-d191186-r685460071-Ca_Rezzonico-Venice_Veneto.html\">Ca&rsquo;Rezzonico<\/a>, la Basilique <a href=\"https:\/\/www.tripadvisor.fr\/ShowUserReviews-g187870-d243058-r685466362-Basilica_dei_Santi_Giovanni_e_Paolo_San_Zanipolo-Venice_Veneto.html\">San Giovanni et Paolo<\/a>, l&rsquo;\u00eele\/cimeti\u00e8re de <a href=\"https:\/\/www.tripadvisor.fr\/ShowUserReviews-g187870-d8681246-r685491497-Cimitero_di_San_Michele-Venice_Veneto.html\">San Michele<\/a>. La Basilique <a href=\"https:\/\/www.tripadvisor.fr\/ShowUserReviews-g187870-d196474-r685734558-Basilica_di_Santa_Maria_della_Salute-Venice_Veneto.html\">SM della Salute<\/a>. La place <a href=\"https:\/\/www.tripadvisor.fr\/ShowUserReviews-g187870-d191175-r686665996-Piazza_San_Marco-Venice_Veneto.html\">Saint Marc<\/a>.<em><strong><br \/>\n<\/strong><\/em><\/li>\n<\/ul>\n<\/div>\n","protected":false},"excerpt":{"rendered":"<p>PARTIE 3\u00a0: Annexes (h\u00f4tels, repas, visites). Les 10\/11 h\u00f4tels\/B and B\/Appartement: r\u00e9serv\u00e9s 7 mois \u00e0 l\u2019avance (vers fin Septembre pour Mai suivant), non pay\u00e9s et annulables sans frais pour la plupart. Localis\u00e9s dans ou pr\u00e8s de l\u2019hyper-centre des villes , ZTL ou non\u2026 donc au plus pr\u00e8s des sites \u00e0 visiter \u00e0 pieds (via google\u2026maps). [&hellip;]<\/p>\n","protected":false},"author":2,"featured_media":29,"parent":0,"menu_order":0,"comment_status":"closed","ping_status":"closed","template":"","meta":{"footnotes":""},"class_list":["post-15","page","type-page","status-publish","has-post-thumbnail","hentry"],"_links":{"self":[{"href":"https:\/\/blogs.crespel.me\/italie2019\/wp-json\/wp\/v2\/pages\/15","targetHints":{"allow":["GET"]}}],"collection":[{"href":"https:\/\/blogs.crespel.me\/italie2019\/wp-json\/wp\/v2\/pages"}],"about":[{"href":"https:\/\/blogs.crespel.me\/italie2019\/wp-json\/wp\/v2\/types\/page"}],"author":[{"embeddable":true,"href":"https:\/\/blogs.crespel.me\/italie2019\/wp-json\/wp\/v2\/users\/2"}],"replies":[{"embeddable":true,"href":"https:\/\/blogs.crespel.me\/italie2019\/wp-json\/wp\/v2\/comments?post=15"}],"version-history":[{"count":85,"href":"https:\/\/blogs.crespel.me\/italie2019\/wp-json\/wp\/v2\/pages\/15\/revisions"}],"predecessor-version":[{"id":909,"href":"https:\/\/blogs.crespel.me\/italie2019\/wp-json\/wp\/v2\/pages\/15\/revisions\/909"}],"wp:featuredmedia":[{"embeddable":true,"href":"https:\/\/blogs.crespel.me\/italie2019\/wp-json\/wp\/v2\/media\/29"}],"wp:attachment":[{"href":"https:\/\/blogs.crespel.me\/italie2019\/wp-json\/wp\/v2\/media?parent=15"}],"curies":[{"name":"wp","href":"https:\/\/api.w.org\/{rel}","templated":true}]}}