{"id":5,"date":"2011-03-06T17:23:54","date_gmt":"2011-03-06T17:23:54","guid":{"rendered":"http:\/\/blogs.crespel.me\/italie\/?page_id=5"},"modified":"2021-02-02T19:26:59","modified_gmt":"2021-02-02T19:26:59","slug":"le-pourquoi-des-voyages-en-italie","status":"publish","type":"page","link":"https:\/\/blogs.crespel.me\/italie\/","title":{"rendered":"Le Pourquoi des voyages en Italie"},"content":{"rendered":"<h3 style=\"text-align: center\">G\u00e9n\u00e9ralit\u00e9s communes aux 3 visites chez nos voisins Transalpins.<\/h3>\n<h3><strong>Les Blogs :<\/strong><\/h3>\n<p><strong><em>C\u2019est pour cette 3<sup>\u00e8me<\/sup> escapade en Italie que nous est venue cette id\u00e9e de cr\u00e9er ces blogs \u00ab\u00a0Italie\u00a0\u00bb afin de raviver quelques souvenirs\u2026 et de vous en faire profiter.<\/em><\/strong><\/p>\n<p><strong><em>Il s&rsquo;agit principalement d&rsquo;une description de ce qui est possible de visiter sur une m\u00eame journ\u00e9e. <\/em><\/strong><\/p>\n<p><strong><em>Le tout est agr\u00e9ment\u00e9 de 260 photos environ.<\/em><\/strong><\/p>\n<h3><span style=\"text-decoration: underline\">2007 est la conjonction de plusieurs opportunit\u00e9s\u00a0:<\/span><\/h3>\n<ul>\n<li>Il me reste des \u00ab\u00a0miles\u00a0\u00bb Air France, cumul\u00e9s par des d\u00e9placements professionnels, et en 2008 je serais en retraite, donc autant en profiter de suite.<\/li>\n<li>Ces miles me permettent d\u2019obtenir 3x aller\/retour pour une capitale Europ\u00e9enne (\u00e0 prix tr\u00e8s r\u00e9duit\u2026).<\/li>\n<li>Nous ne sommes jamais partis en vacances \u00e0 l\u2019\u00e9tranger, et notre grande fille a pr\u00e9vu un circuit UCPA dans l\u2019Ouest am\u00e9ricain.<\/li>\n<li>Le fils nous accompagne donc \u00e0 Rome, destination toute trouv\u00e9e, par nous (c\u2019est le Colis\u00e9e, l\u2019histoire) et pour lui (qui a un tr\u00e8s bon souvenir de voyage scolaire en 2003), et pour nous car il sera notre guide\u00a0!<\/li>\n<\/ul>\n<h3><strong><span style=\"text-decoration: underline\">Donc, en 2007 ce sera 8jours\/9nuits \u00e0 Rome du 31\/07 au 09\/08. <\/span><\/strong><\/h3>\n<h3><strong><span style=\"text-decoration: underline\">Comment s\u2019organiser\u00a0:<\/span><\/strong><\/h3>\n<ul>\n<li>Pour l\u2019avion, pas de recherche particuli\u00e8re (voir ci-dessus, il suffit de s\u2019y prendre \u00e0 l\u2019avance pour trouver un vol acceptant ces 3 billets prime, aux dates et heures qui nous conviennent). Ce sera Lille\/Lyon et Lyon\/Rome et l\u2019inverse pour le retour.<\/li>\n<\/ul>\n<ul>\n<li>Pour\u00a0 le logement, un coll\u00e8gue me met sur la piste de Loc Appart (agence situ\u00e9e \u00e0 Paris et proposant des appartements en Italie) et nous choisissons celui qu\u2019il avait lui-m\u00eame lou\u00e9 ant\u00e9rieurement\u00a0: <a href=\"http:\/\/www.locappart.com\/location-appartement\/italie\/rome\/giulietti?available=\">le Giulietti dans le Quartier Piramide\/Ostiense<\/a>, c\u2019est un peu au Sud des sites historiques mais vraiment tout pr\u00e8s des transports en commun (train\/m\u00e9tro\/bus).<\/li>\n<\/ul>\n<ul>\n<li>Internet et le guide vert Michelin sont sollicit\u00e9s pour l\u2019organisation journali\u00e8re. Un planning de visites est \u00e9tabli sur la base d\u2019une journ\u00e9e compl\u00e8te tous les 2 jours, pour ne pas trop fatiguer la troupe, car la visite de Rome est exigeante.<\/li>\n<\/ul>\n<ul>\n<li>Un petit dictionnaire Fran\u00e7ais\/Italien n\u2019est pas de trop pour ces premiers pas.<\/li>\n<\/ul>\n<p style=\"text-align: center\"><a href=\"http:\/\/blogs.crespel.me\/italie\/files\/2011\/03\/plan-de-rome1.jpg\"><img loading=\"lazy\" decoding=\"async\" class=\"aligncenter size-medium wp-image-228\" src=\"http:\/\/blogs.crespel.me\/italie\/files\/2011\/03\/plan-de-rome1-300x260.jpg\" alt=\"\" width=\"300\" height=\"260\" srcset=\"https:\/\/blogs.crespel.me\/italie\/wp-content\/uploads\/sites\/4\/2011\/03\/plan-de-rome1-300x260.jpg 300w, https:\/\/blogs.crespel.me\/italie\/wp-content\/uploads\/sites\/4\/2011\/03\/plan-de-rome1.jpg 970w\" sizes=\"auto, (max-width: 300px) 100vw, 300px\" \/><\/a><\/p>\n<h3><strong><span style=\"text-decoration: underline\">Apr\u00e8s cette bonne exp\u00e9dition Italienne en 2007, pourquoi ne pas tenter Florence et Venise en 2008\u00a0?<\/span><\/strong><\/h3>\n<ul>\n<li>Pour se rendre \u00e0 Florence, Ryanair effectue un vol aller le 04\/08\u00a0: Charleroi (B)\/Pise en 1h40, et Brussels Airlines un vol retour le 14\/08\u00a0: Venise\/Bruxelles en 1h45. C\u2019est conclu, il ne reste qu\u2019\u00e0 louer une voiture le 08\/08 pour la liaison Florence\/Venise (Europcar avec la carte professionnelle).<\/li>\n<\/ul>\n<ul>\n<li>Pour les logements ce sera encore avec Loc Appart\u00a0: d&rsquo;abord \u00e0 Florence (4 nuits), <a href=\"http:\/\/www.locappart.com\/location-appartement\/italie\/florence\/il-prato-2-pers?available=\">le Il Prato <\/a>\u00e0 800m \u00e0 pieds du centre historique, puis \u00e0 Venise (6 nuits) ce sera le <a href=\"http:\/\/www.locappart.com\/location-appartement\/italie\/venise\/sant-agostino-2-pers?available=\">Sant\u2019Agostino<\/a> dans le quartier San Polo.<\/li>\n<\/ul>\n<p style=\"text-align: center\"><a href=\"http:\/\/blogs.crespel.me\/italie\/files\/2011\/03\/Florence1pop.gif\"><img loading=\"lazy\" decoding=\"async\" class=\"aligncenter size-medium wp-image-229\" src=\"http:\/\/blogs.crespel.me\/italie\/files\/2011\/03\/Florence1pop-300x244.gif\" alt=\"\" width=\"300\" height=\"244\" srcset=\"https:\/\/blogs.crespel.me\/italie\/wp-content\/uploads\/sites\/4\/2011\/03\/Florence1pop-300x244.gif 300w, https:\/\/blogs.crespel.me\/italie\/wp-content\/uploads\/sites\/4\/2011\/03\/Florence1pop-1024x835.gif 1024w, https:\/\/blogs.crespel.me\/italie\/wp-content\/uploads\/sites\/4\/2011\/03\/Florence1pop.gif 1100w\" sizes=\"auto, (max-width: 300px) 100vw, 300px\" \/><\/a><\/p>\n<ul>\n<li>Internet et le guide vert Michelin sont encore sollicit\u00e9s pour l\u2019organisation journali\u00e8re car :\u00a0 pour 3 jours pleins, \u00e0 Florence et sa densit\u00e9 de sites \u00e0 rejoindre et parcourir \u00e0 pieds, il faut savoir o\u00f9 aller. Pour 5 jours pleins, \u00e0 Venise, ses ruelles, le vaporetto et les iles de la lagune, il faut un bon timing.<\/li>\n<\/ul>\n<p style=\"text-align: center\"><a href=\"http:\/\/blogs.crespel.me\/italie\/files\/2011\/03\/carte-venise-italie_G.jpg\"><img loading=\"lazy\" decoding=\"async\" class=\"aligncenter size-medium wp-image-230\" src=\"http:\/\/blogs.crespel.me\/italie\/files\/2011\/03\/carte-venise-italie_G-300x212.jpg\" alt=\"\" width=\"300\" height=\"212\" srcset=\"https:\/\/blogs.crespel.me\/italie\/wp-content\/uploads\/sites\/4\/2011\/03\/carte-venise-italie_G-300x212.jpg 300w, https:\/\/blogs.crespel.me\/italie\/wp-content\/uploads\/sites\/4\/2011\/03\/carte-venise-italie_G.jpg 846w\" sizes=\"auto, (max-width: 300px) 100vw, 300px\" \/><\/a><\/p>\n<ul>\n<li>Et entre les deux\u00a0? comme le trajet routier Florence\/Venise (340km) passe par Mod\u00e8ne (patrie de Pavarotti..), mais surtout Maranello (patrie de Ferrari) et Sant\u2019Agata Bolognese (Lamborghini), le passionn\u00e9 de voitures que je suis, ne pouvais rater cette opportunit\u00e9\u00a0!<\/li>\n<\/ul>\n<p style=\"text-align: center\"><a href=\"http:\/\/blogs.crespel.me\/italie\/files\/2011\/03\/entr\u00e9e-Usine-Ferrari.jpg\"><img loading=\"lazy\" decoding=\"async\" class=\"aligncenter size-medium wp-image-234\" src=\"http:\/\/blogs.crespel.me\/italie\/files\/2011\/03\/entr\u00e9e-Usine-Ferrari-300x225.jpg\" alt=\"\" width=\"300\" height=\"225\" srcset=\"https:\/\/blogs.crespel.me\/italie\/wp-content\/uploads\/sites\/4\/2011\/03\/entr\u00e9e-Usine-Ferrari-300x225.jpg 300w, https:\/\/blogs.crespel.me\/italie\/wp-content\/uploads\/sites\/4\/2011\/03\/entr\u00e9e-Usine-Ferrari-1024x768.jpg 1024w\" sizes=\"auto, (max-width: 300px) 100vw, 300px\" \/><\/a><\/p>\n<p>&nbsp;<\/p>\n<h3><strong><span style=\"text-decoration: underline\">En 2009 une escapade lointaine nous attend :<\/span> <\/strong><\/h3>\n<p>(le r\u00eave am\u00e9ricain v\u00e9cu par notre fille en 2007), ce sera Las Vegas et les parcs de l\u2019Ouest en camping-car. Voir ce blog\u00a0: <a href=\"http:\/\/blogs.crespel.me\/usa2009\/\">http:\/\/blogs.crespel.me\/usa2009\/<\/a><\/p>\n<h3><strong><span style=\"text-decoration: underline\">En 2010 le retour en Italie, mais au Sud, ce sera Naples\u00a0:<\/span><\/strong><\/h3>\n<ul>\n<li>Fid\u00e8les \u00e0 Brussels Airlines pour un vol direct Bruxelles\/Naples en 2h30. D\u00e9part le 13\/09 \u00e0 13h30, retour le 20\/09 \u00e0 16h30.<\/li>\n<\/ul>\n<ul>\n<li>Fid\u00e8les \u00e0 Loc Appart\u00a0: <a href=\"http:\/\/www.locappart.com\/location-appartement\/italie\/naples\/marinelli-mansarde-3-6-pers?available=\">le Marinelli Mansarde<\/a> (7 nuits) pr\u00e8s de la Via Tol\u00e9do, au c\u0153ur des quartiers vivants de Naples.<\/li>\n<\/ul>\n<ul>\n<li>Fid\u00e8les \u00e0 Internet et le guide vert Michelin pour l\u2019organisation, mais c\u2019est devenu une habitude\u00a0!<\/li>\n<\/ul>\n<p style=\"text-align: center\"><a href=\"http:\/\/blogs.crespel.me\/italie\/files\/2011\/03\/mappa_napoli.jpg\"><img loading=\"lazy\" decoding=\"async\" class=\"aligncenter size-medium wp-image-231\" src=\"http:\/\/blogs.crespel.me\/italie\/files\/2011\/03\/mappa_napoli-300x255.jpg\" alt=\"\" width=\"300\" height=\"255\" srcset=\"https:\/\/blogs.crespel.me\/italie\/wp-content\/uploads\/sites\/4\/2011\/03\/mappa_napoli-300x255.jpg 300w, https:\/\/blogs.crespel.me\/italie\/wp-content\/uploads\/sites\/4\/2011\/03\/mappa_napoli.jpg 960w\" sizes=\"auto, (max-width: 300px) 100vw, 300px\" \/><\/a><\/p>\n<p>&nbsp;<\/p>\n","protected":false},"excerpt":{"rendered":"<p>G\u00e9n\u00e9ralit\u00e9s communes aux 3 visites chez nos voisins Transalpins. Les Blogs : C\u2019est pour cette 3\u00e8me escapade en Italie que nous est venue cette id\u00e9e de cr\u00e9er ces blogs \u00ab\u00a0Italie\u00a0\u00bb afin de raviver quelques souvenirs\u2026 et de vous en faire &hellip; <a href=\"https:\/\/blogs.crespel.me\/italie\/\">Continuer la lecture <span class=\"meta-nav\">&rarr;<\/span><\/a><\/p>\n","protected":false},"author":2,"featured_media":0,"parent":0,"menu_order":0,"comment_status":"open","ping_status":"open","template":"","meta":{"footnotes":""},"class_list":["post-5","page","type-page","status-publish","hentry"],"_links":{"self":[{"href":"https:\/\/blogs.crespel.me\/italie\/wp-json\/wp\/v2\/pages\/5","targetHints":{"allow":["GET"]}}],"collection":[{"href":"https:\/\/blogs.crespel.me\/italie\/wp-json\/wp\/v2\/pages"}],"about":[{"href":"https:\/\/blogs.crespel.me\/italie\/wp-json\/wp\/v2\/types\/page"}],"author":[{"embeddable":true,"href":"https:\/\/blogs.crespel.me\/italie\/wp-json\/wp\/v2\/users\/2"}],"replies":[{"embeddable":true,"href":"https:\/\/blogs.crespel.me\/italie\/wp-json\/wp\/v2\/comments?post=5"}],"version-history":[{"count":27,"href":"https:\/\/blogs.crespel.me\/italie\/wp-json\/wp\/v2\/pages\/5\/revisions"}],"predecessor-version":[{"id":722,"href":"https:\/\/blogs.crespel.me\/italie\/wp-json\/wp\/v2\/pages\/5\/revisions\/722"}],"wp:attachment":[{"href":"https:\/\/blogs.crespel.me\/italie\/wp-json\/wp\/v2\/media?parent=5"}],"curies":[{"name":"wp","href":"https:\/\/api.w.org\/{rel}","templated":true}]}}