{"id":6,"date":"2025-09-06T22:31:13","date_gmt":"2025-09-06T20:31:13","guid":{"rendered":"https:\/\/blogs.crespel.me\/gr20\/?page_id=6"},"modified":"2025-09-25T23:23:24","modified_gmt":"2025-09-25T21:23:24","slug":"presentation","status":"publish","type":"page","link":"https:\/\/blogs.crespel.me\/gr20\/","title":{"rendered":"Pr\u00e9sentation"},"content":{"rendered":"\n<p>Bienvenue sur ce blog !<\/p>\n\n\n\n<p>Du 23 ao\u00fbt au 3 septembre 2025, nous avons effectu\u00e9 le mythique <a href=\"https:\/\/www.pnr.corsica\/fr\/randonnees-decouverte\/gr-20-fra-li-monti\">GR20 en Corse<\/a>, du Nord au Sud, en 12 jours. Ce blog vous raconte notre exp\u00e9rience au jour le jour \u263a\ufe0f.<\/p>\n\n\n\n<figure class=\"wp-block-image size-large\"><img loading=\"lazy\" decoding=\"async\" width=\"1024\" height=\"683\" src=\"https:\/\/blogs.crespel.me\/gr20\/files\/2025\/09\/IMG_3778-1-edited-1024x683.jpg\" alt=\"\" class=\"wp-image-816\" srcset=\"https:\/\/blogs.crespel.me\/gr20\/wp-content\/uploads\/sites\/24\/2025\/09\/IMG_3778-1-edited-1024x683.jpg 1024w, https:\/\/blogs.crespel.me\/gr20\/wp-content\/uploads\/sites\/24\/2025\/09\/IMG_3778-1-edited-300x200.jpg 300w, https:\/\/blogs.crespel.me\/gr20\/wp-content\/uploads\/sites\/24\/2025\/09\/IMG_3778-1-edited-768x512.jpg 768w, https:\/\/blogs.crespel.me\/gr20\/wp-content\/uploads\/sites\/24\/2025\/09\/IMG_3778-1-edited-1536x1024.jpg 1536w, https:\/\/blogs.crespel.me\/gr20\/wp-content\/uploads\/sites\/24\/2025\/09\/IMG_3778-1-edited-2048x1365.jpg 2048w\" sizes=\"auto, (max-width: 1024px) 100vw, 1024px\" \/><figcaption class=\"wp-element-caption\">Fabien &amp; Xavier<\/figcaption><\/figure>\n\n\n\n<p>Qui sommes-nous ?<\/p>\n\n\n\n<ul class=\"wp-block-list\">\n<li>Fabien, 38 ans, adepte de course \u00e0 pied sur route et trail \ud83c\udfc3<\/li>\n\n\n\n<li>Xavier, 39 ans, pratiquant de v\u00e9lo sur route \ud83d\udeb4<\/li>\n\n\n\n<li>Tous deux informaticiens (et anciens coll\u00e8gues) \ud83d\udcbb<\/li>\n\n\n\n<li>Habitants de la m\u00e9tropole Lilloise, dans le Nord de la France \ud83c\uddeb\ud83c\uddf7<\/li>\n<\/ul>\n\n\n\n<p>L&#8217;id\u00e9e de faire le GR20 vient de Xavier, qui avait d\u00e9j\u00e0 effectu\u00e9 le Tour du Mont Blanc en 2024. Une id\u00e9e un peu folle car on n&#8217;avait jamais fait de rando aussi difficile, encore moins en bivouac, et sur une dur\u00e9e aussi longue&#8230; mais le d\u00e9fi et l&#8217;aventure nous ont tent\u00e9s, alors on s&#8217;est lanc\u00e9s.<\/p>\n\n\n\n<p>Lecture de sites sp\u00e9cialis\u00e9s \/ blogs \/ vid\u00e9os, d\u00e9finition des \u00e9tapes, r\u00e9servation des bivouacs et logements, achat du mat\u00e9riel, pr\u00e9paration physique&#8230; le projet semble encore lointain. Et puis soudainement c&#8217;est dans 3 semaines.<\/p>\n\n\n\n<p>9 ao\u00fbt, entrainement sur les terrils du bassin minier (on fait ce qu&#8217;on peut avec ce qu&#8217;on a \ud83d\ude05). C&#8217;est dans 2 semaines.<\/p>\n\n\n\n<p>16 ao\u00fbt, rando test dans les Monts des Flandres. C&#8217;est dans 1 semaine.<\/p>\n\n\n\n<p>22 ao\u00fbt, on y est. <a href=\"https:\/\/blogs.crespel.me\/gr20\/2025\/08\/22\/jour-00-lille-a-calenzana\/\" data-type=\"post\" data-id=\"10\">C&#8217;est le jour du d\u00e9part<\/a> ! \u2708\ufe0f<\/p>\n\n\n\n<hr class=\"wp-block-separator alignwide has-alpha-channel-opacity\" style=\"margin-top:var(--wp--preset--spacing--50);margin-bottom:var(--wp--preset--spacing--50)\"\/>\n\n\n\n<h2 class=\"wp-block-heading\">+ d&#8217;infos<\/h2>\n\n\n\n<p>Ce blog est le compte-rendu de notre exp\u00e9rience personnelle sur le GR20, et ne pr\u00e9tend pas \u00eatre une source d&#8217;information fiable ou une r\u00e9f\u00e9rence en la mati\u00e8re. Si l&#8217;aventure vous tente, croisez les sources et faites votre propre parcours adapt\u00e9 \u00e0 vos capacit\u00e9s. Les possibilit\u00e9s sont multiples !<\/p>\n\n\n\n<p>La section <a href=\"https:\/\/blogs.crespel.me\/gr20\/infos-pratiques\/\" data-type=\"page\" data-id=\"1101\">Infos pratiques<\/a> vous donnera une id\u00e9e des choix que nous avons faits en terme de parcours, mat\u00e9riel, transports, bivouacs\/logements et budget.<\/p>\n\n\n\n<p>En bas de page et \u00e0 travers les diff\u00e9rents articles, vous pourrez \u00e9galement retrouver des liens vers des sites externes qui nous ont \u00e9t\u00e9 utiles lors de la pr\u00e9paration de cette aventure. Ces liens sont fournis \u00e0 titre d&#8217;information uniquement et ne sont pas affili\u00e9s.<\/p>\n\n\n\n<p>Tous les textes ont \u00e9t\u00e9 r\u00e9dig\u00e9s par Fabien (sans aucune IA !) et les articles au jour le jour \u00e9crits sur place chaque soir dans la tente, puis retouch\u00e9s l\u00e9g\u00e8rement par la suite.<\/p>\n\n\n\n<p>Pr\u00e8s de 1300 photos ont \u00e9t\u00e9 prises par nos soins avec un appareil photo compact Canon SX620HS et un iPhone 16 Pro. Vous en retrouverez environ 400 dans ces pages (cliquez dessus pour les agrandir).<\/p>\n\n\n\n<p>N&#8217;h\u00e9sitez pas \u00e0 laisser un petit commentaire en bas de chaque article si vous le souhaitez \ud83d\ude09. Bonne lecture ! <a href=\"https:\/\/blogs.crespel.me\/gr20\/2025\/08\/22\/jour-00-lille-a-calenzana\/\" data-type=\"post\" data-id=\"10\">\u00c7a commence par ici<\/a> \u27a1\ufe0f.<\/p>\n","protected":false},"excerpt":{"rendered":"<p>Bienvenue sur ce blog ! Du 23 ao\u00fbt au 3 septembre 2025, nous avons effectu\u00e9 le mythique GR20 en Corse, du Nord au Sud, en 12 jours. Ce blog vous raconte notre exp\u00e9rience au jour le jour \u263a\ufe0f. Qui sommes-nous ? L&#8217;id\u00e9e de faire le GR20 vient de Xavier, qui avait d\u00e9j\u00e0 effectu\u00e9 le Tour [&hellip;]<\/p>\n","protected":false},"author":1,"featured_media":0,"parent":0,"menu_order":0,"comment_status":"closed","ping_status":"closed","template":"","meta":{"footnotes":""},"class_list":["post-6","page","type-page","status-publish","hentry"],"_links":{"self":[{"href":"https:\/\/blogs.crespel.me\/gr20\/wp-json\/wp\/v2\/pages\/6","targetHints":{"allow":["GET"]}}],"collection":[{"href":"https:\/\/blogs.crespel.me\/gr20\/wp-json\/wp\/v2\/pages"}],"about":[{"href":"https:\/\/blogs.crespel.me\/gr20\/wp-json\/wp\/v2\/types\/page"}],"author":[{"embeddable":true,"href":"https:\/\/blogs.crespel.me\/gr20\/wp-json\/wp\/v2\/users\/1"}],"replies":[{"embeddable":true,"href":"https:\/\/blogs.crespel.me\/gr20\/wp-json\/wp\/v2\/comments?post=6"}],"version-history":[{"count":23,"href":"https:\/\/blogs.crespel.me\/gr20\/wp-json\/wp\/v2\/pages\/6\/revisions"}],"predecessor-version":[{"id":1235,"href":"https:\/\/blogs.crespel.me\/gr20\/wp-json\/wp\/v2\/pages\/6\/revisions\/1235"}],"wp:attachment":[{"href":"https:\/\/blogs.crespel.me\/gr20\/wp-json\/wp\/v2\/media?parent=6"}],"curies":[{"name":"wp","href":"https:\/\/api.w.org\/{rel}","templated":true}]}}