{"id":1123,"date":"2025-09-21T18:08:40","date_gmt":"2025-09-21T16:08:40","guid":{"rendered":"https:\/\/blogs.crespel.me\/gr20\/?page_id=1123"},"modified":"2025-11-10T22:22:40","modified_gmt":"2025-11-10T21:22:40","slug":"le-budget","status":"publish","type":"page","link":"https:\/\/blogs.crespel.me\/gr20\/infos-pratiques\/le-budget\/","title":{"rendered":"Le budget"},"content":{"rendered":"\n<p>Faire le GR20 peut avoir un co\u00fbt important en fonction des choix effectu\u00e9s, notamment :<\/p>\n\n\n\n<ul class=\"wp-block-list\">\n<li>\u2708\ufe0f Les transports pour rejoindre\/quitter la Corse (avion ou bateau) et les points de d\u00e9part\/arriv\u00e9e (bus, train, stop, marche)&#8230; ce n&#8217;est pas le plus facile \u00e0 ajuster.<\/li>\n\n\n\n<li>\u26fa Les logements en refuge, en tente lou\u00e9e ou en bivouac, ainsi qu&#8217;au d\u00e9part\/arriv\u00e9e du parcours.<\/li>\n\n\n\n<li>\ud83e\udd7e Le mat\u00e9riel pour la randonn\u00e9e et les bivouacs, qui selon les marques et les choix de logements peut beaucoup varier.<\/li>\n\n\n\n<li>\ud83c\udf7d\ufe0f L&#8217;alimentation dans les refuges ou en autonomie (repas lyophilis\u00e9s, p\u00e2tes, etc.), avec ou sans petit dej et repas le midi.<\/li>\n\n\n\n<li>\ud83d\udcc5 Enfin, le nombre de jours ! 12 dans notre cas.<\/li>\n<\/ul>\n\n\n\n<p>Voici \u00e0 titre d&#8217;exemple les principaux choix, postes de d\u00e9penses et le budget global de Fabien (les prix indiqu\u00e9s sont donc pour 1 personne).<\/p>\n\n\n\n<hr class=\"wp-block-separator has-alpha-channel-opacity\" style=\"margin-top:var(--wp--preset--spacing--50);margin-bottom:var(--wp--preset--spacing--50)\"\/>\n\n\n\n<h2 class=\"wp-block-heading\">\u2708\ufe0f Transports<\/h2>\n\n\n\n<p>Pas trop le choix pour le plus gros morceau du trajet : l&#8217;avion \u00e9tait le plus rapide et pratique. Sur place, le bus \u00e9tait pour nous la solution la plus confortable. Cela reste toutefois le poste le moins important du budget.<\/p>\n\n\n\n<p>\u27a1\ufe0f <a href=\"https:\/\/blogs.crespel.me\/gr20\/infos-pratiques\/les-transports\/\" data-type=\"page\" data-id=\"1119\">Plus d&#8217;infos \u00e0 ce sujet<\/a>.<\/p>\n\n\n\n<ul class=\"wp-block-list\">\n<li>Avion : 103 \u20ac aller + 138 \u20ac retour = 241 \u20ac<\/li>\n\n\n\n<li>Bus : 41,50 \u20ac aller + 20 \u20ac retour = 61,5 \u20ac<\/li>\n\n\n\n<li>Total : 303 \u20ac<\/li>\n<\/ul>\n\n\n\n<hr class=\"wp-block-separator has-alpha-channel-opacity\" style=\"margin-top:var(--wp--preset--spacing--50);margin-bottom:var(--wp--preset--spacing--50)\"\/>\n\n\n\n<h2 class=\"wp-block-heading\">\u26fa Logements<\/h2>\n\n\n\n<p>Nous avons choisi les bivouacs r\u00e9serv\u00e9s \u00e0 l&#8217;avance aupr\u00e8s des refuges officiels du PNRC pour 9 \u20ac\/nuit. C&#8217;est l&#8217;option la moins ch\u00e8re et la plus flexible, contre 17 \u20ac en dortoir et 22 \u20ac en tente lou\u00e9e pour 1 personne (31 \u20ac pour 2). Attention, sur place sans r\u00e9servation les tarifs doublent.<\/p>\n\n\n\n<p>Au d\u00e9part, au milieu et \u00e0 l&#8217;arriv\u00e9e nous avons privil\u00e9gi\u00e9 le confort avec une location d&#8217;appartement et 3 h\u00f4tels, ce qui augmente fortement le budget. Les campings sont des alternatives beaucoup plus abordables, mais moins confortables et reposants.<\/p>\n\n\n\n<p>\u27a1\ufe0f <a href=\"https:\/\/blogs.crespel.me\/gr20\/infos-pratiques\/les-bivouacs-et-logements\/\" data-type=\"page\" data-id=\"1121\">Plus d&#8217;infos \u00e0 ce sujet<\/a>.<\/p>\n\n\n\n<ul class=\"wp-block-list\">\n<li>Refuges : 110 \u20ac (avec changements de programme)<\/li>\n\n\n\n<li>Locations et h\u00f4tels : 329 \u20ac<\/li>\n\n\n\n<li>Total : 439 \u20ac<\/li>\n<\/ul>\n\n\n\n<hr class=\"wp-block-separator has-alpha-channel-opacity\" style=\"margin-top:var(--wp--preset--spacing--50);margin-bottom:var(--wp--preset--spacing--50)\"\/>\n\n\n\n<h2 class=\"wp-block-heading\">\ud83e\udd7e Mat\u00e9riel<\/h2>\n\n\n\n<p>L&#8217;achat de mat\u00e9riel a \u00e9t\u00e9 le principal poste de d\u00e9penses pour Fabien, toutefois la plupart des articles sont r\u00e9utilisables sur d&#8217;autres randonn\u00e9es ou m\u00eame dans la vie de tous les jours. Xavier ayant d\u00e9j\u00e0 fait le Tour du Mont Blanc, son budget mat\u00e9riel a \u00e9t\u00e9 moins important.<\/p>\n\n\n\n<p>La majorit\u00e9 des achats ont \u00e9t\u00e9 effectu\u00e9s chez Decathlon. Il est bien s\u00fbr aussi possible d&#8217;acheter du mat\u00e9riel d&#8217;occasion et de se faire pr\u00eater certains articles par des proches.<\/p>\n\n\n\n<p>\u27a1\ufe0f <a href=\"https:\/\/blogs.crespel.me\/gr20\/infos-pratiques\/le-materiel\/\" data-type=\"page\" data-id=\"1117\">Plus d&#8217;infos \u00e0 ce sujet<\/a>.<\/p>\n\n\n\n<ul class=\"wp-block-list\">\n<li>Tente 1 place : 190 \u20ac<\/li>\n\n\n\n<li>Sac \u00e0 dos : 115 \u20ac<\/li>\n\n\n\n<li>B\u00e2tons de rando : 70 \u20ac<\/li>\n\n\n\n<li>Chaussures de rando : 65 \u20ac<\/li>\n\n\n\n<li>Matelas gonflable : 50 \u20ac<\/li>\n\n\n\n<li>V\u00eatements et accessoires : 207 \u20ac<\/li>\n\n\n\n<li>Sac de couchage et drap de sac : 0 \u20ac car pr\u00eat\u00e9s \ud83d\ude09 (121 \u20ac sinon)<\/li>\n\n\n\n<li>Total : 697 \u20ac<\/li>\n<\/ul>\n\n\n\n<hr class=\"wp-block-separator has-alpha-channel-opacity\" style=\"margin-top:var(--wp--preset--spacing--50);margin-bottom:var(--wp--preset--spacing--50)\"\/>\n\n\n\n<h2 class=\"wp-block-heading\">\ud83c\udf7d\ufe0f Alimentation<\/h2>\n\n\n\n<p>Pour les repas nous avons choisi de ne rien faire nous-m\u00eame, ce qui implique un co\u00fbt plus \u00e9lev\u00e9. Les repas du soir sont g\u00e9n\u00e9ralement autour de 22 \u20ac dans les refuges (avec entr\u00e9e \/ plat \/ dessert) et les petits d\u00e9jeuners autour de 10 \u20ac. On ne recommande pas forc\u00e9ment ces derniers, qui sont souvent assez basiques et trop chers pour ce que c&#8217;est.<\/p>\n\n\n\n<p>Pour le midi nous n&#8217;avons pris qu&#8217;une fois un panier repas (taboul\u00e9, pomme, compote), parfois nous avons pu manger une omelette ou pizza dans un refuge, mais le plus souvent nous avons pr\u00e9f\u00e9r\u00e9 un pique-nique l\u00e9ger (barres de c\u00e9r\u00e9ales, fruits frais ou secs, etc.).<\/p>\n\n\n\n<p>\u27a1\ufe0f <a href=\"https:\/\/blogs.crespel.me\/gr20\/infos-pratiques\/les-bivouacs-et-logements\/\" data-type=\"page\" data-id=\"1121\">Plus d&#8217;infos \u00e0 ce sujet<\/a> (voir les d\u00e9tails de chaque refuge \/ h\u00f4tel).<\/p>\n\n\n\n<ul class=\"wp-block-list\">\n<li>Repas aux refuges : 341 \u20ac (midi \/ soir \/ petit dej)<\/li>\n\n\n\n<li>Restaurants : 187 \u20ac<\/li>\n\n\n\n<li>Epicerie, boissons, autres : 78 \u20ac<\/li>\n\n\n\n<li>Total : 606 \u20ac<\/li>\n<\/ul>\n\n\n\n<hr class=\"wp-block-separator has-alpha-channel-opacity\" style=\"margin-top:var(--wp--preset--spacing--50);margin-bottom:var(--wp--preset--spacing--50)\"\/>\n\n\n\n<h2 class=\"wp-block-heading\">\ud83d\udcb0 Budget global<\/h2>\n\n\n\n<p>Dans les conditions pr\u00e9c\u00e9demment indiqu\u00e9es, le budget global de Fabien s&#8217;\u00e9l\u00e8ve donc \u00e0 2045 \u20ac avec la r\u00e9partition suivante :<\/p>\n\n\n\n<figure class=\"wp-block-image size-full has-custom-border\"><img loading=\"lazy\" decoding=\"async\" width=\"706\" height=\"491\" src=\"https:\/\/blogs.crespel.me\/gr20\/wp-content\/uploads\/sites\/24\/2025\/09\/Budget-GR20-1.png\" alt=\"\" class=\"has-border-color has-accent-6-border-color wp-image-1205\" style=\"border-width:1px\" srcset=\"https:\/\/blogs.crespel.me\/gr20\/wp-content\/uploads\/sites\/24\/2025\/09\/Budget-GR20-1.png 706w, https:\/\/blogs.crespel.me\/gr20\/wp-content\/uploads\/sites\/24\/2025\/09\/Budget-GR20-1-300x209.png 300w\" sizes=\"auto, (max-width: 706px) 100vw, 706px\" \/><\/figure>\n","protected":false},"excerpt":{"rendered":"<p>Faire le GR20 peut avoir un co\u00fbt important en fonction des choix effectu\u00e9s, notamment : Voici \u00e0 titre d&#8217;exemple les principaux choix, postes de d\u00e9penses et le budget global de Fabien (les prix indiqu\u00e9s sont donc pour 1 personne). \u2708\ufe0f Transports Pas trop le choix pour le plus gros morceau du trajet : l&#8217;avion \u00e9tait [&hellip;]<\/p>\n","protected":false},"author":1,"featured_media":0,"parent":1101,"menu_order":0,"comment_status":"closed","ping_status":"closed","template":"","meta":{"footnotes":""},"class_list":["post-1123","page","type-page","status-publish","hentry"],"_links":{"self":[{"href":"https:\/\/blogs.crespel.me\/gr20\/wp-json\/wp\/v2\/pages\/1123","targetHints":{"allow":["GET"]}}],"collection":[{"href":"https:\/\/blogs.crespel.me\/gr20\/wp-json\/wp\/v2\/pages"}],"about":[{"href":"https:\/\/blogs.crespel.me\/gr20\/wp-json\/wp\/v2\/types\/page"}],"author":[{"embeddable":true,"href":"https:\/\/blogs.crespel.me\/gr20\/wp-json\/wp\/v2\/users\/1"}],"replies":[{"embeddable":true,"href":"https:\/\/blogs.crespel.me\/gr20\/wp-json\/wp\/v2\/comments?post=1123"}],"version-history":[{"count":13,"href":"https:\/\/blogs.crespel.me\/gr20\/wp-json\/wp\/v2\/pages\/1123\/revisions"}],"predecessor-version":[{"id":1242,"href":"https:\/\/blogs.crespel.me\/gr20\/wp-json\/wp\/v2\/pages\/1123\/revisions\/1242"}],"up":[{"embeddable":true,"href":"https:\/\/blogs.crespel.me\/gr20\/wp-json\/wp\/v2\/pages\/1101"}],"wp:attachment":[{"href":"https:\/\/blogs.crespel.me\/gr20\/wp-json\/wp\/v2\/media?parent=1123"}],"curies":[{"name":"wp","href":"https:\/\/api.w.org\/{rel}","templated":true}]}}