{"id":1121,"date":"2025-09-21T18:08:48","date_gmt":"2025-09-21T16:08:48","guid":{"rendered":"https:\/\/blogs.crespel.me\/gr20\/?page_id=1121"},"modified":"2025-11-10T22:13:38","modified_gmt":"2025-11-10T21:13:38","slug":"les-bivouacs-et-logements","status":"publish","type":"page","link":"https:\/\/blogs.crespel.me\/gr20\/infos-pratiques\/les-bivouacs-et-logements\/","title":{"rendered":"Les bivouacs et logements"},"content":{"rendered":"\n<p>Sur le GR20 il existe plusieurs possibilit\u00e9s de logement :<\/p>\n\n\n\n<ul class=\"wp-block-list\">\n<li>\ud83d\udecf\ufe0f En dortoir dans le refuge (si on aime la proximit\u00e9 et les ronflements \ud83d\udca4).<\/li>\n\n\n\n<li>\ud83c\udfd5\ufe0f En louant une tente d\u00e9j\u00e0 mont\u00e9e (pour 1 ou 2 personnes).<\/li>\n\n\n\n<li>\u26fa En bivouac avec sa propre tente.<\/li>\n<\/ul>\n\n\n\n<p>Nous avons opt\u00e9 pour cette derni\u00e8re solution, avec nos propres tentes. Cela pr\u00e9sente l&#8217;avantage d&#8217;\u00eatre autonome, \u00e9conomique et de ne pas \u00eatre limit\u00e9 par les places disponibles en cas de changement de programme. Par contre, il faut monter\/d\u00e9monter sa tente tous les jours&#8230; par tous les temps. On a parfois un peu la flemme \ud83d\ude05.<\/p>\n\n\n\n<p>Dans tous les cas, il est pr\u00e9f\u00e9rable de r\u00e9server \u00e0 l&#8217;avance sur le site <a href=\"https:\/\/pnr-resa.corsica\/\">pnr-resa.corsica<\/a> (pour les refuges officiels), avec un tarif r\u00e9duit par rapport \u00e0 la r\u00e9servation sur place. A noter qu&#8217;il est interdit d&#8217;installer sa tente en dehors des zones autour des refuges.<\/p>\n\n\n\n<hr class=\"wp-block-separator has-alpha-channel-opacity\" style=\"margin-top:var(--wp--preset--spacing--50);margin-bottom:var(--wp--preset--spacing--50)\"\/>\n\n\n\n<h2 class=\"wp-block-heading\">\u26fa Refuges<\/h2>\n\n\n\n<p>Sur notre <a href=\"https:\/\/blogs.crespel.me\/gr20\/infos-pratiques\/le-parcours\/\" data-type=\"page\" data-id=\"1104\">parcours<\/a> nous avons dormi en bivouac dans les refuges suivants (d\u00e9plier pour plus d&#8217;infos) :<\/p>\n\n\n\n<details class=\"wp-block-details is-layout-flow wp-block-details-is-layout-flow\"><summary>Ortu di U Piobbu (<a href=\"https:\/\/blogs.crespel.me\/gr20\/2025\/08\/23\/jour-01-calenzana-a-ortu-di-u-piobbu\/\" data-type=\"post\" data-id=\"13\">jour 1<\/a>)<\/summary>\n<ul class=\"wp-block-list\">\n<li>\u26fa Un site tr\u00e8s \u00e9tendu (et pentu) avec une superbe vue sur la vall\u00e9e, et surtout un magnifique coucher de soleil pour notre premier soir \ud83e\udd29.<\/li>\n\n\n\n<li>\ud83c\udf7d\ufe0f Au menu : charcuterie, pain, p\u00e2tes sauce tomate, compote et cookie.<\/li>\n\n\n\n<li>\ud83d\udebf Sanitaires : 2-3 douches br\u00fblantes ou glac\u00e9es basiques, toilettes s\u00e8ches correctes.<\/li>\n<\/ul>\n<\/details>\n\n\n\n<details class=\"wp-block-details is-layout-flow wp-block-details-is-layout-flow\"><summary>Carrozzu (<a href=\"https:\/\/blogs.crespel.me\/gr20\/2025\/08\/24\/jour-02-ortu-di-u-piobbu-a-carrozzu\/\" data-type=\"post\" data-id=\"18\">jour 2<\/a>)<\/summary>\n<ul class=\"wp-block-list\">\n<li>\u26fa Situ\u00e9 dans une for\u00eat, parfois avec des palettes pour poser sa tente. Belle vue depuis la terrasse.<\/li>\n\n\n\n<li>\ud83c\udf7d\ufe0f Au menu : soupe de lentilles, p\u00e2tes sauce tomate, g\u00e2teau au chocolat et ch\u00e2taignes.<\/li>\n\n\n\n<li>\ud83d\udebf Sanitaires : 2-3 douches plus ou moins chaudes basiques, toilettes s\u00e8ches correctes.<\/li>\n<\/ul>\n<\/details>\n\n\n\n<details class=\"wp-block-details is-layout-flow wp-block-details-is-layout-flow\"><summary>Asco (<a href=\"https:\/\/blogs.crespel.me\/gr20\/2025\/08\/25\/jour-03-carrozzu-a-asco\/\" data-type=\"post\" data-id=\"22\">jour 3<\/a>)<\/summary>\n<ul class=\"wp-block-list\">\n<li>\u26fa Situ\u00e9 dans une toute petite station de ski, on y trouve un snack et un h\u00f4tel restaurant pour am\u00e9liorer le quotidien. Les emplacements de bivouac sont situ\u00e9s \u00e0 l&#8217;or\u00e9e de la for\u00eat.<\/li>\n\n\n\n<li>\ud83c\udf7d\ufe0f Au menu : saut\u00e9 de veau au refuge, plus de choix au restaurant <a href=\"https:\/\/www.hotel-lechalet-asco.com\/fr\/le-restaurant\">Le Chalet<\/a> avec des burgers, p\u00e2tes, viandes, omelettes, desserts&#8230;<\/li>\n\n\n\n<li>\ud83d\udebf Sanitaires : 4 grandes douches chaudes \u00e0 c\u00f4t\u00e9 des dortoirs (sur 2 \u00e9tages), toilettes normales.<\/li>\n<\/ul>\n<\/details>\n\n\n\n<details class=\"wp-block-details is-layout-flow wp-block-details-is-layout-flow\"><summary>Tighjettu (<a href=\"https:\/\/blogs.crespel.me\/gr20\/2025\/08\/26\/jour-04-asco-a-tighjettu\/\" data-type=\"post\" data-id=\"26\">jour 4<\/a>)<\/summary>\n<ul class=\"wp-block-list\">\n<li>\u26fa Situ\u00e9 dans la montagne donc assez pentu, avec pas mal de vent dans notre cas donc quelques difficult\u00e9s pour monter la tente. Belle vue sur la vall\u00e9e.<\/li>\n\n\n\n<li>\ud83c\udf7d\ufe0f Au menu : charcuterie ou soupe, p\u00e2tes sauce bolognaise ou tomate, compote de pommes.<\/li>\n\n\n\n<li>\ud83d\udebf Sanitaires : 2 douches extr\u00eamement basiques et plus ou moins ti\u00e8des, 2 toilettes \u00e0 la turque absolument horribles \ud83d\ude05.<\/li>\n<\/ul>\n<\/details>\n\n\n\n<details class=\"wp-block-details is-layout-flow wp-block-details-is-layout-flow\"><summary>Castel di Vergio (<a href=\"https:\/\/blogs.crespel.me\/gr20\/2025\/08\/27\/jour-05-tighjettu-au-castel-di-vergio\/\" data-type=\"post\" data-id=\"31\">jour 5<\/a>)<\/summary>\n<ul class=\"wp-block-list\">\n<li>\u26fa Proche de la route avec un h\u00f4tel restaurant, des emplacements de bivouac sur terrain plat, des tentes \u00ab rando \u00bb classiques (40 \u20ac pour 2 personnes) et des tentes \u00ab confort \u00bb avec matelas, chaises et \u00e9lectricit\u00e9 (60 \u20ac pour 2 personnes). On a choisi cette option pour bien se reposer.<\/li>\n\n\n\n<li>\ud83c\udf7d\ufe0f Au menu : self de l&#8217;h\u00f4tel avec entr\u00e9e \u00e0 composer, viande ou omelette, frites, salade, dessert au citron (qualit\u00e9 moyenne et trop cher : 29 \u20ac). L&#8217;\u00e9picerie propose aussi pas mal de choix et quelques fruits\/l\u00e9gumes.<\/li>\n\n\n\n<li>\ud83d\udebf Sanitaires : type camping avec pas mal de douches et toilettes normales, et m\u00eame des machines \u00e0 laver.<\/li>\n<\/ul>\n<\/details>\n\n\n\n<details class=\"wp-block-details is-layout-flow wp-block-details-is-layout-flow\"><summary>Manganu (<a href=\"https:\/\/blogs.crespel.me\/gr20\/2025\/08\/28\/jour-06-castel-di-vergio-a-manganu\/\" data-type=\"post\" data-id=\"40\">jour 6<\/a>)<\/summary>\n<ul class=\"wp-block-list\">\n<li>\u26fa Situ\u00e9 sur un terrain d\u00e9gag\u00e9, peu pentu et visit\u00e9 par les vaches (qui y laissent des petits cadeaux \ud83d\udca9).<\/li>\n\n\n\n<li>\ud83c\udf7d\ufe0f Au menu : rillettes de thon ou haricots verts, p\u00e2tes aux l\u00e9gumes, pain et panna cotta aux fruits rouges.<\/li>\n\n\n\n<li>\ud83d\udebf Sanitaires : douches m\u00e9talliques propres et chaudes (limit\u00e9es \u00e0 6 minutes mais c&#8217;est assez), toilettes s\u00e8ches correctes.<\/li>\n<\/ul>\n<\/details>\n\n\n\n<details class=\"wp-block-details is-layout-flow wp-block-details-is-layout-flow\"><summary>Petra Piana (<a href=\"https:\/\/blogs.crespel.me\/gr20\/2025\/08\/29\/jour-07-manganu-a-petra-piana\/\" data-type=\"post\" data-id=\"42\">jour 7<\/a>)<\/summary>\n<ul class=\"wp-block-list\">\n<li>\u26fa Site assez \u00e9tendu et \u00e0 peu pr\u00e8s plat, un peu de vent et pas mal de brume lorsqu&#8217;on y \u00e9tait. La salle commune est tr\u00e8s peu isol\u00e9e, il y faisait assez froid.<\/li>\n\n\n\n<li>\ud83c\udf7d\ufe0f Au menu : ratatouille froide, lentilles carottes et lardons (ou sans), mousse au chocolat. Bonnes frites et \u0153ufs le midi.<\/li>\n\n\n\n<li>\ud83d\udebf Sanitaires : douches froides ou chaudes au choix, m\u00e9talliques et propres, toilettes s\u00e8ches correctes.<\/li>\n<\/ul>\n<\/details>\n\n\n\n<details class=\"wp-block-details is-layout-flow wp-block-details-is-layout-flow\"><summary>Col de Verde (<a href=\"https:\/\/blogs.crespel.me\/gr20\/2025\/08\/31\/jour-09-vizzavona-au-col-de-verde\/\" data-type=\"post\" data-id=\"54\">jour 9<\/a>)<\/summary>\n<ul class=\"wp-block-list\">\n<li>\u26fa Situ\u00e9 dans la for\u00eat avec des emplacements de bivouac larges et nombreux, et des petits dortoirs dans des chalets. Attention, une b\u00eate sauvage (un renard ?) a attaqu\u00e9 une de nos tentes pour voler le petit d\u00e9jeuner, ne laissez rien accessible !<\/li>\n\n\n\n<li>\ud83c\udf7d\ufe0f Au menu : salade compos\u00e9e, gratin de courgettes, c\u00f4te de porc ou omelette, fromage et mousse au chocolat (mieux que les autres repas).<\/li>\n\n\n\n<li>\ud83d\udebf Sanitaires : 3-4 douches chaudes, toilettes normales.<\/li>\n<\/ul>\n<\/details>\n\n\n\n<details class=\"wp-block-details is-layout-flow wp-block-details-is-layout-flow\"><summary>Usciolu (<a href=\"https:\/\/blogs.crespel.me\/gr20\/2025\/09\/01\/jour-10-col-de-verde-a-usciolu\/\" data-type=\"post\" data-id=\"56\">jour 10<\/a>)<\/summary>\n<ul class=\"wp-block-list\">\n<li>\u26fa Situ\u00e9 dans la montagne et tr\u00e8s pentu, on peut se retrouver loin de la terrasse et des sanitaires. Emplacements de bivouac corrects.<\/li>\n\n\n\n<li>\ud83c\udf7d\ufe0f Au menu : uniquement des p\u00e2tes sauce tomates\/champignons\/carottes ! En quantit\u00e9 mais rien d&#8217;autre (sinon il faut acheter \u00e0 l&#8217;\u00e9picerie).<\/li>\n\n\n\n<li>\ud83d\udebf Sanitaires : douches chaudes et toilettes s\u00e8ches correctes.<\/li>\n<\/ul>\n<\/details>\n\n\n\n<details class=\"wp-block-details is-layout-flow wp-block-details-is-layout-flow\"><summary>Asinau (<a href=\"https:\/\/blogs.crespel.me\/gr20\/2025\/09\/02\/jour-11-usciolu-a-asinau\/\" data-type=\"post\" data-id=\"59\">jour 11<\/a>)<\/summary>\n<ul class=\"wp-block-list\">\n<li>\u26fa Situ\u00e9 dans une pente, \u00e0 d\u00e9couvert avec beaucoup (beaucoup !) de vent lors de notre passage, grosse gal\u00e8re pour monter la tente. Quasiment plein aussi, attention \u00e0 ne pas arriver trop tard.<\/li>\n\n\n\n<li>\ud83c\udf7d\ufe0f Au menu : charcuterie, lentilles saucisses ou assiette de p\u00e2tes, fromage et panna cotta.<\/li>\n\n\n\n<li>\ud83d\udebf Sanitaires : douches&#8230; pas test\u00e9es \ud83d\ude05 et toilettes s\u00e8ches odorantes \ud83e\udd22.<\/li>\n<\/ul>\n<\/details>\n\n\n\n<p>Le repas du soir (autour de 20-22 \u20ac) se r\u00e9serve normalement avant 17h et se prend vers 18h30. Pour les v\u00e9g\u00e9tariens comme Fabien, il est possible de demander un menu adapt\u00e9 m\u00eame si ce n&#8217;est pas toujours indiqu\u00e9. En journ\u00e9e on trouve souvent des omelettes dans les refuges.<\/p>\n\n\n\n<p>Tous les refuges ont \u00e9galement une petite \u00e9picerie pour acheter des boissons et un peu de nourriture (barres de c\u00e9r\u00e9ales, p\u00e2tes, conserves, etc.), ainsi qu&#8217;une cuisine ext\u00e9rieure pour ceux qui souhaitent faire \u00e0 manger. Attention le choix est limit\u00e9 et les prix adapt\u00e9s aux conditions d&#8217;acheminement souvent difficiles&#8230;<\/p>\n\n\n\n<p>Il est \u00e9galement possible de dormir dans des bergeries priv\u00e9es, mais ce n&#8217;est pas une option que nous avons test\u00e9e.<\/p>\n\n\n\n<hr class=\"wp-block-separator has-alpha-channel-opacity\" style=\"margin-top:var(--wp--preset--spacing--50);margin-bottom:var(--wp--preset--spacing--50)\"\/>\n\n\n\n<h2 class=\"wp-block-heading\">\ud83d\udece\ufe0f Locations et h\u00f4tels<\/h2>\n\n\n\n<p>Au d\u00e9part, au milieu et \u00e0 l&#8217;arriv\u00e9e de notre p\u00e9riple nous avons choisi les logements suivants, r\u00e9serv\u00e9s assez tardivement \ud83d\ude44&#8230; les prix s&#8217;en ressentent sans doute, mais sont pour 2 personnes.<\/p>\n\n\n\n<details class=\"wp-block-details is-layout-flow wp-block-details-is-layout-flow\"><summary>Calenzana : <a href=\"https:\/\/www.booking.com\/hotel\/fr\/apparemment-depart-gr20.fr.html\">appartement d\u00e9part GR20<\/a><\/summary>\n<ul class=\"wp-block-list\">\n<li>\ud83d\udecf\ufe0f Bien situ\u00e9 et confortable avec 2 chambres avec lit double, salle de bains avec baignoire, cuisine \u00e9quip\u00e9e.<\/li>\n\n\n\n<li>\ud83d\udcb0 R\u00e9serv\u00e9 sur <a href=\"https:\/\/www.booking.com\/hotel\/fr\/apparemment-depart-gr20.fr.html\">Booking<\/a> pour 178 \u20ac, acc\u00e8s en autonomie avec bo\u00eete \u00e0 cl\u00e9s.<\/li>\n<\/ul>\n<\/details>\n\n\n\n<details class=\"wp-block-details is-layout-flow wp-block-details-is-layout-flow\"><summary>Vizzavona : <a href=\"https:\/\/www.hotel-vizzavona.com\/\">h\u00f4tel Le Vizzavona<\/a><\/summary>\n<ul class=\"wp-block-list\">\n<li>\ud83d\udecf\ufe0f Chambre twin avec 2 lits simples et salle de bains moderne.<\/li>\n\n\n\n<li>\ud83d\udcb0 R\u00e9serv\u00e9 sur place pour 142 \u20ac, pas pr\u00e9vu \u00e0 la base mais on avait besoin de confort et repos &#8211; et \u00e7a fait vraiment du bien.<\/li>\n\n\n\n<li>\ud83c\udf7d\ufe0f Restaurant de l&#8217;h\u00f4tel tr\u00e8s correct avec viandes, omelette, desserts.<\/li>\n<\/ul>\n<\/details>\n\n\n\n<details class=\"wp-block-details is-layout-flow wp-block-details-is-layout-flow\"><summary>Conca : <a href=\"https:\/\/www.hotelsanpasquale.com\/\">h\u00f4tel San Pasquale<\/a><\/summary>\n<ul class=\"wp-block-list\">\n<li>\ud83d\udecf\ufe0f Chambre triple avec 1 lit double et 1 lit simple, mini terrasse priv\u00e9e, salle de bains vieillotte.<\/li>\n\n\n\n<li>\ud83d\udcb0 R\u00e9serv\u00e9 sur <a href=\"https:\/\/www.booking.com\/hotel\/fr\/san-pasquale.fr.html\">Booking<\/a> pour 88 \u20ac.<\/li>\n\n\n\n<li>\ud83c\udf7d\ufe0f Restaurant correct avec de bonnes pizzas et une tr\u00e8s belle terrasse, petit d\u00e9jeuner tr\u00e8s correct.<\/li>\n<\/ul>\n<\/details>\n\n\n\n<details class=\"wp-block-details is-layout-flow wp-block-details-is-layout-flow\"><summary>Porto-Vecchio : h\u00f4tel <a href=\"https:\/\/lemistral.eu\/\">Le Mistral<\/a><\/summary>\n<ul class=\"wp-block-list\">\n<li>\ud83d\udecf\ufe0f Chambre triple avec 1 lit double et 1 lit simple, belle salle de bains, moderne et confortable.<\/li>\n\n\n\n<li>\ud83d\udcb0 R\u00e9serv\u00e9 sur <a href=\"https:\/\/www.booking.com\/hotel\/fr\/ha-tel-le-mistral.fr.html\">Booking<\/a> pour 189 \u20ac.<\/li>\n\n\n\n<li>\ud83c\udf7d\ufe0f Excellent petit d\u00e9jeuner avec un tr\u00e8s large choix et des produits faits maison. Beaucoup de restaurants dans le centre ville.<\/li>\n<\/ul>\n<\/details>\n","protected":false},"excerpt":{"rendered":"<p>Sur le GR20 il existe plusieurs possibilit\u00e9s de logement : Nous avons opt\u00e9 pour cette derni\u00e8re solution, avec nos propres tentes. Cela pr\u00e9sente l&#8217;avantage d&#8217;\u00eatre autonome, \u00e9conomique et de ne pas \u00eatre limit\u00e9 par les places disponibles en cas de changement de programme. Par contre, il faut monter\/d\u00e9monter sa tente tous les jours&#8230; par tous [&hellip;]<\/p>\n","protected":false},"author":1,"featured_media":0,"parent":1101,"menu_order":0,"comment_status":"closed","ping_status":"closed","template":"","meta":{"footnotes":""},"class_list":["post-1121","page","type-page","status-publish","hentry"],"_links":{"self":[{"href":"https:\/\/blogs.crespel.me\/gr20\/wp-json\/wp\/v2\/pages\/1121","targetHints":{"allow":["GET"]}}],"collection":[{"href":"https:\/\/blogs.crespel.me\/gr20\/wp-json\/wp\/v2\/pages"}],"about":[{"href":"https:\/\/blogs.crespel.me\/gr20\/wp-json\/wp\/v2\/types\/page"}],"author":[{"embeddable":true,"href":"https:\/\/blogs.crespel.me\/gr20\/wp-json\/wp\/v2\/users\/1"}],"replies":[{"embeddable":true,"href":"https:\/\/blogs.crespel.me\/gr20\/wp-json\/wp\/v2\/comments?post=1121"}],"version-history":[{"count":25,"href":"https:\/\/blogs.crespel.me\/gr20\/wp-json\/wp\/v2\/pages\/1121\/revisions"}],"predecessor-version":[{"id":1241,"href":"https:\/\/blogs.crespel.me\/gr20\/wp-json\/wp\/v2\/pages\/1121\/revisions\/1241"}],"up":[{"embeddable":true,"href":"https:\/\/blogs.crespel.me\/gr20\/wp-json\/wp\/v2\/pages\/1101"}],"wp:attachment":[{"href":"https:\/\/blogs.crespel.me\/gr20\/wp-json\/wp\/v2\/media?parent=1121"}],"curies":[{"name":"wp","href":"https:\/\/api.w.org\/{rel}","templated":true}]}}