{"id":1119,"date":"2025-09-21T18:08:52","date_gmt":"2025-09-21T16:08:52","guid":{"rendered":"https:\/\/blogs.crespel.me\/gr20\/?page_id=1119"},"modified":"2025-09-25T22:46:49","modified_gmt":"2025-09-25T20:46:49","slug":"les-transports","status":"publish","type":"page","link":"https:\/\/blogs.crespel.me\/gr20\/infos-pratiques\/les-transports\/","title":{"rendered":"Les transports"},"content":{"rendered":"\n<p>Etant bas\u00e9s \u00e0 Lille dans le Nord de la France, le choix de l&#8217;avion pour rejoindre et repartir de Corse \u00e9tait le plus rapide et \u00e9vident, avec 2 a\u00e9roports possibles : Lille Lesquin ou Charleroi Bruxelles-Sud en Belgique. Pour nos dates de d\u00e9part et retour, des vols directs de\/vers Charleroi \u00e9taient la meilleure option.<\/p>\n\n\n\n<hr class=\"wp-block-separator has-alpha-channel-opacity\" style=\"margin-top:var(--wp--preset--spacing--50);margin-bottom:var(--wp--preset--spacing--50)\"\/>\n\n\n\n<h2 class=\"wp-block-heading\">\u27a1\ufe0f Aller<\/h2>\n\n\n\n<p>Pour rejoindre le d\u00e9part du GR20 \u00e0 Calenzana, nous avons opt\u00e9 pour le trajet suivant le vendredi 22 ao\u00fbt :<\/p>\n\n\n\n<ul class=\"wp-block-list\">\n<li>\ud83d\ude98 Voiture de Lille \u00e0 Charleroi\n<ul class=\"wp-block-list\">\n<li>D\u00e9part de Lille \u00e0 9h10<\/li>\n\n\n\n<li>Arriv\u00e9e \u00e0 l&#8217;a\u00e9roport de Charleroi \u00e0 10h40<\/li>\n\n\n\n<li>Parking 2 \u20ac pour la d\u00e9pose minute<\/li>\n<\/ul>\n<\/li>\n\n\n\n<li>\u2708\ufe0f Vol direct <a href=\"https:\/\/www.aircorsica.com\/\">Air Corsica<\/a> XK793\n<ul class=\"wp-block-list\">\n<li>D\u00e9part de <a href=\"https:\/\/www.brussels-charleroi-airport.com\/fr\">Charleroi Bruxelles-Sud<\/a> (CRL) \u00e0 13h15<\/li>\n\n\n\n<li>Arriv\u00e9e \u00e0 <a href=\"https:\/\/bastia-aeroport.cci.corsica\/\">Bastia Poretta<\/a> (BIA) \u00e0 15h00<\/li>\n\n\n\n<li>Tarif \u00ab Standard \u00bb (avec bagage en soute) \u00e0 103 \u20ac\/personne r\u00e9serv\u00e9 en juin<\/li>\n<\/ul>\n<\/li>\n\n\n\n<li>\ud83d\ude96 <a href=\"https:\/\/www.corsica-taxis.com\/\">Taxi de l&#8217;a\u00e9roport<\/a> de Bastia \u00e0 Casamozza\n<ul class=\"wp-block-list\">\n<li>Environ 7 km jusque l&#8217;arr\u00eat de bus de Casamozza<\/li>\n\n\n\n<li>Trajet \u00e0 25 \u20ac<\/li>\n<\/ul>\n<\/li>\n\n\n\n<li>\ud83d\ude8d Ligne de bus r\u00e9guli\u00e8re <a href=\"https:\/\/www.corsicar.com\/fr\/autocars-lignes-regulieres-autocar-corse_11.html\">Corsicar \/ Les Beaux Voyages<\/a>\n<ul class=\"wp-block-list\">\n<li>D\u00e9part de Casamozza (\u00e0 c\u00f4t\u00e9 de la station Vito) vers 17h30<\/li>\n\n\n\n<li>Passage par l&#8217;\u00cele Rousse et pause \u00e0 Calvi<\/li>\n\n\n\n<li>Arriv\u00e9e \u00e0 Calenzana vers 20h30 (avec un peu de retard)<\/li>\n\n\n\n<li>Billet \u00e0 29 \u20ac\/personne<\/li>\n<\/ul>\n<\/li>\n<\/ul>\n\n\n\n<p>Remarques et alternatives :<\/p>\n\n\n\n<ul class=\"wp-block-list\">\n<li>L&#8217;<a href=\"https:\/\/calvi-aeroport.cci.corsica\/\">a\u00e9roport de Calvi<\/a> aurait \u00e9t\u00e9 un meilleur point d&#8217;arriv\u00e9e mais il n&#8217;y avait pas de vol direct proche de chez nous le vendredi (et ajouter des correspondances aurait trop impact\u00e9 le budget et le timing).<\/li>\n\n\n\n<li>Le site <a href=\"https:\/\/www.corsicabus.org\/connectionsHiking.html\">corsicabus.org<\/a> (non officiel) est utile pour trouver les diff\u00e9rentes lignes de bus possibles.<\/li>\n\n\n\n<li>Depuis Bastia il aurait \u00e9galement \u00e9t\u00e9 possible de prendre le <a href=\"https:\/\/cf-corse.corsica\/horaires\/\">train<\/a> de la gare de Borgo \u00e0 la gare d&#8217;U Fiumeseccu Alzeta (GR20), puis de parcourir les 8 km restants \u00e0 pied ou en stop. Nous avons pr\u00e9f\u00e9r\u00e9 assurer une arriv\u00e9e plus \u00ab en douceur \u00bb.<\/li>\n<\/ul>\n\n\n\n<hr class=\"wp-block-separator has-alpha-channel-opacity\" style=\"margin-top:var(--wp--preset--spacing--50);margin-bottom:var(--wp--preset--spacing--50)\"\/>\n\n\n\n<h2 class=\"wp-block-heading\">\u2b05\ufe0f Retour<\/h2>\n\n\n\n<p>Pour le retour apr\u00e8s Conca, le trajet s&#8217;est fait en 2 \u00e9tapes car nous avions pr\u00e9vu un jour suppl\u00e9mentaire \u00ab au cas o\u00f9 \u00bb et pour r\u00e9cup\u00e9rer tranquillement apr\u00e8s le GR20.<\/p>\n\n\n\n<ul class=\"wp-block-list\">\n<li>\ud83d\ude8d <a href=\"https:\/\/www.portovecchio-tourisme.corsica\/bus\/\">Navette<\/a> de Conca \u00e0 Porto-Vecchio le jeudi 4 septembre\n<ul class=\"wp-block-list\">\n<li>D\u00e9part du bar Le Soleil Levant \u00e0 Conca \u00e0 11h00<\/li>\n\n\n\n<li>Descente \u00e0 la plage de Pinarello \u00e0 11h30<\/li>\n\n\n\n<li>Reprise de la navette vers 16h15<\/li>\n\n\n\n<li>Arriv\u00e9e \u00e0 Porto-Vecchio (gare routi\u00e8re) \u00e0 16h50<\/li>\n\n\n\n<li>Billet \u00e0 4 + 6 \u20ac\/personne<\/li>\n<\/ul>\n<\/li>\n\n\n\n<li>\ud83d\ude8d <a href=\"https:\/\/cc-sudcorse.fr\/navettes-aeorport-figari-sud-corse\/\">Navette<\/a> de Porto-Vecchio \u00e0 Figari le vendredi 5 septembre\n<ul class=\"wp-block-list\">\n<li>D\u00e9part de Porto-Vecchio (gare routi\u00e8re) \u00e0 9h30<\/li>\n\n\n\n<li>Arriv\u00e9e \u00e0 l&#8217;a\u00e9roport de Figari \u00e0 10h00<\/li>\n\n\n\n<li>Billet \u00e0 10 \u20ac\/personne<\/li>\n<\/ul>\n<\/li>\n\n\n\n<li>\u2708\ufe0f Vol direct <a href=\"https:\/\/www.ryanair.com\">Ryanair<\/a> FR4567\n<ul class=\"wp-block-list\">\n<li>D\u00e9part de <a href=\"https:\/\/figari-aeroport.cci.corsica\/\">Figari Sud Corse<\/a> (FSC) \u00e0 13h55<\/li>\n\n\n\n<li>Arriv\u00e9e \u00e0 <a href=\"https:\/\/www.brussels-charleroi-airport.com\/fr\">Charleroi Bruxelles-Sud<\/a> (CRL) \u00e0 16h00<\/li>\n\n\n\n<li>Tarif \u00ab Plus \u00bb (avec bagage en soute) \u00e0 138 \u20ac\/personne r\u00e9serv\u00e9 en juin<\/li>\n<\/ul>\n<\/li>\n\n\n\n<li>\ud83d\ude98 Voiture de l&#8217;a\u00e9roport de Charleroi \u00e0 Lille\n<ul class=\"wp-block-list\">\n<li>D\u00e9part de Charleroi Bruxelles-Sud \u00e0 16h30<\/li>\n\n\n\n<li>Arriv\u00e9e \u00e0 Lille \u00e0 18h30 (avec les bouchons)<\/li>\n<\/ul>\n<\/li>\n<\/ul>\n\n\n\n<p>Remarques et alternatives :<\/p>\n\n\n\n<ul class=\"wp-block-list\">\n<li>Depuis Porto-Vecchio il est \u00e9galement possible de rejoindre les a\u00e9roports d&#8217;Ajaccio ou Bastia.<\/li>\n\n\n\n<li>Le site <a href=\"https:\/\/www.corsicabus.org\/connectionsHiking.html\">corsicabus.org<\/a> (non officiel) est utile pour trouver les diff\u00e9rentes lignes de bus possibles.<\/li>\n<\/ul>\n","protected":false},"excerpt":{"rendered":"<p>Etant bas\u00e9s \u00e0 Lille dans le Nord de la France, le choix de l&#8217;avion pour rejoindre et repartir de Corse \u00e9tait le plus rapide et \u00e9vident, avec 2 a\u00e9roports possibles : Lille Lesquin ou Charleroi Bruxelles-Sud en Belgique. Pour nos dates de d\u00e9part et retour, des vols directs de\/vers Charleroi \u00e9taient la meilleure option. \u27a1\ufe0f [&hellip;]<\/p>\n","protected":false},"author":1,"featured_media":0,"parent":1101,"menu_order":0,"comment_status":"closed","ping_status":"closed","template":"","meta":{"footnotes":""},"class_list":["post-1119","page","type-page","status-publish","hentry"],"_links":{"self":[{"href":"https:\/\/blogs.crespel.me\/gr20\/wp-json\/wp\/v2\/pages\/1119","targetHints":{"allow":["GET"]}}],"collection":[{"href":"https:\/\/blogs.crespel.me\/gr20\/wp-json\/wp\/v2\/pages"}],"about":[{"href":"https:\/\/blogs.crespel.me\/gr20\/wp-json\/wp\/v2\/types\/page"}],"author":[{"embeddable":true,"href":"https:\/\/blogs.crespel.me\/gr20\/wp-json\/wp\/v2\/users\/1"}],"replies":[{"embeddable":true,"href":"https:\/\/blogs.crespel.me\/gr20\/wp-json\/wp\/v2\/comments?post=1119"}],"version-history":[{"count":10,"href":"https:\/\/blogs.crespel.me\/gr20\/wp-json\/wp\/v2\/pages\/1119\/revisions"}],"predecessor-version":[{"id":1214,"href":"https:\/\/blogs.crespel.me\/gr20\/wp-json\/wp\/v2\/pages\/1119\/revisions\/1214"}],"up":[{"embeddable":true,"href":"https:\/\/blogs.crespel.me\/gr20\/wp-json\/wp\/v2\/pages\/1101"}],"wp:attachment":[{"href":"https:\/\/blogs.crespel.me\/gr20\/wp-json\/wp\/v2\/media?parent=1119"}],"curies":[{"name":"wp","href":"https:\/\/api.w.org\/{rel}","templated":true}]}}