{"id":6,"date":"2024-06-09T14:32:26","date_gmt":"2024-06-09T12:32:26","guid":{"rendered":"https:\/\/blogs.crespel.me\/dordogne\/?page_id=6"},"modified":"2024-06-30T09:41:50","modified_gmt":"2024-06-30T07:41:50","slug":"presentation","status":"publish","type":"page","link":"https:\/\/blogs.crespel.me\/dordogne\/","title":{"rendered":"Pr\u00e9sentation"},"content":{"rendered":"<p><strong>Ce blog est le compte rendu d\u2019un court voyage de 10 jours, pour 8 jours complets sur place (depuis le \u00ab 59 \u00bb), en voiture, vers le \u00ab\u00a0P\u00e9rigord Noir\u00a0\u00bb (Sarlat et environs).<br \/>\n<\/strong><\/p>\n<p>La <span style=\"color: #ff0000\">photo ci-dessus<\/span> est typique du centre historique de <strong>Sarlat.<\/strong><\/p>\n<ul>\n<li><strong>Qui<\/strong> : 3 adultes (parents 76\/72 ans et fils 37 ans).<\/li>\n<\/ul>\n<ul>\n<li><strong>Y aller<\/strong> : en voiture depuis Lille, le chemin est \u00ab facile \u00bb (750km environ) et rapide par les autoroutes A1\/A20 si l&rsquo;on excepte Paris et ses embouteillages (particuli\u00e8rement \u00e0 l&rsquo;aller via l&rsquo;Est, plus roulant par l&rsquo;Ouest au retour), les jeudi 30\/05 et samedi 08\/06. Au total 2200km avec les balades sur place.<\/li>\n<\/ul>\n<ul>\n<li><strong>La route<\/strong> : bon r\u00e9seau d\u2019autoroutes, routes secondaires en plut\u00f4t bon \u00e9tat, nombreuses petites routes serpentant dans les for\u00eats suite aux indications farfelues de Google Maps !\u00a0 Possibilit\u00e9s de se garer (en payant&#8230;) pr\u00e8s des sites ou des entr\u00e9es de villages.<\/li>\n<\/ul>\n<ul>\n<li><strong>La conduite <\/strong>: plut\u00f4t cool \u00e0 cette p\u00e9riode de d\u00e9but de saison. <strong><br \/>\n<\/strong><\/li>\n<\/ul>\n<ul>\n<li><strong>Le logement <\/strong>: 9 nuits chez Sandrine (<a href=\"https:\/\/www.tripadvisor.fr\/ShowUserReviews-g196508-d1883533-r954506746-La_Maison_Secrete-Sarlat_la_Caneda_Dordogne_Nouvelle_Aquitaine.html\"><em><span style=\"color: #0000ff\">La Maison secr\u00e8te<\/span><\/em><\/a>) \u00e0 100m du quartier historique de Sarlat, tr\u00e8s bel endroit cosy, accueillant, le plan parfait avec 2 chambres \u00e0 l&rsquo;\u00e9tage. Tr\u00e8s bien \u00e9quip\u00e9 et meubl\u00e9 avec go\u00fbt, le TOP ! sympa et attentionn\u00e9e&#8230;<strong><br \/>\n<\/strong><\/li>\n<\/ul>\n<ul>\n<li><strong>La nourriture<\/strong> : copieux petits d\u00e9jeuners, en-cas le midi (chips\/tomates\/fruits, ou pr\u00e9paration froide maison), 6 restos le soir.<\/li>\n<\/ul>\n<ul>\n<li><strong>Les 26 visites r\u00e9alis\u00e9es <\/strong>: voir le d\u00e9tail au jour le jour dans <span style=\"color: #0000ff\"><a style=\"color: #0000ff\" href=\"https:\/\/blogs.crespel.me\/dordogne\/blog\/\">le blog<\/a><\/span>, dont visite guid\u00e9e du centre-ville historique \u00e0 Sarlat, dont 10 villes\/villages typiques (Rocamadour, Turenne, Collonges la Rouge, Domme, La Roque Gageac, Belv\u00e8s, Monpazier, Montignac, St-Genies, St- L\u00e9on sur V\u00e9z\u00e8re). Dont les Grottes de Lascaux IV et Maxange, les jardins remarquables \u00e0 Marqueyssac, Carsac, Eyrignac, Le Mus\u00e9e du Temps qui passe \u00e0 Allas les mines, le P\u00f4le d&rsquo;interpr\u00e9tation aux Eyzies. Les ch\u00e2teaux de Beynac, Castelnaud la Chapelle, les Milandes, F\u00e9nelon. Le clo\u00eetre de Cadouin, l&rsquo;abbaye de St-Amand de Coly. Les cabanes du Breuil, le village troglo de La Madeleine.<\/li>\n<li><strong>Les visites zapp\u00e9es ou annul\u00e9es<\/strong> : Limeuil et son jardin perch\u00e9, le site troglo de La Roque St Christophe, le gouffre de Proumeyssac et surtout le ch\u00e2teau de Commarque (ferm\u00e9 \u00e0 la visite cause concert&#8230;).<\/li>\n<li><strong>Divers spots photos<\/strong> : les ch\u00e2teaux de Losse, Belcayre, Montfort, Le Paluel, le temple Boudhiste Dhagpo.<\/li>\n<\/ul>\n<ul>\n<li><strong>Quelques avis,<\/strong> environ 22&#8230; sont d\u00e9pos\u00e9s sur <span style=\"color: #0000ff\"><em>Tripadvisor<\/em><\/span>, vous les retrouverez dans les textes du blog \u00ab en soulign\u00e9 \u00bb. Le logement, les 5 restos, et 16 visites y sont.<\/li>\n<\/ul>\n<ul>\n<li><strong>Le budget global<\/strong> de 2600\u20ac dans NOS conditions choisies et assum\u00e9es, soit 867\u20ac\/adulte. Bien s\u00fbr il est possible de r\u00e9duire ce budget pour l\u2019adapter \u00e0 d\u2019autres choix. En d\u00e9tail <strong>pour 3 adultes<\/strong> : h\u00e9bergement 9 nuits= 1075\u20ac, alimentation\/restos 695\u20ac, visites 515\u20ac, parkings\/p\u00e9ages 100\u20ac, essence 211\u20ac (5,5L\/100km Mazda2).<\/li>\n<\/ul>\n<ul>\n<li><strong>La pr\u00e9paration<\/strong> : sujet abord\u00e9 en ao\u00fbt 2023 (et logement r\u00e9serv\u00e9 !) puis fignol\u00e9 au fur et \u00e0 mesure, achat du Guide Vert Michelin, consultations aupr\u00e8s d&rsquo;amies proches (<span style=\"color: #0000ff\"><em>merci \u00e0 Pricilla et Florence<\/em><\/span>), internet et Google Maps, et un programme de 7 courtes escapades de 60 \u00e0 130km depuis <strong>Sarlat<\/strong> est mis sur pied.<\/li>\n<\/ul>\n<ul>\n<li><strong>Les \u00ab\u00a0bons points\u00a0\u00bb<\/strong> : tout ! une m\u00e9t\u00e9o tr\u00e8s favorable (arriv\u00e9s&#8230; et repartis avec le soleil), ciel bleu et 22\/25\u00b0C, des paysages photog\u00e9niques, des for\u00eats, des villages magnifiques, des sites int\u00e9ressants et non satur\u00e9s, et ce centre historique anim\u00e9 \u00e0 2 pas. En bonus, une population fi\u00e8re de son patrimoine et de belles rencontres.<\/li>\n<\/ul>\n<ul>\n<li>Pr\u00e8s de <strong>1600 photos<\/strong>, avec un reflex Sony Alpha 68 (pour Fabien) dont quelques unes prises par moi avec un compact Canon SX620HS (zoom de x25). Aucune retouche effectu\u00e9e sur les photos du blog et du CR. Environ 335 y sont en ligne.<\/li>\n<\/ul>\n<p>Bonne lecture. <em>Fabien et Jean.<\/em><\/p>\n<p>Quelques photos (cliquer pour agrandir) : le logement et Sarlat centre historique. Cartes + Lascaux IV.<\/p>\n\n\t\t<style type=\"text\/css\">\n\t\t\t#gallery-1 {\n\t\t\t\tmargin: auto;\n\t\t\t}\n\t\t\t#gallery-1 .gallery-item {\n\t\t\t\tfloat: left;\n\t\t\t\tmargin-top: 10px;\n\t\t\t\ttext-align: center;\n\t\t\t\twidth: 33%;\n\t\t\t}\n\t\t\t#gallery-1 img {\n\t\t\t\tborder: 2px solid #cfcfcf;\n\t\t\t}\n\t\t\t#gallery-1 .gallery-caption {\n\t\t\t\tmargin-left: 0;\n\t\t\t}\n\t\t\t\/* see gallery_shortcode() in wp-includes\/media.php *\/\n\t\t<\/style>\n\t\t<div id='gallery-1' class='gallery galleryid-6 gallery-columns-3 gallery-size-thumbnail'><dl class='gallery-item'>\n\t\t\t<dt class='gallery-icon landscape'>\n\t\t\t\t<a href='https:\/\/blogs.crespel.me\/dordogne\/wp-content\/uploads\/sites\/21\/2024\/06\/IMG_1885-scaled.jpg'><img loading=\"lazy\" decoding=\"async\" width=\"150\" height=\"150\" src=\"https:\/\/blogs.crespel.me\/dordogne\/wp-content\/uploads\/sites\/21\/2024\/06\/IMG_1885-150x150.jpg\" class=\"attachment-thumbnail size-thumbnail\" alt=\"\" aria-describedby=\"gallery-1-27\" \/><\/a>\n\t\t\t<\/dt>\n\t\t\t\t<dd class='wp-caption-text gallery-caption' id='gallery-1-27'>\n\t\t\t\tLe salon confortable\n\t\t\t\t<\/dd><\/dl><dl class='gallery-item'>\n\t\t\t<dt class='gallery-icon portrait'>\n\t\t\t\t<a href='https:\/\/blogs.crespel.me\/dordogne\/wp-content\/uploads\/sites\/21\/2024\/06\/IMG_1890-scaled.jpg'><img loading=\"lazy\" decoding=\"async\" width=\"150\" height=\"150\" src=\"https:\/\/blogs.crespel.me\/dordogne\/wp-content\/uploads\/sites\/21\/2024\/06\/IMG_1890-150x150.jpg\" class=\"attachment-thumbnail size-thumbnail\" alt=\"\" aria-describedby=\"gallery-1-28\" \/><\/a>\n\t\t\t<\/dt>\n\t\t\t\t<dd class='wp-caption-text gallery-caption' id='gallery-1-28'>\n\t\t\t\tChambre 1\n\t\t\t\t<\/dd><\/dl><dl class='gallery-item'>\n\t\t\t<dt class='gallery-icon landscape'>\n\t\t\t\t<a href='https:\/\/blogs.crespel.me\/dordogne\/wp-content\/uploads\/sites\/21\/2024\/06\/IMG_1892-scaled.jpg'><img loading=\"lazy\" decoding=\"async\" width=\"150\" height=\"150\" src=\"https:\/\/blogs.crespel.me\/dordogne\/wp-content\/uploads\/sites\/21\/2024\/06\/IMG_1892-150x150.jpg\" class=\"attachment-thumbnail size-thumbnail\" alt=\"\" aria-describedby=\"gallery-1-29\" \/><\/a>\n\t\t\t<\/dt>\n\t\t\t\t<dd class='wp-caption-text gallery-caption' id='gallery-1-29'>\n\t\t\t\tChambre 2\n\t\t\t\t<\/dd><\/dl><br style=\"clear: both\" \/><dl class='gallery-item'>\n\t\t\t<dt class='gallery-icon portrait'>\n\t\t\t\t<a href='https:\/\/blogs.crespel.me\/dordogne\/wp-content\/uploads\/sites\/21\/2024\/06\/DSC01636-scaled.jpg'><img loading=\"lazy\" decoding=\"async\" width=\"150\" height=\"150\" src=\"https:\/\/blogs.crespel.me\/dordogne\/wp-content\/uploads\/sites\/21\/2024\/06\/DSC01636-150x150.jpg\" class=\"attachment-thumbnail size-thumbnail\" alt=\"\" aria-describedby=\"gallery-1-30\" \/><\/a>\n\t\t\t<\/dt>\n\t\t\t\t<dd class='wp-caption-text gallery-caption' id='gallery-1-30'>\n\t\t\t\tMaison de La Boetie\n\t\t\t\t<\/dd><\/dl><dl class='gallery-item'>\n\t\t\t<dt class='gallery-icon landscape'>\n\t\t\t\t<a href='https:\/\/blogs.crespel.me\/dordogne\/wp-content\/uploads\/sites\/21\/2024\/06\/DSC01647-scaled.jpg'><img loading=\"lazy\" decoding=\"async\" width=\"150\" height=\"150\" src=\"https:\/\/blogs.crespel.me\/dordogne\/wp-content\/uploads\/sites\/21\/2024\/06\/DSC01647-150x150.jpg\" class=\"attachment-thumbnail size-thumbnail\" alt=\"\" aria-describedby=\"gallery-1-31\" \/><\/a>\n\t\t\t<\/dt>\n\t\t\t\t<dd class='wp-caption-text gallery-caption' id='gallery-1-31'>\n\t\t\t\tDe jour\n\t\t\t\t<\/dd><\/dl><dl class='gallery-item'>\n\t\t\t<dt class='gallery-icon landscape'>\n\t\t\t\t<a href='https:\/\/blogs.crespel.me\/dordogne\/wp-content\/uploads\/sites\/21\/2024\/06\/DSC01693-scaled.jpg'><img loading=\"lazy\" decoding=\"async\" width=\"150\" height=\"150\" src=\"https:\/\/blogs.crespel.me\/dordogne\/wp-content\/uploads\/sites\/21\/2024\/06\/DSC01693-150x150.jpg\" class=\"attachment-thumbnail size-thumbnail\" alt=\"\" aria-describedby=\"gallery-1-32\" \/><\/a>\n\t\t\t<\/dt>\n\t\t\t\t<dd class='wp-caption-text gallery-caption' id='gallery-1-32'>\n\t\t\t\tDe nuit\n\t\t\t\t<\/dd><\/dl><br style=\"clear: both\" \/><dl class='gallery-item'>\n\t\t\t<dt class='gallery-icon landscape'>\n\t\t\t\t<a href='https:\/\/blogs.crespel.me\/dordogne\/wp-content\/uploads\/sites\/21\/2024\/06\/carte-zone-retenue-3-scaled.jpg'><img loading=\"lazy\" decoding=\"async\" width=\"150\" height=\"150\" src=\"https:\/\/blogs.crespel.me\/dordogne\/wp-content\/uploads\/sites\/21\/2024\/06\/carte-zone-retenue-3-150x150.jpg\" class=\"attachment-thumbnail size-thumbnail\" alt=\"\" aria-describedby=\"gallery-1-40\" \/><\/a>\n\t\t\t<\/dt>\n\t\t\t\t<dd class='wp-caption-text gallery-caption' id='gallery-1-40'>\n\t\t\t\tCarte de la zone\n\t\t\t\t<\/dd><\/dl><dl class='gallery-item'>\n\t\t\t<dt class='gallery-icon portrait'>\n\t\t\t\t<a href='https:\/\/blogs.crespel.me\/dordogne\/wp-content\/uploads\/sites\/21\/2024\/06\/Plan-de-Sarlat.jpg'><img loading=\"lazy\" decoding=\"async\" width=\"150\" height=\"150\" src=\"https:\/\/blogs.crespel.me\/dordogne\/wp-content\/uploads\/sites\/21\/2024\/06\/Plan-de-Sarlat-150x150.jpg\" class=\"attachment-thumbnail size-thumbnail\" alt=\"\" aria-describedby=\"gallery-1-41\" \/><\/a>\n\t\t\t<\/dt>\n\t\t\t\t<dd class='wp-caption-text gallery-caption' id='gallery-1-41'>\n\t\t\t\tCarte-plan de Sarlat\n\t\t\t\t<\/dd><\/dl><dl class='gallery-item'>\n\t\t\t<dt class='gallery-icon landscape'>\n\t\t\t\t<a href='https:\/\/blogs.crespel.me\/dordogne\/wp-content\/uploads\/sites\/21\/2024\/06\/IMG_4992-scaled.jpg'><img loading=\"lazy\" decoding=\"async\" width=\"150\" height=\"150\" src=\"https:\/\/blogs.crespel.me\/dordogne\/wp-content\/uploads\/sites\/21\/2024\/06\/IMG_4992-150x150.jpg\" class=\"attachment-thumbnail size-thumbnail\" alt=\"\" aria-describedby=\"gallery-1-42\" \/><\/a>\n\t\t\t<\/dt>\n\t\t\t\t<dd class='wp-caption-text gallery-caption' id='gallery-1-42'>\n\t\t\t\tLascaux IV\n\t\t\t\t<\/dd><\/dl><br style=\"clear: both\" \/>\n\t\t<\/div>\n\n","protected":false},"excerpt":{"rendered":"<p>Ce blog est le compte rendu d\u2019un court voyage de 10 jours, pour 8 jours complets sur place (depuis le \u00ab 59 \u00bb), en voiture, vers le \u00ab\u00a0P\u00e9rigord Noir\u00a0\u00bb (Sarlat et environs). La photo ci-dessus est typique du centre historique de Sarlat. Qui : 3 adultes (parents 76\/72 ans et fils 37 ans). Y aller [&hellip;]<\/p>\n","protected":false},"author":2,"featured_media":23,"parent":0,"menu_order":0,"comment_status":"closed","ping_status":"closed","template":"","meta":{"footnotes":""},"class_list":["post-6","page","type-page","status-publish","has-post-thumbnail","hentry"],"_links":{"self":[{"href":"https:\/\/blogs.crespel.me\/dordogne\/wp-json\/wp\/v2\/pages\/6","targetHints":{"allow":["GET"]}}],"collection":[{"href":"https:\/\/blogs.crespel.me\/dordogne\/wp-json\/wp\/v2\/pages"}],"about":[{"href":"https:\/\/blogs.crespel.me\/dordogne\/wp-json\/wp\/v2\/types\/page"}],"author":[{"embeddable":true,"href":"https:\/\/blogs.crespel.me\/dordogne\/wp-json\/wp\/v2\/users\/2"}],"replies":[{"embeddable":true,"href":"https:\/\/blogs.crespel.me\/dordogne\/wp-json\/wp\/v2\/comments?post=6"}],"version-history":[{"count":34,"href":"https:\/\/blogs.crespel.me\/dordogne\/wp-json\/wp\/v2\/pages\/6\/revisions"}],"predecessor-version":[{"id":528,"href":"https:\/\/blogs.crespel.me\/dordogne\/wp-json\/wp\/v2\/pages\/6\/revisions\/528"}],"wp:featuredmedia":[{"embeddable":true,"href":"https:\/\/blogs.crespel.me\/dordogne\/wp-json\/wp\/v2\/media\/23"}],"wp:attachment":[{"href":"https:\/\/blogs.crespel.me\/dordogne\/wp-json\/wp\/v2\/media?parent=6"}],"curies":[{"name":"wp","href":"https:\/\/api.w.org\/{rel}","templated":true}]}}