{"id":5,"date":"2017-08-05T13:56:36","date_gmt":"2017-08-05T11:56:36","guid":{"rendered":"http:\/\/blogs.crespel.me\/corse\/?page_id=5"},"modified":"2017-09-18T10:33:59","modified_gmt":"2017-09-18T08:33:59","slug":"presentation","status":"publish","type":"page","link":"https:\/\/blogs.crespel.me\/corse\/","title":{"rendered":"Pr\u00e9sentation"},"content":{"rendered":"<p><strong>Ce blog est le compte rendu d\u2019un voyage de 14 jours en Corse (ouest\/centre) \u00e0 compter du Dimanche 31\u2026 Mai 2015 : en 5 villes \u00e9tapes d\u00e9taill\u00e9es en partie blog.2 (une boucle compl\u00e8te dans le sens horaire\u00a0: Ajaccio \u2013 Porto \u2013 L&rsquo;\u00eele Rousse \u2013 Corte \u2013 Ajaccio).<\/strong><\/p>\n<p>La photo ci-dessus, prise depuis Favignana (r\u00e9serve de Scandola) r\u00e9sume les superbes paysages marins !<\/p>\n<p><em>Carte : PdF non d\u00e9taill\u00e9e<br \/>\n<\/em><\/p>\n<p>&nbsp;<\/p>\n<ul>\n<li><strong>Qui<\/strong>\u00a0: 3 adultes (parents 67\/63 ans et fils 27 ans).<\/li>\n<\/ul>\n<ul>\n<li><strong>Y aller<\/strong>\u00a0: vols directs Volotea, aller\/retour Lille\/Ajaccio en 1h55, sur Boeing 717-200 (soit <strong>207\u20ac<\/strong>\/pers. achet\u00e9s en mi-janvier 2015), gamme Plus: bagages soute 20kg inclus, choix de place, etc\u2026<\/li>\n<\/ul>\n<ul>\n<li><strong>Se d\u00e9placer<\/strong>\u00a0: location voiture sur Internet\/Carigami (ex locationdevoiture.fr ) d\u00e9part Ajaccio a\u00e9roport\/retour idem \u00e0 <strong>350\u20ac<\/strong>\/12 jours (achet\u00e9 mi-janvier 2015), loueur Auto Europe pour Europcar. Mod\u00e8le 208 de Peugeot (presque neuf- 4800km- bien \u00e9quip\u00e9e RAS). Consommation 7,4.L\/100km, soit 57.L\/88\u20ac d&rsquo;essence pour 770km.<\/li>\n<\/ul>\n<ul>\n<li><strong>La route<\/strong>\u00a0: ni autoroute, ni voies rapides dans la partie visit\u00e9e, mais un r\u00e9seau principal en bon \u00e9tat avec de tr\u00e8s nombreux virages. R\u00e9seau secondaire \u00e9troit, tortueux avec bosses et trous, ruelles de villages pour petites voitures).<\/li>\n<li><strong>Les conducteurs Corses<\/strong>: ils vont au travail, et les touristes se prom\u00e8nent, donc \u2026 mais \u00e7a se passe bien.<\/li>\n<\/ul>\n<ul>\n<li><strong>Les 14 nuits dans 5 h\u00f4tels<\/strong>, consult\u00e9es sur tripadvisor et booking.com, et r\u00e9serv\u00e9es vers mi-janvier 2015 en direct. Chambre triple, petits d\u00e9jeuners inclus pour 3 personnes= 135\u20ac par nuit en moyenne, mais tous situ\u00e9s dans l\u2019hyper centre des villes pr\u00e8s des sites \u00e0 visiter. Les avis d\u00e9pos\u00e9s sur tripadvisor sont ici:<\/li>\n<li>Le <a href=\"https:\/\/www.tripadvisor.fr\/ShowUserReviews-g187140-d636485-r280563615-Hotel_Spunta_di_Mare-Ajaccio_Communaute_d_Agglomeration_du_Pays_Ajaccien_Corse_du.html\">Spunta di Mare<\/a> \u00e0 Ajaccio (1 nuit \u00e0 l&rsquo;arriv\u00e9e). Les<a href=\"https:\/\/www.tripadvisor.fr\/ShowUserReviews-g1080023-d1185397-r280630015-Hotel_Les_Flots_Bleus-Porto_Ota_Corse_du_Sud_Corsica.html\"> Flots Bleus <\/a>\u00e0 Porto (4 nuits). <a href=\"https:\/\/www.tripadvisor.fr\/ShowUserReviews-g635566-d3251732-r280850446-Hotel_le_Grillon-Ile_Rousse_Haute_Corse_Corsica.html\">Le Grillon<\/a> \u00e0 l&rsquo; \u00eele Rousse (5 nuits\/demi-pension). Le <a href=\"https:\/\/www.tripadvisor.fr\/ShowUserReviews-g635788-d1448070-r280865133-Hotel_Duc_de_Padoue-Corte_Haute_Corse_Corsica.html\">Duc de Padoue<\/a> \u00e0 Corte (2 nuits). Le <a href=\"https:\/\/www.tripadvisor.fr\/ShowUserReviews-g187140-d510553-r280365151-Hotel_San_Carlu_Citadelle-Ajaccio_Communaute_d_Agglomeration_du_Pays_Ajaccien_Cor.html\">San Carlu<\/a> Citadelle \u00e0 Ajaccio (2 nuits\/demi-pension).<\/li>\n<\/ul>\n<ul>\n<li><strong>La nourriture<\/strong>\u00a0: copieux petits d\u00e9jeuners \u00e0 l\u2019h\u00f4tel, en-cas le midi (chips\/tomates\/fruits- ou ros\u00e9\/antipasti \u00e0 10\u20ac\/3 pers.), restos le soir ou demi-pension (55\u20ac\/3 pers. en moyenne avec boissons), assez bonne surprise surtout avec 2 v\u00e9g\u00e9tariens\u00a0!<\/li>\n<li><strong>Les visites<\/strong>: voir le d\u00e9tail au jour le jour. Budget proche de 170\u20ac\/pers. (dont croisi\u00e8re Scandola).<\/li>\n<\/ul>\n<ul>\n<li><strong>Le budget global<\/strong> de 4600.\u20ac dans NOS conditions choisies et assum\u00e9es, soit 1530.\u20ac\/adulte.<\/li>\n<\/ul>\n<ul>\n<li><strong>La pr\u00e9paration<\/strong>\u00a0: projet \u00e9bauch\u00e9 fin 2014 mais finalis\u00e9 en\u00a0 01\/2015 avec cartes routi\u00e8res, guides \u00ab\u00a0Voir\u00a0\u00bb et \u00ab\u00a0Vert\u00a0\u00bb, tripadvisor, internet.<\/li>\n<\/ul>\n<ul>\n<li><strong>Les \u00ab\u00a0bons points\u00a0\u00bb<\/strong> : Soleil et ciel bleu tous les jours avec 24\u00b0C \u00e0 27\u00b0C et un petit vent agr\u00e9able. Tr\u00e8s surpris par l&rsquo;accueil Corse bien loin des vilains clich\u00e9s. La nature et les fleurs \u00e0 cette saison. L\u2019histoire, les villages perch\u00e9s et ces points de vue sublimes \u00e0 chaque virage.<em><br \/>\n<\/em><\/li>\n<li><strong>Les \u00ab\u00a0b\u00e9mols\u00a0\u00bb<\/strong>: un seul, le dernier resto \u00e0 Ajaccio: <a href=\"https:\/\/www.tripadvisor.fr\/ShowUserReviews-g187140-d6737946-r280293142-Cafe_Latin-Ajaccio_Communaute_d_Agglomeration_du_Pays_Ajaccien_Corse_du_Sud_Cors.html\">caf\u00e9 latin <\/a>rue Fech (tous les d\u00e9fauts&#8230; racolage, salet\u00e9, malbouffe, obligation de payer en cash, service nul) <span style=\"color: #ff0000\">\u00e0 fuir !<\/span><\/li>\n<li><strong>Les \u00ab\u00a0rat\u00e9s\u00a0\u00bb, <\/strong>deux: un orage entre Corte et Bocognano nous emp\u00eachant d&rsquo;appr\u00e9cier la vall\u00e9e de la Gravona et la for\u00eat de Vizzavona. Une forte houle ne permettant pas le d\u00e9barquement aux Sanguinaires, donc nous annulons cette mini-croisi\u00e8re proche d&rsquo;Ajaccio.<\/li>\n<\/ul>\n<ul>\n<li>Pr\u00e8s de 2470 photos: avec un reflex Konica Minolta Dynax 5D (pour Fabien) et quelques autres prises par moi avec un compact Canon SX220HS \u2013 zoom de x14). Aucune retouche effectu\u00e9e sur les photos du blog et du CR. Pr\u00e8s de 360 sont d\u00e9j\u00e0 en ligne pour les 14 jours du blog 2015 (+50 sur 650 pour la partie 2014). Cliquer pour les agrandir.<\/li>\n<\/ul>\n<p>Bonne lecture. <em>Fabien et Jean.<\/em><\/p>\n","protected":false},"excerpt":{"rendered":"<p>Ce blog est le compte rendu d\u2019un voyage de 14 jours en Corse (ouest\/centre) \u00e0 compter du Dimanche 31\u2026 Mai 2015 : en 5 villes \u00e9tapes d\u00e9taill\u00e9es en partie blog.2 (une boucle compl\u00e8te dans le sens horaire\u00a0: Ajaccio \u2013 Porto \u2013 L&rsquo;\u00eele Rousse \u2013 Corte \u2013 Ajaccio). La photo ci-dessus, prise depuis Favignana (r\u00e9serve de [&hellip;]<\/p>\n","protected":false},"author":2,"featured_media":20,"parent":0,"menu_order":0,"comment_status":"closed","ping_status":"closed","template":"","meta":{"footnotes":""},"class_list":["post-5","page","type-page","status-publish","has-post-thumbnail","hentry"],"_links":{"self":[{"href":"https:\/\/blogs.crespel.me\/corse\/wp-json\/wp\/v2\/pages\/5","targetHints":{"allow":["GET"]}}],"collection":[{"href":"https:\/\/blogs.crespel.me\/corse\/wp-json\/wp\/v2\/pages"}],"about":[{"href":"https:\/\/blogs.crespel.me\/corse\/wp-json\/wp\/v2\/types\/page"}],"author":[{"embeddable":true,"href":"https:\/\/blogs.crespel.me\/corse\/wp-json\/wp\/v2\/users\/2"}],"replies":[{"embeddable":true,"href":"https:\/\/blogs.crespel.me\/corse\/wp-json\/wp\/v2\/comments?post=5"}],"version-history":[{"count":20,"href":"https:\/\/blogs.crespel.me\/corse\/wp-json\/wp\/v2\/pages\/5\/revisions"}],"predecessor-version":[{"id":630,"href":"https:\/\/blogs.crespel.me\/corse\/wp-json\/wp\/v2\/pages\/5\/revisions\/630"}],"wp:featuredmedia":[{"embeddable":true,"href":"https:\/\/blogs.crespel.me\/corse\/wp-json\/wp\/v2\/media\/20"}],"wp:attachment":[{"href":"https:\/\/blogs.crespel.me\/corse\/wp-json\/wp\/v2\/media?parent=5"}],"curies":[{"name":"wp","href":"https:\/\/api.w.org\/{rel}","templated":true}]}}