{"id":257,"date":"2022-12-04T10:00:44","date_gmt":"2022-12-04T09:00:44","guid":{"rendered":"https:\/\/blogs.crespel.me\/concours-complet\/?page_id=257"},"modified":"2023-05-20T09:52:24","modified_gmt":"2023-05-20T07:52:24","slug":"presentation","status":"publish","type":"page","link":"https:\/\/blogs.crespel.me\/concours-complet\/","title":{"rendered":"Pr\u00e9sentation"},"content":{"rendered":"<p>Bonjour \u00e0 toutes et tous,<\/p>\n<p>Vous trouverez sur ce blog une compilation de mes billets sur les Concours Complets 5* d&rsquo;\u00e9quitation en Angleterre (nos 18 week-end de 2004 \u00e0 2022). Compl\u00e9t\u00e9e par les JEM (Jeux \u00e9questres mondiaux de 2006 et 2014) et d&rsquo;autres sur le continent.<\/p>\n<p><strong>Ces 20 billets<\/strong> ont \u00e9t\u00e9 r\u00e9dig\u00e9s, \u00e0 partir d&rsquo;ao\u00fbt 2021, pour les \u00ab\u00a0fans\u00a0\u00bb <span style=\"color: #0000ff\">du site Facebouc<\/span> \u00ab\u00a0<span style=\"color: #0000ff\">le concours complet<\/span>\u00a0\u00bb cr\u00e9\u00e9 et anim\u00e9 par Gautier Beaudoin. Mais vu le nombre de parutions il est difficile de les retrouver surtout que leur ordre calendaire (2004 \u00e0 2022) est al\u00e9atoire.<\/p>\n<p><span style=\"color: #0000ff\"><strong>* Attention, il y a maintenant (Mai 2023) 2 billets de plus cause Badminton 2023 !<\/strong><\/span><\/p>\n<p>Les voici donc regroup\u00e9s dans le m\u00eame d\u00e9sordre, avec, \u00e0 peu pr\u00e8s, les m\u00eames textes et pr\u00e8s de <strong>420 photos<\/strong>. <em><span style=\"color: #ff0000\">Vous pouvez acc\u00e9der directement \u00e0 chaque article en cliquant sur celui choisi dans la liste \u00e0 droite (ordre inverse de leur parution).<\/span><\/em><\/p>\n<p>Il ne s&rsquo;agit pas de comptes rendus sportifs avec r\u00e9sultats d\u00e9taill\u00e9s, mais la traduction des ressentis de notre groupe fid\u00e8le de supporters du Noord pour cette discipline (ambiance, chevaux, cavaliers).<\/p>\n<p>Pour la <span style=\"color: #ff0000\">photo d&rsquo;en t\u00eate,<\/span> qui peut mieux illustrer que CE \u00ab\u00a0Monsieur\u00a0\u00bb ?? Andrew Nicholson\/NZL pour ses 38 parcours termin\u00e9s \u00e0 Badminton depuis 1984 (et une seule victoire en 2017, mais il a gagn\u00e9 5 fois Burghley&#8230;).<\/p>\n<p><strong><em>En parall\u00e8le, pour d&rsquo;autres d\u00e9tails compl\u00e9mentaires r\u00e9dig\u00e9s \u00ab\u00a0\u00e0 chaud\u00a0\u00bb et au fur et \u00e0 mesure, dans l&rsquo;ordre calendaire, vous pouvez consulter mon autre blog centr\u00e9 sur Badminton (+ Burghley), ici<\/em> <\/strong><span style=\"color: #0000ff\">: <\/span><a href=\"https:\/\/blogs.crespel.me\/badminton\/\"><span style=\"color: #0000ff\">https:\/\/blogs.crespel.me\/badminton\/<\/span><\/a><\/p>\n<p>Bonne lecture. Jean. D\u00e9cembre 2022 et Mai 2023.<\/p>\n","protected":false},"excerpt":{"rendered":"<p>Bonjour \u00e0 toutes et tous, Vous trouverez sur ce blog une compilation de mes billets sur les Concours Complets 5* d&rsquo;\u00e9quitation en Angleterre (nos 18 week-end de 2004 \u00e0 2022). Compl\u00e9t\u00e9e par les JEM (Jeux \u00e9questres mondiaux de 2006 et 2014) et d&rsquo;autres sur le continent. Ces 20 billets ont \u00e9t\u00e9 r\u00e9dig\u00e9s, \u00e0 partir d&rsquo;ao\u00fbt [&hellip;]<\/p>\n","protected":false},"author":2,"featured_media":279,"parent":0,"menu_order":0,"comment_status":"closed","ping_status":"closed","template":"","meta":{"footnotes":""},"class_list":["post-257","page","type-page","status-publish","has-post-thumbnail","hentry"],"_links":{"self":[{"href":"https:\/\/blogs.crespel.me\/concours-complet\/wp-json\/wp\/v2\/pages\/257","targetHints":{"allow":["GET"]}}],"collection":[{"href":"https:\/\/blogs.crespel.me\/concours-complet\/wp-json\/wp\/v2\/pages"}],"about":[{"href":"https:\/\/blogs.crespel.me\/concours-complet\/wp-json\/wp\/v2\/types\/page"}],"author":[{"embeddable":true,"href":"https:\/\/blogs.crespel.me\/concours-complet\/wp-json\/wp\/v2\/users\/2"}],"replies":[{"embeddable":true,"href":"https:\/\/blogs.crespel.me\/concours-complet\/wp-json\/wp\/v2\/comments?post=257"}],"version-history":[{"count":18,"href":"https:\/\/blogs.crespel.me\/concours-complet\/wp-json\/wp\/v2\/pages\/257\/revisions"}],"predecessor-version":[{"id":691,"href":"https:\/\/blogs.crespel.me\/concours-complet\/wp-json\/wp\/v2\/pages\/257\/revisions\/691"}],"wp:featuredmedia":[{"embeddable":true,"href":"https:\/\/blogs.crespel.me\/concours-complet\/wp-json\/wp\/v2\/media\/279"}],"wp:attachment":[{"href":"https:\/\/blogs.crespel.me\/concours-complet\/wp-json\/wp\/v2\/media?parent=257"}],"curies":[{"name":"wp","href":"https:\/\/api.w.org\/{rel}","templated":true}]}}