{"id":6,"date":"2025-06-12T11:25:11","date_gmt":"2025-06-12T09:25:11","guid":{"rendered":"https:\/\/blogs.crespel.me\/bretagne2025\/?page_id=6"},"modified":"2025-08-16T16:58:33","modified_gmt":"2025-08-16T14:58:33","slug":"presentation","status":"publish","type":"page","link":"https:\/\/blogs.crespel.me\/bretagne2025\/","title":{"rendered":"Pr\u00e9sentation"},"content":{"rendered":"<p><strong>Ce blog est le compte rendu d\u2019un voyage de 2 semaines (depuis le \u00ab 59 \u00bb) vers la Normandie (le Mont St Michel) et une partie du bout de la Bretagne (depuis Quimper et Lannion) en voiture.<br \/>\n<\/strong><\/p>\n<p><span style=\"color: #000000;\">La <span style=\"color: #ff0000;\">photo ci-dessus<\/span> prise <strong>pr\u00e8s de Saint Gu\u00e9nol\u00e9<\/strong>, est typique des paysages c\u00f4tiers sauvages de la Bretagne\u2026 sous le soleil&#8230; ce jour l\u00e0 !<\/span><\/p>\n<ul>\n<li><span style=\"color: #000000;\"><strong>Qui<\/strong> : 3 adultes (parents 77\/73 ans et fils 37 ans).<\/span><\/li>\n<\/ul>\n<ul>\n<li><span style=\"color: #000000;\"><strong>Y aller<\/strong> : en voiture depuis Lille, le chemin est \u00ab\u00a0court\u00a0\u00bb si l&rsquo;on fait une pause (superbe avec une nuit sur le Mont St Michel \u00e0 510km), et rapide par l\u2019autoroute (via Amiens, Pont de Normandie, Avranches), avec un second tron\u00e7on de 260km pour atteindre Quimper. En ajoutant nos circuits autour de Quimper, la liaison vers Lannion, les circuits depuis Lannion et le retour direct (690km) nous arrivons \u00e0 un total de 2590km.<\/span><\/li>\n<\/ul>\n<ul>\n<li><span style=\"color: #000000;\"><strong>La route<\/strong> : bon r\u00e9seau d\u2019autoroutes, routes d\u00e9partementales et secondaires en plut\u00f4t bon \u00e9tat, et une profusion de ronds points et de zones partag\u00e9es (avec les cyclistes !) assez d\u00e9routantes.<br \/>\n<\/span><\/li>\n<li><span style=\"color: #000000;\"><strong>La conduite<\/strong>: plut\u00f4t cool et peu dense car nous y sommes hors saison (1\u00e8re quinzaine de juin).<strong><br \/>\n<\/strong><\/span><\/li>\n<\/ul>\n<ul>\n<li><span style=\"color: #000000;\"><strong>Les logements<\/strong>: <strong>1)<\/strong> immense privil\u00e8ge de dormir cette fois-ci, encore (comme en 2020), la 1\u00e8re nuit \u00e0 l\u2019int\u00e9rieur du Mont St Michel (chambre <strong>triple<\/strong> au 3\u00e8me \u00e9tage, vue baie, \u00e0 l\u2019h\u00f4tel Du Guesclin** en demi-pension. <strong>2)<\/strong> puis 7 nuits dans un bel appartement de 75m\u00b2 \u00e0 800m du centre de Quimper. <strong>3)<\/strong> et pour finir 7 nuits dans une superbe maison de ville \u00e0 800m du centre de Lannion.<strong><br \/>\n<\/strong><\/span><\/li>\n<\/ul>\n<ul>\n<li><span style=\"color: #000000;\"><strong>La nourriture<\/strong> : copieux petits d\u00e9jeuners, en-cas le midi (chips\/tomates\/fruits, ou pr\u00e9paration froide maison), cuisine simple maison le soir, et 7 restos\/cr\u00eaperies midi ou soir suivant opportunit\u00e9. Notre astuce* : commander un Drive \u00e0 l&rsquo;avance \u00e0 enlever d\u00e8s l&rsquo;arriv\u00e9e au 1er logement = finie la corv\u00e9e des courses !<br \/>\n<\/span><\/li>\n<\/ul>\n<ul>\n<li><span style=\"color: #000000;\"><strong>Les visites<\/strong>: voir le d\u00e9tail au jour le jour, dont 8 payantes : ch\u00e2teau, abbaye, mus\u00e9e, vedettes de Br\u00e9hat. Et des balades \u00e0 pied plus ou moins longues pour 85km au total.<br \/>\n<\/span><\/li>\n<li><span style=\"color: #000000;\"><strong>De nombreux avis<\/strong> (24) sont d\u00e9pos\u00e9s sur <em>Tripadvisor<\/em>, vous les retrouverez dans les textes du blog \u00ab en soulign\u00e9 \u00bb.<br \/>\n<\/span><\/li>\n<\/ul>\n<ul>\n<li><span style=\"color: #000000;\"><strong>Le budget global<\/strong> de 3360 \u20ac dans NOS conditions choisies et assum\u00e9es, soit 1120 \u20ac\/adulte. Bien s\u00fbr il est possible de r\u00e9duire ce budget pour l\u2019adapter \u00e0 d\u2019autres choix. En d\u00e9tail pour 3 adultes : h\u00e9bergements dont h\u00f4tel 1950\u20ac, alimentation\/restos 900\u20ac, visites 170\u20ac, parkings\/p\u00e9ages\/essence 330\u20ac.<br \/>\n<\/span><\/li>\n<\/ul>\n<ul>\n<li><span style=\"color: #000000;\"><strong>La pr\u00e9paration<\/strong> : r\u00e9gion ponctuellement abord\u00e9e il y a plus de 40 ans\u2026 donc retour aux sources avec cartes et guides + le net, et un programme de 2&#215;5 boucles personnalis\u00e9es de 50 \u00e0 140km depuis nos camps de base.<br \/>\n<\/span><\/li>\n<\/ul>\n<ul>\n<li><span style=\"color: #000000;\"><strong>Les \u00ab\u00a0bons points\u00a0\u00bb<\/strong> : majoritairement satisfaits des visites et des superbes paysages m\u00eame s&rsquo;il a fallu jongler un peu avec le soleil, les \u00e9claircies, les quelques gouttes ou \u00ab\u00a0draches\u00a0\u00bb&#8230;<br \/>\n<\/span><\/li>\n<\/ul>\n<ul>\n<li><span style=\"color: #000000;\">Pr\u00e8s de <strong>1930 photos<\/strong> avec un reflex Sony Alpha 68 (pour Fabien) dont quelques unes prises par moi avec un compact Canon SX620HS (zoom de x25). Aucune retouche effectu\u00e9e sur les photos du blog et du CR. Environ 415 sont en ligne sur les pages de ce blog Bretagne 2025.<\/span><\/li>\n<\/ul>\n<p><span style=\"color: #000000;\">Bonne lecture. <em>Fabien et Jean.<\/em><\/span><\/p>\n<p><span style=\"color: #000000;\"><strong>Quelques photos :<\/strong> Pont de Normandie, Mont St Michel en soir\u00e9e, Moncontour, Quimper et Lannion :<br \/>\n<\/span><\/p>\n\n\t\t<style type=\"text\/css\">\n\t\t\t#gallery-1 {\n\t\t\t\tmargin: auto;\n\t\t\t}\n\t\t\t#gallery-1 .gallery-item {\n\t\t\t\tfloat: left;\n\t\t\t\tmargin-top: 10px;\n\t\t\t\ttext-align: center;\n\t\t\t\twidth: 33%;\n\t\t\t}\n\t\t\t#gallery-1 img {\n\t\t\t\tborder: 2px solid #cfcfcf;\n\t\t\t}\n\t\t\t#gallery-1 .gallery-caption {\n\t\t\t\tmargin-left: 0;\n\t\t\t}\n\t\t\t\/* see gallery_shortcode() in wp-includes\/media.php *\/\n\t\t<\/style>\n\t\t<div id='gallery-1' class='gallery galleryid-6 gallery-columns-3 gallery-size-thumbnail'><dl class='gallery-item'>\n\t\t\t<dt class='gallery-icon landscape'>\n\t\t\t\t<a href='https:\/\/blogs.crespel.me\/bretagne2025\/wp-content\/uploads\/sites\/23\/2025\/06\/DSC04342-scaled.jpg'><img loading=\"lazy\" decoding=\"async\" width=\"150\" height=\"150\" src=\"https:\/\/blogs.crespel.me\/bretagne2025\/wp-content\/uploads\/sites\/23\/2025\/06\/DSC04342-150x150.jpg\" class=\"attachment-thumbnail size-thumbnail\" alt=\"\" aria-describedby=\"gallery-1-24\" \/><\/a>\n\t\t\t<\/dt>\n\t\t\t\t<dd class='wp-caption-text gallery-caption' id='gallery-1-24'>\n\t\t\t\tPont de Normandie\n\t\t\t\t<\/dd><\/dl><dl class='gallery-item'>\n\t\t\t<dt class='gallery-icon landscape'>\n\t\t\t\t<a href='https:\/\/blogs.crespel.me\/bretagne2025\/wp-content\/uploads\/sites\/23\/2025\/06\/DSC04513-scaled.jpg'><img loading=\"lazy\" decoding=\"async\" width=\"150\" height=\"150\" src=\"https:\/\/blogs.crespel.me\/bretagne2025\/wp-content\/uploads\/sites\/23\/2025\/06\/DSC04513-150x150.jpg\" class=\"attachment-thumbnail size-thumbnail\" alt=\"\" aria-describedby=\"gallery-1-25\" \/><\/a>\n\t\t\t<\/dt>\n\t\t\t\t<dd class='wp-caption-text gallery-caption' id='gallery-1-25'>\n\t\t\t\tLe Mont Saint Michel le soir\n\t\t\t\t<\/dd><\/dl><dl class='gallery-item'>\n\t\t\t<dt class='gallery-icon landscape'>\n\t\t\t\t<a href='https:\/\/blogs.crespel.me\/bretagne2025\/wp-content\/uploads\/sites\/23\/2025\/06\/DSC04554-scaled.jpg'><img loading=\"lazy\" decoding=\"async\" width=\"150\" height=\"150\" src=\"https:\/\/blogs.crespel.me\/bretagne2025\/wp-content\/uploads\/sites\/23\/2025\/06\/DSC04554-150x150.jpg\" class=\"attachment-thumbnail size-thumbnail\" alt=\"\" aria-describedby=\"gallery-1-26\" \/><\/a>\n\t\t\t<\/dt>\n\t\t\t\t<dd class='wp-caption-text gallery-caption' id='gallery-1-26'>\n\t\t\t\tRare rue d\u00e9serte au Mont\n\t\t\t\t<\/dd><\/dl><br style=\"clear: both\" \/><dl class='gallery-item'>\n\t\t\t<dt class='gallery-icon landscape'>\n\t\t\t\t<a href='https:\/\/blogs.crespel.me\/bretagne2025\/wp-content\/uploads\/sites\/23\/2025\/06\/DSC04671-scaled.jpg'><img loading=\"lazy\" decoding=\"async\" width=\"150\" height=\"150\" src=\"https:\/\/blogs.crespel.me\/bretagne2025\/wp-content\/uploads\/sites\/23\/2025\/06\/DSC04671-150x150.jpg\" class=\"attachment-thumbnail size-thumbnail\" alt=\"\" aria-describedby=\"gallery-1-29\" \/><\/a>\n\t\t\t<\/dt>\n\t\t\t\t<dd class='wp-caption-text gallery-caption' id='gallery-1-29'>\n\t\t\t\tVillage de Moncontour\n\t\t\t\t<\/dd><\/dl><dl class='gallery-item'>\n\t\t\t<dt class='gallery-icon landscape'>\n\t\t\t\t<a href='https:\/\/blogs.crespel.me\/bretagne2025\/wp-content\/uploads\/sites\/23\/2025\/06\/DSC04958-scaled.jpg'><img loading=\"lazy\" decoding=\"async\" width=\"150\" height=\"150\" src=\"https:\/\/blogs.crespel.me\/bretagne2025\/wp-content\/uploads\/sites\/23\/2025\/06\/DSC04958-150x150.jpg\" class=\"attachment-thumbnail size-thumbnail\" alt=\"\" aria-describedby=\"gallery-1-27\" \/><\/a>\n\t\t\t<\/dt>\n\t\t\t\t<dd class='wp-caption-text gallery-caption' id='gallery-1-27'>\n\t\t\t\tCanaux de Quimper\n\t\t\t\t<\/dd><\/dl><dl class='gallery-item'>\n\t\t\t<dt class='gallery-icon landscape'>\n\t\t\t\t<a href='https:\/\/blogs.crespel.me\/bretagne2025\/wp-content\/uploads\/sites\/23\/2025\/06\/DSC05781-scaled.jpg'><img loading=\"lazy\" decoding=\"async\" width=\"150\" height=\"150\" src=\"https:\/\/blogs.crespel.me\/bretagne2025\/wp-content\/uploads\/sites\/23\/2025\/06\/DSC05781-150x150.jpg\" class=\"attachment-thumbnail size-thumbnail\" alt=\"\" aria-describedby=\"gallery-1-28\" \/><\/a>\n\t\t\t<\/dt>\n\t\t\t\t<dd class='wp-caption-text gallery-caption' id='gallery-1-28'>\n\t\t\t\tEscaliers de Brelevenez \u00e0 Lannion\n\t\t\t\t<\/dd><\/dl><br style=\"clear: both\" \/>\n\t\t<\/div>\n\n","protected":false},"excerpt":{"rendered":"<p>Ce blog est le compte rendu d\u2019un voyage de 2 semaines (depuis le \u00ab 59 \u00bb) vers la Normandie (le Mont St Michel) et une partie du bout de la Bretagne (depuis Quimper et Lannion) en voiture. La photo ci-dessus prise pr\u00e8s de Saint Gu\u00e9nol\u00e9, est typique des paysages c\u00f4tiers sauvages de la Bretagne\u2026 sous [&hellip;]<\/p>\n","protected":false},"author":1,"featured_media":15,"parent":0,"menu_order":0,"comment_status":"closed","ping_status":"closed","template":"","meta":{"footnotes":""},"class_list":["post-6","page","type-page","status-publish","has-post-thumbnail","hentry"],"_links":{"self":[{"href":"https:\/\/blogs.crespel.me\/bretagne2025\/wp-json\/wp\/v2\/pages\/6","targetHints":{"allow":["GET"]}}],"collection":[{"href":"https:\/\/blogs.crespel.me\/bretagne2025\/wp-json\/wp\/v2\/pages"}],"about":[{"href":"https:\/\/blogs.crespel.me\/bretagne2025\/wp-json\/wp\/v2\/types\/page"}],"author":[{"embeddable":true,"href":"https:\/\/blogs.crespel.me\/bretagne2025\/wp-json\/wp\/v2\/users\/1"}],"replies":[{"embeddable":true,"href":"https:\/\/blogs.crespel.me\/bretagne2025\/wp-json\/wp\/v2\/comments?post=6"}],"version-history":[{"count":22,"href":"https:\/\/blogs.crespel.me\/bretagne2025\/wp-json\/wp\/v2\/pages\/6\/revisions"}],"predecessor-version":[{"id":708,"href":"https:\/\/blogs.crespel.me\/bretagne2025\/wp-json\/wp\/v2\/pages\/6\/revisions\/708"}],"wp:featuredmedia":[{"embeddable":true,"href":"https:\/\/blogs.crespel.me\/bretagne2025\/wp-json\/wp\/v2\/media\/15"}],"wp:attachment":[{"href":"https:\/\/blogs.crespel.me\/bretagne2025\/wp-json\/wp\/v2\/media?parent=6"}],"curies":[{"name":"wp","href":"https:\/\/api.w.org\/{rel}","templated":true}]}}