{"id":5,"date":"2020-09-13T14:31:51","date_gmt":"2020-09-13T12:31:51","guid":{"rendered":"https:\/\/blogs.crespel.me\/bretagne\/?page_id=5"},"modified":"2020-09-25T10:44:43","modified_gmt":"2020-09-25T08:44:43","slug":"presentation","status":"publish","type":"page","link":"https:\/\/blogs.crespel.me\/bretagne\/","title":{"rendered":"Pr\u00e9sentation"},"content":{"rendered":"<p><strong>Ce blog est le compte rendu d\u2019un court voyage de 5\/7 jours (depuis le \u00ab\u00a059\u00a0\u00bb) vers la Normandie (le Mont St Michel) et la Bretagne (la c\u00f4te d&rsquo;Emeraude) en voiture.<br \/>\n<\/strong><\/p>\n<p>La photo ci-dessus prise \u00e0 la <strong><span style=\"color: #ff0000\">Pointe du Grouin<\/span><\/strong>, est typique des paysages c\u00f4tiers de la Bretagne du Nord&#8230; sous un soleil constant !<\/p>\n<ul>\n<li><strong>Qui<\/strong> : 3 adultes (parents 72\/68 ans et fils 33 ans).<\/li>\n<\/ul>\n<ul>\n<li><strong>Y aller<\/strong> : en voiture depuis Valenciennes, le chemin est \u00ab\u00a0court\u00a0\u00bb (moins de 600km) et rapide par l&rsquo;autoroute (via Amiens, Pont de Normandie, Avranches), mais nous a bien mang\u00e9 les journ\u00e9es de dimanche 06\/09 et samedi 12\/09. Au total 1650km.<\/li>\n<\/ul>\n<ul>\n<li><strong>La route<\/strong> : bon r\u00e9seau d\u2019autoroutes, avec quelques travaux entre Avranches et Dol de Bretagne. Routes secondaires en plut\u00f4t bon \u00e9tat, et une profusion de ralentisseurs (quelquefois tr\u00e8s\/trop s\u00e9v\u00e8res&#8230;) aux abords et dans les villes\/villages\/bourgs. Tr\u00e8s beaux fleurissements urbains ou sur les ronds points en Bretagne.<\/li>\n<li><strong>La conduite<\/strong>: plut\u00f4t cool mais assez dense avec les touristes de tout poil (surtout nos voisins Belges &#8211; tiens&#8230;), et de nombreux camping-cars ! <strong><br \/>\n<\/strong><\/li>\n<\/ul>\n<ul>\n<li><strong>Les logements<\/strong>: immense privil\u00e8ge de dormir la 1\u00e8re nuit \u00e0 l&rsquo;int\u00e9rieur du Mont St Michel (chambre <strong>triple<\/strong> au 3\u00e8me \u00e9tage, vue baie, \u00e0 l&rsquo;h\u00f4tel Du Guesclin** pour 177\u20ac avec 3 petits d\u00e9jeuners et taxes). Puis 5 nuits devant la Grande plage de St Cast le Guildo (r\u00e9sidence du Casino, 5\u00e8me \u00e9tage, appartement de 72m2 pour 710\u20ac la sem avec taxes et loc draps).<strong><br \/>\n<\/strong><\/li>\n<\/ul>\n<ul>\n<li><strong>La nourriture<\/strong> : copieux petits d\u00e9jeuners, en-cas le midi (chips\/tomates\/fruits, ou pr\u00e9paration froide maison), 3 restos + 1 pizza, et cuisine simple maison le soir.<\/li>\n<\/ul>\n<ul>\n<li><strong>Les visites<\/strong>: voir le d\u00e9tail au jour le jour, dont 3 payantes: Abbaye du Mont St Michel, <a href=\"https:\/\/www.tripadvisor.fr\/ShowUserReviews-g1389079-d1950199-r770704503-Fort_La_Latte-Plevenon_Cotes_d_Armor_Brittany.html\">Fort La Latte<\/a>, et ch\u00e2teau de Dinan.<\/li>\n<li><strong>De nombreux avis<\/strong> (26) sont d\u00e9pos\u00e9s sur <span style=\"color: #ff0000\"><em>tripadvisor<\/em><\/span>, vous les retrouverez dans les textes du blog \u00ab\u00a0en soulign\u00e9\u00a0\u00bb (comme ci-dessus \u00ab\u00a0Fort la Latte\u00a0\u00bb&#8230;).<\/li>\n<\/ul>\n<ul>\n<li><strong>Le budget global<\/strong> de 1650.\u20ac dans NOS conditions choisies et assum\u00e9es, soit 550.\u20ac\/adulte. Bien s\u00fbr il est possible de r\u00e9duire ce budget pour l\u2019adapter \u00e0 d\u2019autres choix. En d\u00e9tail pour 3 adultes: h\u00e9bergements 887\u20ac, alimentation\/restos 378\u20ac, visites 75\u20ac, parkings\/p\u00e9ages 90\u20ac, essence 220\u20ac.<\/li>\n<\/ul>\n<ul>\n<li><strong>La pr\u00e9paration<\/strong> : r\u00e9gion d\u00e9j\u00e0 abord\u00e9e il y a pr\u00e8s de 25\/30 ans&#8230; donc retour aux sources avec le Guide Petit fut\u00e9 St Malo et +, la carte IGN Top75, et un programme de 4 boucles personnalis\u00e9es de 60 \u00e0 100km depuis St Cast (voir carte photo ci-dessous \u00e0 D.). Vous remarquerez que ces circuits et visites \u00ab\u00a0tiennent\u00a0\u00bb dans un rectangle de 30km x 20km.<\/li>\n<\/ul>\n<ul>\n<li><strong>Les \u00ab\u00a0bons points\u00a0\u00bb<\/strong> : Tout ! un grand soleil constant et 20\/22\u00b0C, des paysages grandioses, des sites int\u00e9ressants et non satur\u00e9s, et \u00ab\u00a0notre\u00a0\u00bb plage de St Cast devant les yeux matin et soir&#8230;<\/li>\n<\/ul>\n<ul>\n<li>Pr\u00e8s de 1120 photos avec un reflex Sony Alpha 68 (pour Fabien) dont quelques unes prises par moi avec un compact Canon SX620HS (zoom de x25). Aucune retouche effectu\u00e9e sur les photos du blog et du CR. Environ 200 sont en ligne sur ces pages.<\/li>\n<\/ul>\n<p>Bonne lecture. <em>Fabien et Jean.<\/em><\/p>\n<ul>\n<li>Quelques photos: Pont de Normandie, Mont St Michel, Programme c\u00f4te d&rsquo;Emeraude.<\/li>\n<\/ul>\n\n\t\t<style type=\"text\/css\">\n\t\t\t#gallery-1 {\n\t\t\t\tmargin: auto;\n\t\t\t}\n\t\t\t#gallery-1 .gallery-item {\n\t\t\t\tfloat: left;\n\t\t\t\tmargin-top: 10px;\n\t\t\t\ttext-align: center;\n\t\t\t\twidth: 33%;\n\t\t\t}\n\t\t\t#gallery-1 img {\n\t\t\t\tborder: 2px solid #cfcfcf;\n\t\t\t}\n\t\t\t#gallery-1 .gallery-caption {\n\t\t\t\tmargin-left: 0;\n\t\t\t}\n\t\t\t\/* see gallery_shortcode() in wp-includes\/media.php *\/\n\t\t<\/style>\n\t\t<div id='gallery-1' class='gallery galleryid-5 gallery-columns-3 gallery-size-medium'><dl class='gallery-item'>\n\t\t\t<dt class='gallery-icon landscape'>\n\t\t\t\t<a href='https:\/\/blogs.crespel.me\/bretagne\/wp-content\/uploads\/sites\/15\/2020\/09\/IMG_9452-scaled.jpg'><img loading=\"lazy\" decoding=\"async\" width=\"300\" height=\"200\" src=\"https:\/\/blogs.crespel.me\/bretagne\/wp-content\/uploads\/sites\/15\/2020\/09\/IMG_9452-300x200.jpg\" class=\"attachment-medium size-medium\" alt=\"\" aria-describedby=\"gallery-1-25\" srcset=\"https:\/\/blogs.crespel.me\/bretagne\/wp-content\/uploads\/sites\/15\/2020\/09\/IMG_9452-300x200.jpg 300w, https:\/\/blogs.crespel.me\/bretagne\/wp-content\/uploads\/sites\/15\/2020\/09\/IMG_9452-1024x683.jpg 1024w, https:\/\/blogs.crespel.me\/bretagne\/wp-content\/uploads\/sites\/15\/2020\/09\/IMG_9452-768x512.jpg 768w, https:\/\/blogs.crespel.me\/bretagne\/wp-content\/uploads\/sites\/15\/2020\/09\/IMG_9452-1536x1024.jpg 1536w, https:\/\/blogs.crespel.me\/bretagne\/wp-content\/uploads\/sites\/15\/2020\/09\/IMG_9452-2048x1365.jpg 2048w, https:\/\/blogs.crespel.me\/bretagne\/wp-content\/uploads\/sites\/15\/2020\/09\/IMG_9452-624x416.jpg 624w\" sizes=\"auto, (max-width: 300px) 100vw, 300px\" \/><\/a>\n\t\t\t<\/dt>\n\t\t\t\t<dd class='wp-caption-text gallery-caption' id='gallery-1-25'>\n\t\t\t\tPont de Normandie\n\t\t\t\t<\/dd><\/dl><dl class='gallery-item'>\n\t\t\t<dt class='gallery-icon landscape'>\n\t\t\t\t<a href='https:\/\/blogs.crespel.me\/bretagne\/wp-content\/uploads\/sites\/15\/2020\/09\/DSC01663-scaled.jpg'><img loading=\"lazy\" decoding=\"async\" width=\"300\" height=\"200\" src=\"https:\/\/blogs.crespel.me\/bretagne\/wp-content\/uploads\/sites\/15\/2020\/09\/DSC01663-300x200.jpg\" class=\"attachment-medium size-medium\" alt=\"\" aria-describedby=\"gallery-1-26\" srcset=\"https:\/\/blogs.crespel.me\/bretagne\/wp-content\/uploads\/sites\/15\/2020\/09\/DSC01663-300x200.jpg 300w, https:\/\/blogs.crespel.me\/bretagne\/wp-content\/uploads\/sites\/15\/2020\/09\/DSC01663-1024x683.jpg 1024w, https:\/\/blogs.crespel.me\/bretagne\/wp-content\/uploads\/sites\/15\/2020\/09\/DSC01663-768x512.jpg 768w, https:\/\/blogs.crespel.me\/bretagne\/wp-content\/uploads\/sites\/15\/2020\/09\/DSC01663-1536x1024.jpg 1536w, https:\/\/blogs.crespel.me\/bretagne\/wp-content\/uploads\/sites\/15\/2020\/09\/DSC01663-2048x1365.jpg 2048w, https:\/\/blogs.crespel.me\/bretagne\/wp-content\/uploads\/sites\/15\/2020\/09\/DSC01663-624x416.jpg 624w\" sizes=\"auto, (max-width: 300px) 100vw, 300px\" \/><\/a>\n\t\t\t<\/dt>\n\t\t\t\t<dd class='wp-caption-text gallery-caption' id='gallery-1-26'>\n\t\t\t\tMont-Saint-Michel\n\t\t\t\t<\/dd><\/dl><dl class='gallery-item'>\n\t\t\t<dt class='gallery-icon landscape'>\n\t\t\t\t<a href='https:\/\/blogs.crespel.me\/bretagne\/wp-content\/uploads\/sites\/15\/2020\/09\/le-programme.jpg'><img loading=\"lazy\" decoding=\"async\" width=\"300\" height=\"212\" src=\"https:\/\/blogs.crespel.me\/bretagne\/wp-content\/uploads\/sites\/15\/2020\/09\/le-programme-300x212.jpg\" class=\"attachment-medium size-medium\" alt=\"\" aria-describedby=\"gallery-1-24\" srcset=\"https:\/\/blogs.crespel.me\/bretagne\/wp-content\/uploads\/sites\/15\/2020\/09\/le-programme-300x212.jpg 300w, https:\/\/blogs.crespel.me\/bretagne\/wp-content\/uploads\/sites\/15\/2020\/09\/le-programme-1024x724.jpg 1024w, https:\/\/blogs.crespel.me\/bretagne\/wp-content\/uploads\/sites\/15\/2020\/09\/le-programme-768x543.jpg 768w, https:\/\/blogs.crespel.me\/bretagne\/wp-content\/uploads\/sites\/15\/2020\/09\/le-programme-1536x1087.jpg 1536w, https:\/\/blogs.crespel.me\/bretagne\/wp-content\/uploads\/sites\/15\/2020\/09\/le-programme-2048x1449.jpg 2048w, https:\/\/blogs.crespel.me\/bretagne\/wp-content\/uploads\/sites\/15\/2020\/09\/le-programme-624x441.jpg 624w\" sizes=\"auto, (max-width: 300px) 100vw, 300px\" \/><\/a>\n\t\t\t<\/dt>\n\t\t\t\t<dd class='wp-caption-text gallery-caption' id='gallery-1-24'>\n\t\t\t\tLe programme\n\t\t\t\t<\/dd><\/dl><br style=\"clear: both\" \/>\n\t\t<\/div>\n\n<p>&nbsp;<\/p>\n","protected":false},"excerpt":{"rendered":"<p>Ce blog est le compte rendu d\u2019un court voyage de 5\/7 jours (depuis le \u00ab\u00a059\u00a0\u00bb) vers la Normandie (le Mont St Michel) et la Bretagne (la c\u00f4te d&rsquo;Emeraude) en voiture. La photo ci-dessus prise \u00e0 la Pointe du Grouin, est typique des paysages c\u00f4tiers de la Bretagne du Nord&#8230; sous un soleil constant ! Qui [&hellip;]<\/p>\n","protected":false},"author":2,"featured_media":17,"parent":0,"menu_order":0,"comment_status":"closed","ping_status":"closed","template":"","meta":{"footnotes":""},"class_list":["post-5","page","type-page","status-publish","has-post-thumbnail","hentry"],"_links":{"self":[{"href":"https:\/\/blogs.crespel.me\/bretagne\/wp-json\/wp\/v2\/pages\/5","targetHints":{"allow":["GET"]}}],"collection":[{"href":"https:\/\/blogs.crespel.me\/bretagne\/wp-json\/wp\/v2\/pages"}],"about":[{"href":"https:\/\/blogs.crespel.me\/bretagne\/wp-json\/wp\/v2\/types\/page"}],"author":[{"embeddable":true,"href":"https:\/\/blogs.crespel.me\/bretagne\/wp-json\/wp\/v2\/users\/2"}],"replies":[{"embeddable":true,"href":"https:\/\/blogs.crespel.me\/bretagne\/wp-json\/wp\/v2\/comments?post=5"}],"version-history":[{"count":21,"href":"https:\/\/blogs.crespel.me\/bretagne\/wp-json\/wp\/v2\/pages\/5\/revisions"}],"predecessor-version":[{"id":352,"href":"https:\/\/blogs.crespel.me\/bretagne\/wp-json\/wp\/v2\/pages\/5\/revisions\/352"}],"wp:featuredmedia":[{"embeddable":true,"href":"https:\/\/blogs.crespel.me\/bretagne\/wp-json\/wp\/v2\/media\/17"}],"wp:attachment":[{"href":"https:\/\/blogs.crespel.me\/bretagne\/wp-json\/wp\/v2\/media?parent=5"}],"curies":[{"name":"wp","href":"https:\/\/api.w.org\/{rel}","templated":true}]}}