{"id":6,"date":"2023-09-07T20:18:06","date_gmt":"2023-09-07T18:18:06","guid":{"rendered":"https:\/\/blogs.crespel.me\/alsace\/?page_id=6"},"modified":"2023-10-09T15:19:11","modified_gmt":"2023-10-09T13:19:11","slug":"presentation","status":"publish","type":"page","link":"https:\/\/blogs.crespel.me\/alsace\/","title":{"rendered":"Pr\u00e9sentation"},"content":{"rendered":"<p><strong>Ce blog est le compte rendu d\u2019un court voyage d&rsquo;une semaine, soit 6 jours sur place (depuis le \u00ab 59 \u00bb), en voiture, vers l&rsquo;Alsace (Colmar et environs).<br \/>\n<\/strong><\/p>\n<p>La <span style=\"color: #ff0000\">photo ci-dessus<\/span> prise dos au Koifhus (rue des Marchands\/Grand Rue), dans le centre historique de <strong>Colmar<\/strong>, est typique du \u00ab\u00a0d\u00e9cor Alsacien\u00a0\u00bb.<\/p>\n<ul>\n<li><strong>Qui<\/strong> : 3 adultes (parents 75\/71 ans et fils 36 ans).<\/li>\n<\/ul>\n<ul>\n<li><strong>Y aller<\/strong> : en voiture depuis Valenciennes, le chemin est \u00ab court \u00bb (560km environ) et rapide par les autoroutes de Belgique, Luxembourg, Allemagne et France\u00a0 (via Namur, Luxembourg, Sarrebruck, Strasbourg \u00e0 l&rsquo;aller, et par Metz, Luxembourg au retour), il nous a suffit de 6h de roulage (hors arr\u00eats techniques) les samedi 02\/09 et 09\/09. Au total 1525km avec les balades sur place.<\/li>\n<\/ul>\n<ul>\n<li><strong>La route<\/strong> : bon r\u00e9seau d\u2019autoroutes (on va \u00e9viter de taper sur nos amis Belges pour leurs travaux interminables&#8230;), routes secondaires en plut\u00f4t bon \u00e9tat. Possibilit\u00e9s de se garer pr\u00e8s des sites ou des entr\u00e9es de villages.<\/li>\n<\/ul>\n<ul>\n<li><strong>La conduite <\/strong>: plut\u00f4t cool \u00e0 cette p\u00e9riode de rentr\u00e9e des classes. <strong><br \/>\n<\/strong><\/li>\n<\/ul>\n<ul>\n<li><strong>Le logement <\/strong>: 7 nuits chez Guillaume <span style=\"color: #0000ff\">(<a style=\"color: #0000ff\" href=\"https:\/\/www.tripadvisor.fr\/VacationRentalReview-g187073-d24610135-Appart_39_Heim_Little_Venice_district-Colmar_Haut_Rhin_Grand_Est.html\">appart&rsquo;Heim<\/a>)<\/span> \u00e0 100m du quartier historique de la Petite Venise, au 2\u00e8me \u00e9tage, d&rsquo;un tr\u00e8s bel appartement de 61m\u00b2 avec 2 chambres. Tr\u00e8s bien \u00e9quip\u00e9 et meubl\u00e9 avec go\u00fbt, le TOP ! sympa et attentionn\u00e9&#8230;<strong><br \/>\n<\/strong><\/li>\n<\/ul>\n<ul>\n<li><strong>La nourriture<\/strong> : copieux petits d\u00e9jeuners, en-cas le midi (chips\/tomates\/fruits, ou pr\u00e9paration froide maison), 4 restos et cuisine simple le soir.<\/li>\n<\/ul>\n<ul>\n<li><strong>Les visites <\/strong>: voir le d\u00e9tail au jour le jour dans \u00ab\u00a0le blog\u00a0\u00bb, dont 2 centre-ville historique (Colmar et Strasbourg), dont 6 villes\/villages typiques (Bergheim, Riquewihr, Kaysersberg, Selestat, Ribeauvill\u00e9, Eguisheim et ses 3 ch\u00e2teaux). Dont 5 payantes : Mus\u00e9e Lalique, Mus\u00e9e automobile \u00e0 Mulhouse, \u00c9comus\u00e9e d&rsquo;Alsace, Mus\u00e9e Alsacien \u00e0 Strasbourg, Ch\u00e2teau du Haut Koenigsbourg et 1 Pass de 7 activit\u00e9s\/visites \u00e0 Colmar.<\/li>\n<\/ul>\n<ul>\n<li><strong>De nombreux avis, <\/strong><span style=\"color: #ff0000\">24&#8230;<\/span>sont d\u00e9pos\u00e9s sur <span style=\"color: #0000ff\"><em>Tripadvisor<\/em><\/span>, vous les retrouverez dans les textes du blog \u00ab en soulign\u00e9 \u00bb.<\/li>\n<\/ul>\n<ul>\n<li><strong>Le budget global<\/strong> de 1630\u20ac dans NOS conditions choisies et assum\u00e9es, soit 543\u20ac\/adulte. Bien s\u00fbr il est possible de r\u00e9duire ce budget pour l\u2019adapter \u00e0 d\u2019autres choix. En d\u00e9tail <strong>pour 3 adultes<\/strong> : h\u00e9bergement 750\u20ac, alimentation\/restos 436\u20ac, visites 260\u20ac, parkings\/p\u00e9ages 62\u20ac, essence 121\u20ac (4,2L\/100km Yaris Hybride 4).<\/li>\n<\/ul>\n<ul>\n<li><strong>La pr\u00e9paration<\/strong> : sujet abord\u00e9 en octobre 2022 puis confirm\u00e9 en janvier 2023 par la r\u00e9servation du logement, achat du guide Lonely Planet puis consultations internet et Google Maps, et un programme de 6 courtes escapades de 80 \u00e0 150km depuis <strong>Colmar<\/strong> est mis sur pied.<\/li>\n<\/ul>\n<ul>\n<li><strong>Les \u00ab\u00a0bons points\u00a0\u00bb<\/strong> : tout ! une m\u00e9t\u00e9o tr\u00e8s favorable, ciel bleu et 25\u00b0C voire 29\/30 en fin de semaine, des paysages photog\u00e9niques, des villages magnifiques, des sites int\u00e9ressants et non satur\u00e9s, et ce centre historique anim\u00e9 \u00e0 2 pas. En bonus, une population fi\u00e8re de son patrimoine.<\/li>\n<\/ul>\n<ul>\n<li>Pr\u00e8s de 1430 photos, avec un reflex Sony Alpha 68 (pour Fabien) dont quelques unes prises par moi avec un compact Canon SX620HS (zoom de x25). Aucune retouche effectu\u00e9e sur les photos du blog et du CR. Environ 335 sont maintenant en ligne.<\/li>\n<\/ul>\n<p>Bonne lecture. <em>Fabien et Jean.<\/em><\/p>\n<p>Quelques photos : l&rsquo;appartement et la carte de r\u00e9gion.<\/p>\n\n\t\t<style type=\"text\/css\">\n\t\t\t#gallery-1 {\n\t\t\t\tmargin: auto;\n\t\t\t}\n\t\t\t#gallery-1 .gallery-item {\n\t\t\t\tfloat: left;\n\t\t\t\tmargin-top: 10px;\n\t\t\t\ttext-align: center;\n\t\t\t\twidth: 33%;\n\t\t\t}\n\t\t\t#gallery-1 img {\n\t\t\t\tborder: 2px solid #cfcfcf;\n\t\t\t}\n\t\t\t#gallery-1 .gallery-caption {\n\t\t\t\tmargin-left: 0;\n\t\t\t}\n\t\t\t\/* see gallery_shortcode() in wp-includes\/media.php *\/\n\t\t<\/style>\n\t\t<div id='gallery-1' class='gallery galleryid-6 gallery-columns-3 gallery-size-thumbnail'><dl class='gallery-item'>\n\t\t\t<dt class='gallery-icon landscape'>\n\t\t\t\t<a href='https:\/\/blogs.crespel.me\/alsace\/wp-content\/uploads\/sites\/20\/2023\/09\/IMG_1042-scaled.jpg'><img loading=\"lazy\" decoding=\"async\" width=\"150\" height=\"150\" src=\"https:\/\/blogs.crespel.me\/alsace\/wp-content\/uploads\/sites\/20\/2023\/09\/IMG_1042-150x150.jpg\" class=\"attachment-thumbnail size-thumbnail\" alt=\"\" \/><\/a>\n\t\t\t<\/dt><\/dl><dl class='gallery-item'>\n\t\t\t<dt class='gallery-icon portrait'>\n\t\t\t\t<a href='https:\/\/blogs.crespel.me\/alsace\/wp-content\/uploads\/sites\/20\/2023\/09\/carte-Alsace3.jpg'><img loading=\"lazy\" decoding=\"async\" width=\"150\" height=\"150\" src=\"https:\/\/blogs.crespel.me\/alsace\/wp-content\/uploads\/sites\/20\/2023\/09\/carte-Alsace3-150x150.jpg\" class=\"attachment-thumbnail size-thumbnail\" alt=\"\" \/><\/a>\n\t\t\t<\/dt><\/dl><dl class='gallery-item'>\n\t\t\t<dt class='gallery-icon landscape'>\n\t\t\t\t<a href='https:\/\/blogs.crespel.me\/alsace\/wp-content\/uploads\/sites\/20\/2023\/09\/IMG_1050-scaled.jpg'><img loading=\"lazy\" decoding=\"async\" width=\"150\" height=\"150\" src=\"https:\/\/blogs.crespel.me\/alsace\/wp-content\/uploads\/sites\/20\/2023\/09\/IMG_1050-150x150.jpg\" class=\"attachment-thumbnail size-thumbnail\" alt=\"\" \/><\/a>\n\t\t\t<\/dt><\/dl><br style=\"clear: both\" \/>\n\t\t<\/div>\n\n","protected":false},"excerpt":{"rendered":"<p>Ce blog est le compte rendu d\u2019un court voyage d&rsquo;une semaine, soit 6 jours sur place (depuis le \u00ab 59 \u00bb), en voiture, vers l&rsquo;Alsace (Colmar et environs). La photo ci-dessus prise dos au Koifhus (rue des Marchands\/Grand Rue), dans le centre historique de Colmar, est typique du \u00ab\u00a0d\u00e9cor Alsacien\u00a0\u00bb. Qui : 3 adultes (parents [&hellip;]<\/p>\n","protected":false},"author":1,"featured_media":22,"parent":0,"menu_order":0,"comment_status":"closed","ping_status":"closed","template":"","meta":{"footnotes":""},"class_list":["post-6","page","type-page","status-publish","has-post-thumbnail","hentry"],"_links":{"self":[{"href":"https:\/\/blogs.crespel.me\/alsace\/wp-json\/wp\/v2\/pages\/6","targetHints":{"allow":["GET"]}}],"collection":[{"href":"https:\/\/blogs.crespel.me\/alsace\/wp-json\/wp\/v2\/pages"}],"about":[{"href":"https:\/\/blogs.crespel.me\/alsace\/wp-json\/wp\/v2\/types\/page"}],"author":[{"embeddable":true,"href":"https:\/\/blogs.crespel.me\/alsace\/wp-json\/wp\/v2\/users\/1"}],"replies":[{"embeddable":true,"href":"https:\/\/blogs.crespel.me\/alsace\/wp-json\/wp\/v2\/comments?post=6"}],"version-history":[{"count":26,"href":"https:\/\/blogs.crespel.me\/alsace\/wp-json\/wp\/v2\/pages\/6\/revisions"}],"predecessor-version":[{"id":498,"href":"https:\/\/blogs.crespel.me\/alsace\/wp-json\/wp\/v2\/pages\/6\/revisions\/498"}],"wp:featuredmedia":[{"embeddable":true,"href":"https:\/\/blogs.crespel.me\/alsace\/wp-json\/wp\/v2\/media\/22"}],"wp:attachment":[{"href":"https:\/\/blogs.crespel.me\/alsace\/wp-json\/wp\/v2\/media?parent=6"}],"curies":[{"name":"wp","href":"https:\/\/api.w.org\/{rel}","templated":true}]}}